{"id":5,"date":"2018-01-18T08:39:17","date_gmt":"2018-01-18T10:39:17","guid":{"rendered":"https:\/\/www.ufsm.br\/cursos\/graduacao\/nutricao\/12352\/?page_id=5"},"modified":"2022-10-05T15:25:53","modified_gmt":"2022-10-05T18:25:53","slug":"pagina-inicial","status":"publish","type":"page","link":"https:\/\/www.ufsm.br\/projetos\/extensao\/dia-a-dia-da-ciencia\/","title":{"rendered":"P\u00e1gina Inicial"},"content":{"rendered":"\t\t<div data-elementor-type=\"wp-post\" data-elementor-id=\"5\" class=\"elementor elementor-5\">\n\t\t\t\t\t\t<section class=\"elementor-section elementor-top-section elementor-element elementor-element-e082fd5 elementor-section-boxed elementor-section-height-default elementor-section-height-default\" data-id=\"e082fd5\" data-element_type=\"section\">\n\t\t\t\t\t\t<div class=\"elementor-container elementor-column-gap-default\">\n\t\t\t\t\t<div class=\"elementor-column elementor-col-100 elementor-top-column elementor-element elementor-element-ac8c666\" data-id=\"ac8c666\" data-element_type=\"column\">\n\t\t\t<div class=\"elementor-widget-wrap elementor-element-populated\">\n\t\t\t\t\t\t<div class=\"elementor-element elementor-element-9ba17fa elementor-widget elementor-widget-wp-widget-ufsm_noticias_widget\" data-id=\"9ba17fa\" data-element_type=\"widget\" data-widget_type=\"wp-widget-ufsm_noticias_widget.default\">\n\t\t\t\t<div class=\"elementor-widget-container\">\n\t\t\t<div id='ufsm-carousel-1775847189-220112075' class='carousel slide carousel-ufsm' data-bs-ride='carousel' aria-hidden='true'>\n    <div class='carousel-inner'>\n                    \n\n            <div class='carousel-item active' data-bs-interval='4000'>\n                                    <!-- Slider Image -->\n                    <img class='w-100'   alt=\"\" srcset=\"https:\/\/www.ufsm.br\/app\/uploads\/sites\/852\/2021\/09\/banner-01-300x79.jpg 300w, https:\/\/www.ufsm.br\/app\/uploads\/sites\/852\/2021\/09\/banner-01-1024x270.jpg 1024w, https:\/\/www.ufsm.br\/app\/uploads\/sites\/852\/2021\/09\/banner-01-768x203.jpg 768w, https:\/\/www.ufsm.br\/app\/uploads\/sites\/852\/2021\/09\/banner-01.jpg 1536w\">\n                \n                \n                                                            <\/div>\n                    \n\n            <div class='carousel-item ' data-bs-interval='4000'>\n                                    <!-- Slider Image -->\n                    <img class='w-100'   alt=\"\" srcset=\"https:\/\/www.ufsm.br\/app\/uploads\/sites\/852\/2021\/09\/banner-04-300x79.jpg 300w, https:\/\/www.ufsm.br\/app\/uploads\/sites\/852\/2021\/09\/banner-04-1024x270.jpg 1024w, https:\/\/www.ufsm.br\/app\/uploads\/sites\/852\/2021\/09\/banner-04-768x203.jpg 768w, https:\/\/www.ufsm.br\/app\/uploads\/sites\/852\/2021\/09\/banner-04.jpg 1536w\">\n                \n                \n                                                            <\/div>\n                    \n\n            <div class='carousel-item ' data-bs-interval='4000'>\n                                    <!-- Slider Image -->\n                    <img class='w-100'   alt=\"\" srcset=\"https:\/\/www.ufsm.br\/app\/uploads\/sites\/852\/2021\/09\/banner-03-300x79.jpg 300w, https:\/\/www.ufsm.br\/app\/uploads\/sites\/852\/2021\/09\/banner-03-1024x270.jpg 1024w, https:\/\/www.ufsm.br\/app\/uploads\/sites\/852\/2021\/09\/banner-03-768x203.jpg 768w, https:\/\/www.ufsm.br\/app\/uploads\/sites\/852\/2021\/09\/banner-03.jpg 1536w\">\n                \n                \n                                                            <\/div>\n                    \n\n            <div class='carousel-item ' data-bs-interval='4000'>\n                                    <!-- Slider Image -->\n                    <img class='w-100'   alt=\"\" srcset=\"https:\/\/www.ufsm.br\/app\/uploads\/sites\/852\/2021\/09\/banner-02-300x79.jpg 300w, https:\/\/www.ufsm.br\/app\/uploads\/sites\/852\/2021\/09\/banner-02-1024x270.jpg 1024w, https:\/\/www.ufsm.br\/app\/uploads\/sites\/852\/2021\/09\/banner-02-768x203.jpg 768w, https:\/\/www.ufsm.br\/app\/uploads\/sites\/852\/2021\/09\/banner-02.jpg 1536w\">\n                \n                \n                                                            <\/div>\n                    <!-- Exibi Indicadores -->\n                    <ol class='carousel-indicators carousel-indicators-numbers d-none d-md-flex align-self-end m-0'>\n                <li data-bs-target='#ufsm-carousel-1775847189-220112075' data-bs-slide-to='0' class='d-flex rounded-circle active'><span class='m-auto fw-bold'>1<\/span><\/li><li data-bs-target='#ufsm-carousel-1775847189-220112075' data-bs-slide-to='1' class='d-flex rounded-circle '><span class='m-auto fw-bold'>2<\/span><\/li><li data-bs-target='#ufsm-carousel-1775847189-220112075' data-bs-slide-to='2' class='d-flex rounded-circle '><span class='m-auto fw-bold'>3<\/span><\/li><li data-bs-target='#ufsm-carousel-1775847189-220112075' data-bs-slide-to='3' class='d-flex rounded-circle '><span class='m-auto fw-bold'>4<\/span><\/li>            <\/ol>\n            <a class='carousel-control-prev' href='#ufsm-carousel-1775847189-220112075' role='button' data-bs-slide='prev'>\n                <span class='carousel-control-prev-icon' aria-hidden='true'><\/span>\n                <span class='visually-hidden'>Previous<\/span>\n            <\/a>\n            <a class='carousel-control-next' href='#ufsm-carousel-1775847189-220112075' role='button' data-bs-slide='next'>\n                <span class='carousel-control-next-icon' aria-hidden='true'><\/span>\n                <span class='visually-hidden'>Next<\/span>\n            <\/a>\n            <\/div>\n<\/div>\n<!-- Acessibilidade, apenas leitor de tela -->\n<ul class='visually-hidden'>\n    <li><a href='https:\/\/www.ufsm.br\/projetos\/extensao\/dia-a-dia-da-ciencia\/2021\/09\/28\/banner-04'>Banner &#8211; 04<\/a><\/li><li><a href='https:\/\/www.ufsm.br\/projetos\/extensao\/dia-a-dia-da-ciencia\/2021\/09\/28\/banner-03'>Banner &#8211; 03<\/a><\/li><li><a href='https:\/\/www.ufsm.br\/projetos\/extensao\/dia-a-dia-da-ciencia\/2021\/09\/28\/banner-02'>Banner &#8211; 02<\/a><\/li><li><a href='https:\/\/www.ufsm.br\/projetos\/extensao\/dia-a-dia-da-ciencia\/2021\/06\/09\/banner-01'><\/a><\/li><\/ul>\n\t\t<\/div>\n\t\t\t\t<\/div>\n\t\t\t\t\t<\/div>\n\t\t<\/div>\n\t\t\t\t\t<\/div>\n\t\t<\/section>\n\t\t\t\t<section class=\"elementor-section elementor-top-section elementor-element elementor-element-e5bcc64 elementor-section-boxed elementor-section-height-default elementor-section-height-default\" data-id=\"e5bcc64\" data-element_type=\"section\">\n\t\t\t\t\t\t<div class=\"elementor-container elementor-column-gap-default\">\n\t\t\t\t\t<div class=\"elementor-column elementor-col-100 elementor-top-column elementor-element elementor-element-c09ac3d\" data-id=\"c09ac3d\" data-element_type=\"column\">\n\t\t\t<div class=\"elementor-widget-wrap elementor-element-populated\">\n\t\t\t\t\t\t<div class=\"elementor-element elementor-element-9bf8518 elementor-widget elementor-widget-heading\" data-id=\"9bf8518\" data-element_type=\"widget\" data-widget_type=\"heading.default\">\n\t\t\t\t<div class=\"elementor-widget-container\">\n\t\t\t<h5 class=\"elementor-heading-title elementor-size-default\">Apresenta\u00e7\u00e3o<\/h5>\t\t<\/div>\n\t\t\t\t<\/div>\n\t\t\t\t\t<\/div>\n\t\t<\/div>\n\t\t\t\t\t<\/div>\n\t\t<\/section>\n\t\t\t\t<section class=\"elementor-section elementor-top-section elementor-element elementor-element-acdb4ec elementor-section-boxed elementor-section-height-default elementor-section-height-default\" data-id=\"acdb4ec\" data-element_type=\"section\">\n\t\t\t\t\t\t<div class=\"elementor-container elementor-column-gap-default\">\n\t\t\t\t\t<div class=\"elementor-column elementor-col-100 elementor-top-column elementor-element elementor-element-037a7b8\" data-id=\"037a7b8\" data-element_type=\"column\">\n\t\t\t<div class=\"elementor-widget-wrap elementor-element-populated\">\n\t\t\t\t\t\t<div class=\"elementor-element elementor-element-9ed63e6 elementor-widget elementor-widget-text-editor\" data-id=\"9ed63e6\" data-element_type=\"widget\" data-widget_type=\"text-editor.default\">\n\t\t\t\t<div class=\"elementor-widget-container\">\n\t\t\t\t\t\t\t<p style=\"text-align: left\">\u00a0 \u00a0 \u00a0 \u00a0 \u00a0 \u00a0Este projeto visa\u00a0 aproximar a sociedade das tecnologias existentes no nosso dia a dia, por exemplo: como funciona as\u00a0 tela &#8220;touch screem&#8221; dos &#8220;smart phones&#8221;, notebooks e TV;\u00a0 os processos de obten\u00e7\u00e3o de energias limpas ( pain\u00e9is fotovoltaicos e sistemas e\u00f3licos, entre outros).\u00a0 Ser\u00e3o discutidos temas relacionados a diversos tipos de ci\u00eancias presentes no cotidiano &#8211; os fen\u00f4menos e teorias envolvidas nestas tecnologias. <span style=\"color: black;font-size: 1rem\">Como sabemos o mundo \u00e9 globalizado e certamente h\u00e1 muito ainda a evoluir nos pr\u00f3ximos anos. Devemos aproveitar dia ap\u00f3s dia e aprender com as tecnologias que surgem.<\/span><\/p>\t\t\t\t\t\t<\/div>\n\t\t\t\t<\/div>\n\t\t\t\t\t<\/div>\n\t\t<\/div>\n\t\t\t\t\t<\/div>\n\t\t<\/section>\n\t\t\t\t<section class=\"elementor-section elementor-top-section elementor-element elementor-element-bd87bcd elementor-section-boxed elementor-section-height-default elementor-section-height-default\" data-id=\"bd87bcd\" data-element_type=\"section\">\n\t\t\t\t\t\t<div class=\"elementor-container elementor-column-gap-default\">\n\t\t\t\t\t<div class=\"elementor-column elementor-col-100 elementor-top-column elementor-element elementor-element-ce7356f\" data-id=\"ce7356f\" data-element_type=\"column\">\n\t\t\t<div class=\"elementor-widget-wrap elementor-element-populated\">\n\t\t\t\t\t\t<div class=\"elementor-element elementor-element-f376230 elementor-widget elementor-widget-wp-widget-ufsm_apresentacao_widget\" data-id=\"f376230\" data-element_type=\"widget\" data-widget_type=\"wp-widget-ufsm_apresentacao_widget.default\">\n\t\t\t\t<div class=\"elementor-widget-container\">\n\t\t\t<p>\n    O projeto <b>Dia a Dia da Ci\u00eancia<\/b> possui sua classifica\u00e7\u00e3o principal como <b>Extens\u00e3o<\/b>,\n    sendo sua dura\u00e7\u00e3o de <b>01\/02\/2021<\/b> at\u00e9 <b>31\/01\/2027<\/b>. Ele est\u00e1 registrado pelo processo de n\u00famero <b>23081.000322\/2021-34<\/b>. \n    Atualmente ele est\u00e1 em <b>em andamento<\/b>.\n<\/p>\n    <p>\n        <b>Palavras-chave:<\/b> Tecnologia, comunica\u00e7\u00e3o, ci\u00eancia, sociedade    <\/p>\n<p>\n    <a href=\"https:\/\/portal.ufsm.br\/projetos\/publico\/projetos\/view.html?idProjeto=67599\" target=\"_blank\">\n        <i class=\"fa fa-external-link me-1\" aria-hidden=\"true\"><\/i>\n        Ver mais informa\u00e7\u00f5es no Portal de Projetos\n    <\/a>\n<\/p>\n\t\t<\/div>\n\t\t\t\t<\/div>\n\t\t\t\t\t<\/div>\n\t\t<\/div>\n\t\t\t\t\t<\/div>\n\t\t<\/section>\n\t\t\t\t<section class=\"elementor-section elementor-top-section elementor-element elementor-element-a0a82d8 elementor-section-boxed elementor-section-height-default elementor-section-height-default\" data-id=\"a0a82d8\" data-element_type=\"section\">\n\t\t\t\t\t\t<div class=\"elementor-container elementor-column-gap-default\">\n\t\t\t\t\t<div class=\"elementor-column elementor-col-100 elementor-top-column elementor-element elementor-element-9c94683\" data-id=\"9c94683\" data-element_type=\"column\">\n\t\t\t<div class=\"elementor-widget-wrap elementor-element-populated\">\n\t\t\t\t\t\t<div class=\"elementor-element elementor-element-7667289 elementor-widget elementor-widget-wp-widget-ufsm_noticias_widget\" data-id=\"7667289\" data-element_type=\"widget\" data-widget_type=\"wp-widget-ufsm_noticias_widget.default\">\n\t\t\t\t<div class=\"elementor-widget-container\">\n\t\t\t<h5 class='titulo-conteudos'>Not\u00edcias<\/h5><p>Nenhuma not\u00edcia encontrada para esta se\u00e7\u00e3o.<\/p>\t\t<\/div>\n\t\t\t\t<\/div>\n\t\t\t\t\t<\/div>\n\t\t<\/div>\n\t\t\t\t\t<\/div>\n\t\t<\/section>\n\t\t\t\t<section class=\"elementor-section elementor-top-section elementor-element elementor-element-508941b elementor-section-boxed elementor-section-height-default elementor-section-height-default\" data-id=\"508941b\" data-element_type=\"section\">\n\t\t\t\t\t\t<div class=\"elementor-container elementor-column-gap-default\">\n\t\t\t\t\t<div class=\"elementor-column elementor-col-100 elementor-top-column elementor-element elementor-element-65ef006\" data-id=\"65ef006\" data-element_type=\"column\">\n\t\t\t<div class=\"elementor-widget-wrap elementor-element-populated\">\n\t\t\t\t\t\t<div class=\"elementor-element elementor-element-3fb75aa elementor-widget elementor-widget-heading\" data-id=\"3fb75aa\" data-element_type=\"widget\" data-widget_type=\"heading.default\">\n\t\t\t\t<div class=\"elementor-widget-container\">\n\t\t\t<h2 class=\"elementor-heading-title elementor-size-default\">NOBEL  - 2022<\/h2>\t\t<\/div>\n\t\t\t\t<\/div>\n\t\t\t\t<div class=\"elementor-element elementor-element-fb28468 elementor-icon-list--layout-traditional elementor-list-item-link-full_width elementor-widget elementor-widget-icon-list\" data-id=\"fb28468\" data-element_type=\"widget\" data-widget_type=\"icon-list.default\">\n\t\t\t\t<div class=\"elementor-widget-container\">\n\t\t\t\t\t<ul class=\"elementor-icon-list-items\">\n\t\t\t\t\t\t\t<li class=\"elementor-icon-list-item\">\n\t\t\t\t\t\t\t\t\t\t\t<a href=\"https:\/\/www.nobelprize.org\/prizes\/physics\/\">\n\n\t\t\t\t\t\t\t\t\t\t\t\t<span class=\"elementor-icon-list-icon\">\n\t\t\t\t\t\t\t<i aria-hidden=\"true\" class=\"fas fa-check\"><\/i>\t\t\t\t\t\t<\/span>\n\t\t\t\t\t\t\t\t\t\t<span class=\"elementor-icon-list-text\">Nobel de F\u00edsica<\/span>\n\t\t\t\t\t\t\t\t\t\t\t<\/a>\n\t\t\t\t\t\t\t\t\t<\/li>\n\t\t\t\t\t\t\t\t<li class=\"elementor-icon-list-item\">\n\t\t\t\t\t\t\t\t\t\t\t<a href=\"https:\/\/www.nobelprize.org\/prizes\/chemistry\/\">\n\n\t\t\t\t\t\t\t\t\t\t\t\t<span class=\"elementor-icon-list-icon\">\n\t\t\t\t\t\t\t<i aria-hidden=\"true\" class=\"fas fa-check\"><\/i>\t\t\t\t\t\t<\/span>\n\t\t\t\t\t\t\t\t\t\t<span class=\"elementor-icon-list-text\">Nobel de Qu\u00edmica<\/span>\n\t\t\t\t\t\t\t\t\t\t\t<\/a>\n\t\t\t\t\t\t\t\t\t<\/li>\n\t\t\t\t\t\t\t\t<li class=\"elementor-icon-list-item\">\n\t\t\t\t\t\t\t\t\t\t\t<a href=\"https:\/\/www.nobelprize.org\/prizes\/medicine\/\">\n\n\t\t\t\t\t\t\t\t\t\t\t\t<span class=\"elementor-icon-list-icon\">\n\t\t\t\t\t\t\t<i aria-hidden=\"true\" class=\"fas fa-check\"><\/i>\t\t\t\t\t\t<\/span>\n\t\t\t\t\t\t\t\t\t\t<span class=\"elementor-icon-list-text\">Nobel de Medicina<\/span>\n\t\t\t\t\t\t\t\t\t\t\t<\/a>\n\t\t\t\t\t\t\t\t\t<\/li>\n\t\t\t\t\t\t\t\t<li class=\"elementor-icon-list-item\">\n\t\t\t\t\t\t\t\t\t\t\t<a href=\"https:\/\/www.nobelprize.org\/prizes\/literature\/\">\n\n\t\t\t\t\t\t\t\t\t\t\t\t<span class=\"elementor-icon-list-icon\">\n\t\t\t\t\t\t\t<i aria-hidden=\"true\" class=\"fas fa-check\"><\/i>\t\t\t\t\t\t<\/span>\n\t\t\t\t\t\t\t\t\t\t<span class=\"elementor-icon-list-text\">Nobel de Literatura<\/span>\n\t\t\t\t\t\t\t\t\t\t\t<\/a>\n\t\t\t\t\t\t\t\t\t<\/li>\n\t\t\t\t\t\t\t\t<li class=\"elementor-icon-list-item\">\n\t\t\t\t\t\t\t\t\t\t\t<a href=\"https:\/\/www.nobelprize.org\/prizes\/peace\/\">\n\n\t\t\t\t\t\t\t\t\t\t\t\t<span class=\"elementor-icon-list-icon\">\n\t\t\t\t\t\t\t<i aria-hidden=\"true\" class=\"fas fa-check\"><\/i>\t\t\t\t\t\t<\/span>\n\t\t\t\t\t\t\t\t\t\t<span class=\"elementor-icon-list-text\">Nobel da Paz<\/span>\n\t\t\t\t\t\t\t\t\t\t\t<\/a>\n\t\t\t\t\t\t\t\t\t<\/li>\n\t\t\t\t\t\t\t\t<li class=\"elementor-icon-list-item\">\n\t\t\t\t\t\t\t\t\t\t\t<a href=\"https:\/\/www.nobelprize.org\/prizes\/economic-sciences\/\">\n\n\t\t\t\t\t\t\t\t\t\t\t\t<span class=\"elementor-icon-list-icon\">\n\t\t\t\t\t\t\t<i aria-hidden=\"true\" class=\"fas fa-check\"><\/i>\t\t\t\t\t\t<\/span>\n\t\t\t\t\t\t\t\t\t\t<span class=\"elementor-icon-list-text\">Nobel de Economia<\/span>\n\t\t\t\t\t\t\t\t\t\t\t<\/a>\n\t\t\t\t\t\t\t\t\t<\/li>\n\t\t\t\t\t\t<\/ul>\n\t\t\t\t<\/div>\n\t\t\t\t<\/div>\n\t\t\t\t\t<\/div>\n\t\t<\/div>\n\t\t\t\t\t<\/div>\n\t\t<\/section>\n\t\t\t\t<section class=\"elementor-section elementor-top-section elementor-element elementor-element-861a5b4 elementor-section-boxed elementor-section-height-default elementor-section-height-default\" data-id=\"861a5b4\" data-element_type=\"section\">\n\t\t\t\t\t\t<div class=\"elementor-container elementor-column-gap-default\">\n\t\t\t\t\t<div class=\"elementor-column elementor-col-100 elementor-top-column elementor-element elementor-element-800d748\" data-id=\"800d748\" data-element_type=\"column\">\n\t\t\t<div class=\"elementor-widget-wrap elementor-element-populated\">\n\t\t\t\t\t\t<div class=\"elementor-element elementor-element-83dccb0 elementor-widget elementor-widget-heading\" data-id=\"83dccb0\" data-element_type=\"widget\" data-widget_type=\"heading.default\">\n\t\t\t\t<div class=\"elementor-widget-container\">\n\t\t\t<h2 class=\"elementor-heading-title elementor-size-medium\"><a href=\"https:\/\/www.bbc.com\/portuguese\/geral-60321276\">Fus\u00e3o nuclear: cientistas anunciam avan\u00e7o em busca de fonte limpa de energia<\/a><\/h2>\t\t<\/div>\n\t\t\t\t<\/div>\n\t\t\t\t\t<\/div>\n\t\t<\/div>\n\t\t\t\t\t<\/div>\n\t\t<\/section>\n\t\t\t\t<section class=\"elementor-section elementor-top-section elementor-element elementor-element-1864f22 elementor-section-boxed elementor-section-height-default elementor-section-height-default\" data-id=\"1864f22\" data-element_type=\"section\">\n\t\t\t\t\t\t<div class=\"elementor-container elementor-column-gap-default\">\n\t\t\t\t\t<div class=\"elementor-column elementor-col-100 elementor-top-column elementor-element elementor-element-eafc06e\" data-id=\"eafc06e\" data-element_type=\"column\">\n\t\t\t<div class=\"elementor-widget-wrap elementor-element-populated\">\n\t\t\t\t\t\t<div class=\"elementor-element elementor-element-01d519e elementor-widget elementor-widget-heading\" data-id=\"01d519e\" data-element_type=\"widget\" data-widget_type=\"heading.default\">\n\t\t\t\t<div class=\"elementor-widget-container\">\n\t\t\t<h2 class=\"elementor-heading-title elementor-size-medium\"><a href=\"https:\/\/www.cnnbrasil.com.br\/internacional\/trio-vence-nobel-de-fisica-por-contribuicoes-inovadoras-em-sistemas-fisicos-complexos\/\"><h1 class=\"post__title\" style=\"font-size: 40px;margin-right: 0px;margin-bottom: 0px;margin-left: 0px;padding-bottom: 16px;font-weight: 700;line-height: 46px;, sans-serif\">Nobel de F\u00edsica 2021 premia trio por trabalho que ajuda a compreender mudan\u00e7a clim\u00e1tica<\/h1><\/a><\/h2>\t\t<\/div>\n\t\t\t\t<\/div>\n\t\t\t\t\t<\/div>\n\t\t<\/div>\n\t\t\t\t\t<\/div>\n\t\t<\/section>\n\t\t\t\t<section class=\"elementor-section elementor-top-section elementor-element elementor-element-aa857c9 elementor-section-boxed elementor-section-height-default elementor-section-height-default\" data-id=\"aa857c9\" data-element_type=\"section\">\n\t\t\t\t\t\t<div class=\"elementor-container elementor-column-gap-default\">\n\t\t\t\t\t<div class=\"elementor-column elementor-col-100 elementor-top-column elementor-element elementor-element-7ec9cc1\" data-id=\"7ec9cc1\" data-element_type=\"column\">\n\t\t\t<div class=\"elementor-widget-wrap elementor-element-populated\">\n\t\t\t\t\t\t<div class=\"elementor-element elementor-element-bb0a002 elementor-widget elementor-widget-heading\" data-id=\"bb0a002\" data-element_type=\"widget\" data-widget_type=\"heading.default\">\n\t\t\t\t<div class=\"elementor-widget-container\">\n\t\t\t<h2 class=\"elementor-heading-title elementor-size-medium\"><a href=\"https:\/\/www.bbc.com\/portuguese\/geral-62375933\">O supertelesc\u00f3pio que vai investigar a origem das estrelas<\/a><\/h2>\t\t<\/div>\n\t\t\t\t<\/div>\n\t\t\t\t\t<\/div>\n\t\t<\/div>\n\t\t\t\t\t<\/div>\n\t\t<\/section>\n\t\t\t\t<section class=\"elementor-section elementor-top-section elementor-element elementor-element-b34f54a elementor-section-boxed elementor-section-height-default elementor-section-height-default\" data-id=\"b34f54a\" data-element_type=\"section\">\n\t\t\t\t\t\t<div class=\"elementor-container elementor-column-gap-default\">\n\t\t\t\t\t<div class=\"elementor-column elementor-col-50 elementor-top-column elementor-element elementor-element-f34848f\" data-id=\"f34848f\" data-element_type=\"column\">\n\t\t\t<div class=\"elementor-widget-wrap elementor-element-populated\">\n\t\t\t\t\t\t<div class=\"elementor-element elementor-element-459dedd elementor-widget elementor-widget-heading\" data-id=\"459dedd\" data-element_type=\"widget\" data-widget_type=\"heading.default\">\n\t\t\t\t<div class=\"elementor-widget-container\">\n\t\t\t<h2 class=\"elementor-heading-title elementor-size-medium\"><a href=\"https:\/\/domtotal.com\/noticia.php?notId=1209359\">A F\u00edsica e a Engenharia<\/a><\/h2>\t\t<\/div>\n\t\t\t\t<\/div>\n\t\t\t\t\t<\/div>\n\t\t<\/div>\n\t\t\t\t<div class=\"elementor-column elementor-col-50 elementor-top-column elementor-element elementor-element-ffa4281\" data-id=\"ffa4281\" data-element_type=\"column\">\n\t\t\t<div class=\"elementor-widget-wrap\">\n\t\t\t\t\t\t\t<\/div>\n\t\t<\/div>\n\t\t\t\t\t<\/div>\n\t\t<\/section>\n\t\t\t\t<\/div>\n\t\t","protected":false},"excerpt":{"rendered":"<p>Apresenta\u00e7\u00e3o \u00a0 \u00a0 \u00a0 \u00a0 \u00a0 \u00a0Este projeto visa\u00a0 aproximar a sociedade das tecnologias existentes no nosso dia a dia, por exemplo: como funciona as\u00a0 tela &#8220;touch screem&#8221; dos &#8220;smart phones&#8221;, notebooks e TV;\u00a0 os processos de obten\u00e7\u00e3o de energias limpas ( pain\u00e9is fotovoltaicos e sistemas e\u00f3licos, entre outros).\u00a0 Ser\u00e3o discutidos temas relacionados a diversos [&hellip;]<\/p>\n","protected":false},"author":8,"featured_media":0,"parent":0,"menu_order":0,"comment_status":"closed","ping_status":"closed","template":"","meta":{"footnotes":""},"categories":[],"tags":[],"class_list":["post-5","page","type-page","status-publish","hentry"],"acf":[],"_links":{"self":[{"href":"https:\/\/www.ufsm.br\/projetos\/extensao\/dia-a-dia-da-ciencia\/wp-json\/wp\/v2\/pages\/5","targetHints":{"allow":["GET"]}}],"collection":[{"href":"https:\/\/www.ufsm.br\/projetos\/extensao\/dia-a-dia-da-ciencia\/wp-json\/wp\/v2\/pages"}],"about":[{"href":"https:\/\/www.ufsm.br\/projetos\/extensao\/dia-a-dia-da-ciencia\/wp-json\/wp\/v2\/types\/page"}],"author":[{"embeddable":true,"href":"https:\/\/www.ufsm.br\/projetos\/extensao\/dia-a-dia-da-ciencia\/wp-json\/wp\/v2\/users\/8"}],"replies":[{"embeddable":true,"href":"https:\/\/www.ufsm.br\/projetos\/extensao\/dia-a-dia-da-ciencia\/wp-json\/wp\/v2\/comments?post=5"}],"version-history":[{"count":0,"href":"https:\/\/www.ufsm.br\/projetos\/extensao\/dia-a-dia-da-ciencia\/wp-json\/wp\/v2\/pages\/5\/revisions"}],"wp:attachment":[{"href":"https:\/\/www.ufsm.br\/projetos\/extensao\/dia-a-dia-da-ciencia\/wp-json\/wp\/v2\/media?parent=5"}],"wp:term":[{"taxonomy":"category","embeddable":true,"href":"https:\/\/www.ufsm.br\/projetos\/extensao\/dia-a-dia-da-ciencia\/wp-json\/wp\/v2\/categories?post=5"},{"taxonomy":"post_tag","embeddable":true,"href":"https:\/\/www.ufsm.br\/projetos\/extensao\/dia-a-dia-da-ciencia\/wp-json\/wp\/v2\/tags?post=5"}],"curies":[{"name":"wp","href":"https:\/\/api.w.org\/{rel}","templated":true}]}}