{"id":154,"date":"2019-05-20T13:27:00","date_gmt":"2019-05-20T16:27:00","guid":{"rendered":"https:\/\/www.ufsm.br\/projetos-extensao-esmetsm\/?page_id=154"},"modified":"2022-06-22T09:18:56","modified_gmt":"2022-06-22T12:18:56","slug":"solicitacao-de-dados","status":"publish","type":"page","link":"https:\/\/www.ufsm.br\/projetos\/extensao\/esmetsm\/solicitacao-de-dados","title":{"rendered":"Solicita\u00e7\u00e3o de dados"},"content":{"rendered":"\n<p style=\"text-align: justify\">Os dados meteorol\u00f3gicos da ESMETSM somente ser\u00e3o fornecidos mediante requerimento assinado e preenchido conforme instru\u00e7\u00e3o (descrita no formul\u00e1rio). Ao preencher o requerimento, informar de forma clara como ser\u00e3o utilizados os dados meteorol\u00f3gicos solicitados e definir o per\u00edodo desejado e a(s) vari\u00e1vel(eis). Dados dispon\u00edveis na p\u00e1gina do INMET (Instituto Nacional de Meteorologia) n\u00e3o ser\u00e3o fornecidos pela Esta\u00e7\u00e3o Meteorol\u00f3gica de Santa Maria. Estes dever\u00e3o ser obtidos diretamente no site do <a href=\"https:\/\/bdmep.inmet.gov.br\/\">INMET\/BDMEP<\/a> (Banco de Dados Meteorol\u00f3gicos do INMET).<\/p>\n","protected":false},"excerpt":{"rendered":"<p>Os dados meteorol\u00f3gicos da ESMETSM somente ser\u00e3o fornecidos mediante requerimento assinado e preenchido conforme instru\u00e7\u00e3o (descrita no formul\u00e1rio). Ao preencher o requerimento, informar de forma clara como ser\u00e3o utilizados os dados meteorol\u00f3gicos solicitados e definir o per\u00edodo desejado e a(s) vari\u00e1vel(eis). Dados dispon\u00edveis na p\u00e1gina do INMET (Instituto Nacional de Meteorologia) n\u00e3o ser\u00e3o fornecidos pela [&hellip;]<\/p>\n","protected":false},"author":25,"featured_media":0,"parent":0,"menu_order":0,"comment_status":"closed","ping_status":"closed","template":"","meta":{"footnotes":""},"categories":[],"tags":[],"class_list":["post-154","page","type-page","status-publish","hentry"],"acf":[],"_links":{"self":[{"href":"https:\/\/www.ufsm.br\/projetos\/extensao\/esmetsm\/wp-json\/wp\/v2\/pages\/154","targetHints":{"allow":["GET"]}}],"collection":[{"href":"https:\/\/www.ufsm.br\/projetos\/extensao\/esmetsm\/wp-json\/wp\/v2\/pages"}],"about":[{"href":"https:\/\/www.ufsm.br\/projetos\/extensao\/esmetsm\/wp-json\/wp\/v2\/types\/page"}],"author":[{"embeddable":true,"href":"https:\/\/www.ufsm.br\/projetos\/extensao\/esmetsm\/wp-json\/wp\/v2\/users\/25"}],"replies":[{"embeddable":true,"href":"https:\/\/www.ufsm.br\/projetos\/extensao\/esmetsm\/wp-json\/wp\/v2\/comments?post=154"}],"version-history":[{"count":0,"href":"https:\/\/www.ufsm.br\/projetos\/extensao\/esmetsm\/wp-json\/wp\/v2\/pages\/154\/revisions"}],"wp:attachment":[{"href":"https:\/\/www.ufsm.br\/projetos\/extensao\/esmetsm\/wp-json\/wp\/v2\/media?parent=154"}],"wp:term":[{"taxonomy":"category","embeddable":true,"href":"https:\/\/www.ufsm.br\/projetos\/extensao\/esmetsm\/wp-json\/wp\/v2\/categories?post=154"},{"taxonomy":"post_tag","embeddable":true,"href":"https:\/\/www.ufsm.br\/projetos\/extensao\/esmetsm\/wp-json\/wp\/v2\/tags?post=154"}],"curies":[{"name":"wp","href":"https:\/\/api.w.org\/{rel}","templated":true}]}}