{"id":156,"date":"2019-05-20T13:27:39","date_gmt":"2019-05-20T16:27:39","guid":{"rendered":"https:\/\/www.ufsm.br\/projetos-extensao-esmetsm\/?page_id=156"},"modified":"2022-07-13T13:50:52","modified_gmt":"2022-07-13T16:50:52","slug":"historico","status":"publish","type":"page","link":"https:\/\/www.ufsm.br\/projetos\/extensao\/esmetsm\/historico","title":{"rendered":"Hist\u00f3rico"},"content":{"rendered":"\t\t<div data-elementor-type=\"wp-page\" data-elementor-id=\"156\" class=\"elementor elementor-156\">\n\t\t\t\t\t\t<section class=\"elementor-section elementor-top-section elementor-element elementor-element-611b15f elementor-section-boxed elementor-section-height-default elementor-section-height-default\" data-id=\"611b15f\" data-element_type=\"section\">\n\t\t\t\t\t\t<div class=\"elementor-container elementor-column-gap-default\">\n\t\t\t\t\t<div class=\"elementor-column elementor-col-100 elementor-top-column elementor-element elementor-element-ab84c82\" data-id=\"ab84c82\" data-element_type=\"column\">\n\t\t\t<div class=\"elementor-widget-wrap elementor-element-populated\">\n\t\t\t\t\t\t<div class=\"elementor-element elementor-element-47f1051 elementor-widget elementor-widget-text-editor\" data-id=\"47f1051\" data-element_type=\"widget\" data-widget_type=\"text-editor.default\">\n\t\t\t\t<div class=\"elementor-widget-container\">\n\t\t\t\t\t\t\t<p>A ESMETSM foi fundada em 1 de janeiro de 1912 no centro de Santa Maria \u2013 RS, nesta \u00e9poca a Esta\u00e7\u00e3o pertencia ao \u201cInstituto Regional de Meteorologia Coussirat Ara\u00fajo\u201d cuja sede era em Porto Alegre \u2013 RS na escola de Engenharia da UFRGS.<br>Existem registros de duas localidades em que a Esta\u00e7\u00e3o funcionou no centro de Santa Maria. A Esta\u00e7\u00e3o ficou fechada desde setembro de 1967 at\u00e9 junho de 1968 devido ao falecimento da Observadora. Em 1\u00ba de julho de 1968 a Esta\u00e7\u00e3o foi reinaugurada na Escola de Agronomia da Universidade Federal de Santa Maria e passou a pertencer ao 8\u00ba DISME\/INMET. Desde ent\u00e3o a ESMETSM passou por v\u00e1rias reformas, retiradas, trocas e inclus\u00f5es de equipamentos, mas permaneceu instalada no Campus da UFSM com funcionamento cont\u00ednuo e ininterrupto.<\/p>\t\t\t\t\t\t<\/div>\n\t\t\t\t<\/div>\n\t\t\t\t\t<\/div>\n\t\t<\/div>\n\t\t\t\t\t<\/div>\n\t\t<\/section>\n\t\t\t\t<\/div>\n\t\t","protected":false},"excerpt":{"rendered":"<p>A ESMETSM foi fundada em 1 de janeiro de 1912 no centro de Santa Maria \u2013 RS, nesta \u00e9poca a Esta\u00e7\u00e3o pertencia ao \u201cInstituto Regional de Meteorologia Coussirat Ara\u00fajo\u201d cuja sede era em Porto Alegre \u2013 RS na escola de Engenharia da UFRGS.Existem registros de duas localidades em que a Esta\u00e7\u00e3o funcionou no centro de [&hellip;]<\/p>\n","protected":false},"author":25,"featured_media":0,"parent":0,"menu_order":0,"comment_status":"closed","ping_status":"closed","template":"","meta":{"footnotes":""},"categories":[],"tags":[],"class_list":["post-156","page","type-page","status-publish","hentry"],"acf":[],"_links":{"self":[{"href":"https:\/\/www.ufsm.br\/projetos\/extensao\/esmetsm\/wp-json\/wp\/v2\/pages\/156","targetHints":{"allow":["GET"]}}],"collection":[{"href":"https:\/\/www.ufsm.br\/projetos\/extensao\/esmetsm\/wp-json\/wp\/v2\/pages"}],"about":[{"href":"https:\/\/www.ufsm.br\/projetos\/extensao\/esmetsm\/wp-json\/wp\/v2\/types\/page"}],"author":[{"embeddable":true,"href":"https:\/\/www.ufsm.br\/projetos\/extensao\/esmetsm\/wp-json\/wp\/v2\/users\/25"}],"replies":[{"embeddable":true,"href":"https:\/\/www.ufsm.br\/projetos\/extensao\/esmetsm\/wp-json\/wp\/v2\/comments?post=156"}],"version-history":[{"count":0,"href":"https:\/\/www.ufsm.br\/projetos\/extensao\/esmetsm\/wp-json\/wp\/v2\/pages\/156\/revisions"}],"wp:attachment":[{"href":"https:\/\/www.ufsm.br\/projetos\/extensao\/esmetsm\/wp-json\/wp\/v2\/media?parent=156"}],"wp:term":[{"taxonomy":"category","embeddable":true,"href":"https:\/\/www.ufsm.br\/projetos\/extensao\/esmetsm\/wp-json\/wp\/v2\/categories?post=156"},{"taxonomy":"post_tag","embeddable":true,"href":"https:\/\/www.ufsm.br\/projetos\/extensao\/esmetsm\/wp-json\/wp\/v2\/tags?post=156"}],"curies":[{"name":"wp","href":"https:\/\/api.w.org\/{rel}","templated":true}]}}