{"id":29,"date":"2018-01-18T09:10:07","date_gmt":"2018-01-18T11:10:07","guid":{"rendered":"https:\/\/www.ufsm.br\/cursos\/graduacao\/nutricao\/12352\/?page_id=29"},"modified":"2022-09-15T10:32:04","modified_gmt":"2022-09-15T13:32:04","slug":"contato","status":"publish","type":"page","link":"https:\/\/www.ufsm.br\/projetos\/extensao\/esmetsm\/contato","title":{"rendered":"Contato"},"content":{"rendered":"\t\t<div data-elementor-type=\"wp-page\" data-elementor-id=\"29\" class=\"elementor elementor-29\">\n\t\t\t\t\t\t<section class=\"elementor-section elementor-top-section elementor-element elementor-element-7063556a elementor-section-boxed elementor-section-height-default elementor-section-height-default\" data-id=\"7063556a\" data-element_type=\"section\">\n\t\t\t\t\t\t<div class=\"elementor-container elementor-column-gap-default\">\n\t\t\t\t\t<div class=\"elementor-column elementor-col-50 elementor-top-column elementor-element elementor-element-3380a0a4\" data-id=\"3380a0a4\" data-element_type=\"column\">\n\t\t\t<div class=\"elementor-widget-wrap elementor-element-populated\">\n\t\t\t\t\t\t<div class=\"elementor-element elementor-element-29f14d7d elementor-widget elementor-widget-text-editor\" data-id=\"29f14d7d\" data-element_type=\"widget\" data-widget_type=\"text-editor.default\">\n\t\t\t\t<div class=\"elementor-widget-container\">\n\t\t\t\t\t\t\t<p><b>Telefone:<\/b> (55) 3220-9347<\/p><p><b>E-mail:<\/b>\u00a0<a class=\"notranslate\" href=\"mailto:esmetsm@ufsm.br\">esmetsm@ufsm.br<\/a><\/p><p><b>Endere\u00e7o:<\/b> Av. Roraima n\u00ba 1000, Cidade Universit\u00e1ria, Departamento de Fitotecnia \u2013 Pr\u00e9dio 77, Esta\u00e7\u00e3o Meteorol\u00f3gica, Bairro Camobi, Santa Maria \u2013 RS, CEP: 97105-900.<\/p>\t\t\t\t\t\t<\/div>\n\t\t\t\t<\/div>\n\t\t\t\t\t<\/div>\n\t\t<\/div>\n\t\t\t\t<div class=\"elementor-column elementor-col-50 elementor-top-column elementor-element elementor-element-244665e\" data-id=\"244665e\" data-element_type=\"column\">\n\t\t\t<div class=\"elementor-widget-wrap elementor-element-populated\">\n\t\t\t\t\t\t<div class=\"elementor-element elementor-element-a1e17b5 elementor-widget elementor-widget-google_maps\" data-id=\"a1e17b5\" data-element_type=\"widget\" data-widget_type=\"google_maps.default\">\n\t\t\t\t<div class=\"elementor-widget-container\">\n\t\t\t\t\t<div class=\"elementor-custom-embed\">\n\t\t\t<iframe loading=\"lazy\"\n\t\t\t\t\tsrc=\"https:\/\/maps.google.com\/maps?q=Av.%20Roraima%20n%C2%BA%201000%2C%20Cidade%20Universit%C3%A1ria%2C%20Departamento%20de%20Fitotecnia%20%E2%80%93%20Pr%C3%A9dio%2077&#038;t=m&#038;z=10&#038;output=embed&#038;iwloc=near\"\n\t\t\t\t\ttitle=\"Av. Roraima n\u00ba 1000, Cidade Universit\u00e1ria, Departamento de Fitotecnia \u2013 Pr\u00e9dio 77\"\n\t\t\t\t\taria-label=\"Av. Roraima n\u00ba 1000, Cidade Universit\u00e1ria, Departamento de Fitotecnia \u2013 Pr\u00e9dio 77\"\n\t\t\t><\/iframe>\n\t\t<\/div>\n\t\t\t\t<\/div>\n\t\t\t\t<\/div>\n\t\t\t\t\t<\/div>\n\t\t<\/div>\n\t\t\t\t\t<\/div>\n\t\t<\/section>\n\t\t\t\t<\/div>\n\t\t","protected":false},"excerpt":{"rendered":"<p>Telefone: (55) 3220-9347 E-mail:\u00a0esmetsm@ufsm.br Endere\u00e7o: Av. Roraima n\u00ba 1000, Cidade Universit\u00e1ria, Departamento de Fitotecnia \u2013 Pr\u00e9dio 77, Esta\u00e7\u00e3o Meteorol\u00f3gica, Bairro Camobi, Santa Maria \u2013 RS, CEP: 97105-900.<\/p>\n","protected":false},"author":8,"featured_media":0,"parent":0,"menu_order":0,"comment_status":"closed","ping_status":"closed","template":"","meta":{"footnotes":""},"categories":[],"tags":[],"class_list":["post-29","page","type-page","status-publish","hentry"],"acf":[],"_links":{"self":[{"href":"https:\/\/www.ufsm.br\/projetos\/extensao\/esmetsm\/wp-json\/wp\/v2\/pages\/29","targetHints":{"allow":["GET"]}}],"collection":[{"href":"https:\/\/www.ufsm.br\/projetos\/extensao\/esmetsm\/wp-json\/wp\/v2\/pages"}],"about":[{"href":"https:\/\/www.ufsm.br\/projetos\/extensao\/esmetsm\/wp-json\/wp\/v2\/types\/page"}],"author":[{"embeddable":true,"href":"https:\/\/www.ufsm.br\/projetos\/extensao\/esmetsm\/wp-json\/wp\/v2\/users\/8"}],"replies":[{"embeddable":true,"href":"https:\/\/www.ufsm.br\/projetos\/extensao\/esmetsm\/wp-json\/wp\/v2\/comments?post=29"}],"version-history":[{"count":0,"href":"https:\/\/www.ufsm.br\/projetos\/extensao\/esmetsm\/wp-json\/wp\/v2\/pages\/29\/revisions"}],"wp:attachment":[{"href":"https:\/\/www.ufsm.br\/projetos\/extensao\/esmetsm\/wp-json\/wp\/v2\/media?parent=29"}],"wp:term":[{"taxonomy":"category","embeddable":true,"href":"https:\/\/www.ufsm.br\/projetos\/extensao\/esmetsm\/wp-json\/wp\/v2\/categories?post=29"},{"taxonomy":"post_tag","embeddable":true,"href":"https:\/\/www.ufsm.br\/projetos\/extensao\/esmetsm\/wp-json\/wp\/v2\/tags?post=29"}],"curies":[{"name":"wp","href":"https:\/\/api.w.org\/{rel}","templated":true}]}}