{"id":190,"date":"2024-11-29T10:28:59","date_gmt":"2024-11-29T13:28:59","guid":{"rendered":"https:\/\/www.ufsm.br\/projetos\/extensao\/gurias-em-rede\/?page_id=190"},"modified":"2025-11-17T21:19:27","modified_gmt":"2025-11-18T00:19:27","slug":"informacoes-gerais","status":"publish","type":"page","link":"https:\/\/www.ufsm.br\/projetos\/extensao\/gurias-em-rede\/informacoes-gerais","title":{"rendered":"Sobre"},"content":{"rendered":"\t\t<div data-elementor-type=\"wp-page\" data-elementor-id=\"190\" class=\"elementor elementor-190\">\n\t\t\t\t\t\t<section class=\"elementor-section elementor-top-section elementor-element elementor-element-896f513 elementor-section-boxed elementor-section-height-default elementor-section-height-default\" data-id=\"896f513\" data-element_type=\"section\">\n\t\t\t\t\t\t<div class=\"elementor-container elementor-column-gap-default\">\n\t\t\t\t\t<div class=\"elementor-column elementor-col-100 elementor-top-column elementor-element elementor-element-770311c\" data-id=\"770311c\" data-element_type=\"column\">\n\t\t\t<div class=\"elementor-widget-wrap elementor-element-populated\">\n\t\t\t\t\t\t<div class=\"elementor-element elementor-element-497a056 elementor-widget elementor-widget-text-editor\" data-id=\"497a056\" data-element_type=\"widget\" data-widget_type=\"text-editor.default\">\n\t\t\t\t<div class=\"elementor-widget-container\">\n\t\t\t\t\t\t\t<p>O projeto de extens\u00e3o &#8220;Gurias em Redes&#8221; foi uma iniciativa da Professora Marcia Henke, coordenadora do projeto e professora no Curso Superior de Redes de Computadores da Universidade Federal de Santa Maria (UFSM), desenvolvida no Col\u00e9gio T\u00e9cnico Industrial de Santa Maria (CTISM). Ele nasceu da percep\u00e7\u00e3o hist\u00f3rica da sub-representa\u00e7\u00e3o feminina nas \u00e1reas de Ci\u00eancias, Tecnologia, Engenharia e Matem\u00e1tica (STEM).<\/p>\t\t\t\t\t\t<\/div>\n\t\t\t\t<\/div>\n\t\t\t\t\t<\/div>\n\t\t<\/div>\n\t\t\t\t\t<\/div>\n\t\t<\/section>\n\t\t\t\t<\/div>\n\t\t","protected":false},"excerpt":{"rendered":"<p>O projeto de extens\u00e3o &#8220;Gurias em Redes&#8221; foi uma iniciativa da Professora Marcia Henke, coordenadora do projeto e professora no Curso Superior de Redes de Computadores da Universidade Federal de Santa Maria (UFSM), desenvolvida no Col\u00e9gio T\u00e9cnico Industrial de Santa Maria (CTISM). Ele nasceu da percep\u00e7\u00e3o hist\u00f3rica da sub-representa\u00e7\u00e3o feminina nas \u00e1reas de Ci\u00eancias, Tecnologia, [&hellip;]<\/p>\n","protected":false},"author":8348,"featured_media":0,"parent":0,"menu_order":0,"comment_status":"closed","ping_status":"closed","template":"","meta":{"footnotes":""},"categories":[],"tags":[],"class_list":["post-190","page","type-page","status-publish","hentry"],"acf":[],"_links":{"self":[{"href":"https:\/\/www.ufsm.br\/projetos\/extensao\/gurias-em-rede\/wp-json\/wp\/v2\/pages\/190","targetHints":{"allow":["GET"]}}],"collection":[{"href":"https:\/\/www.ufsm.br\/projetos\/extensao\/gurias-em-rede\/wp-json\/wp\/v2\/pages"}],"about":[{"href":"https:\/\/www.ufsm.br\/projetos\/extensao\/gurias-em-rede\/wp-json\/wp\/v2\/types\/page"}],"author":[{"embeddable":true,"href":"https:\/\/www.ufsm.br\/projetos\/extensao\/gurias-em-rede\/wp-json\/wp\/v2\/users\/8348"}],"replies":[{"embeddable":true,"href":"https:\/\/www.ufsm.br\/projetos\/extensao\/gurias-em-rede\/wp-json\/wp\/v2\/comments?post=190"}],"version-history":[{"count":0,"href":"https:\/\/www.ufsm.br\/projetos\/extensao\/gurias-em-rede\/wp-json\/wp\/v2\/pages\/190\/revisions"}],"wp:attachment":[{"href":"https:\/\/www.ufsm.br\/projetos\/extensao\/gurias-em-rede\/wp-json\/wp\/v2\/media?parent=190"}],"wp:term":[{"taxonomy":"category","embeddable":true,"href":"https:\/\/www.ufsm.br\/projetos\/extensao\/gurias-em-rede\/wp-json\/wp\/v2\/categories?post=190"},{"taxonomy":"post_tag","embeddable":true,"href":"https:\/\/www.ufsm.br\/projetos\/extensao\/gurias-em-rede\/wp-json\/wp\/v2\/tags?post=190"}],"curies":[{"name":"wp","href":"https:\/\/api.w.org\/{rel}","templated":true}]}}