{"id":184,"date":"2025-04-17T12:40:26","date_gmt":"2025-04-17T15:40:26","guid":{"rendered":"https:\/\/www.ufsm.br\/projetos\/extensao\/guriastec\/?page_id=184"},"modified":"2025-04-17T12:44:37","modified_gmt":"2025-04-17T15:44:37","slug":"editais","status":"publish","type":"page","link":"https:\/\/www.ufsm.br\/projetos\/extensao\/guriastec\/pagina-inicial\/editais","title":{"rendered":"Editais"},"content":{"rendered":"\t\t<div data-elementor-type=\"wp-page\" data-elementor-id=\"184\" class=\"elementor elementor-184\">\n\t\t\t\t\t\t<section class=\"elementor-section elementor-top-section elementor-element elementor-element-b615d1a elementor-section-boxed elementor-section-height-default elementor-section-height-default\" data-id=\"b615d1a\" data-element_type=\"section\">\n\t\t\t\t\t\t<div class=\"elementor-container elementor-column-gap-default\">\n\t\t\t\t\t<div class=\"elementor-column elementor-col-100 elementor-top-column elementor-element elementor-element-0679dbc\" data-id=\"0679dbc\" data-element_type=\"column\">\n\t\t\t<div class=\"elementor-widget-wrap elementor-element-populated\">\n\t\t\t\t\t\t<div class=\"elementor-element elementor-element-83b35f5 elementor-widget elementor-widget-wp-widget-ufsm_editais_widget\" data-id=\"83b35f5\" data-element_type=\"widget\" data-widget_type=\"wp-widget-ufsm_editais_widget.default\">\n\t\t\t\t<div class=\"elementor-widget-container\">\n\t\t\t<h2 class='titulo-conteudos'>Editais<\/h2><div class='row'>\n            <div class=\"col-lg-12 px-3 pb-3\">\n            \n                        \n            <a title=\"1\/2025 - Sele\u00e7\u00e3o interna para publica\u00e7\u00e3o de relatos: Encontros de Extens\u00e3o GuriasTec 2025\" href=\"https:\/\/www.ufsm.br\/projetos\/extensao\/guriastec\/editais\/001-2025-2\">\n                <span class=\"titulo-publicacao-widget\">1\/2025 - Sele\u00e7\u00e3o interna para publica\u00e7\u00e3o de relatos: Encontros de Extens\u00e3o GuriasTec 2025<\/span>\n                <br>\n            <\/a>\n\n                        \n                                            \n                                    <div title=\"Atualizado em 20\/03\/2026 \" class=\"data-publicacao-widget\"><i  class=\"fa fa-pencil-square-o\"><\/i> 20\/03\/2026 <\/div>\n                                \n        <\/div>\n            <div class=\"col-lg-12 px-3 pb-3\">\n            \n                        \n            <a title=\"7\/2025 - P\u00f3s-Doutorado J\u00fanior: 7\/2025 - Edital 07\/2025 - Sele\u00e7\u00e3o de bolsistas de P\u00f3s-Doutorado J\u00fanior (PDJ) - Meninas nas Ci\u00eancias Exatas, Engenharias e Computa\u00e7\u00e3o\" href=\"https:\/\/www.ufsm.br\/projetos\/extensao\/guriastec\/editais\/007-2025\">\n                <span class=\"titulo-publicacao-widget\">7\/2025 - P\u00f3s-Doutorado J\u00fanior: 7\/2025 - Edital 07\/2025 - Sele\u00e7\u00e3o de bolsistas de P\u00f3s-Doutorado J\u00fanior (PDJ) - Meninas nas Ci\u00eancias Exatas, Engenharias e Computa\u00e7\u00e3o<\/span>\n                <br>\n            <\/a>\n\n                        \n                                            \n                                    <div title=\"Atualizado em 05\/12\/2025 \" class=\"data-publicacao-widget\"><i  class=\"fa fa-pencil-square-o\"><\/i> 05\/12\/2025 <\/div>\n                                \n        <\/div>\n            <div class=\"col-lg-12 px-3 pb-3\">\n            \n                        \n            <a title=\"1\/2025 - Edital 01\/2025 - Sele\u00e7\u00e3o de Bolsistas Fiex - GuriasTec\/Projeto FormA\u00e7\u00e3o\" href=\"https:\/\/www.ufsm.br\/projetos\/extensao\/guriastec\/editais\/001-2025\">\n                <span class=\"titulo-publicacao-widget\">1\/2025 - Edital 01\/2025 - Sele\u00e7\u00e3o de Bolsistas Fiex - GuriasTec\/Projeto FormA\u00e7\u00e3o<\/span>\n                <br>\n            <\/a>\n\n                        \n                                            \n                                    <div title=\"Atualizado em 22\/04\/2025 \" class=\"data-publicacao-widget\"><i  class=\"fa fa-pencil-square-o\"><\/i> 22\/04\/2025 <\/div>\n                                \n        <\/div>\n            <div class=\"col-lg-12 px-3 pb-3\">\n            \n                        \n            <a title=\"6\/2025 - Edital 06\/2025 - Edital de Sele\u00e7\u00e3o de Bolsista de Divulga\u00e7\u00e3o Cient\u00edfica do Programa GuriasTec\" href=\"https:\/\/www.ufsm.br\/projetos\/extensao\/guriastec\/editais\/006-2025\">\n                <span class=\"titulo-publicacao-widget\">6\/2025 - Edital 06\/2025 - Edital de Sele\u00e7\u00e3o de Bolsista de Divulga\u00e7\u00e3o Cient\u00edfica do Programa GuriasTec<\/span>\n                <br>\n            <\/a>\n\n                        \n                                            \n                                    <div title=\"Atualizado em 17\/04\/2025 \" class=\"data-publicacao-widget\"><i  class=\"fa fa-pencil-square-o\"><\/i> 17\/04\/2025 <\/div>\n                                \n        <\/div>\n            <div class=\"col-lg-12 px-3 pb-3\">\n            \n                        \n            <a title=\"5\/2025 - Edital 05\/2025 - Sele\u00e7\u00e3o de Bolsistas UFSM\" href=\"https:\/\/www.ufsm.br\/projetos\/extensao\/guriastec\/editais\/005-2025\">\n                <span class=\"titulo-publicacao-widget\">5\/2025 - Edital 05\/2025 - Sele\u00e7\u00e3o de Bolsistas UFSM<\/span>\n                <br>\n            <\/a>\n\n                        \n                                            \n                                    <div title=\"Atualizado em 17\/04\/2025 \" class=\"data-publicacao-widget\"><i  class=\"fa fa-pencil-square-o\"><\/i> 17\/04\/2025 <\/div>\n                                \n        <\/div>\n    <\/div>\n<div class=\"leia-mais p-1\">\n                <a href=\"https:\/\/www.ufsm.br\/projetos\/extensao\/guriastec\/busca\/?q=&area=editais&orderby=modified&sites%5B%5D=964\">\n            LEIA MAIS            <span class=\"icon-box\">\n                <span class=\"bg-ufsm-widget-icon\">\n                    <i class=\"fas fa-chevron-right\" aria-hidden=\"true\"><\/i>\n                <\/span>\n            <\/span>\n        <\/a>\n    <\/div>\n\t\t<\/div>\n\t\t\t\t<\/div>\n\t\t\t\t\t<\/div>\n\t\t<\/div>\n\t\t\t\t\t<\/div>\n\t\t<\/section>\n\t\t\t\t<\/div>\n\t\t","protected":false},"excerpt":{"rendered":"","protected":false},"author":5006,"featured_media":0,"parent":5,"menu_order":0,"comment_status":"closed","ping_status":"closed","template":"","meta":{"footnotes":""},"categories":[38,20],"tags":[],"class_list":["post-184","page","type-page","status-publish","hentry","category-editais","category-guriastec"],"acf":[],"_links":{"self":[{"href":"https:\/\/www.ufsm.br\/projetos\/extensao\/guriastec\/wp-json\/wp\/v2\/pages\/184","targetHints":{"allow":["GET"]}}],"collection":[{"href":"https:\/\/www.ufsm.br\/projetos\/extensao\/guriastec\/wp-json\/wp\/v2\/pages"}],"about":[{"href":"https:\/\/www.ufsm.br\/projetos\/extensao\/guriastec\/wp-json\/wp\/v2\/types\/page"}],"author":[{"embeddable":true,"href":"https:\/\/www.ufsm.br\/projetos\/extensao\/guriastec\/wp-json\/wp\/v2\/users\/5006"}],"replies":[{"embeddable":true,"href":"https:\/\/www.ufsm.br\/projetos\/extensao\/guriastec\/wp-json\/wp\/v2\/comments?post=184"}],"version-history":[{"count":0,"href":"https:\/\/www.ufsm.br\/projetos\/extensao\/guriastec\/wp-json\/wp\/v2\/pages\/184\/revisions"}],"up":[{"embeddable":true,"href":"https:\/\/www.ufsm.br\/projetos\/extensao\/guriastec\/wp-json\/wp\/v2\/pages\/5"}],"wp:attachment":[{"href":"https:\/\/www.ufsm.br\/projetos\/extensao\/guriastec\/wp-json\/wp\/v2\/media?parent=184"}],"wp:term":[{"taxonomy":"category","embeddable":true,"href":"https:\/\/www.ufsm.br\/projetos\/extensao\/guriastec\/wp-json\/wp\/v2\/categories?post=184"},{"taxonomy":"post_tag","embeddable":true,"href":"https:\/\/www.ufsm.br\/projetos\/extensao\/guriastec\/wp-json\/wp\/v2\/tags?post=184"}],"curies":[{"name":"wp","href":"https:\/\/api.w.org\/{rel}","templated":true}]}}