{"id":153,"date":"2019-05-20T13:26:41","date_gmt":"2019-05-20T16:26:41","guid":{"rendered":"https:\/\/www.ufsm.br\/projetos-extensao-ideas\/?page_id=153"},"modified":"2024-10-24T21:10:22","modified_gmt":"2024-10-25T00:10:22","slug":"submeta-sua-demanda","status":"publish","type":"page","link":"https:\/\/www.ufsm.br\/projetos\/extensao\/ideas\/submeta-sua-demanda","title":{"rendered":"Submeta sua demanda tecnol\u00f3gica"},"content":{"rendered":"\t\t<div data-elementor-type=\"wp-page\" data-elementor-id=\"153\" class=\"elementor elementor-153\">\n\t\t\t\t\t\t<section class=\"elementor-section elementor-top-section elementor-element elementor-element-f82f29e elementor-section-boxed elementor-section-height-default elementor-section-height-default\" data-id=\"f82f29e\" data-element_type=\"section\">\n\t\t\t\t\t\t<div class=\"elementor-container elementor-column-gap-default\">\n\t\t\t\t\t<div class=\"elementor-column elementor-col-100 elementor-top-column elementor-element elementor-element-a441cb3\" data-id=\"a441cb3\" data-element_type=\"column\">\n\t\t\t<div class=\"elementor-widget-wrap elementor-element-populated\">\n\t\t\t\t\t\t<div class=\"elementor-element elementor-element-6f3329a elementor-widget elementor-widget-heading\" data-id=\"6f3329a\" data-element_type=\"widget\" data-widget_type=\"heading.default\">\n\t\t\t\t<div class=\"elementor-widget-container\">\n\t\t\t<h3 class=\"elementor-heading-title elementor-size-default\">Submiss\u00e3o de Demanda Tecnol\u00f3gica<\/h3>\t\t<\/div>\n\t\t\t\t<\/div>\n\t\t\t\t\t<\/div>\n\t\t<\/div>\n\t\t\t\t\t<\/div>\n\t\t<\/section>\n\t\t\t\t<section class=\"elementor-section elementor-top-section elementor-element elementor-element-8817def elementor-section-boxed elementor-section-height-default elementor-section-height-default\" data-id=\"8817def\" data-element_type=\"section\">\n\t\t\t\t\t\t<div class=\"elementor-container elementor-column-gap-default\">\n\t\t\t\t\t<div class=\"elementor-column elementor-col-100 elementor-top-column elementor-element elementor-element-a346ae8\" data-id=\"a346ae8\" data-element_type=\"column\">\n\t\t\t<div class=\"elementor-widget-wrap elementor-element-populated\">\n\t\t\t\t\t\t<div class=\"elementor-element elementor-element-6f4e740 elementor-widget elementor-widget-text-editor\" data-id=\"6f4e740\" data-element_type=\"widget\" data-widget_type=\"text-editor.default\">\n\t\t\t\t<div class=\"elementor-widget-container\">\n\t\t\t\t\t\t\t<p>Se voc\u00ea j\u00e1 compreendeu o processo descrito na aba &#8220;Comece por Aqui&#8221;, assim como as informa\u00e7\u00f5es na aba &#8220;Termo de Uso&#8221;, e \u00e9 um(a) Professor(a) da UFSM ou representa alguma organiza\u00e7\u00e3o da sociedade de Santa Maria e regi\u00e3o (empresa, assossia\u00e7\u00e3o, escola, ONG, etc)\u00a0<a href=\"https:\/\/forms.gle\/SXP81LzJBBQwGw6b7\" target=\"_blank\" rel=\"noopener\">CLIQUE AQUI<\/a>\u00a0para submeter a sua demanda tecnol\u00f3gica.<\/p>\t\t\t\t\t\t<\/div>\n\t\t\t\t<\/div>\n\t\t\t\t\t<\/div>\n\t\t<\/div>\n\t\t\t\t\t<\/div>\n\t\t<\/section>\n\t\t\t\t<section class=\"elementor-section elementor-top-section elementor-element elementor-element-f1f7a72 elementor-section-boxed elementor-section-height-default elementor-section-height-default\" data-id=\"f1f7a72\" data-element_type=\"section\">\n\t\t\t\t\t\t<div class=\"elementor-container elementor-column-gap-default\">\n\t\t\t\t\t<div class=\"elementor-column elementor-col-100 elementor-top-column elementor-element elementor-element-8933a82\" data-id=\"8933a82\" data-element_type=\"column\">\n\t\t\t<div class=\"elementor-widget-wrap elementor-element-populated\">\n\t\t\t\t\t\t<div class=\"elementor-element elementor-element-b814ee5 elementor-widget elementor-widget-image\" data-id=\"b814ee5\" data-element_type=\"widget\" data-widget_type=\"image.default\">\n\t\t\t\t<div class=\"elementor-widget-container\">\n\t\t\t\t\t\t\t\t\t\t\t\t\t<img fetchpriority=\"high\" decoding=\"async\" width=\"1024\" height=\"1024\" src=\"https:\/\/www.ufsm.br\/app\/uploads\/sites\/941\/2024\/09\/demand.jpg\" class=\"attachment-large size-large wp-image-164\" alt=\"\" srcset=\"https:\/\/www.ufsm.br\/app\/uploads\/sites\/941\/2024\/09\/demand.jpg 1024w, https:\/\/www.ufsm.br\/app\/uploads\/sites\/941\/2024\/09\/demand-300x300.jpg 300w, https:\/\/www.ufsm.br\/app\/uploads\/sites\/941\/2024\/09\/demand-150x150.jpg 150w, https:\/\/www.ufsm.br\/app\/uploads\/sites\/941\/2024\/09\/demand-768x768.jpg 768w, https:\/\/www.ufsm.br\/app\/uploads\/sites\/941\/2024\/09\/elementor\/thumbs\/demand-qug4txou85toz9xebe1paprvkgvuzwrudsyi042bbk.jpg 200w, https:\/\/www.ufsm.br\/app\/uploads\/sites\/941\/2024\/09\/elementor\/thumbs\/demand-qug4txotqmb4c2nwjtp8ga8j5j77j7hk134fjjvfb4.jpg 160w\" sizes=\"(max-width: 1024px) 100vw, 1024px\" \/>\t\t\t\t\t\t\t\t\t\t\t\t\t<\/div>\n\t\t\t\t<\/div>\n\t\t\t\t\t<\/div>\n\t\t<\/div>\n\t\t\t\t\t<\/div>\n\t\t<\/section>\n\t\t\t\t<\/div>\n\t\t","protected":false},"excerpt":{"rendered":"<p>Submiss\u00e3o de Demanda Tecnol\u00f3gica Se voc\u00ea j\u00e1 compreendeu o processo descrito na aba &#8220;Comece por Aqui&#8221;, assim como as informa\u00e7\u00f5es na aba &#8220;Termo de Uso&#8221;, e \u00e9 um(a) Professor(a) da UFSM ou representa alguma organiza\u00e7\u00e3o da sociedade de Santa Maria e regi\u00e3o (empresa, assossia\u00e7\u00e3o, escola, ONG, etc)\u00a0CLIQUE AQUI\u00a0para submeter a sua demanda tecnol\u00f3gica.<\/p>\n","protected":false},"author":25,"featured_media":0,"parent":0,"menu_order":0,"comment_status":"closed","ping_status":"closed","template":"","meta":{"footnotes":""},"categories":[],"tags":[],"class_list":["post-153","page","type-page","status-publish","hentry"],"acf":[],"_links":{"self":[{"href":"https:\/\/www.ufsm.br\/projetos\/extensao\/ideas\/wp-json\/wp\/v2\/pages\/153","targetHints":{"allow":["GET"]}}],"collection":[{"href":"https:\/\/www.ufsm.br\/projetos\/extensao\/ideas\/wp-json\/wp\/v2\/pages"}],"about":[{"href":"https:\/\/www.ufsm.br\/projetos\/extensao\/ideas\/wp-json\/wp\/v2\/types\/page"}],"author":[{"embeddable":true,"href":"https:\/\/www.ufsm.br\/projetos\/extensao\/ideas\/wp-json\/wp\/v2\/users\/25"}],"replies":[{"embeddable":true,"href":"https:\/\/www.ufsm.br\/projetos\/extensao\/ideas\/wp-json\/wp\/v2\/comments?post=153"}],"version-history":[{"count":0,"href":"https:\/\/www.ufsm.br\/projetos\/extensao\/ideas\/wp-json\/wp\/v2\/pages\/153\/revisions"}],"wp:attachment":[{"href":"https:\/\/www.ufsm.br\/projetos\/extensao\/ideas\/wp-json\/wp\/v2\/media?parent=153"}],"wp:term":[{"taxonomy":"category","embeddable":true,"href":"https:\/\/www.ufsm.br\/projetos\/extensao\/ideas\/wp-json\/wp\/v2\/categories?post=153"},{"taxonomy":"post_tag","embeddable":true,"href":"https:\/\/www.ufsm.br\/projetos\/extensao\/ideas\/wp-json\/wp\/v2\/tags?post=153"}],"curies":[{"name":"wp","href":"https:\/\/api.w.org\/{rel}","templated":true}]}}