{"id":154,"date":"2019-05-20T13:27:00","date_gmt":"2019-05-20T16:27:00","guid":{"rendered":"https:\/\/www.ufsm.br\/projetos-extensao-ideas\/?page_id=154"},"modified":"2024-10-24T21:10:16","modified_gmt":"2024-10-25T00:10:16","slug":"termos-de-uso","status":"publish","type":"page","link":"https:\/\/www.ufsm.br\/projetos\/extensao\/ideas\/termos-de-uso","title":{"rendered":"Termo de Uso"},"content":{"rendered":"\t\t<div data-elementor-type=\"wp-page\" data-elementor-id=\"154\" class=\"elementor elementor-154\">\n\t\t\t\t\t\t<section class=\"elementor-section elementor-top-section elementor-element elementor-element-a42f7c4 elementor-section-boxed elementor-section-height-default elementor-section-height-default\" data-id=\"a42f7c4\" data-element_type=\"section\">\n\t\t\t\t\t\t<div class=\"elementor-container elementor-column-gap-default\">\n\t\t\t\t\t<div class=\"elementor-column elementor-col-100 elementor-top-column elementor-element elementor-element-dec77d1\" data-id=\"dec77d1\" data-element_type=\"column\">\n\t\t\t<div class=\"elementor-widget-wrap elementor-element-populated\">\n\t\t\t\t\t\t<div class=\"elementor-element elementor-element-591f534 elementor-widget elementor-widget-heading\" data-id=\"591f534\" data-element_type=\"widget\" data-widget_type=\"heading.default\">\n\t\t\t\t<div class=\"elementor-widget-container\">\n\t\t\t<h3 class=\"elementor-heading-title elementor-size-default\">Termos de Uso da Plataforma<\/h3>\t\t<\/div>\n\t\t\t\t<\/div>\n\t\t\t\t\t<\/div>\n\t\t<\/div>\n\t\t\t\t\t<\/div>\n\t\t<\/section>\n\t\t\t\t<section class=\"elementor-section elementor-top-section elementor-element elementor-element-b0268b3 elementor-section-boxed elementor-section-height-default elementor-section-height-default\" data-id=\"b0268b3\" data-element_type=\"section\">\n\t\t\t\t\t\t<div class=\"elementor-container elementor-column-gap-default\">\n\t\t\t\t\t<div class=\"elementor-column elementor-col-100 elementor-top-column elementor-element elementor-element-047965d\" data-id=\"047965d\" data-element_type=\"column\">\n\t\t\t<div class=\"elementor-widget-wrap elementor-element-populated\">\n\t\t\t\t\t\t<div class=\"elementor-element elementor-element-e9f63b3 elementor-widget elementor-widget-text-editor\" data-id=\"e9f63b3\" data-element_type=\"widget\" data-widget_type=\"text-editor.default\">\n\t\t\t\t<div class=\"elementor-widget-container\">\n\t\t\t\t\t\t\t<ul><li>O registro de uma solicita\u00e7\u00e3o de projeto, servi\u00e7o, produto ou outra solu\u00e7\u00e3o n\u00e3o estabelece uma obriga\u00e7\u00e3o de atendimento pela Institui\u00e7\u00e3o.<\/li><li>As demandas submetidas podem resultar em solu\u00e7\u00f5es diversas, cuja defini\u00e7\u00e3o e natureza estar\u00e3o sob a responsabilidade da equipe acad\u00eamica, compreendendo professores e alunos envolvidos.<\/li><li>As solu\u00e7\u00f5es propostas possuem um car\u00e1ter acad\u00eamico e aplicado. Como tal, devem ser consideradas experimentais e n\u00e3o customizadas conforme as expectativas individuais do Solicitante.<\/li><li>Informa\u00e7\u00f5es sobre as demandas ser\u00e3o armazenadas em nosso banco de dados para acesso e consulta futura por membros da comunidade acad\u00eamica.<\/li><li>A formaliza\u00e7\u00e3o de contratos e acordos poder\u00e1 ser necess\u00e1ria para detalhar direitos e responsabilidades das partes envolvidas durante o desenvolvimento e a implementa\u00e7\u00e3o de solu\u00e7\u00f5es.<\/li><li>A IDEAS UFSM e seus colaboradores n\u00e3o garantem a viabilidade ou a implementa\u00e7\u00e3o das solu\u00e7\u00f5es propostas. Todas as solu\u00e7\u00f5es s\u00e3o sugest\u00f5es acad\u00eamicas e n\u00e3o substituem consultoria profissional.<\/li><li>A Institui\u00e7\u00e3o e todos os envolvidos nesse Projeto se isentam de qualquer responsabilidade por n\u00e3o atendimento, implementa\u00e7\u00e3o ou resultados das solu\u00e7\u00f5es sugeridas.<\/li><\/ul>\t\t\t\t\t\t<\/div>\n\t\t\t\t<\/div>\n\t\t\t\t\t<\/div>\n\t\t<\/div>\n\t\t\t\t\t<\/div>\n\t\t<\/section>\n\t\t\t\t<\/div>\n\t\t","protected":false},"excerpt":{"rendered":"<p>Termos de Uso da Plataforma O registro de uma solicita\u00e7\u00e3o de projeto, servi\u00e7o, produto ou outra solu\u00e7\u00e3o n\u00e3o estabelece uma obriga\u00e7\u00e3o de atendimento pela Institui\u00e7\u00e3o. As demandas submetidas podem resultar em solu\u00e7\u00f5es diversas, cuja defini\u00e7\u00e3o e natureza estar\u00e3o sob a responsabilidade da equipe acad\u00eamica, compreendendo professores e alunos envolvidos. As solu\u00e7\u00f5es propostas possuem um car\u00e1ter [&hellip;]<\/p>\n","protected":false},"author":25,"featured_media":0,"parent":0,"menu_order":0,"comment_status":"closed","ping_status":"closed","template":"","meta":{"footnotes":""},"categories":[],"tags":[],"class_list":["post-154","page","type-page","status-publish","hentry"],"acf":[],"_links":{"self":[{"href":"https:\/\/www.ufsm.br\/projetos\/extensao\/ideas\/wp-json\/wp\/v2\/pages\/154","targetHints":{"allow":["GET"]}}],"collection":[{"href":"https:\/\/www.ufsm.br\/projetos\/extensao\/ideas\/wp-json\/wp\/v2\/pages"}],"about":[{"href":"https:\/\/www.ufsm.br\/projetos\/extensao\/ideas\/wp-json\/wp\/v2\/types\/page"}],"author":[{"embeddable":true,"href":"https:\/\/www.ufsm.br\/projetos\/extensao\/ideas\/wp-json\/wp\/v2\/users\/25"}],"replies":[{"embeddable":true,"href":"https:\/\/www.ufsm.br\/projetos\/extensao\/ideas\/wp-json\/wp\/v2\/comments?post=154"}],"version-history":[{"count":0,"href":"https:\/\/www.ufsm.br\/projetos\/extensao\/ideas\/wp-json\/wp\/v2\/pages\/154\/revisions"}],"wp:attachment":[{"href":"https:\/\/www.ufsm.br\/projetos\/extensao\/ideas\/wp-json\/wp\/v2\/media?parent=154"}],"wp:term":[{"taxonomy":"category","embeddable":true,"href":"https:\/\/www.ufsm.br\/projetos\/extensao\/ideas\/wp-json\/wp\/v2\/categories?post=154"},{"taxonomy":"post_tag","embeddable":true,"href":"https:\/\/www.ufsm.br\/projetos\/extensao\/ideas\/wp-json\/wp\/v2\/tags?post=154"}],"curies":[{"name":"wp","href":"https:\/\/api.w.org\/{rel}","templated":true}]}}