{"id":155,"date":"2019-05-20T13:27:18","date_gmt":"2019-05-20T16:27:18","guid":{"rendered":"https:\/\/www.ufsm.br\/projetos-extensao-ideas\/?page_id=155"},"modified":"2024-10-24T21:10:18","modified_gmt":"2024-10-25T00:10:18","slug":"sobre-o-projeto","status":"publish","type":"page","link":"https:\/\/www.ufsm.br\/projetos\/extensao\/ideas\/sobre-o-projeto","title":{"rendered":"Sobre o Projeto"},"content":{"rendered":"\t\t<div data-elementor-type=\"wp-page\" data-elementor-id=\"155\" class=\"elementor elementor-155\">\n\t\t\t\t\t\t<section class=\"elementor-section elementor-top-section elementor-element elementor-element-df5c202 elementor-section-boxed elementor-section-height-default elementor-section-height-default\" data-id=\"df5c202\" data-element_type=\"section\">\n\t\t\t\t\t\t<div class=\"elementor-container elementor-column-gap-default\">\n\t\t\t\t\t<div class=\"elementor-column elementor-col-100 elementor-top-column elementor-element elementor-element-7876478\" data-id=\"7876478\" data-element_type=\"column\">\n\t\t\t<div class=\"elementor-widget-wrap elementor-element-populated\">\n\t\t\t\t\t\t<div class=\"elementor-element elementor-element-7bfb290 elementor-widget elementor-widget-heading\" data-id=\"7bfb290\" data-element_type=\"widget\" data-widget_type=\"heading.default\">\n\t\t\t\t<div class=\"elementor-widget-container\">\n\t\t\t<h3 class=\"elementor-heading-title elementor-size-default\">Sobre o Projeto IDEAS<\/h3>\t\t<\/div>\n\t\t\t\t<\/div>\n\t\t\t\t\t<\/div>\n\t\t<\/div>\n\t\t\t\t\t<\/div>\n\t\t<\/section>\n\t\t\t\t<section class=\"elementor-section elementor-top-section elementor-element elementor-element-3f7b1e6 elementor-section-boxed elementor-section-height-default elementor-section-height-default\" data-id=\"3f7b1e6\" data-element_type=\"section\">\n\t\t\t\t\t\t<div class=\"elementor-container elementor-column-gap-default\">\n\t\t\t\t\t<div class=\"elementor-column elementor-col-100 elementor-top-column elementor-element elementor-element-f6ea5f6\" data-id=\"f6ea5f6\" data-element_type=\"column\">\n\t\t\t<div class=\"elementor-widget-wrap elementor-element-populated\">\n\t\t\t\t\t\t<div class=\"elementor-element elementor-element-2cd9ce5 elementor-widget elementor-widget-text-editor\" data-id=\"2cd9ce5\" data-element_type=\"widget\" data-widget_type=\"text-editor.default\">\n\t\t\t\t<div class=\"elementor-widget-container\">\n\t\t\t\t\t\t\t<p>O Projeto IDEAS UFSM, uma a\u00e7\u00e3o de extens\u00e3o realizada no Centro de Tecnologia da Universidade Federal de Santa Maria, \u00e9 registrado sob o n\u00famero 057658 no Portal de Projetos. Com o objetivo de fomentar a inova\u00e7\u00e3o aberta, este projeto foi concebido para desenvolver uma plataforma integrativa que capta e gerencia demandas tecnol\u00f3gicas emergentes tanto de Santa Maria e regi\u00e3o quanto dos pr\u00f3prios setores da UFSM.<br \/>Nosso escopo de trabalho envolve a meticulosa prospec\u00e7\u00e3o, an\u00e1lise, categoriza\u00e7\u00e3o e monitoramento de requisitos tecnol\u00f3gicos, bem como o mapeamento das capacidades tecnol\u00f3gicas dispon\u00edveis, dentro e fora da universidade. A metodologia do IDEAS UFSM inclui:<\/p><ul><li>A cria\u00e7\u00e3o de um processo estruturado para identificar e classificar demandas tecnol\u00f3gicas.<\/li><li>A integra\u00e7\u00e3o com disciplinas curriculares de extens\u00e3o que promovem a idealiza\u00e7\u00e3o de projetos.<\/li><li>A colabora\u00e7\u00e3o ativa entre alunos e professores, particularmente os membros do Grupo de Pesquisa GPESC, que s\u00e3o parte vital deste Projeto de Extens\u00e3o.<\/li><\/ul><p>Atualmente em fase piloto, o projeto foca inicialmente em setores tecnol\u00f3gicos, visando a valida\u00e7\u00e3o do modelo operacional e da plataforma. Ap\u00f3s esta etapa, planeja-se expandir o alcance para abarcar uma gama mais ampla de setores.<\/p>\t\t\t\t\t\t<\/div>\n\t\t\t\t<\/div>\n\t\t\t\t\t<\/div>\n\t\t<\/div>\n\t\t\t\t\t<\/div>\n\t\t<\/section>\n\t\t\t\t<section class=\"elementor-section elementor-top-section elementor-element elementor-element-56deb7e elementor-section-boxed elementor-section-height-default elementor-section-height-default\" data-id=\"56deb7e\" data-element_type=\"section\">\n\t\t\t\t\t\t<div class=\"elementor-container elementor-column-gap-default\">\n\t\t\t\t\t<div class=\"elementor-column elementor-col-100 elementor-top-column elementor-element elementor-element-b4dff99\" data-id=\"b4dff99\" data-element_type=\"column\">\n\t\t\t<div class=\"elementor-widget-wrap elementor-element-populated\">\n\t\t\t\t\t\t<div class=\"elementor-element elementor-element-44ccdb3 elementor-widget elementor-widget-text-editor\" data-id=\"44ccdb3\" data-element_type=\"widget\" data-widget_type=\"text-editor.default\">\n\t\t\t\t<div class=\"elementor-widget-container\">\n\t\t\t\t\t\t\t<p>Atrav\u00e9s do IDEAS UFSM, aspiramos criar um ecossistema vibrante onde necessidades se transformam em solu\u00e7\u00f5es inovadoras. Almejamos fortalecer a conex\u00e3o entre a universidade e a comunidade, incentivando a interdisciplinaridade, a extens\u00e3o, o empreendedorismo e a transfer\u00eancia de tecnologia. Este projeto representa n\u00e3o apenas um canal para o desenvolvimento colaborativo, mas tamb\u00e9m uma oportunidade de refor\u00e7ar a percep\u00e7\u00e3o de integra\u00e7\u00e3o e contribui\u00e7\u00e3o rec\u00edproca entre a UFSM e a sociedade.<\/p>\t\t\t\t\t\t<\/div>\n\t\t\t\t<\/div>\n\t\t\t\t\t<\/div>\n\t\t<\/div>\n\t\t\t\t\t<\/div>\n\t\t<\/section>\n\t\t\t\t<section class=\"elementor-section elementor-top-section elementor-element elementor-element-1b351e8 elementor-section-boxed elementor-section-height-default elementor-section-height-default\" data-id=\"1b351e8\" data-element_type=\"section\">\n\t\t\t\t\t\t<div class=\"elementor-container elementor-column-gap-default\">\n\t\t\t\t\t<div class=\"elementor-column elementor-col-100 elementor-top-column elementor-element elementor-element-00d31eb\" data-id=\"00d31eb\" data-element_type=\"column\">\n\t\t\t<div class=\"elementor-widget-wrap elementor-element-populated\">\n\t\t\t\t\t\t<div class=\"elementor-element elementor-element-eb96305 elementor-widget__width-initial elementor-widget elementor-widget-image\" data-id=\"eb96305\" data-element_type=\"widget\" data-widget_type=\"image.default\">\n\t\t\t\t<div class=\"elementor-widget-container\">\n\t\t\t\t\t\t\t\t\t\t\t\t\t<img fetchpriority=\"high\" decoding=\"async\" width=\"1024\" height=\"1024\" src=\"https:\/\/www.ufsm.br\/app\/uploads\/sites\/941\/2024\/09\/logo-ideas2.jpg\" class=\"attachment-large size-large wp-image-174\" alt=\"\" srcset=\"https:\/\/www.ufsm.br\/app\/uploads\/sites\/941\/2024\/09\/logo-ideas2.jpg 1024w, https:\/\/www.ufsm.br\/app\/uploads\/sites\/941\/2024\/09\/logo-ideas2-300x300.jpg 300w, https:\/\/www.ufsm.br\/app\/uploads\/sites\/941\/2024\/09\/logo-ideas2-150x150.jpg 150w, https:\/\/www.ufsm.br\/app\/uploads\/sites\/941\/2024\/09\/logo-ideas2-768x768.jpg 768w\" sizes=\"(max-width: 1024px) 100vw, 1024px\" \/>\t\t\t\t\t\t\t\t\t\t\t\t\t<\/div>\n\t\t\t\t<\/div>\n\t\t\t\t\t<\/div>\n\t\t<\/div>\n\t\t\t\t\t<\/div>\n\t\t<\/section>\n\t\t\t\t<\/div>\n\t\t","protected":false},"excerpt":{"rendered":"<p>Sobre o Projeto IDEAS O Projeto IDEAS UFSM, uma a\u00e7\u00e3o de extens\u00e3o realizada no Centro de Tecnologia da Universidade Federal de Santa Maria, \u00e9 registrado sob o n\u00famero 057658 no Portal de Projetos. Com o objetivo de fomentar a inova\u00e7\u00e3o aberta, este projeto foi concebido para desenvolver uma plataforma integrativa que capta e gerencia demandas [&hellip;]<\/p>\n","protected":false},"author":25,"featured_media":0,"parent":0,"menu_order":0,"comment_status":"closed","ping_status":"closed","template":"","meta":{"footnotes":""},"categories":[],"tags":[],"class_list":["post-155","page","type-page","status-publish","hentry"],"acf":[],"_links":{"self":[{"href":"https:\/\/www.ufsm.br\/projetos\/extensao\/ideas\/wp-json\/wp\/v2\/pages\/155","targetHints":{"allow":["GET"]}}],"collection":[{"href":"https:\/\/www.ufsm.br\/projetos\/extensao\/ideas\/wp-json\/wp\/v2\/pages"}],"about":[{"href":"https:\/\/www.ufsm.br\/projetos\/extensao\/ideas\/wp-json\/wp\/v2\/types\/page"}],"author":[{"embeddable":true,"href":"https:\/\/www.ufsm.br\/projetos\/extensao\/ideas\/wp-json\/wp\/v2\/users\/25"}],"replies":[{"embeddable":true,"href":"https:\/\/www.ufsm.br\/projetos\/extensao\/ideas\/wp-json\/wp\/v2\/comments?post=155"}],"version-history":[{"count":0,"href":"https:\/\/www.ufsm.br\/projetos\/extensao\/ideas\/wp-json\/wp\/v2\/pages\/155\/revisions"}],"wp:attachment":[{"href":"https:\/\/www.ufsm.br\/projetos\/extensao\/ideas\/wp-json\/wp\/v2\/media?parent=155"}],"wp:term":[{"taxonomy":"category","embeddable":true,"href":"https:\/\/www.ufsm.br\/projetos\/extensao\/ideas\/wp-json\/wp\/v2\/categories?post=155"},{"taxonomy":"post_tag","embeddable":true,"href":"https:\/\/www.ufsm.br\/projetos\/extensao\/ideas\/wp-json\/wp\/v2\/tags?post=155"}],"curies":[{"name":"wp","href":"https:\/\/api.w.org\/{rel}","templated":true}]}}