{"id":178,"date":"2024-09-21T17:55:32","date_gmt":"2024-09-21T20:55:32","guid":{"rendered":"https:\/\/www.ufsm.br\/projetos\/extensao\/ideas\/?page_id=178"},"modified":"2024-10-24T21:10:26","modified_gmt":"2024-10-25T00:10:26","slug":"demandas-internas","status":"publish","type":"page","link":"https:\/\/www.ufsm.br\/projetos\/extensao\/ideas\/demandas-internas","title":{"rendered":"Demandas Internas"},"content":{"rendered":"\t\t<div data-elementor-type=\"wp-page\" data-elementor-id=\"178\" class=\"elementor elementor-178\">\n\t\t\t\t\t\t<section class=\"elementor-section elementor-top-section elementor-element elementor-element-352a02bc elementor-section-boxed elementor-section-height-default elementor-section-height-default\" data-id=\"352a02bc\" data-element_type=\"section\">\n\t\t\t\t\t\t<div class=\"elementor-container elementor-column-gap-default\">\n\t\t\t\t\t<div class=\"elementor-column elementor-col-100 elementor-top-column elementor-element elementor-element-229d1848\" data-id=\"229d1848\" data-element_type=\"column\">\n\t\t\t<div class=\"elementor-widget-wrap elementor-element-populated\">\n\t\t\t\t\t\t<div class=\"elementor-element elementor-element-2ab9595 elementor-widget elementor-widget-heading\" data-id=\"2ab9595\" data-element_type=\"widget\" data-widget_type=\"heading.default\">\n\t\t\t\t<div class=\"elementor-widget-container\">\n\t\t\t<h3 class=\"elementor-heading-title elementor-size-default\">Demandas Tecnol\u00f3gicas Internas da UFSM<\/h3>\t\t<\/div>\n\t\t\t\t<\/div>\n\t\t\t\t\t<\/div>\n\t\t<\/div>\n\t\t\t\t\t<\/div>\n\t\t<\/section>\n\t\t\t\t<section class=\"elementor-section elementor-top-section elementor-element elementor-element-c5a9ebf elementor-section-boxed elementor-section-height-default elementor-section-height-default\" data-id=\"c5a9ebf\" data-element_type=\"section\">\n\t\t\t\t\t\t<div class=\"elementor-container elementor-column-gap-default\">\n\t\t\t\t\t<div class=\"elementor-column elementor-col-100 elementor-top-column elementor-element elementor-element-8035fb3\" data-id=\"8035fb3\" data-element_type=\"column\">\n\t\t\t<div class=\"elementor-widget-wrap elementor-element-populated\">\n\t\t\t\t\t\t<div class=\"elementor-element elementor-element-80efa04 elementor-position-left elementor-vertical-align-top elementor-widget elementor-widget-image-box\" data-id=\"80efa04\" data-element_type=\"widget\" data-widget_type=\"image-box.default\">\n\t\t\t\t<div class=\"elementor-widget-container\">\n\t\t\t<div class=\"elementor-image-box-wrapper\"><figure class=\"elementor-image-box-img\"><img decoding=\"async\" src=\"https:\/\/www.ufsm.br\/app\/uploads\/sites\/941\/elementor\/thumbs\/demand-qug4txotqmb4c2nwjtp8ga8j5j77j7hk134fjjvfb4.jpg\" title=\"demand\" alt=\"demand\" loading=\"lazy\" \/><\/figure><div class=\"elementor-image-box-content\"><h3 class=\"elementor-image-box-title\">Integra\u00e7\u00e3o de Tecnologias Sustent\u00e1veis para Melhoria da Sa\u00fade Ambiental<\/h3><p class=\"elementor-image-box-description\">O desafio do Centro de Sa\u00fade para as Engenharias visa elaborar solu\u00e7\u00f5es inovadoras para monitoramento e gest\u00e3o de sa\u00fade ambiental. O foco est\u00e1 na cria\u00e7\u00e3o de sistemas eficientes que integrem dados epidemiol\u00f3gicos e ambientais, fomentando a sa\u00fade coletiva e o bem-estar.<\/p><\/div><\/div>\t\t<\/div>\n\t\t\t\t<\/div>\n\t\t\t\t<div class=\"elementor-element elementor-element-e97b67a elementor-position-left elementor-vertical-align-top elementor-widget elementor-widget-image-box\" data-id=\"e97b67a\" data-element_type=\"widget\" data-widget_type=\"image-box.default\">\n\t\t\t\t<div class=\"elementor-widget-container\">\n\t\t\t<div class=\"elementor-image-box-wrapper\"><figure class=\"elementor-image-box-img\"><img decoding=\"async\" src=\"https:\/\/www.ufsm.br\/app\/uploads\/sites\/941\/elementor\/thumbs\/demand-qug4txotqmb4c2nwjtp8ga8j5j77j7hk134fjjvfb4.jpg\" title=\"demand\" alt=\"demand\" loading=\"lazy\" \/><\/figure><div class=\"elementor-image-box-content\"><h3 class=\"elementor-image-box-title\">Integra\u00e7\u00e3o de Tecnologias Sustent\u00e1veis para Melhoria da Sa\u00fade Ambiental<\/h3><p class=\"elementor-image-box-description\">O desafio do Centro de Sa\u00fade para as Engenharias visa elaborar solu\u00e7\u00f5es inovadoras para monitoramento e gest\u00e3o de sa\u00fade ambiental. O foco est\u00e1 na cria\u00e7\u00e3o de sistemas eficientes que integrem dados epidemiol\u00f3gicos e ambientais, fomentando a sa\u00fade coletiva e o bem-estar.<\/p><\/div><\/div>\t\t<\/div>\n\t\t\t\t<\/div>\n\t\t\t\t<div class=\"elementor-element elementor-element-7bfa97b elementor-position-left elementor-vertical-align-top elementor-widget elementor-widget-image-box\" data-id=\"7bfa97b\" data-element_type=\"widget\" data-widget_type=\"image-box.default\">\n\t\t\t\t<div class=\"elementor-widget-container\">\n\t\t\t<div class=\"elementor-image-box-wrapper\"><figure class=\"elementor-image-box-img\"><img decoding=\"async\" src=\"https:\/\/www.ufsm.br\/app\/uploads\/sites\/941\/elementor\/thumbs\/demand-qug4txotqmb4c2nwjtp8ga8j5j77j7hk134fjjvfb4.jpg\" title=\"demand\" alt=\"demand\" loading=\"lazy\" \/><\/figure><div class=\"elementor-image-box-content\"><h3 class=\"elementor-image-box-title\">Integra\u00e7\u00e3o de Tecnologias Sustent\u00e1veis para Melhoria da Sa\u00fade Ambiental<\/h3><p class=\"elementor-image-box-description\">O desafio do Centro de Sa\u00fade para as Engenharias visa elaborar solu\u00e7\u00f5es inovadoras para monitoramento e gest\u00e3o de sa\u00fade ambiental. O foco est\u00e1 na cria\u00e7\u00e3o de sistemas eficientes que integrem dados epidemiol\u00f3gicos e ambientais, fomentando a sa\u00fade coletiva e o bem-estar.<\/p><\/div><\/div>\t\t<\/div>\n\t\t\t\t<\/div>\n\t\t\t\t\t<\/div>\n\t\t<\/div>\n\t\t\t\t\t<\/div>\n\t\t<\/section>\n\t\t\t\t<\/div>\n\t\t","protected":false},"excerpt":{"rendered":"<p>Demandas Tecnol\u00f3gicas Internas da UFSM Integra\u00e7\u00e3o de Tecnologias Sustent\u00e1veis para Melhoria da Sa\u00fade Ambiental O desafio do Centro de Sa\u00fade para as Engenharias visa elaborar solu\u00e7\u00f5es inovadoras para monitoramento e gest\u00e3o de sa\u00fade ambiental. O foco est\u00e1 na cria\u00e7\u00e3o de sistemas eficientes que integrem dados epidemiol\u00f3gicos e ambientais, fomentando a sa\u00fade coletiva e o bem-estar. [&hellip;]<\/p>\n","protected":false},"author":8318,"featured_media":0,"parent":0,"menu_order":0,"comment_status":"closed","ping_status":"closed","template":"","meta":{"footnotes":""},"categories":[],"tags":[],"class_list":["post-178","page","type-page","status-publish","hentry"],"acf":[],"_links":{"self":[{"href":"https:\/\/www.ufsm.br\/projetos\/extensao\/ideas\/wp-json\/wp\/v2\/pages\/178","targetHints":{"allow":["GET"]}}],"collection":[{"href":"https:\/\/www.ufsm.br\/projetos\/extensao\/ideas\/wp-json\/wp\/v2\/pages"}],"about":[{"href":"https:\/\/www.ufsm.br\/projetos\/extensao\/ideas\/wp-json\/wp\/v2\/types\/page"}],"author":[{"embeddable":true,"href":"https:\/\/www.ufsm.br\/projetos\/extensao\/ideas\/wp-json\/wp\/v2\/users\/8318"}],"replies":[{"embeddable":true,"href":"https:\/\/www.ufsm.br\/projetos\/extensao\/ideas\/wp-json\/wp\/v2\/comments?post=178"}],"version-history":[{"count":0,"href":"https:\/\/www.ufsm.br\/projetos\/extensao\/ideas\/wp-json\/wp\/v2\/pages\/178\/revisions"}],"wp:attachment":[{"href":"https:\/\/www.ufsm.br\/projetos\/extensao\/ideas\/wp-json\/wp\/v2\/media?parent=178"}],"wp:term":[{"taxonomy":"category","embeddable":true,"href":"https:\/\/www.ufsm.br\/projetos\/extensao\/ideas\/wp-json\/wp\/v2\/categories?post=178"},{"taxonomy":"post_tag","embeddable":true,"href":"https:\/\/www.ufsm.br\/projetos\/extensao\/ideas\/wp-json\/wp\/v2\/tags?post=178"}],"curies":[{"name":"wp","href":"https:\/\/api.w.org\/{rel}","templated":true}]}}