{"id":153,"date":"2019-05-20T13:26:41","date_gmt":"2019-05-20T16:26:41","guid":{"rendered":"https:\/\/www.ufsm.br\/projetos-extensao-labeon\/?page_id=153"},"modified":"2023-02-01T10:07:07","modified_gmt":"2023-02-01T13:07:07","slug":"classificacoes","status":"publish","type":"page","link":"https:\/\/www.ufsm.br\/projetos\/extensao\/labeon\/classificacoes","title":{"rendered":"Classifica\u00e7\u00f5es"},"content":{"rendered":"\n<p>\u00a0<\/p>\n<p style=\"text-align: center\"><strong>No projeto LabEOn realizamos atividades de\u00a0 PESQUISA, ENSINO E EXTENS\u00c3O.<\/strong><\/p>\n<p>Para isso, ao longo dos anos, v\u00e1rios projetos foram registrados, buscando incluir alunos de gradua\u00e7\u00e3o, p\u00f3s-gradua\u00e7\u00e3o, pesquisadores e professores externos.\u00a0 Sintetizamos na tabela os registros desses projetos.\u00a0<\/p>\n<table style=\"height: 127px;width: 100.468%;border-collapse: collapse;border-style: dotted;background-color: #e1ebf7\" border=\"1\">\n<tbody>\n<tr style=\"height: 26px\">\n<td style=\"width: 25%;height: 26px\">\u00a0<\/td>\n<td style=\"width: 75.5733%;height: 26px;text-align: center\" colspan=\"3\"><strong>Per\u00edodos\/Vers\u00f5es do Projeto<\/strong><\/td>\n<\/tr>\n<tr style=\"height: 23px\">\n<td style=\"width: 25%;height: 23px\">\u00a0<\/td>\n<td style=\"width: 25%;text-align: center;height: 23px\"><strong>2012-2017<\/strong><\/td>\n<td style=\"width: 25%;text-align: center;height: 23px\">\n<div class=\"row\">\n<div class=\"span12\"><strong><span id=\"OutFieldTag_WgMu3VdP4GGrVM11\" class=\"\" aria-labelledby=\"OutFieldTag_WgMu3VdP4GGrVM11_label\">2018-2023<\/span><\/strong><\/div>\n<\/div>\n<\/td>\n<td style=\"width: 25.5733%;text-align: center;height: 23px\">\n<div class=\"row\">\n<div class=\"span6\">\n<div class=\"row\">\n<div class=\"span12\"><strong><span id=\"OutFieldTag_mN5gdc9R6fRaH36U\" class=\"\" aria-labelledby=\"OutFieldTag_mN5gdc9R6fRaH36U_label\">2020-2025<\/span><\/strong><\/div>\n<\/div>\n<\/div>\n<\/div>\n<\/td>\n<\/tr>\n<tr style=\"height: 26px\">\n<td style=\"width: 25%;height: 26px;text-align: left\">EXTENS\u00c3O\u00a0\u00a0<\/td>\n<td style=\"width: 25%;height: 26px\">\n<div class=\"row\" style=\"text-align: center\">\n<div class=\"span12\"><span id=\"OutFieldTag_uGRxU3FOGPE0EE4d\" class=\"\" aria-labelledby=\"OutFieldTag_uGRxU3FOGPE0EE4d_label\">Laborat\u00f3rio virtual de Ensino e Aprendizagem de L\u00ednguas Online &#8211; LabEon<\/span><\/div>\n<\/div>\n<div class=\"row\">\n<div class=\"span6\" style=\"text-align: center\"><span id=\"OutFieldTag_CcVMHkpLC8iBEKUX_label\" class=\"label\">N\u00famero do projeto<\/span><br \/><span id=\"OutFieldTag_CcVMHkpLC8iBEKUX\" class=\"\" aria-labelledby=\"OutFieldTag_CcVMHkpLC8iBEKUX_label\">031720<\/span><\/div>\n<\/div>\n<\/td>\n<td style=\"width: 25%;height: 26px;text-align: center\">\n<div class=\"row\">\n<div class=\"span12\"><a href=\"https:\/\/portal.ufsm.br\/projetos\/gerente\/projeto\/view.html?idProjeto=59825\"><span id=\"OutFieldTag_WgMu3VdP4GGrVM11\" class=\"\" aria-labelledby=\"OutFieldTag_WgMu3VdP4GGrVM11_label\">LabEOn: Ensino de L\u00ednguas a dist\u00e2ncia via Extens\u00e3o Universit\u00e1ria<\/span><\/a><\/div>\n<div>\u00a0<\/div>\n<\/div>\n<div class=\"row\">\n<div class=\"span6\"><span id=\"OutFieldTag_dOm0QQz6qcIqdpXX_label\" class=\"label\">N\u00famero do projeto<\/span><br \/><span id=\"OutFieldTag_dOm0QQz6qcIqdpXX\" class=\"\" aria-labelledby=\"OutFieldTag_dOm0QQz6qcIqdpXX_label\">048386<\/span><\/div>\n<\/div>\n<\/td>\n<td style=\"width: 25.5733%;height: 26px;text-align: center\">\n<div class=\"row\">\u00a0<\/div>\n<div class=\"row\">\n<div class=\"span6\">\n<div class=\"row\">\n<div class=\"span12\"><span id=\"OutFieldTag_mN5gdc9R6fRaH36U\" class=\"\" aria-labelledby=\"OutFieldTag_mN5gdc9R6fRaH36U_label\">LabEON:Cursos de Extens\u00e3o_online<\/span><\/div>\n<div>\u00a0<\/div>\n<\/div>\n<div class=\"row\">\n<div class=\"span6\"><span id=\"OutFieldTag_ixXoAbrIsBvcvT6Q_label\" class=\"label\">N\u00famero do projeto<\/span><br \/><span id=\"OutFieldTag_ixXoAbrIsBvcvT6Q\" class=\"\" aria-labelledby=\"OutFieldTag_ixXoAbrIsBvcvT6Q_label\">054682<\/span><\/div>\n<\/div>\n<\/div>\n<\/div>\n<\/td>\n<\/tr>\n<tr style=\"height: 26px\">\n<td style=\"width: 25%;height: 26px\">ENSINO<\/td>\n<td style=\"width: 25%;height: 26px\"><a href=\"http:\/\/Laborat\u00f3rio virtual de Ensino e Aprendizagem de L\u00ednguas Online (LabEon): pesquisa, ensino e extens\u00e3o N\u00famero do projeto 047588\" data-wplink-url-error=\"true\">1\u00ba Registro\u00a0<\/a><\/td>\n<td style=\"width: 25%;text-align: center;height: 26px\">\u00a0<\/td>\n<td style=\"width: 25.5733%;height: 26px\">\u00a0<\/td>\n<\/tr>\n<tr style=\"height: 26px\">\n<td style=\"width: 25%;height: 26px\">PESQUISA\u00a0<\/td>\n<td style=\"width: 25%;height: 26px\">\u00a0<\/td>\n<td style=\"width: 25%;text-align: center;height: 26px\"><a href=\"https:\/\/www.ufsm.br\/app\/uploads\/sites\/483\/2020\/09\/pesquisasrealizadas.pdf\">Pesquisas realizadas em Parceria com o GRPesq\/CNPQ NUPEAD<\/a><\/td>\n<td style=\"width: 25.5733%;height: 26px\">\u00a0<\/td>\n<\/tr>\n<\/tbody>\n<\/table>\n<p>\u00a0<\/p>\n","protected":false},"excerpt":{"rendered":"<p>\u00a0 No projeto LabEOn realizamos atividades de\u00a0 PESQUISA, ENSINO E EXTENS\u00c3O. Para isso, ao longo dos anos, v\u00e1rios projetos foram registrados, buscando incluir alunos de gradua\u00e7\u00e3o, p\u00f3s-gradua\u00e7\u00e3o, pesquisadores e professores externos.\u00a0 Sintetizamos na tabela os registros desses projetos.\u00a0 \u00a0 Per\u00edodos\/Vers\u00f5es do Projeto \u00a0 2012-2017 2018-2023 2020-2025 EXTENS\u00c3O\u00a0\u00a0 Laborat\u00f3rio virtual de Ensino e Aprendizagem de L\u00ednguas [&hellip;]<\/p>\n","protected":false},"author":25,"featured_media":0,"parent":0,"menu_order":0,"comment_status":"closed","ping_status":"closed","template":"","meta":{"footnotes":""},"categories":[],"tags":[],"class_list":["post-153","page","type-page","status-publish","hentry"],"acf":[],"_links":{"self":[{"href":"https:\/\/www.ufsm.br\/projetos\/extensao\/labeon\/wp-json\/wp\/v2\/pages\/153","targetHints":{"allow":["GET"]}}],"collection":[{"href":"https:\/\/www.ufsm.br\/projetos\/extensao\/labeon\/wp-json\/wp\/v2\/pages"}],"about":[{"href":"https:\/\/www.ufsm.br\/projetos\/extensao\/labeon\/wp-json\/wp\/v2\/types\/page"}],"author":[{"embeddable":true,"href":"https:\/\/www.ufsm.br\/projetos\/extensao\/labeon\/wp-json\/wp\/v2\/users\/25"}],"replies":[{"embeddable":true,"href":"https:\/\/www.ufsm.br\/projetos\/extensao\/labeon\/wp-json\/wp\/v2\/comments?post=153"}],"version-history":[{"count":0,"href":"https:\/\/www.ufsm.br\/projetos\/extensao\/labeon\/wp-json\/wp\/v2\/pages\/153\/revisions"}],"wp:attachment":[{"href":"https:\/\/www.ufsm.br\/projetos\/extensao\/labeon\/wp-json\/wp\/v2\/media?parent=153"}],"wp:term":[{"taxonomy":"category","embeddable":true,"href":"https:\/\/www.ufsm.br\/projetos\/extensao\/labeon\/wp-json\/wp\/v2\/categories?post=153"},{"taxonomy":"post_tag","embeddable":true,"href":"https:\/\/www.ufsm.br\/projetos\/extensao\/labeon\/wp-json\/wp\/v2\/tags?post=153"}],"curies":[{"name":"wp","href":"https:\/\/api.w.org\/{rel}","templated":true}]}}