{"id":280,"date":"2022-11-28T09:35:34","date_gmt":"2022-11-28T12:35:34","guid":{"rendered":"https:\/\/www.ufsm.br\/projetos\/extensao\/labeon\/?page_id=280"},"modified":"2024-07-29T20:08:19","modified_gmt":"2024-07-29T23:08:19","slug":"informacoes-gerais","status":"publish","type":"page","link":"https:\/\/www.ufsm.br\/projetos\/extensao\/labeon\/informacoes-gerais","title":{"rendered":"Sobre"},"content":{"rendered":"\n<p><strong>Data de registro do Projeto:<\/strong>\u00a027 de Mar\u00e7o de 2012<\/p>\n<p><strong>Primeiro titulo do Projeto registrado:<\/strong> Laborat\u00f3rio Virtual de Ensino e Aprendizagem de L\u00ednguas Online \u2013 LabEon<\/p>\n<div class=\"row\">\n<div class=\"span6\"><strong><span id=\"OutFieldTag_kRlybnUuv0MvtzSL_label\" class=\"label\">N\u00famero do projeto:\u00a0\u00a0<\/span><\/strong><span id=\"OutFieldTag_kRlybnUuv0MvtzSL\" class=\"\" aria-labelledby=\"OutFieldTag_kRlybnUuv0MvtzSL_label\">031720<\/span><\/div>\n<\/div>\n<p><strong>Idealizadora e coordena\u00e7\u00e3o:<\/strong>\u00a0Prof. Dra. Susana Cristina dos REIS<\/p>\n<p><strong>Grupo de Pesquisa vinculado:<\/strong>\u00a0GRPESQ\/CNPq NUPEAD\u00a0<\/p>\n<p>O projeto\u00a0<b>LabEOn: Ensino de L\u00ednguas a dist\u00e2ncia via Extens\u00e3o Universit\u00e1ria<\/b>\u00a0possui sua classifica\u00e7\u00e3o principal como\u00a0<b>Extens\u00e3o<\/b>, sendo sua dura\u00e7\u00e3o de\u00a0<b>01\/02\/2018<\/b>\u00a0at\u00e9\u00a0<b>31\/12\/2023<\/b>. Ele est\u00e1 registrado pelo processo de n\u00famero\u00a0<b>23081.010592\/2018-58<\/b>. Atualmente ele est\u00e1 em\u00a0<b>em andamento<\/b>.<\/p>\n<p><b>Palavras-chave:<\/b>\u00a0ensino a dist\u00e2ncia, l\u00ednguas estrangeiras, multiletramentos, extens\u00e3o<\/p>\n<p><a href=\"https:\/\/portal.ufsm.br\/projetos\/publico\/projetos\/view.html?idProjeto=59825\" target=\"_blank\" rel=\"noopener\"><i class=\"fa fa-external-link me-1\" aria-hidden=\"true\"><\/i>\u00a0Ver mais informa\u00e7\u00f5es no Portal de Projetos<\/a><\/p>\n<p>\u00a0<\/p>\n","protected":false},"excerpt":{"rendered":"<p>Data de registro do Projeto:\u00a027 de Mar\u00e7o de 2012 Primeiro titulo do Projeto registrado: Laborat\u00f3rio Virtual de Ensino e Aprendizagem de L\u00ednguas Online \u2013 LabEon N\u00famero do projeto:\u00a0\u00a0031720 Idealizadora e coordena\u00e7\u00e3o:\u00a0Prof. Dra. Susana Cristina dos REIS Grupo de Pesquisa vinculado:\u00a0GRPESQ\/CNPq NUPEAD\u00a0 O projeto\u00a0LabEOn: Ensino de L\u00ednguas a dist\u00e2ncia via Extens\u00e3o Universit\u00e1ria\u00a0possui sua classifica\u00e7\u00e3o principal como\u00a0Extens\u00e3o, [&hellip;]<\/p>\n","protected":false},"author":5525,"featured_media":0,"parent":0,"menu_order":0,"comment_status":"closed","ping_status":"closed","template":"","meta":{"footnotes":""},"categories":[],"tags":[],"class_list":["post-280","page","type-page","status-publish","hentry"],"acf":[],"_links":{"self":[{"href":"https:\/\/www.ufsm.br\/projetos\/extensao\/labeon\/wp-json\/wp\/v2\/pages\/280","targetHints":{"allow":["GET"]}}],"collection":[{"href":"https:\/\/www.ufsm.br\/projetos\/extensao\/labeon\/wp-json\/wp\/v2\/pages"}],"about":[{"href":"https:\/\/www.ufsm.br\/projetos\/extensao\/labeon\/wp-json\/wp\/v2\/types\/page"}],"author":[{"embeddable":true,"href":"https:\/\/www.ufsm.br\/projetos\/extensao\/labeon\/wp-json\/wp\/v2\/users\/5525"}],"replies":[{"embeddable":true,"href":"https:\/\/www.ufsm.br\/projetos\/extensao\/labeon\/wp-json\/wp\/v2\/comments?post=280"}],"version-history":[{"count":0,"href":"https:\/\/www.ufsm.br\/projetos\/extensao\/labeon\/wp-json\/wp\/v2\/pages\/280\/revisions"}],"wp:attachment":[{"href":"https:\/\/www.ufsm.br\/projetos\/extensao\/labeon\/wp-json\/wp\/v2\/media?parent=280"}],"wp:term":[{"taxonomy":"category","embeddable":true,"href":"https:\/\/www.ufsm.br\/projetos\/extensao\/labeon\/wp-json\/wp\/v2\/categories?post=280"},{"taxonomy":"post_tag","embeddable":true,"href":"https:\/\/www.ufsm.br\/projetos\/extensao\/labeon\/wp-json\/wp\/v2\/tags?post=280"}],"curies":[{"name":"wp","href":"https:\/\/api.w.org\/{rel}","templated":true}]}}