{"id":29,"date":"2018-01-18T09:10:07","date_gmt":"2018-01-18T11:10:07","guid":{"rendered":"https:\/\/www.ufsm.br\/cursos\/graduacao\/nutricao\/12352\/?page_id=29"},"modified":"2023-02-01T09:43:04","modified_gmt":"2023-02-01T12:43:04","slug":"contato","status":"publish","type":"page","link":"https:\/\/www.ufsm.br\/projetos\/extensao\/labeon\/contato","title":{"rendered":"Contato"},"content":{"rendered":"\n<p style=\"text-align: center\">Voc\u00ea est\u00e1&nbsp; interessado em cursos de L\u00ednguas na modalidade h\u00edbrida ou EAD?&nbsp;<\/p>\n<p style=\"text-align: center\">Entre em contato conosco!<\/p>\n\n\n<p style=\"text-align: center\"><strong>e-mail:<\/strong> labeon@ufsm.br<\/p>\n<p style=\"text-align: center\"><strong>Instagram:<\/strong> @labeon.ufsm<\/p>\n<p style=\"text-align: center\"><strong>Facebook:<\/strong> @labeon.nupead&nbsp;<\/p>\n\n","protected":false},"excerpt":{"rendered":"<p>Voc\u00ea est\u00e1&nbsp; interessado em cursos de L\u00ednguas na modalidade h\u00edbrida ou EAD?&nbsp; Entre em contato conosco! e-mail: labeon@ufsm.br Instagram: @labeon.ufsm Facebook: @labeon.nupead&nbsp;<\/p>\n","protected":false},"author":8,"featured_media":0,"parent":0,"menu_order":0,"comment_status":"closed","ping_status":"closed","template":"","meta":{"footnotes":""},"categories":[],"tags":[],"class_list":["post-29","page","type-page","status-publish","hentry"],"acf":[],"_links":{"self":[{"href":"https:\/\/www.ufsm.br\/projetos\/extensao\/labeon\/wp-json\/wp\/v2\/pages\/29","targetHints":{"allow":["GET"]}}],"collection":[{"href":"https:\/\/www.ufsm.br\/projetos\/extensao\/labeon\/wp-json\/wp\/v2\/pages"}],"about":[{"href":"https:\/\/www.ufsm.br\/projetos\/extensao\/labeon\/wp-json\/wp\/v2\/types\/page"}],"author":[{"embeddable":true,"href":"https:\/\/www.ufsm.br\/projetos\/extensao\/labeon\/wp-json\/wp\/v2\/users\/8"}],"replies":[{"embeddable":true,"href":"https:\/\/www.ufsm.br\/projetos\/extensao\/labeon\/wp-json\/wp\/v2\/comments?post=29"}],"version-history":[{"count":0,"href":"https:\/\/www.ufsm.br\/projetos\/extensao\/labeon\/wp-json\/wp\/v2\/pages\/29\/revisions"}],"wp:attachment":[{"href":"https:\/\/www.ufsm.br\/projetos\/extensao\/labeon\/wp-json\/wp\/v2\/media?parent=29"}],"wp:term":[{"taxonomy":"category","embeddable":true,"href":"https:\/\/www.ufsm.br\/projetos\/extensao\/labeon\/wp-json\/wp\/v2\/categories?post=29"},{"taxonomy":"post_tag","embeddable":true,"href":"https:\/\/www.ufsm.br\/projetos\/extensao\/labeon\/wp-json\/wp\/v2\/tags?post=29"}],"curies":[{"name":"wp","href":"https:\/\/api.w.org\/{rel}","templated":true}]}}