{"id":300,"date":"2023-02-01T10:21:33","date_gmt":"2023-02-01T13:21:33","guid":{"rendered":"https:\/\/www.ufsm.br\/projetos\/extensao\/labeon\/?page_id=300"},"modified":"2023-02-01T11:20:11","modified_gmt":"2023-02-01T14:20:11","slug":"metas-fien","status":"publish","type":"page","link":"https:\/\/www.ufsm.br\/projetos\/extensao\/labeon\/metas-fien","title":{"rendered":"Metas FIEN"},"content":{"rendered":"\n<p><b>FIEN 2022\u00a0 &#8211; Projeto de Ensino do LabEON visando a inser\u00e7\u00e3o do acad\u00eamico do curso de Letras Ingl\u00eas na pr\u00e1tica de ensino on-line<\/b><\/p>\n<p>\u00a0<\/p>\n<p><span style=\"font-weight: 400\">A investiga\u00e7\u00e3o dos processos de ensino e aprendizagem de l\u00ednguas estrangeiras na modalidade a dist\u00e2ncia ainda \u00e9 um tema que precisa ser aprofundado, pois com a pandemia do covid 19 tivemos um uso intenso de tecnologias para mediar as atividades de ensino nas institui\u00e7\u00f5es de ensino superior no Brasil, por meio do ensino remoto, no entanto, o ensino de l\u00ednguas na modalidade EAD \u00e9 ainda alvo de investiga\u00e7\u00e3o, principalmente porque o ensino nessa modalidade requer sistematicidade, organiza\u00e7\u00e3o da pr\u00e1tica e dos materiais que ser\u00e3o explorados no ensino(REIS, 2010; 2017a; 2017b; 2021). Tendo em vista aprofundar conhecimento sobre esse tema, neste projeto investigo os processos de ensino e de aprendizagem de l\u00ednguas adicionais\/estrangeiras por meio do laborat\u00f3rio<\/span><\/p>\n<p><span style=\"font-weight: 400\">virtual de ensino de l\u00ednguas online\u2013 LabEOn \u2013 que ser\u00e1 utilizado como objeto para as pr\u00e1ticas de ensino, mas tamb\u00e9m como ambiente de coleta de dados.Esse projeto j\u00e1 acontece desde 2013 na UFSM (Reis et al, 2013), dando foco na implementa\u00e7\u00e3o de a\u00e7\u00f5es de pesquisa, ensino e extens\u00e3o por meio do projeto LabEOn. No espa\u00e7o f\u00edsico do<\/span><\/p>\n<p><span style=\"font-weight: 400\">Laborat\u00f3rio buscamos utilizar tecnologias digitais livres para promover a aprendizagem de l\u00edngua inglesa na modalidade h\u00edbrida e EAD. Os participantes que se envolvem neste projeto, principalmente nas a\u00e7\u00f5es de ensino s\u00e3o os alunos de gradua\u00e7\u00e3o e p\u00f3s-gradua\u00e7\u00e3o que atuam como tutores mediadores de ensino na modalidade EAD.<\/span><\/p>\n<p><span style=\"font-weight: 400\">Como receptores desse ensino por meio de cursos online ofertados de modo remoto e EAD (REIS et al, 2021), temos participantes provenientes de diferentes n\u00edveis escolares, por exemplo, alunos de escolas nos \u00faltimos anos do ensino fundamental, ensino m\u00e9dio, tecnol\u00f3gico e superior. Desde 2020, buscamos nos aproximar de escolas da rede<\/span><\/p>\n<p><span style=\"font-weight: 400\">p\u00fablica municipal e estadual para oferta de cursos na modalidade EAD, visando contribuir para forma\u00e7\u00e3o do aluno de Letras, com rela\u00e7\u00e3o ao uso de tecnologias no ensino, a inclus\u00e3o digital e social, bem como fomentar o di\u00e1logo entre as pr\u00e1ticas de ensino na universidade e a sociedade por meio de promo\u00e7\u00e3o de a\u00e7\u00f5es de ensino e extens\u00e3o.\u00a0<\/span><\/p>\n<p><span style=\"font-weight: 400\">Nos cursos de letras \u00e9 not\u00e1vel o alto \u00edndice de evas\u00e3o, em vista disso, promover projetos como o do LabEOn e incentivar a participa\u00e7\u00e3o dos alunos em projetos desse portal, poder\u00e1 contribuir para reduzir a evas\u00e3o do aluno de letras, bem como melhorar para elevar os \u00edndices de qualidade do curso, por meio de a\u00e7\u00f5es que qualifiquem a forma\u00e7\u00e3o de<\/span><\/p>\n<p><span style=\"font-weight: 400\">professores em pr\u00e9-servi\u00e7o para futura atua\u00e7\u00e3o em contextos de ensino a dist\u00e2ncia, bem como contribuindo para o letramento digital desses participantes na produ\u00e7\u00e3o e distribui\u00e7\u00e3o de atividades de l\u00ednguas na modalidade a dist\u00e2ncia. Como resultados espera-se al\u00e9m de fomentar a pr\u00e1tica de ensino a dist\u00e2ncia de l\u00ednguas, contribuir para a elabora\u00e7\u00e3o de materiais did\u00e1ticos digitais por meio do ambiente virtual do LabEon, na constru\u00e7\u00e3o de MDD no formato de curso online, ao fazer testagem de propostas de artefatos digitais e atividades de l\u00edngua inglesa por meio de ambientes virtuais de aprendizagem, com a inten\u00e7\u00e3o de gerar conhecimento te\u00f3rico quanto \u00e0 forma\u00e7\u00e3o de professores de l\u00ednguas para a modalidade a dist\u00e2ncia.<\/span><\/p>\n<p><span style=\"font-weight: 400\">OBJETIVOS E METAS:<\/span><\/p>\n<p>\u00a0<\/p>\n<p><span style=\"font-weight: 400\">Promover a\u00e7\u00f5es de ensino e de aprendizagem por meio do laborat\u00f3rio LabEOn, por meio do uso de artefatos digitais no formato de cursos online ou materiais did\u00e1ticos digitais que fomentem a aprendizagem na modalidade a dist\u00e2ncia.<\/span><\/p>\n<p>\u00a0<\/p>\n<p><span style=\"font-weight: 400\">Para isso, temos planejados algumas a\u00e7\u00f5es\/objetivos para continuidade do projeto, as quais est\u00e3o descritas abaixo:<\/span><\/p>\n<p>\u00a0<\/p>\n<p><\/p>\n<table style=\"width: 100%;height: 803px\">\n<tbody>\n<tr style=\"height: 79px\">\n<td style=\"width: 44.0308%;height: 79px\">\n<h2>Meta<\/h2>\n<\/td>\n<td style=\"width: 55.584%;height: 79px\">\n<h2>A\u00e7\u00e3o<\/h2>\n<\/td>\n<\/tr>\n<tr style=\"height: 586px\">\n<td style=\"width: 44.0308%;height: 586px\">\n<ul>\n<li style=\"font-weight: 400\"><span style=\"font-weight: 400\">Participar de reuni\u00f5es com orientador para planejamento das aulas a serem ofertadas\u00a0<\/span><\/li>\n<li style=\"font-weight: 400\"><span style=\"font-weight: 400\">Leitura e Discuss\u00e3o te\u00f3rica sobre forma\u00e7\u00e3o de professores de l\u00ednguas para o ensino em EAD\u00a0<\/span><\/li>\n<li style=\"font-weight: 400\"><span style=\"font-weight: 400\">Oportunizar pr\u00e1ticas de ensino por meio da oferta de cursos de extens\u00e3o junto \u00e0 comunidade acad\u00eamica e local\u00a0<\/span><\/li>\n<li style=\"font-weight: 400\"><span style=\"font-weight: 400\">Realizar redesign das atividades do curso, se necess\u00e1rio<\/span><\/li>\n<li style=\"font-weight: 400\"><span style=\"font-weight: 400\">Testar novos m\u00f3dulos de cursos de l\u00ednguas a serem ofertados\u00a0<\/span><\/li>\n<li style=\"font-weight: 400\"><span style=\"font-weight: 400\">Auxiliar a coordenadora do projeto, na aplica\u00e7\u00e3o de question\u00e1rios diagn\u00f3stico e de avalia\u00e7\u00e3o\u00a0<\/span><\/li>\n<li style=\"font-weight: 400\"><span style=\"font-weight: 400\">Sistematizar os dados obtidos por meio da aplica\u00e7\u00e3o dos cursos\u00a0<\/span><\/li>\n<li style=\"font-weight: 400\"><span style=\"font-weight: 400\">\u00a0Participar de eventos cient\u00edficos;<\/span><\/li>\n<li style=\"font-weight: 400\"><span style=\"font-weight: 400\">Escrever relat\u00f3rio parcial e final sobre as a\u00e7\u00f5es de extens\u00e3o;\u00a0<\/span><\/li>\n<li style=\"font-weight: 400\"><span style=\"font-weight: 400\">Escrever artigos para submeter \u00e0 publica\u00e7\u00e3o<\/span><\/li>\n<\/ul>\n<\/td>\n<td style=\"width: 55.584%;height: 586px\">\n<ul>\n<li><span style=\"font-weight: 400\"> Ministrar cursos de L\u00edngua Inglesa, na modalidade a dist\u00e2ncia, ofertando cursos gratuitos em n\u00edvel b\u00e1sico 1 e 2;<\/span><\/li>\n<li><span style=\"font-weight: 400\"> Dar continuidade a pesquisa sobre produ\u00e7\u00e3o de cursos online e material did\u00e1tico digital (MDD) em outras l\u00ednguas, por exemplo, cursos de l\u00ednguas de espanhol e cursos de ingl\u00eas para crian\u00e7as na faixa de 10 a 12 anos.<\/span><\/li>\n<li><span style=\"font-weight: 400\"> Avaliar as experi\u00eancias de ensino por meio de question\u00e1rios (de diagn\u00f3stico e de avalia\u00e7\u00e3o do curso)<\/span><\/li>\n<\/ul>\n<p><span style=\"font-weight: 400\">aplicado esses instrumentos junto aos participantes envolvidos nos cursos ministrados;<\/span><\/p>\n<ul>\n<li><span style=\"font-weight: 400\"> Escrever artigos e relat\u00f3rios de pesquisa sobre a experi\u00eancia realizada com o ensino de ingl\u00eas b\u00e1sico a dist\u00e2ncia;<\/span><\/li>\n<\/ul>\n<\/td>\n<\/tr>\n<\/tbody>\n<\/table>\n<p>\u00a0<\/p>\n<p><\/p>\n","protected":false},"excerpt":{"rendered":"","protected":false},"author":5525,"featured_media":0,"parent":0,"menu_order":0,"comment_status":"closed","ping_status":"closed","template":"","meta":{"footnotes":""},"categories":[9,2,1],"tags":[],"class_list":["post-300","page","type-page","status-publish","hentry","category-destaques","category-noticias","category-sem-categoria"],"acf":[],"_links":{"self":[{"href":"https:\/\/www.ufsm.br\/projetos\/extensao\/labeon\/wp-json\/wp\/v2\/pages\/300","targetHints":{"allow":["GET"]}}],"collection":[{"href":"https:\/\/www.ufsm.br\/projetos\/extensao\/labeon\/wp-json\/wp\/v2\/pages"}],"about":[{"href":"https:\/\/www.ufsm.br\/projetos\/extensao\/labeon\/wp-json\/wp\/v2\/types\/page"}],"author":[{"embeddable":true,"href":"https:\/\/www.ufsm.br\/projetos\/extensao\/labeon\/wp-json\/wp\/v2\/users\/5525"}],"replies":[{"embeddable":true,"href":"https:\/\/www.ufsm.br\/projetos\/extensao\/labeon\/wp-json\/wp\/v2\/comments?post=300"}],"version-history":[{"count":0,"href":"https:\/\/www.ufsm.br\/projetos\/extensao\/labeon\/wp-json\/wp\/v2\/pages\/300\/revisions"}],"wp:attachment":[{"href":"https:\/\/www.ufsm.br\/projetos\/extensao\/labeon\/wp-json\/wp\/v2\/media?parent=300"}],"wp:term":[{"taxonomy":"category","embeddable":true,"href":"https:\/\/www.ufsm.br\/projetos\/extensao\/labeon\/wp-json\/wp\/v2\/categories?post=300"},{"taxonomy":"post_tag","embeddable":true,"href":"https:\/\/www.ufsm.br\/projetos\/extensao\/labeon\/wp-json\/wp\/v2\/tags?post=300"}],"curies":[{"name":"wp","href":"https:\/\/api.w.org\/{rel}","templated":true}]}}