{"id":153,"date":"2019-05-20T13:26:41","date_gmt":"2019-05-20T16:26:41","guid":{"rendered":"https:\/\/www.ufsm.br\/projetos\/extensao\/musica\/?page_id=153"},"modified":"2020-01-03T10:51:31","modified_gmt":"2020-01-03T13:51:31","slug":"classificacoes","status":"publish","type":"page","link":"https:\/\/www.ufsm.br\/projetos\/extensao\/musica\/classificacoes","title":{"rendered":"Oficinas"},"content":{"rendered":"\n<ul>\n<li>Clarineta<\/li>\n<li>Fagote<\/li>\n<li>Flauta Doce<\/li>\n<li>Flauta Transversa<\/li>\n<li>Trompete<\/li>\n<li>Violino<\/li>\n<li>Violoncelo<\/li>\n<li>Contrabaixo El\u00e9trico<\/li>\n<li>Viol\u00e3o<\/li>\n<li>Guitarra<\/li>\n<li>Piano\u00a0e Teclado<\/li>\n<li>Canto e Grupo Vocal (Coral)<\/li>\n<li>Percuss\u00e3o<\/li>\n<li>Musicaliza\u00e7\u00e3o Infantil (de 2 a 5 anos)<\/li>\n<li>Teoria e Percep\u00e7\u00e3o Musical\u00a0Infantil<\/li>\n<li>Teoria e Percep\u00e7\u00e3o Musical<\/li>\n<li>Oficina Preparat\u00f3ria para o Teste de Conhecimento Espec\u00edfico em M\u00fasica da UFSM\u00a0 (Obs: Inclui aula de teoria e percep\u00e7\u00e3o musical, t\u00e9cnica vocal e\u00a0um instrumento \u00e0 escolha do aluno).<\/li>\n<\/ul>\n","protected":false},"excerpt":{"rendered":"<p>Clarineta Fagote Flauta Doce Flauta Transversa Trompete Violino Violoncelo Contrabaixo El\u00e9trico Viol\u00e3o Guitarra Piano\u00a0e Teclado Canto e Grupo Vocal (Coral) Percuss\u00e3o Musicaliza\u00e7\u00e3o Infantil (de 2 a 5 anos) Teoria e Percep\u00e7\u00e3o Musical\u00a0Infantil Teoria e Percep\u00e7\u00e3o Musical Oficina Preparat\u00f3ria para o Teste de Conhecimento Espec\u00edfico em M\u00fasica da UFSM\u00a0 (Obs: Inclui aula de teoria e percep\u00e7\u00e3o [&hellip;]<\/p>\n","protected":false},"author":25,"featured_media":0,"parent":0,"menu_order":0,"comment_status":"closed","ping_status":"closed","template":"","meta":{"footnotes":""},"categories":[],"tags":[],"class_list":["post-153","page","type-page","status-publish","hentry"],"acf":[],"_links":{"self":[{"href":"https:\/\/www.ufsm.br\/projetos\/extensao\/musica\/wp-json\/wp\/v2\/pages\/153","targetHints":{"allow":["GET"]}}],"collection":[{"href":"https:\/\/www.ufsm.br\/projetos\/extensao\/musica\/wp-json\/wp\/v2\/pages"}],"about":[{"href":"https:\/\/www.ufsm.br\/projetos\/extensao\/musica\/wp-json\/wp\/v2\/types\/page"}],"author":[{"embeddable":true,"href":"https:\/\/www.ufsm.br\/projetos\/extensao\/musica\/wp-json\/wp\/v2\/users\/25"}],"replies":[{"embeddable":true,"href":"https:\/\/www.ufsm.br\/projetos\/extensao\/musica\/wp-json\/wp\/v2\/comments?post=153"}],"version-history":[{"count":0,"href":"https:\/\/www.ufsm.br\/projetos\/extensao\/musica\/wp-json\/wp\/v2\/pages\/153\/revisions"}],"wp:attachment":[{"href":"https:\/\/www.ufsm.br\/projetos\/extensao\/musica\/wp-json\/wp\/v2\/media?parent=153"}],"wp:term":[{"taxonomy":"category","embeddable":true,"href":"https:\/\/www.ufsm.br\/projetos\/extensao\/musica\/wp-json\/wp\/v2\/categories?post=153"},{"taxonomy":"post_tag","embeddable":true,"href":"https:\/\/www.ufsm.br\/projetos\/extensao\/musica\/wp-json\/wp\/v2\/tags?post=153"}],"curies":[{"name":"wp","href":"https:\/\/api.w.org\/{rel}","templated":true}]}}