{"id":155,"date":"2019-05-20T13:27:18","date_gmt":"2019-05-20T16:27:18","guid":{"rendered":"https:\/\/www.ufsm.br\/projetos\/extensao\/musica\/?page_id=155"},"modified":"2020-01-03T10:52:36","modified_gmt":"2020-01-03T13:52:36","slug":"matriculas","status":"publish","type":"page","link":"https:\/\/www.ufsm.br\/projetos\/extensao\/musica\/matriculas","title":{"rendered":"Matr\u00edculas"},"content":{"rendered":"\n<p>O<b>\u00a0Curso de Extens\u00e3o em M\u00fasica da UFSM<\/b>, realiza Matr\u00edculas referentes ao 2\u00ba semestre de 2019 no per\u00edodo\u00a0<b>d<\/b><b>e 05 a 15\/08\/2019, mediante agendamento que deve ser realizado at\u00e9 o dia\u00a0<\/b><b>\u00a02 de agosto de 2019.\u00a0<\/b>O hor\u00e1rio de atendimento \u00e9<b>\u00a0das 13h \u00e0s 18h<\/b>\u00a0e o agendamento para realizar a matr\u00edcula pode ser feito\u00a0<b>presencialmente\u00a0<\/b>ou pelo\u00a0telefone<b>\u00a0(55) 3220-9230.<\/b><\/p>\n<p>No hor\u00e1rio agendado, o aluno deve comparecer no Curso com c\u00f3pia de:\u00a0<b>RG, CPF e Comprovante de Resid\u00eancia.<br \/><\/b><i>* Para alunos menores de idade, \u00e9 necess\u00e1ria a presen\u00e7a de um respons\u00e1vel (<b>com c\u00f3pia dos\u00a0<\/b><b>documentos<\/b>)<\/i><\/p>\n<p>\u2014\u2014\u2014\u2014\u2014\u2014\u2014\u2014\u2014\u2014\u2014\u2014\u2014\u2014\u2014\u2014\u2014\u2014\u2014\u2014\u2014\u2014\u2013<\/p>\n<p><b>Local<\/b>: Floriano Peixoto, 1750, 2\u00ba Andar<\/p>\n<p><b>Facebook<\/b>: programa.extensaomusica@facebook.com<\/p>\n<p><b>E-mail<\/b>: extensaomusica@smail.ufsm.br<\/p>\n","protected":false},"excerpt":{"rendered":"<p>O\u00a0Curso de Extens\u00e3o em M\u00fasica da UFSM, realiza Matr\u00edculas referentes ao 2\u00ba semestre de 2019 no per\u00edodo\u00a0de 05 a 15\/08\/2019, mediante agendamento que deve ser realizado at\u00e9 o dia\u00a0\u00a02 de agosto de 2019.\u00a0O hor\u00e1rio de atendimento \u00e9\u00a0das 13h \u00e0s 18h\u00a0e o agendamento para realizar a matr\u00edcula pode ser feito\u00a0presencialmente\u00a0ou pelo\u00a0telefone\u00a0(55) 3220-9230. No hor\u00e1rio agendado, o [&hellip;]<\/p>\n","protected":false},"author":25,"featured_media":0,"parent":0,"menu_order":0,"comment_status":"closed","ping_status":"closed","template":"","meta":{"footnotes":""},"categories":[],"tags":[],"class_list":["post-155","page","type-page","status-publish","hentry"],"acf":[],"_links":{"self":[{"href":"https:\/\/www.ufsm.br\/projetos\/extensao\/musica\/wp-json\/wp\/v2\/pages\/155","targetHints":{"allow":["GET"]}}],"collection":[{"href":"https:\/\/www.ufsm.br\/projetos\/extensao\/musica\/wp-json\/wp\/v2\/pages"}],"about":[{"href":"https:\/\/www.ufsm.br\/projetos\/extensao\/musica\/wp-json\/wp\/v2\/types\/page"}],"author":[{"embeddable":true,"href":"https:\/\/www.ufsm.br\/projetos\/extensao\/musica\/wp-json\/wp\/v2\/users\/25"}],"replies":[{"embeddable":true,"href":"https:\/\/www.ufsm.br\/projetos\/extensao\/musica\/wp-json\/wp\/v2\/comments?post=155"}],"version-history":[{"count":0,"href":"https:\/\/www.ufsm.br\/projetos\/extensao\/musica\/wp-json\/wp\/v2\/pages\/155\/revisions"}],"wp:attachment":[{"href":"https:\/\/www.ufsm.br\/projetos\/extensao\/musica\/wp-json\/wp\/v2\/media?parent=155"}],"wp:term":[{"taxonomy":"category","embeddable":true,"href":"https:\/\/www.ufsm.br\/projetos\/extensao\/musica\/wp-json\/wp\/v2\/categories?post=155"},{"taxonomy":"post_tag","embeddable":true,"href":"https:\/\/www.ufsm.br\/projetos\/extensao\/musica\/wp-json\/wp\/v2\/tags?post=155"}],"curies":[{"name":"wp","href":"https:\/\/api.w.org\/{rel}","templated":true}]}}