{"id":29,"date":"2018-01-18T09:10:07","date_gmt":"2018-01-18T11:10:07","guid":{"rendered":"https:\/\/www.ufsm.br\/cursos\/graduacao\/nutricao\/12352\/?page_id=29"},"modified":"2020-01-02T11:13:30","modified_gmt":"2020-01-02T14:13:30","slug":"contato","status":"publish","type":"page","link":"https:\/\/www.ufsm.br\/projetos\/extensao\/musica\/contato","title":{"rendered":"Contato"},"content":{"rendered":"<h4 class=\"footer-widget-title\">SECRETARIA CURSO EXTENS\u00c3O EM M\u00daSICA<\/h4>\n<p>Endere\u00e7o: Rua Floriano Peixoto, 1750, 2\u00ba andar, sala 205, Pr\u00e9dio de Apoio (antigo Hospital Universit\u00e1rio de Santa Maria)<br \/>\nAtendimento: segunda a sexta-feira das 9:00 &#8211; 12:00 e 14:00 &#8211; 17:00<br \/>\nEmail:\u00a0<a href=\"mailto:extensaomusica@smail.ufsm.br\">extensaomusica@smail.ufsm.br<\/a><br \/>\nFone: +55 (55) 3220-9230<\/p>\n<h4 class=\"footer-widget-title\">UNIVERSIDADE FEDERAL DE SANTA MARIA<\/h4>\n<p>Av. Roraima n\u00ba 1000<br \/>\nCidade Universit\u00e1ria<br \/>\nBairro Camobi<br \/>\nSanta Maria &#8211; RS<br \/>\nCEP: 97105-900<br \/>\n+55 (55) 3220-8000<\/p>\n","protected":false},"excerpt":{"rendered":"<p>SECRETARIA CURSO EXTENS\u00c3O EM M\u00daSICA Endere\u00e7o: Rua Floriano Peixoto, 1750, 2\u00ba andar, sala 205, Pr\u00e9dio de Apoio (antigo Hospital Universit\u00e1rio de Santa Maria) Atendimento: segunda a sexta-feira das 9:00 &#8211; 12:00 e 14:00 &#8211; 17:00 Email:\u00a0extensaomusica@smail.ufsm.br Fone: +55 (55) 3220-9230 UNIVERSIDADE FEDERAL DE SANTA MARIA Av. Roraima n\u00ba 1000 Cidade Universit\u00e1ria Bairro Camobi Santa Maria [&hellip;]<\/p>\n","protected":false},"author":8,"featured_media":0,"parent":0,"menu_order":0,"comment_status":"closed","ping_status":"closed","template":"","meta":{"footnotes":""},"categories":[],"tags":[],"class_list":["post-29","page","type-page","status-publish","hentry"],"acf":[],"_links":{"self":[{"href":"https:\/\/www.ufsm.br\/projetos\/extensao\/musica\/wp-json\/wp\/v2\/pages\/29","targetHints":{"allow":["GET"]}}],"collection":[{"href":"https:\/\/www.ufsm.br\/projetos\/extensao\/musica\/wp-json\/wp\/v2\/pages"}],"about":[{"href":"https:\/\/www.ufsm.br\/projetos\/extensao\/musica\/wp-json\/wp\/v2\/types\/page"}],"author":[{"embeddable":true,"href":"https:\/\/www.ufsm.br\/projetos\/extensao\/musica\/wp-json\/wp\/v2\/users\/8"}],"replies":[{"embeddable":true,"href":"https:\/\/www.ufsm.br\/projetos\/extensao\/musica\/wp-json\/wp\/v2\/comments?post=29"}],"version-history":[{"count":0,"href":"https:\/\/www.ufsm.br\/projetos\/extensao\/musica\/wp-json\/wp\/v2\/pages\/29\/revisions"}],"wp:attachment":[{"href":"https:\/\/www.ufsm.br\/projetos\/extensao\/musica\/wp-json\/wp\/v2\/media?parent=29"}],"wp:term":[{"taxonomy":"category","embeddable":true,"href":"https:\/\/www.ufsm.br\/projetos\/extensao\/musica\/wp-json\/wp\/v2\/categories?post=29"},{"taxonomy":"post_tag","embeddable":true,"href":"https:\/\/www.ufsm.br\/projetos\/extensao\/musica\/wp-json\/wp\/v2\/tags?post=29"}],"curies":[{"name":"wp","href":"https:\/\/api.w.org\/{rel}","templated":true}]}}