{"id":219,"date":"2023-02-24T12:32:05","date_gmt":"2023-02-24T15:32:05","guid":{"rendered":"https:\/\/www.ufsm.br\/projetos\/extensao\/niijuc\/?page_id=219"},"modified":"2023-02-24T12:53:11","modified_gmt":"2023-02-24T15:53:11","slug":"teste","status":"publish","type":"page","link":"https:\/\/www.ufsm.br\/projetos\/extensao\/niijuc\/teste","title":{"rendered":"Participa\u00e7\u00e3o no Sal\u00e3o de Extens\u00e3o da 37\u00aa JAI"},"content":{"rendered":"\n<p>O NIIJuC\/R esteve presente no 15\u00ba Sala\u0303o de Extensa\u0303o da 37\u00ba Jornada Acade\u0302mica Integrada, com os Projetos de Extensa\u0303o &#8220;ESC &#8211; Espac\u0327os de Educac\u0327a\u0303o Socializac\u0327a\u0303o e Cidadania&#8221;, apresentado pelo bolsista Joa\u0303o Batista Silva Prates, e &#8220;Afronteira: Antirracista e Diversa&#8221;, apresentado pelo bolsista Gabriel de Oliveira Soares.<\/p>\n<p>O Projeto &#8220;ESC&#8221;, visa, em si\u0301ntese, instalac\u0327a\u0303o de equipamentos e capacitac\u0327a\u0303o de lideranc\u0327as comunita\u0301rias e servidores pu\u0301blicos \u2013 especialmente professores da educac\u0327a\u0303o ba\u0301sica \u2013 das cidades sob a jurisdic\u0327a\u0303o do Juizado Regional da Infa\u0302ncia e Juventude de Santa Maria (RS) que na\u0303o sejam sede de Comarca, para o exerci\u0301cio de pra\u0301ticas de Justic\u0327a Restaurativa. O projeto visa desenvolver estrate\u0301gias para disseminac\u0327a\u0303o da cultura da paz, por meio da estruturac\u0327a\u0303o de redes de servic\u0327os de assiste\u0302ncia, o\u0301rga\u0303os pu\u0301blicos e entidades estatais e privadas, com vistas ao estabelecimento de poli\u0301ticas pu\u0301blicas de coesa\u0303o territorial.<\/p>\n<p>Ja\u0301 o projeto &#8220;Afronteira&#8221;, visa, em suma, a efetivac\u0327a\u0303o de poli\u0301ticas pu\u0301blicas voltadas a\u0300 promoc\u0327a\u0303o da igualdade racial, atrave\u0301s da capacitac\u0327a\u0303o e qualificac\u0327a\u0303o das lideranc\u0327as comunita\u0301rias<br \/>quilombolas, brasileiras e uruguaias. A ac\u0327a\u0303o tambe\u0301m vislumbra contribuir para a construc\u0327a\u0303o de um espac\u0327o acade\u0302mico e comunita\u0301rio de cooperac\u0327a\u0303o e refere\u0302ncia binacional da fronteira Brasil\/Uruguai, que promova a gerac\u0327a\u0303o de iniciativas e ferramentas de protec\u0327a\u0303o dos direitos humanos das comunidades afrodescendentes, indi\u0301genas e outros que sofrem racismo e discriminac\u0327a\u0303o e\u0301tnico-racial.<\/p>\n<p>\u00a0<\/p>\n<p><a href=\"https:\/\/www.ufsm.br\/app\/uploads\/sites\/839\/2023\/02\/WhatsApp-Image-2023-02-24-at-12.49.38.jpeg\"><img fetchpriority=\"high\" decoding=\"async\" class=\"alignnone size-full wp-image-220\" src=\"https:\/\/www.ufsm.br\/app\/uploads\/sites\/839\/2023\/02\/WhatsApp-Image-2023-02-24-at-12.49.38.jpeg\" alt=\"\" width=\"720\" height=\"960\" srcset=\"https:\/\/www.ufsm.br\/app\/uploads\/sites\/839\/2023\/02\/WhatsApp-Image-2023-02-24-at-12.49.38.jpeg 720w, https:\/\/www.ufsm.br\/app\/uploads\/sites\/839\/2023\/02\/WhatsApp-Image-2023-02-24-at-12.49.38-225x300.jpeg 225w\" sizes=\"(max-width: 720px) 100vw, 720px\" \/><\/a> <a href=\"https:\/\/www.ufsm.br\/app\/uploads\/sites\/839\/2023\/02\/WhatsApp-Image-2023-02-24-at-12.49.37.jpeg\"><img decoding=\"async\" class=\"alignnone wp-image-221 size-full\" src=\"https:\/\/www.ufsm.br\/app\/uploads\/sites\/839\/2023\/02\/WhatsApp-Image-2023-02-24-at-12.49.37.jpeg\" alt=\"\" width=\"720\" height=\"960\" srcset=\"https:\/\/www.ufsm.br\/app\/uploads\/sites\/839\/2023\/02\/WhatsApp-Image-2023-02-24-at-12.49.37.jpeg 720w, https:\/\/www.ufsm.br\/app\/uploads\/sites\/839\/2023\/02\/WhatsApp-Image-2023-02-24-at-12.49.37-225x300.jpeg 225w\" sizes=\"(max-width: 720px) 100vw, 720px\" \/><\/a><\/p>\n","protected":false},"excerpt":{"rendered":"<p>O NIIJuC\/R esteve presente no 15\u00ba Sala\u0303o de Extensa\u0303o da 37\u00ba Jornada Acade\u0302mica Integrada, com os Projetos de Extensa\u0303o &#8220;ESC &#8211; Espac\u0327os de Educac\u0327a\u0303o Socializac\u0327a\u0303o e Cidadania&#8221;, apresentado pelo bolsista Joa\u0303o Batista Silva Prates, e &#8220;Afronteira: Antirracista e Diversa&#8221;, apresentado pelo bolsista Gabriel de Oliveira Soares. O Projeto &#8220;ESC&#8221;, visa, em si\u0301ntese, instalac\u0327a\u0303o de equipamentos [&hellip;]<\/p>\n","protected":false},"author":6334,"featured_media":0,"parent":0,"menu_order":0,"comment_status":"closed","ping_status":"closed","template":"","meta":{"footnotes":""},"categories":[2],"tags":[],"class_list":["post-219","page","type-page","status-publish","hentry","category-noticias"],"acf":[],"_links":{"self":[{"href":"https:\/\/www.ufsm.br\/projetos\/extensao\/niijuc\/wp-json\/wp\/v2\/pages\/219","targetHints":{"allow":["GET"]}}],"collection":[{"href":"https:\/\/www.ufsm.br\/projetos\/extensao\/niijuc\/wp-json\/wp\/v2\/pages"}],"about":[{"href":"https:\/\/www.ufsm.br\/projetos\/extensao\/niijuc\/wp-json\/wp\/v2\/types\/page"}],"author":[{"embeddable":true,"href":"https:\/\/www.ufsm.br\/projetos\/extensao\/niijuc\/wp-json\/wp\/v2\/users\/6334"}],"replies":[{"embeddable":true,"href":"https:\/\/www.ufsm.br\/projetos\/extensao\/niijuc\/wp-json\/wp\/v2\/comments?post=219"}],"version-history":[{"count":0,"href":"https:\/\/www.ufsm.br\/projetos\/extensao\/niijuc\/wp-json\/wp\/v2\/pages\/219\/revisions"}],"wp:attachment":[{"href":"https:\/\/www.ufsm.br\/projetos\/extensao\/niijuc\/wp-json\/wp\/v2\/media?parent=219"}],"wp:term":[{"taxonomy":"category","embeddable":true,"href":"https:\/\/www.ufsm.br\/projetos\/extensao\/niijuc\/wp-json\/wp\/v2\/categories?post=219"},{"taxonomy":"post_tag","embeddable":true,"href":"https:\/\/www.ufsm.br\/projetos\/extensao\/niijuc\/wp-json\/wp\/v2\/tags?post=219"}],"curies":[{"name":"wp","href":"https:\/\/api.w.org\/{rel}","templated":true}]}}