{"id":314,"date":"2023-05-22T12:46:14","date_gmt":"2023-05-22T15:46:14","guid":{"rendered":"https:\/\/www.ufsm.br\/projetos\/extensao\/niijuc\/?page_id=314"},"modified":"2023-05-22T12:46:15","modified_gmt":"2023-05-22T15:46:15","slug":"edital","status":"publish","type":"page","link":"https:\/\/www.ufsm.br\/projetos\/extensao\/niijuc\/edital","title":{"rendered":"Editais"},"content":{"rendered":"\n<p>\u00a0<\/p>\n<h2>Editais abertos<\/h2>\n<p><a>Edital 02\/2023: Diplomacia Universit\u00e1ria: Casa das Na\u00e7\u00f5es<\/a><\/p>\n<p>O Projeto Diplomacia Universit\u00e1ria: Casa das Na\u00e7\u00f5es \u00e9 a tentativa de resgate de uma iniciativa do Reitor fundador, Prof.Mariano da Rocha, que visava constituir, na UFSM, um equipamento cultural para, dentre outras coisas, sediar acervo bibliogr\u00e1fico de pa\u00edses cujos nacionais contribu\u00edssem para a institui\u00e7\u00e3o. Na atual vers\u00e3o, a proposta consiste num espa\u00e7o de refer\u00eancia, para imigrantes e refugiados, para acesso a Pol\u00edticas P\u00fablicas socioculturais. Visa, assim, promover, planejar e executar a\u00e7\u00f5es orientadas ao acesso a bens de natureza cultural, no campo das Rela\u00e7\u00f5es Internacionais. A rela\u00e7\u00e3o do Projeto com o Distrito Criativo prende-se ao fato de que as comunidades \u00e1rabes \u2013 s\u00edrios, libaneses, palestinos, jordanianos, etc. \u2013 depois de atuarem, inicialmente e at\u00e9 a d\u00e9cada de 1950, como \u201cmascates\u201d, foram se instalando no centro, mais especificamente na Av.Rio Branco e adjac\u00eancias, com com\u00e9rcio e presta\u00e7\u00e3o de servi\u00e7os (como hot\u00e9is, por exemplo), colaborando, assim, com o desenvolvimento da cidade enquanto polo comercial da regi\u00e3o. Muitos de seus descendentes, inclusive, com passagem pela UFSM, seja como alunos (especialmente por meio do Programa especial de acesso de iniciativa do MIGRAID, mas n\u00e3o s\u00f3), seja enquanto docentes, como \u00e9 o caso da Profa. Neida Morales, do ex-Reitor Paulo Sarkis, da Profa. Jalusa Abaide, o Prof.Gihad, etc. A invisibilidade da presen\u00e7a \u00e1rabe no Distrito Criativo se traduz, por exemplo, na ignor\u00e2ncia de muitos sobre a exist\u00eancia de uma mesquita, na esquina da Rua Vale Machado com a Av.Rio Branco, a qual tem como vizinha, a \u00fanica sinagoga da regi\u00e3o central \u2013 se n\u00e3o mesmo que do interior \u2013 do Rio Grande do Sul, espa\u00e7os de religiosidade que, apesar dos conflitos na Terra Santa, aqui convivem em razo\u00e1vel harmonia. A Sociedade Libanesa, por exemplo, n\u00e3o possui uma sede pr\u00f3pria, mas realiza, anualmente, jantar em comemora\u00e7\u00e3o ao Dia do L\u00edbano, dentre outras atividades, carecendo, assim, de espa\u00e7os f\u00edsicos para manifesta\u00e7\u00f5es culturais que, com certeza em muito enriquecer\u00e3o o Distrito Criativo. Para tanto \u00e9 necess\u00e1rio articular-se a rede de neg\u00f3cios de propriet\u00e1rios com ascend\u00eancia \u00e1rabes, a fim de proporcionar a necess\u00e1ria visibilidade que etnias que sofrem xenofobia e discrimina\u00e7\u00e3o necessitam para, inclusive, se desfazer equ\u00edvocos como achar que todo \u00e1rabe \u00e9 mu\u00e7ulmano, e este \u00e9 terrorista!<\/p>\n<p><a href=\"https:\/\/drive.google.com\/file\/d\/1EyT_8hbphp2ilmf1Og5XvnC9MP2ayF4p\/view?usp=sharing\" target=\"_blank\" rel=\"noopener\">Acesse o edital aqui!<\/a><\/p>\n","protected":false},"excerpt":{"rendered":"<p>\u00a0 Editais abertos Edital 02\/2023: Diplomacia Universit\u00e1ria: Casa das Na\u00e7\u00f5es O Projeto Diplomacia Universit\u00e1ria: Casa das Na\u00e7\u00f5es \u00e9 a tentativa de resgate de uma iniciativa do Reitor fundador, Prof.Mariano da Rocha, que visava constituir, na UFSM, um equipamento cultural para, dentre outras coisas, sediar acervo bibliogr\u00e1fico de pa\u00edses cujos nacionais contribu\u00edssem para a institui\u00e7\u00e3o. Na [&hellip;]<\/p>\n","protected":false},"author":6334,"featured_media":0,"parent":0,"menu_order":0,"comment_status":"closed","ping_status":"closed","template":"","meta":{"footnotes":""},"categories":[22],"tags":[24],"class_list":["post-314","page","type-page","status-publish","hentry","category-paginas","tag-editais"],"acf":[],"_links":{"self":[{"href":"https:\/\/www.ufsm.br\/projetos\/extensao\/niijuc\/wp-json\/wp\/v2\/pages\/314","targetHints":{"allow":["GET"]}}],"collection":[{"href":"https:\/\/www.ufsm.br\/projetos\/extensao\/niijuc\/wp-json\/wp\/v2\/pages"}],"about":[{"href":"https:\/\/www.ufsm.br\/projetos\/extensao\/niijuc\/wp-json\/wp\/v2\/types\/page"}],"author":[{"embeddable":true,"href":"https:\/\/www.ufsm.br\/projetos\/extensao\/niijuc\/wp-json\/wp\/v2\/users\/6334"}],"replies":[{"embeddable":true,"href":"https:\/\/www.ufsm.br\/projetos\/extensao\/niijuc\/wp-json\/wp\/v2\/comments?post=314"}],"version-history":[{"count":0,"href":"https:\/\/www.ufsm.br\/projetos\/extensao\/niijuc\/wp-json\/wp\/v2\/pages\/314\/revisions"}],"wp:attachment":[{"href":"https:\/\/www.ufsm.br\/projetos\/extensao\/niijuc\/wp-json\/wp\/v2\/media?parent=314"}],"wp:term":[{"taxonomy":"category","embeddable":true,"href":"https:\/\/www.ufsm.br\/projetos\/extensao\/niijuc\/wp-json\/wp\/v2\/categories?post=314"},{"taxonomy":"post_tag","embeddable":true,"href":"https:\/\/www.ufsm.br\/projetos\/extensao\/niijuc\/wp-json\/wp\/v2\/tags?post=314"}],"curies":[{"name":"wp","href":"https:\/\/api.w.org\/{rel}","templated":true}]}}