{"id":236,"date":"2020-11-17T09:40:54","date_gmt":"2020-11-17T12:40:54","guid":{"rendered":"https:\/\/www.ufsm.br\/projetos\/extensao\/nucleo-de-psicanalise\/?page_id=236"},"modified":"2020-11-17T09:45:36","modified_gmt":"2020-11-17T12:45:36","slug":"estagios","status":"publish","type":"page","link":"https:\/\/www.ufsm.br\/projetos\/extensao\/nucleo-de-psicanalise\/estagios","title":{"rendered":"Est\u00e1gios"},"content":{"rendered":"\t\t<div data-elementor-type=\"wp-page\" data-elementor-id=\"236\" class=\"elementor elementor-236\">\n\t\t\t\t\t\t<section class=\"elementor-section elementor-top-section elementor-element elementor-element-cc448a9 elementor-section-boxed elementor-section-height-default elementor-section-height-default\" data-id=\"cc448a9\" data-element_type=\"section\">\n\t\t\t\t\t\t<div class=\"elementor-container elementor-column-gap-default\">\n\t\t\t\t\t<div class=\"elementor-column elementor-col-100 elementor-top-column elementor-element elementor-element-5ad07a5\" data-id=\"5ad07a5\" data-element_type=\"column\">\n\t\t\t<div class=\"elementor-widget-wrap elementor-element-populated\">\n\t\t\t\t\t\t<div class=\"elementor-element elementor-element-fbc448d elementor-widget elementor-widget-text-editor\" data-id=\"fbc448d\" data-element_type=\"widget\" data-widget_type=\"text-editor.default\">\n\t\t\t\t<div class=\"elementor-widget-container\">\n\t\t\t\t\t\t\t<p style=\"font-style: inherit;font-weight: inherit\"><span style=\"font-style: inherit;font-weight: inherit\" data-ccp-props=\"{&quot;201341983&quot;:0,&quot;335551550&quot;:2,&quot;335551620&quot;:2,&quot;335559739&quot;:0,&quot;335559740&quot;:240}\"><strong>EST\u00c1GIO ESPEC\u00cdFICO EM PSICOLOGIA CL\u00cdNICA<\/strong><\/span><\/p><p style=\"font-style: inherit;font-weight: inherit\"><span style=\"font-style: inherit;font-weight: inherit\" data-ccp-props=\"{&quot;201341983&quot;:0,&quot;335551550&quot;:2,&quot;335551620&quot;:2,&quot;335559739&quot;:0,&quot;335559740&quot;:240}\">Promove a experi\u00eancia de atendimentos e tratamentos psicol\u00f3gicos de crian\u00e7as, adolescentes, adultos e idosos, sob embasamento da psican\u00e1lise. Incentiva a aten\u00e7\u00e3o aos preceitos \u00e9ticos da psican\u00e1lise, bem como, do Conselho Federal de Psicologia. As atividades contemplam estudos te\u00f3ricos, supervis\u00f5es locais, confec\u00e7\u00e3o de documentos, entre outros e s\u00e3o voltadas aos acad\u00eamicos do curso de Psicologia da UFSM que cursam os 7\u00ba, 8\u00ba, 9\u00ba e 10\u00ba semestres.<\/span><\/p><p style=\"font-style: inherit;font-weight: inherit\"><span style=\"font-style: inherit;font-weight: inherit\" data-ccp-props=\"{&quot;201341983&quot;:0,&quot;335551550&quot;:2,&quot;335551620&quot;:2,&quot;335559739&quot;:0,&quot;335559740&quot;:240}\"><strong>\u00a0EST\u00c1GIO ESPEC\u00cdFICO EM INTERVEN\u00c7\u00c3O NA PRIMEIRA INF\u00c2NCIA<\/strong><\/span><\/p><p style=\"font-style: inherit;font-weight: inherit\"><span style=\"font-style: inherit;font-weight: inherit\" data-ccp-props=\"{&quot;201341983&quot;:0,&quot;335551550&quot;:2,&quot;335551620&quot;:2,&quot;335559739&quot;:0,&quot;335559740&quot;:240}\">\u00a0Destina-se ao desenvolvimento de atividades cl\u00ednico-institucionais vinculados ao Ambulat\u00f3rio de Terapia Ocupacional, bem como, atendimentos cl\u00ednicos na primeira inf\u00e2ncia (0 a 6 anos). As a\u00e7\u00f5es se sustentam no referencial psicanal\u00edtico, principalmente no que tange \u00e0 interven\u00e7\u00e3o precoce e \u00e0 cl\u00ednica com beb\u00eas. As atividades contemplam estudos te\u00f3ricos, supervis\u00f5es locais, atua\u00e7\u00e3o em equipe interdisciplinar, entre outros, e s\u00e3o voltadas aos acad\u00eamicos do curso de Psicologia da UFSM que cursam os 7\u00ba, 8\u00ba, 9\u00ba e 10\u00ba semestres.<\/span><\/p><p style=\"font-style: inherit;font-weight: inherit\"><span style=\"font-style: inherit;font-weight: inherit\" data-ccp-props=\"{&quot;201341983&quot;:0,&quot;335551550&quot;:2,&quot;335551620&quot;:2,&quot;335559739&quot;:0,&quot;335559740&quot;:240}\"><strong>\u00a0EST\u00c1GIO ESPEC\u00cdFICO EM PSICOLOGIA EDUCACIONAL E ESCOLAR<\/strong><\/span><\/p><p style=\"font-style: inherit;font-weight: inherit\"><span style=\"font-style: inherit;font-weight: inherit\" data-ccp-props=\"{&quot;201341983&quot;:0,&quot;335551550&quot;:2,&quot;335551620&quot;:2,&quot;335559739&quot;:0,&quot;335559740&quot;:240}\">\u00a0Em parceria com as a\u00e7\u00f5es desenvolvidas pela professora do Curso de Psicologia Ta\u00eds Fim Alberti, na \u00e1rea de Psicologia Educacional e Escolar, o est\u00e1gio compreende atividades no \u00e2mbito das institui\u00e7\u00f5es educacionais da rede de ensino, sob supervis\u00e3o local de profissional vinculado \u00e0 CEIP. O espa\u00e7o \u00e9 voltado aos acad\u00eamicos do curso de Psicologia da UFSM que cursam os 7\u00ba, 8\u00ba, 9\u00ba e 10\u00ba semestres<\/span><\/p><p style=\"font-style: inherit;font-weight: inherit\"><span style=\"font-style: inherit;font-weight: inherit\" data-ccp-props=\"{&quot;201341983&quot;:0,&quot;335551550&quot;:2,&quot;335551620&quot;:2,&quot;335559739&quot;:0,&quot;335559740&quot;:240}\"><strong>EST\u00c1GIO B\u00c1SICO II<\/strong><\/span><\/p><p style=\"font-style: inherit;font-weight: inherit\"><span style=\"font-style: inherit;font-weight: inherit\" data-ccp-props=\"{&quot;201341983&quot;:0,&quot;335551550&quot;:2,&quot;335551620&quot;:2,&quot;335559739&quot;:0,&quot;335559740&quot;:240}\">Voltado para os acad\u00eamicos do 4\u00ba semestre do curso de Psicologia da UFSM, o est\u00e1gio compreende o acolhimento de demandas da comunidade no \u00e2mbito da CEIP, principalmente no que tange ao espa\u00e7o de discuss\u00f5es e interven\u00e7\u00f5es em grupos.<\/span><\/p>\t\t\t\t\t\t<\/div>\n\t\t\t\t<\/div>\n\t\t\t\t\t<\/div>\n\t\t<\/div>\n\t\t\t\t\t<\/div>\n\t\t<\/section>\n\t\t\t\t<\/div>\n\t\t","protected":false},"excerpt":{"rendered":"<p>EST\u00c1GIO ESPEC\u00cdFICO EM PSICOLOGIA CL\u00cdNICA Promove a experi\u00eancia de atendimentos e tratamentos psicol\u00f3gicos de crian\u00e7as, adolescentes, adultos e idosos, sob embasamento da psican\u00e1lise. Incentiva a aten\u00e7\u00e3o aos preceitos \u00e9ticos da psican\u00e1lise, bem como, do Conselho Federal de Psicologia. As atividades contemplam estudos te\u00f3ricos, supervis\u00f5es locais, confec\u00e7\u00e3o de documentos, entre outros e s\u00e3o voltadas aos acad\u00eamicos [&hellip;]<\/p>\n","protected":false},"author":867,"featured_media":0,"parent":0,"menu_order":0,"comment_status":"closed","ping_status":"closed","template":"","meta":{"footnotes":""},"categories":[],"tags":[],"class_list":["post-236","page","type-page","status-publish","hentry"],"acf":[],"_links":{"self":[{"href":"https:\/\/www.ufsm.br\/projetos\/extensao\/nucleo-de-psicanalise\/wp-json\/wp\/v2\/pages\/236","targetHints":{"allow":["GET"]}}],"collection":[{"href":"https:\/\/www.ufsm.br\/projetos\/extensao\/nucleo-de-psicanalise\/wp-json\/wp\/v2\/pages"}],"about":[{"href":"https:\/\/www.ufsm.br\/projetos\/extensao\/nucleo-de-psicanalise\/wp-json\/wp\/v2\/types\/page"}],"author":[{"embeddable":true,"href":"https:\/\/www.ufsm.br\/projetos\/extensao\/nucleo-de-psicanalise\/wp-json\/wp\/v2\/users\/867"}],"replies":[{"embeddable":true,"href":"https:\/\/www.ufsm.br\/projetos\/extensao\/nucleo-de-psicanalise\/wp-json\/wp\/v2\/comments?post=236"}],"version-history":[{"count":0,"href":"https:\/\/www.ufsm.br\/projetos\/extensao\/nucleo-de-psicanalise\/wp-json\/wp\/v2\/pages\/236\/revisions"}],"wp:attachment":[{"href":"https:\/\/www.ufsm.br\/projetos\/extensao\/nucleo-de-psicanalise\/wp-json\/wp\/v2\/media?parent=236"}],"wp:term":[{"taxonomy":"category","embeddable":true,"href":"https:\/\/www.ufsm.br\/projetos\/extensao\/nucleo-de-psicanalise\/wp-json\/wp\/v2\/categories?post=236"},{"taxonomy":"post_tag","embeddable":true,"href":"https:\/\/www.ufsm.br\/projetos\/extensao\/nucleo-de-psicanalise\/wp-json\/wp\/v2\/tags?post=236"}],"curies":[{"name":"wp","href":"https:\/\/api.w.org\/{rel}","templated":true}]}}