{"id":295,"date":"2021-01-22T13:07:09","date_gmt":"2021-01-22T16:07:09","guid":{"rendered":"https:\/\/www.ufsm.br\/projetos\/extensao\/nucleo-de-psicanalise\/?page_id=295"},"modified":"2021-01-26T22:01:07","modified_gmt":"2021-01-27T01:01:07","slug":"pesquisa","status":"publish","type":"page","link":"https:\/\/www.ufsm.br\/projetos\/extensao\/nucleo-de-psicanalise\/pesquisa","title":{"rendered":"Pesquisa"},"content":{"rendered":"\t\t<div data-elementor-type=\"wp-page\" data-elementor-id=\"295\" class=\"elementor elementor-295\">\n\t\t\t\t\t\t<section class=\"elementor-section elementor-top-section elementor-element elementor-element-8871767 elementor-section-boxed elementor-section-height-default elementor-section-height-default\" data-id=\"8871767\" data-element_type=\"section\">\n\t\t\t\t\t\t<div class=\"elementor-container elementor-column-gap-default\">\n\t\t\t\t\t<div class=\"elementor-column elementor-col-100 elementor-top-column elementor-element elementor-element-f4ce26e\" data-id=\"f4ce26e\" data-element_type=\"column\">\n\t\t\t<div class=\"elementor-widget-wrap elementor-element-populated\">\n\t\t\t\t\t\t<div class=\"elementor-element elementor-element-9c4c49c elementor-widget elementor-widget-text-editor\" data-id=\"9c4c49c\" data-element_type=\"widget\" data-widget_type=\"text-editor.default\">\n\t\t\t\t<div class=\"elementor-widget-container\">\n\t\t\t\t\t\t\t<h5><span style=\"color: #000000;font-size: 16px;text-align: justify;background-color: #ffffff\">Psican\u00e1lise e Migra\u00e7\u00f5es: Efeitos cl\u00ednico-pol\u00edticos dos deslocamentos<\/span><\/h5><p class=\"MsoNormal\" style=\"margin-bottom: 0cm;font-size: 16px;color: #000000;text-align: justify;line-height: 24px;background-image: initial;background-position: initial;background-size: initial;background-attachment: initial\">Esta linha de pesquisa \u00e9 parte do trip\u00e9 que sustenta as a\u00e7\u00f5es de extens\u00e3o no \u00e2mbito universit\u00e1rio e subsidia, na \u00e1rea da psicologia, as a\u00e7\u00f5es extensionistas decorrentes da parceria interna entre o N\u00facleo de Psican\u00e1lise e o MIGRAIDH &#8211; Grupo de Ensino, Pesquisa e Extens\u00e3o Direitos Humanos e Mobilidade Humana Internacional, respons\u00e1vel pela C\u00e1tedra S\u00e9rgio Vieira de Mello da UFSM, a qual representa uma parceria da universidade com a Ag\u00eancia da ONU para os Refugiados (ACNUR) para a promo\u00e7\u00e3o e difus\u00e3o do Direito Internacional dos Refugiados.\u00a0<\/p><p class=\"MsoNormal\" style=\"margin-bottom: 0cm;font-size: 16px;color: #000000;text-align: justify;line-height: 24px;background-image: initial;background-position: initial;background-size: initial;background-attachment: initial\">\u00a0<\/p><p class=\"MsoNormal\" style=\"margin-bottom: 0cm;font-size: 16px;color: #000000;text-align: justify;line-height: 24px;background-image: initial;background-position: initial;background-size: initial;background-attachment: initial\">Tendo como objetivo analisar os efeitos cl\u00ednicos e pol\u00edticos dos deslocamentos dos sujeitos em situa\u00e7\u00e3o de migra\u00e7\u00e3o, ela \u00e9 uma das seis linhas do trabalho do grupo de pesquisa Direitos Humanos e Mobilidade Humana Internacional: <a href=\"http:\/\/dgp.cnpq.br\/dgp\/espelhogrupo\/43011\">http:\/\/dgp.cnpq.br\/dgp\/espelhogrupo\/43011\u00a0<\/a><\/p><p class=\"MsoNormal\" style=\"margin-bottom: 0cm;font-size: 16px;color: #000000;text-align: justify;line-height: 24px;background-image: initial;background-position: initial;background-size: initial;background-attachment: initial\">\u00a0<\/p><p class=\"MsoNormal\" style=\"margin-bottom: 0cm;font-size: 16px;color: #000000;text-align: justify;line-height: 24px;background-image: initial;background-position: initial;background-size: initial;background-attachment: initial\">Seus participantes re\u00fanem-se periodicamente para estudos espec\u00edficos na \u00e1rea, cuja delimita\u00e7\u00e3o das leituras e dos autores de refer\u00eancia s\u00e3o recolhidos da especificidade da escuta cl\u00ednica realizada atrav\u00e9s do projeto de extens\u00e3o Interven\u00e7\u00e3o Psicossocial com Imigrantes e Refugiados.<\/p>\t\t\t\t\t\t<\/div>\n\t\t\t\t<\/div>\n\t\t\t\t\t<\/div>\n\t\t<\/div>\n\t\t\t\t\t<\/div>\n\t\t<\/section>\n\t\t\t\t<\/div>\n\t\t","protected":false},"excerpt":{"rendered":"<p>Psican\u00e1lise e Migra\u00e7\u00f5es: Efeitos cl\u00ednico-pol\u00edticos dos deslocamentos Esta linha de pesquisa \u00e9 parte do trip\u00e9 que sustenta as a\u00e7\u00f5es de extens\u00e3o no \u00e2mbito universit\u00e1rio e subsidia, na \u00e1rea da psicologia, as a\u00e7\u00f5es extensionistas decorrentes da parceria interna entre o N\u00facleo de Psican\u00e1lise e o MIGRAIDH &#8211; Grupo de Ensino, Pesquisa e Extens\u00e3o Direitos Humanos e [&hellip;]<\/p>\n","protected":false},"author":3628,"featured_media":0,"parent":0,"menu_order":0,"comment_status":"closed","ping_status":"closed","template":"","meta":{"footnotes":""},"categories":[],"tags":[],"class_list":["post-295","page","type-page","status-publish","hentry"],"acf":[],"_links":{"self":[{"href":"https:\/\/www.ufsm.br\/projetos\/extensao\/nucleo-de-psicanalise\/wp-json\/wp\/v2\/pages\/295","targetHints":{"allow":["GET"]}}],"collection":[{"href":"https:\/\/www.ufsm.br\/projetos\/extensao\/nucleo-de-psicanalise\/wp-json\/wp\/v2\/pages"}],"about":[{"href":"https:\/\/www.ufsm.br\/projetos\/extensao\/nucleo-de-psicanalise\/wp-json\/wp\/v2\/types\/page"}],"author":[{"embeddable":true,"href":"https:\/\/www.ufsm.br\/projetos\/extensao\/nucleo-de-psicanalise\/wp-json\/wp\/v2\/users\/3628"}],"replies":[{"embeddable":true,"href":"https:\/\/www.ufsm.br\/projetos\/extensao\/nucleo-de-psicanalise\/wp-json\/wp\/v2\/comments?post=295"}],"version-history":[{"count":0,"href":"https:\/\/www.ufsm.br\/projetos\/extensao\/nucleo-de-psicanalise\/wp-json\/wp\/v2\/pages\/295\/revisions"}],"wp:attachment":[{"href":"https:\/\/www.ufsm.br\/projetos\/extensao\/nucleo-de-psicanalise\/wp-json\/wp\/v2\/media?parent=295"}],"wp:term":[{"taxonomy":"category","embeddable":true,"href":"https:\/\/www.ufsm.br\/projetos\/extensao\/nucleo-de-psicanalise\/wp-json\/wp\/v2\/categories?post=295"},{"taxonomy":"post_tag","embeddable":true,"href":"https:\/\/www.ufsm.br\/projetos\/extensao\/nucleo-de-psicanalise\/wp-json\/wp\/v2\/tags?post=295"}],"curies":[{"name":"wp","href":"https:\/\/api.w.org\/{rel}","templated":true}]}}