{"id":297,"date":"2021-01-22T13:16:54","date_gmt":"2021-01-22T16:16:54","guid":{"rendered":"https:\/\/www.ufsm.br\/projetos\/extensao\/nucleo-de-psicanalise\/?page_id=297"},"modified":"2021-01-22T13:16:55","modified_gmt":"2021-01-22T16:16:55","slug":"ensino","status":"publish","type":"page","link":"https:\/\/www.ufsm.br\/projetos\/extensao\/nucleo-de-psicanalise\/ensino","title":{"rendered":"Ensino"},"content":{"rendered":"\n<p>Atrav\u00e9s do projeto de ensino <strong>Est\u00e1gio em Psicologia Cl\u00ednica \u2013 \u00canfase em Psican\u00e1lise<\/strong>, o N\u00facleo articula-se ao Servi\u00e7o-Escola do curso de Psicologia &#8211; Cl\u00ednica de Estudos e Interven\u00e7\u00f5es em Psicologia (CEIP), proporcionando uma experi\u00eancia cl\u00ednica aos acad\u00eamicos, sustentada pela supervis\u00e3o local das psic\u00f3logas do N\u00facleo. Os estagi\u00e1rios realizam escuta psicol\u00f3gica com sujeitos de diferentes faixas et\u00e1rias: crian\u00e7as, adolescentes, adultos e idosos, bem como participam de espa\u00e7os de semin\u00e1rios te\u00f3ricos e discuss\u00f5es de casos. O p\u00fablico interessado no tratamento pode acompanhar a abertura de vagas atrav\u00e9s da p\u00e1gina da CEIP: <a href=\"http:\/\/www.ufsm.br\/ceip\">www.ufsm.br\/ceip<\/a>, e do n\u00facleo:. <a href=\"http:\/\/www.ufsm.br\/nucleodepsicanalise\">www.ufsm.br\/nucleodepsicanalise<\/a>. O ingresso dos pacientes na cl\u00ednica ocorre mediante o preenchimento de formul\u00e1rio espec\u00edfico nos per\u00edodos de oferta das vagas.<\/p>\n","protected":false},"excerpt":{"rendered":"<p>Atrav\u00e9s do projeto de ensino Est\u00e1gio em Psicologia Cl\u00ednica \u2013 \u00canfase em Psican\u00e1lise, o N\u00facleo articula-se ao Servi\u00e7o-Escola do curso de Psicologia &#8211; Cl\u00ednica de Estudos e Interven\u00e7\u00f5es em Psicologia (CEIP), proporcionando uma experi\u00eancia cl\u00ednica aos acad\u00eamicos, sustentada pela supervis\u00e3o local das psic\u00f3logas do N\u00facleo. Os estagi\u00e1rios realizam escuta psicol\u00f3gica com sujeitos de diferentes faixas [&hellip;]<\/p>\n","protected":false},"author":3628,"featured_media":0,"parent":0,"menu_order":0,"comment_status":"closed","ping_status":"closed","template":"","meta":{"footnotes":""},"categories":[],"tags":[],"class_list":["post-297","page","type-page","status-publish","hentry"],"acf":[],"_links":{"self":[{"href":"https:\/\/www.ufsm.br\/projetos\/extensao\/nucleo-de-psicanalise\/wp-json\/wp\/v2\/pages\/297","targetHints":{"allow":["GET"]}}],"collection":[{"href":"https:\/\/www.ufsm.br\/projetos\/extensao\/nucleo-de-psicanalise\/wp-json\/wp\/v2\/pages"}],"about":[{"href":"https:\/\/www.ufsm.br\/projetos\/extensao\/nucleo-de-psicanalise\/wp-json\/wp\/v2\/types\/page"}],"author":[{"embeddable":true,"href":"https:\/\/www.ufsm.br\/projetos\/extensao\/nucleo-de-psicanalise\/wp-json\/wp\/v2\/users\/3628"}],"replies":[{"embeddable":true,"href":"https:\/\/www.ufsm.br\/projetos\/extensao\/nucleo-de-psicanalise\/wp-json\/wp\/v2\/comments?post=297"}],"version-history":[{"count":0,"href":"https:\/\/www.ufsm.br\/projetos\/extensao\/nucleo-de-psicanalise\/wp-json\/wp\/v2\/pages\/297\/revisions"}],"wp:attachment":[{"href":"https:\/\/www.ufsm.br\/projetos\/extensao\/nucleo-de-psicanalise\/wp-json\/wp\/v2\/media?parent=297"}],"wp:term":[{"taxonomy":"category","embeddable":true,"href":"https:\/\/www.ufsm.br\/projetos\/extensao\/nucleo-de-psicanalise\/wp-json\/wp\/v2\/categories?post=297"},{"taxonomy":"post_tag","embeddable":true,"href":"https:\/\/www.ufsm.br\/projetos\/extensao\/nucleo-de-psicanalise\/wp-json\/wp\/v2\/tags?post=297"}],"curies":[{"name":"wp","href":"https:\/\/api.w.org\/{rel}","templated":true}]}}