{"id":195,"date":"2023-12-12T08:47:29","date_gmt":"2023-12-12T11:47:29","guid":{"rendered":"https:\/\/www.ufsm.br\/projetos\/extensao\/observatorio-da-desigualdade\/?page_id=195"},"modified":"2023-12-12T08:47:30","modified_gmt":"2023-12-12T11:47:30","slug":"informacoes-gerais","status":"publish","type":"page","link":"https:\/\/www.ufsm.br\/projetos\/extensao\/observatorio-da-desigualdade\/informacoes-gerais","title":{"rendered":"Sobre"},"content":{"rendered":"\n<p>O programa de extens\u00e3o \u201cObservat\u00f3rio da Desigualdade\u201d busca articular a investiga\u00e7\u00e3o sociol\u00f3gica sobre a desigualdade de classe, g\u00eanero e ra\u00e7a com a extens\u00e3o universit\u00e1ria, envolvendo a\u00e7\u00f5es de forma\u00e7\u00e3o e divulga\u00e7\u00e3o cient\u00edfica acerca da compreens\u00e3o sociol\u00f3gica do fen\u00f4meno da desigualdade. Possui sua classifica\u00e7\u00e3o principal como Extens\u00e3o, sendo sua dura\u00e7\u00e3o de 30\/01\/2023 at\u00e9 30\/01\/2028; sendo registrado pelo processo de n\u00famero 23081.012120\/2023-05. Atualmente encontra-se em andamento.<\/p>\n<p>Palavras-chave: Pesquisa sobre desigualdades, Divulga\u00e7\u00e3o cient\u00edfica, Classe, G\u00eanero<\/p>\n","protected":false},"excerpt":{"rendered":"<p>O programa de extens\u00e3o \u201cObservat\u00f3rio da Desigualdade\u201d busca articular a investiga\u00e7\u00e3o sociol\u00f3gica sobre a desigualdade de classe, g\u00eanero e ra\u00e7a com a extens\u00e3o universit\u00e1ria, envolvendo a\u00e7\u00f5es de forma\u00e7\u00e3o e divulga\u00e7\u00e3o cient\u00edfica acerca da compreens\u00e3o sociol\u00f3gica do fen\u00f4meno da desigualdade. Possui sua classifica\u00e7\u00e3o principal como Extens\u00e3o, sendo sua dura\u00e7\u00e3o de 30\/01\/2023 at\u00e9 30\/01\/2028; sendo registrado pelo [&hellip;]<\/p>\n","protected":false},"author":7582,"featured_media":0,"parent":0,"menu_order":0,"comment_status":"closed","ping_status":"closed","template":"","meta":{"footnotes":""},"categories":[],"tags":[],"class_list":["post-195","page","type-page","status-publish","hentry"],"acf":[],"_links":{"self":[{"href":"https:\/\/www.ufsm.br\/projetos\/extensao\/observatorio-da-desigualdade\/wp-json\/wp\/v2\/pages\/195","targetHints":{"allow":["GET"]}}],"collection":[{"href":"https:\/\/www.ufsm.br\/projetos\/extensao\/observatorio-da-desigualdade\/wp-json\/wp\/v2\/pages"}],"about":[{"href":"https:\/\/www.ufsm.br\/projetos\/extensao\/observatorio-da-desigualdade\/wp-json\/wp\/v2\/types\/page"}],"author":[{"embeddable":true,"href":"https:\/\/www.ufsm.br\/projetos\/extensao\/observatorio-da-desigualdade\/wp-json\/wp\/v2\/users\/7582"}],"replies":[{"embeddable":true,"href":"https:\/\/www.ufsm.br\/projetos\/extensao\/observatorio-da-desigualdade\/wp-json\/wp\/v2\/comments?post=195"}],"version-history":[{"count":0,"href":"https:\/\/www.ufsm.br\/projetos\/extensao\/observatorio-da-desigualdade\/wp-json\/wp\/v2\/pages\/195\/revisions"}],"wp:attachment":[{"href":"https:\/\/www.ufsm.br\/projetos\/extensao\/observatorio-da-desigualdade\/wp-json\/wp\/v2\/media?parent=195"}],"wp:term":[{"taxonomy":"category","embeddable":true,"href":"https:\/\/www.ufsm.br\/projetos\/extensao\/observatorio-da-desigualdade\/wp-json\/wp\/v2\/categories?post=195"},{"taxonomy":"post_tag","embeddable":true,"href":"https:\/\/www.ufsm.br\/projetos\/extensao\/observatorio-da-desigualdade\/wp-json\/wp\/v2\/tags?post=195"}],"curies":[{"name":"wp","href":"https:\/\/api.w.org\/{rel}","templated":true}]}}