{"id":5,"date":"2018-01-18T08:39:17","date_gmt":"2018-01-18T10:39:17","guid":{"rendered":"https:\/\/www.ufsm.br\/cursos\/graduacao\/nutricao\/12352\/?page_id=5"},"modified":"2023-12-06T10:16:28","modified_gmt":"2023-12-06T13:16:28","slug":"pagina-inicial","status":"publish","type":"page","link":"https:\/\/www.ufsm.br\/projetos\/extensao\/observatorio-da-desigualdade\/","title":{"rendered":"P\u00e1gina Inicial"},"content":{"rendered":"\t\t<div data-elementor-type=\"wp-post\" data-elementor-id=\"5\" class=\"elementor elementor-5\">\n\t\t\t\t\t\t<section class=\"elementor-section elementor-top-section elementor-element elementor-element-f6a61e1 elementor-section-boxed elementor-section-height-default elementor-section-height-default\" data-id=\"f6a61e1\" data-element_type=\"section\">\n\t\t\t\t\t\t<div class=\"elementor-container elementor-column-gap-default\">\n\t\t\t\t\t<div class=\"elementor-column elementor-col-100 elementor-top-column elementor-element elementor-element-81ce27f\" data-id=\"81ce27f\" data-element_type=\"column\" data-settings=\"{&quot;background_background&quot;:&quot;slideshow&quot;,&quot;background_slideshow_gallery&quot;:[{&quot;id&quot;:&quot;175&quot;,&quot;url&quot;:&quot;https:\\\/\\\/www.ufsm.br\\\/app\\\/uploads\\\/sites\\\/919\\\/2023\\\/11\\\/3-1.jpg&quot;},{&quot;id&quot;:&quot;176&quot;,&quot;url&quot;:&quot;https:\\\/\\\/www.ufsm.br\\\/app\\\/uploads\\\/sites\\\/919\\\/2023\\\/11\\\/4-1.jpg&quot;},{&quot;id&quot;:&quot;177&quot;,&quot;url&quot;:&quot;https:\\\/\\\/www.ufsm.br\\\/app\\\/uploads\\\/sites\\\/919\\\/2023\\\/11\\\/5-1.jpg&quot;},{&quot;id&quot;:&quot;178&quot;,&quot;url&quot;:&quot;https:\\\/\\\/www.ufsm.br\\\/app\\\/uploads\\\/sites\\\/919\\\/2023\\\/11\\\/6-1.jpg&quot;},{&quot;id&quot;:&quot;179&quot;,&quot;url&quot;:&quot;https:\\\/\\\/www.ufsm.br\\\/app\\\/uploads\\\/sites\\\/919\\\/2023\\\/11\\\/22-1.jpg&quot;},{&quot;id&quot;:&quot;180&quot;,&quot;url&quot;:&quot;https:\\\/\\\/www.ufsm.br\\\/app\\\/uploads\\\/sites\\\/919\\\/2023\\\/11\\\/capasite-1.jpg&quot;}],&quot;background_slideshow_loop&quot;:&quot;yes&quot;,&quot;background_slideshow_slide_duration&quot;:5000,&quot;background_slideshow_slide_transition&quot;:&quot;fade&quot;,&quot;background_slideshow_transition_duration&quot;:500}\">\n\t\t\t<div class=\"elementor-widget-wrap elementor-element-populated\">\n\t\t\t\t\t\t<div class=\"elementor-element elementor-element-ac53a98 elementor-widget elementor-widget-spacer\" data-id=\"ac53a98\" data-element_type=\"widget\" data-widget_type=\"spacer.default\">\n\t\t\t\t<div class=\"elementor-widget-container\">\n\t\t\t\t\t<div class=\"elementor-spacer\">\n\t\t\t<div class=\"elementor-spacer-inner\"><\/div>\n\t\t<\/div>\n\t\t\t\t<\/div>\n\t\t\t\t<\/div>\n\t\t\t\t\t<\/div>\n\t\t<\/div>\n\t\t\t\t\t<\/div>\n\t\t<\/section>\n\t\t\t\t<section class=\"elementor-section elementor-top-section elementor-element elementor-element-e5bcc64 elementor-section-boxed elementor-section-height-default elementor-section-height-default\" data-id=\"e5bcc64\" data-element_type=\"section\">\n\t\t\t\t\t\t<div class=\"elementor-container elementor-column-gap-default\">\n\t\t\t\t\t<div class=\"elementor-column elementor-col-100 elementor-top-column elementor-element elementor-element-c09ac3d\" data-id=\"c09ac3d\" data-element_type=\"column\">\n\t\t\t<div class=\"elementor-widget-wrap elementor-element-populated\">\n\t\t\t\t\t\t<div class=\"elementor-element elementor-element-9bf8518 elementor-widget elementor-widget-heading\" data-id=\"9bf8518\" data-element_type=\"widget\" data-widget_type=\"heading.default\">\n\t\t\t\t<div class=\"elementor-widget-container\">\n\t\t\t<h5 class=\"elementor-heading-title elementor-size-default\">APRESENTA\u00c7\u00c3O<\/h5>\t\t<\/div>\n\t\t\t\t<\/div>\n\t\t\t\t\t<\/div>\n\t\t<\/div>\n\t\t\t\t\t<\/div>\n\t\t<\/section>\n\t\t\t\t<section class=\"elementor-section elementor-top-section elementor-element elementor-element-bd87bcd elementor-section-boxed elementor-section-height-default elementor-section-height-default\" data-id=\"bd87bcd\" data-element_type=\"section\">\n\t\t\t\t\t\t<div class=\"elementor-container elementor-column-gap-default\">\n\t\t\t\t\t<div class=\"elementor-column elementor-col-100 elementor-top-column elementor-element elementor-element-ce7356f\" data-id=\"ce7356f\" data-element_type=\"column\">\n\t\t\t<div class=\"elementor-widget-wrap elementor-element-populated\">\n\t\t\t\t\t\t<div class=\"elementor-element elementor-element-8cdb41a elementor-widget elementor-widget-text-editor\" data-id=\"8cdb41a\" data-element_type=\"widget\" data-widget_type=\"text-editor.default\">\n\t\t\t\t<div class=\"elementor-widget-container\">\n\t\t\t\t\t\t\t<p>Partindo da compreens\u00e3o de que a desigualdade se constitui no principal problema enfrentado&nbsp;<span style=\"color: #000000;font-size: 1rem;font-weight: var( --e-global-typography-text-font-weight );text-align: var(--bs-body-text-align)\">pela sociedade brasileira, o Observat\u00f3rio da Desigualdade busca articular a investiga\u00e7\u00e3o sociol\u00f3gica das&nbsp;<\/span><span style=\"color: #000000;font-size: 1rem;font-weight: var( --e-global-typography-text-font-weight );text-align: var(--bs-body-text-align)\">dimens\u00f5es materiais e simb\u00f3licas deste fen\u00f4meno cr\u00f4nico com o ensino e a extens\u00e3o universit\u00e1ria. Ou&nbsp;<\/span><span style=\"color: #000000;font-size: 1rem;font-weight: var( --e-global-typography-text-font-weight );text-align: var(--bs-body-text-align)\">seja, a desigualdade tende a assumir uma fei\u00e7\u00e3o naturalizada que elide da percep\u00e7\u00e3o da grande maioria&nbsp;<\/span><span style=\"color: #000000;font-size: 1rem;font-weight: var( --e-global-typography-text-font-weight );text-align: var(--bs-body-text-align)\">da popula\u00e7\u00e3o a compreens\u00e3o das l\u00f3gicas sociais que presidem sua cont\u00ednua produ\u00e7\u00e3o e reprodu\u00e7\u00e3o.&nbsp;<\/span><span style=\"color: #000000;font-size: 1rem;font-weight: var( --e-global-typography-text-font-weight );text-align: var(--bs-body-text-align)\">Com efeito, a naturaliza\u00e7\u00e3o da desigualdade pode ser objeto de narrativas de cunho ideol\u00f3gico que&nbsp;<\/span><span style=\"color: #000000;font-size: 1rem;font-weight: var( --e-global-typography-text-font-weight );text-align: var(--bs-body-text-align)\">acabam por justificar sua preval\u00eancia muitas vezes sob o benepl\u00e1cito do discurso da meritocracia. Nesse&nbsp;<\/span><span style=\"color: #000000;font-size: 1rem;font-weight: var( --e-global-typography-text-font-weight );text-align: var(--bs-body-text-align)\">sentido, o s\u00edtio do Observat\u00f3rio da Desigualdade, contempla a face extensionista do programa de&nbsp;<\/span><span style=\"color: #000000;font-size: 1rem;font-weight: var( --e-global-typography-text-font-weight );text-align: var(--bs-body-text-align)\">pesquisa, ensino e extens\u00e3o. Destina-se aos p\u00fablicos leigos, divulgando dados, informa\u00e7\u00f5es e&nbsp;<\/span><span style=\"color: #000000;font-size: 1rem;font-weight: var( --e-global-typography-text-font-weight );text-align: var(--bs-body-text-align)\">an\u00e1lises sobre o fen\u00f4meno em tela procurando evidenciar e desnaturalizar as l\u00f3gicas sociais que&nbsp;<\/span><span style=\"color: #000000;font-size: 1rem;font-weight: var( --e-global-typography-text-font-weight );text-align: var(--bs-body-text-align)\">concorrem para a (re)produ\u00e7\u00e3o de desigualdade em suas m\u00faltiplas formas.<\/span><\/p>\t\t\t\t\t\t<\/div>\n\t\t\t\t<\/div>\n\t\t\t\t\t<\/div>\n\t\t<\/div>\n\t\t\t\t\t<\/div>\n\t\t<\/section>\n\t\t\t\t<section class=\"elementor-section elementor-top-section elementor-element elementor-element-45edbc6 elementor-section-boxed elementor-section-height-default elementor-section-height-default\" data-id=\"45edbc6\" data-element_type=\"section\">\n\t\t\t\t\t\t<div class=\"elementor-container elementor-column-gap-default\">\n\t\t\t\t\t<div class=\"elementor-column elementor-col-100 elementor-top-column elementor-element elementor-element-b55e04a\" data-id=\"b55e04a\" data-element_type=\"column\">\n\t\t\t<div class=\"elementor-widget-wrap elementor-element-populated\">\n\t\t\t\t\t\t<div class=\"elementor-element elementor-element-47857f6 elementor-widget elementor-widget-heading\" data-id=\"47857f6\" data-element_type=\"widget\" data-widget_type=\"heading.default\">\n\t\t\t\t<div class=\"elementor-widget-container\">\n\t\t\t<h5 class=\"elementor-heading-title elementor-size-default\">MEMBROS<\/h5>\t\t<\/div>\n\t\t\t\t<\/div>\n\t\t\t\t\t<\/div>\n\t\t<\/div>\n\t\t\t\t\t<\/div>\n\t\t<\/section>\n\t\t\t\t<section class=\"elementor-section elementor-top-section elementor-element elementor-element-7a9d9cf elementor-section-boxed elementor-section-height-default elementor-section-height-default\" data-id=\"7a9d9cf\" data-element_type=\"section\">\n\t\t\t\t\t\t<div class=\"elementor-container elementor-column-gap-default\">\n\t\t\t\t\t<div class=\"elementor-column elementor-col-100 elementor-top-column elementor-element elementor-element-9615275\" data-id=\"9615275\" data-element_type=\"column\">\n\t\t\t<div class=\"elementor-widget-wrap elementor-element-populated\">\n\t\t\t\t\t\t<div class=\"elementor-element elementor-element-0d8efda elementor-widget elementor-widget-text-editor\" data-id=\"0d8efda\" data-element_type=\"widget\" data-widget_type=\"text-editor.default\">\n\t\t\t\t<div class=\"elementor-widget-container\">\n\t\t\t\t\t\t\t<p dir=\"ltr\"><strong>Pesquisadores:<\/strong><\/p><ul><li dir=\"ltr\"><a href=\"http:\/\/lattes.cnpq.br\/0500517652436194\">Dr\u00aa. Jana\u00edna Xavier do Nascimento<\/a><\/li><li dir=\"ltr\"><a href=\"http:\/\/lattes.cnpq.br\/8290536763719882\">Dr. Ricardo Mayer<\/a><\/li><li dir=\"ltr\"><a href=\"http:\/\/lattes.cnpq.br\/9037176793852786\">Dr\u00aa. Roseane Xavier<\/a><\/li><\/ul><p dir=\"ltr\"><strong>Bolsistas:<\/strong><\/p><ul><li dir=\"ltr\"><span style=\"font-weight: 400\"><a href=\"http:\/\/lattes.cnpq.br\/8016265154223904\">Bruna Lu\u00edsa Vogt Siebeneichler<\/a><\/span><\/li><li dir=\"ltr\"><a href=\"http:\/\/lattes.cnpq.br\/2366170034253530\"><span style=\"font-weight: 400\">Carolina Zambiasi da Silva<\/span><\/a><\/li><li dir=\"ltr\"><a href=\"http:\/\/lattes.cnpq.br\/0534727970209753\"><span style=\"font-weight: 400\">Filipe Leonardi Char\u00e3o<\/span><\/a><\/li><li dir=\"ltr\"><a href=\"http:\/\/lattes.cnpq.br\/9115830795926971\">Jeferson\u00a0Delavusca Gon\u00e7alves<\/a><\/li><\/ul><p dir=\"ltr\"><strong>Participantes:<\/strong><\/p><ul><li><a href=\"http:\/\/lattes.cnpq.br\/2156486955504558\"><span style=\"font-weight: 400\">Bibiana Irala Gomes<\/span><\/a><\/li><li><a href=\"http:\/\/lattes.cnpq.br\/5164964725855906\"><span style=\"font-weight: 400\">Lucas Otesbelgue Henes<\/span><\/a><\/li><\/ul>\t\t\t\t\t\t<\/div>\n\t\t\t\t<\/div>\n\t\t\t\t\t<\/div>\n\t\t<\/div>\n\t\t\t\t\t<\/div>\n\t\t<\/section>\n\t\t\t\t<section class=\"elementor-section elementor-top-section elementor-element elementor-element-3b403a9 elementor-section-boxed elementor-section-height-default elementor-section-height-default\" data-id=\"3b403a9\" data-element_type=\"section\">\n\t\t\t\t\t\t<div class=\"elementor-container elementor-column-gap-default\">\n\t\t\t\t\t<div class=\"elementor-column elementor-col-100 elementor-top-column elementor-element elementor-element-b936685\" data-id=\"b936685\" data-element_type=\"column\">\n\t\t\t<div class=\"elementor-widget-wrap elementor-element-populated\">\n\t\t\t\t\t\t<div class=\"elementor-element elementor-element-d4b39ea elementor-widget elementor-widget-heading\" data-id=\"d4b39ea\" data-element_type=\"widget\" data-widget_type=\"heading.default\">\n\t\t\t\t<div class=\"elementor-widget-container\">\n\t\t\t<h5 class=\"elementor-heading-title elementor-size-default\">PESQUISA<\/h5>\t\t<\/div>\n\t\t\t\t<\/div>\n\t\t\t\t\t<\/div>\n\t\t<\/div>\n\t\t\t\t\t<\/div>\n\t\t<\/section>\n\t\t\t\t<section class=\"elementor-section elementor-top-section elementor-element elementor-element-2dc5823 elementor-section-boxed elementor-section-height-default elementor-section-height-default\" data-id=\"2dc5823\" data-element_type=\"section\">\n\t\t\t\t\t\t<div class=\"elementor-container elementor-column-gap-default\">\n\t\t\t\t\t<div class=\"elementor-column elementor-col-100 elementor-top-column elementor-element elementor-element-0191f52\" data-id=\"0191f52\" data-element_type=\"column\">\n\t\t\t<div class=\"elementor-widget-wrap elementor-element-populated\">\n\t\t\t\t\t\t<div class=\"elementor-element elementor-element-ec7bd78 elementor-widget elementor-widget-text-editor\" data-id=\"ec7bd78\" data-element_type=\"widget\" data-widget_type=\"text-editor.default\">\n\t\t\t\t<div class=\"elementor-widget-container\">\n\t\t\t\t\t\t\t<p>Em desenvolvimento&#8230;<\/p>\t\t\t\t\t\t<\/div>\n\t\t\t\t<\/div>\n\t\t\t\t\t<\/div>\n\t\t<\/div>\n\t\t\t\t\t<\/div>\n\t\t<\/section>\n\t\t\t\t<section class=\"elementor-section elementor-top-section elementor-element elementor-element-066c9c2 elementor-section-boxed elementor-section-height-default elementor-section-height-default\" data-id=\"066c9c2\" data-element_type=\"section\">\n\t\t\t\t\t\t<div class=\"elementor-container elementor-column-gap-default\">\n\t\t\t\t\t<div class=\"elementor-column elementor-col-100 elementor-top-column elementor-element elementor-element-ad5d8f1\" data-id=\"ad5d8f1\" data-element_type=\"column\">\n\t\t\t<div class=\"elementor-widget-wrap elementor-element-populated\">\n\t\t\t\t\t\t<div class=\"elementor-element elementor-element-36b20d0 elementor-widget elementor-widget-heading\" data-id=\"36b20d0\" data-element_type=\"widget\" data-widget_type=\"heading.default\">\n\t\t\t\t<div class=\"elementor-widget-container\">\n\t\t\t<h5 class=\"elementor-heading-title elementor-size-default\">ENSINO<\/h5>\t\t<\/div>\n\t\t\t\t<\/div>\n\t\t\t\t\t<\/div>\n\t\t<\/div>\n\t\t\t\t\t<\/div>\n\t\t<\/section>\n\t\t\t\t<section class=\"elementor-section elementor-top-section elementor-element elementor-element-20805ef elementor-section-boxed elementor-section-height-default elementor-section-height-default\" data-id=\"20805ef\" data-element_type=\"section\">\n\t\t\t\t\t\t<div class=\"elementor-container elementor-column-gap-default\">\n\t\t\t\t\t<div class=\"elementor-column elementor-col-100 elementor-top-column elementor-element elementor-element-8f88023\" data-id=\"8f88023\" data-element_type=\"column\">\n\t\t\t<div class=\"elementor-widget-wrap elementor-element-populated\">\n\t\t\t\t\t\t<div class=\"elementor-element elementor-element-ca0ca0c elementor-widget elementor-widget-text-editor\" data-id=\"ca0ca0c\" data-element_type=\"widget\" data-widget_type=\"text-editor.default\">\n\t\t\t\t<div class=\"elementor-widget-container\">\n\t\t\t\t\t\t\t<p>Em desenvolvimento&#8230;<\/p>\t\t\t\t\t\t<\/div>\n\t\t\t\t<\/div>\n\t\t\t\t\t<\/div>\n\t\t<\/div>\n\t\t\t\t\t<\/div>\n\t\t<\/section>\n\t\t\t\t<section class=\"elementor-section elementor-top-section elementor-element elementor-element-61291ed elementor-section-boxed elementor-section-height-default elementor-section-height-default\" data-id=\"61291ed\" data-element_type=\"section\">\n\t\t\t\t\t\t<div class=\"elementor-container elementor-column-gap-default\">\n\t\t\t\t\t<div class=\"elementor-column elementor-col-100 elementor-top-column elementor-element elementor-element-8e60431\" data-id=\"8e60431\" data-element_type=\"column\">\n\t\t\t<div class=\"elementor-widget-wrap elementor-element-populated\">\n\t\t\t\t\t\t<div class=\"elementor-element elementor-element-de4a2c6 elementor-widget elementor-widget-heading\" data-id=\"de4a2c6\" data-element_type=\"widget\" data-widget_type=\"heading.default\">\n\t\t\t\t<div class=\"elementor-widget-container\">\n\t\t\t<h5 class=\"elementor-heading-title elementor-size-default\">EXTENS\u00c3O<\/h5>\t\t<\/div>\n\t\t\t\t<\/div>\n\t\t\t\t\t<\/div>\n\t\t<\/div>\n\t\t\t\t\t<\/div>\n\t\t<\/section>\n\t\t\t\t<section class=\"elementor-section elementor-top-section elementor-element elementor-element-67032b6 elementor-section-boxed elementor-section-height-default elementor-section-height-default\" data-id=\"67032b6\" data-element_type=\"section\">\n\t\t\t\t\t\t<div class=\"elementor-container elementor-column-gap-default\">\n\t\t\t\t\t<div class=\"elementor-column elementor-col-100 elementor-top-column elementor-element elementor-element-2bf642a\" data-id=\"2bf642a\" data-element_type=\"column\">\n\t\t\t<div class=\"elementor-widget-wrap elementor-element-populated\">\n\t\t\t\t\t\t<div class=\"elementor-element elementor-element-b0b51ff elementor-widget elementor-widget-text-editor\" data-id=\"b0b51ff\" data-element_type=\"widget\" data-widget_type=\"text-editor.default\">\n\t\t\t\t<div class=\"elementor-widget-container\">\n\t\t\t\t\t\t\t<p>Em desenvolvimento&#8230;<\/p>\t\t\t\t\t\t<\/div>\n\t\t\t\t<\/div>\n\t\t\t\t\t<\/div>\n\t\t<\/div>\n\t\t\t\t\t<\/div>\n\t\t<\/section>\n\t\t\t\t<\/div>\n\t\t","protected":false},"excerpt":{"rendered":"<p>APRESENTA\u00c7\u00c3O Partindo da compreens\u00e3o de que a desigualdade se constitui no principal problema enfrentado&nbsp;pela sociedade brasileira, o Observat\u00f3rio da Desigualdade busca articular a investiga\u00e7\u00e3o sociol\u00f3gica das&nbsp;dimens\u00f5es materiais e simb\u00f3licas deste fen\u00f4meno cr\u00f4nico com o ensino e a extens\u00e3o universit\u00e1ria. Ou&nbsp;seja, a desigualdade tende a assumir uma fei\u00e7\u00e3o naturalizada que elide da percep\u00e7\u00e3o da grande maioria&nbsp;da [&hellip;]<\/p>\n","protected":false},"author":8,"featured_media":0,"parent":0,"menu_order":0,"comment_status":"closed","ping_status":"closed","template":"","meta":{"footnotes":""},"categories":[],"tags":[],"class_list":["post-5","page","type-page","status-publish","hentry"],"acf":[],"_links":{"self":[{"href":"https:\/\/www.ufsm.br\/projetos\/extensao\/observatorio-da-desigualdade\/wp-json\/wp\/v2\/pages\/5","targetHints":{"allow":["GET"]}}],"collection":[{"href":"https:\/\/www.ufsm.br\/projetos\/extensao\/observatorio-da-desigualdade\/wp-json\/wp\/v2\/pages"}],"about":[{"href":"https:\/\/www.ufsm.br\/projetos\/extensao\/observatorio-da-desigualdade\/wp-json\/wp\/v2\/types\/page"}],"author":[{"embeddable":true,"href":"https:\/\/www.ufsm.br\/projetos\/extensao\/observatorio-da-desigualdade\/wp-json\/wp\/v2\/users\/8"}],"replies":[{"embeddable":true,"href":"https:\/\/www.ufsm.br\/projetos\/extensao\/observatorio-da-desigualdade\/wp-json\/wp\/v2\/comments?post=5"}],"version-history":[{"count":0,"href":"https:\/\/www.ufsm.br\/projetos\/extensao\/observatorio-da-desigualdade\/wp-json\/wp\/v2\/pages\/5\/revisions"}],"wp:attachment":[{"href":"https:\/\/www.ufsm.br\/projetos\/extensao\/observatorio-da-desigualdade\/wp-json\/wp\/v2\/media?parent=5"}],"wp:term":[{"taxonomy":"category","embeddable":true,"href":"https:\/\/www.ufsm.br\/projetos\/extensao\/observatorio-da-desigualdade\/wp-json\/wp\/v2\/categories?post=5"},{"taxonomy":"post_tag","embeddable":true,"href":"https:\/\/www.ufsm.br\/projetos\/extensao\/observatorio-da-desigualdade\/wp-json\/wp\/v2\/tags?post=5"}],"curies":[{"name":"wp","href":"https:\/\/api.w.org\/{rel}","templated":true}]}}