{"id":166,"date":"2025-02-27T09:03:19","date_gmt":"2025-02-27T12:03:19","guid":{"rendered":"https:\/\/www.ufsm.br\/projetos\/extensao\/observatorio\/?page_id=166"},"modified":"2025-03-01T09:02:16","modified_gmt":"2025-03-01T12:02:16","slug":"informacoes-gerais","status":"publish","type":"page","link":"https:\/\/www.ufsm.br\/projetos\/extensao\/observatorio\/informacoes-gerais","title":{"rendered":"Sobre"},"content":{"rendered":"\t\t<div data-elementor-type=\"wp-page\" data-elementor-id=\"166\" class=\"elementor elementor-166\">\n\t\t\t\t\t\t<section class=\"elementor-section elementor-top-section elementor-element elementor-element-167316e elementor-section-boxed elementor-section-height-default elementor-section-height-default\" data-id=\"167316e\" data-element_type=\"section\">\n\t\t\t\t\t\t<div class=\"elementor-container elementor-column-gap-default\">\n\t\t\t\t\t<div class=\"elementor-column elementor-col-100 elementor-top-column elementor-element elementor-element-9965553\" data-id=\"9965553\" data-element_type=\"column\">\n\t\t\t<div class=\"elementor-widget-wrap elementor-element-populated\">\n\t\t\t\t\t\t<div class=\"elementor-element elementor-element-b2b201e elementor-widget elementor-widget-image\" data-id=\"b2b201e\" data-element_type=\"widget\" data-widget_type=\"image.default\">\n\t\t\t\t<div class=\"elementor-widget-container\">\n\t\t\t\t\t\t\t\t\t\t\t\t\t<img fetchpriority=\"high\" decoding=\"async\" width=\"378\" height=\"147\" src=\"https:\/\/www.ufsm.br\/app\/uploads\/sites\/959\/2025\/03\/logo-AUGM-1-1.jpg\" class=\"attachment-large size-large wp-image-178\" alt=\"\" srcset=\"https:\/\/www.ufsm.br\/app\/uploads\/sites\/959\/2025\/03\/logo-AUGM-1-1.jpg 378w, https:\/\/www.ufsm.br\/app\/uploads\/sites\/959\/2025\/03\/logo-AUGM-1-1-300x117.jpg 300w\" sizes=\"(max-width: 378px) 100vw, 378px\" \/>\t\t\t\t\t\t\t\t\t\t\t\t\t<\/div>\n\t\t\t\t<\/div>\n\t\t\t\t<div class=\"elementor-element elementor-element-ee89f31 elementor-widget elementor-widget-heading\" data-id=\"ee89f31\" data-element_type=\"widget\" data-widget_type=\"heading.default\">\n\t\t\t\t<div class=\"elementor-widget-container\">\n\t\t\t<h2 class=\"elementor-heading-title elementor-size-default\">Observat\u00f3rio Sul-Americano de Patrim\u00f4nio, Lugares, Humanidades e Artes \u2013 OPLHAr\/AUGM<\/h2>\t\t<\/div>\n\t\t\t\t<\/div>\n\t\t\t\t\t<\/div>\n\t\t<\/div>\n\t\t\t\t\t<\/div>\n\t\t<\/section>\n\t\t\t\t<section class=\"elementor-section elementor-top-section elementor-element elementor-element-badb6b6 elementor-section-boxed elementor-section-height-default elementor-section-height-default\" data-id=\"badb6b6\" data-element_type=\"section\">\n\t\t\t\t\t\t<div class=\"elementor-container elementor-column-gap-default\">\n\t\t\t\t\t<div class=\"elementor-column elementor-col-50 elementor-top-column elementor-element elementor-element-ff88ff1\" data-id=\"ff88ff1\" data-element_type=\"column\">\n\t\t\t<div class=\"elementor-widget-wrap elementor-element-populated\">\n\t\t\t\t\t\t<div class=\"elementor-element elementor-element-e30b6d2 elementor-widget elementor-widget-heading\" data-id=\"e30b6d2\" data-element_type=\"widget\" data-widget_type=\"heading.default\">\n\t\t\t\t<div class=\"elementor-widget-container\">\n\t\t\t<h2 class=\"elementor-heading-title elementor-size-default\">MISS\u00c3O<\/h2>\t\t<\/div>\n\t\t\t\t<\/div>\n\t\t\t\t\t<\/div>\n\t\t<\/div>\n\t\t\t\t<div class=\"elementor-column elementor-col-50 elementor-top-column elementor-element elementor-element-7a209fb\" data-id=\"7a209fb\" data-element_type=\"column\">\n\t\t\t<div class=\"elementor-widget-wrap elementor-element-populated\">\n\t\t\t\t\t\t<div class=\"elementor-element elementor-element-23de038 elementor-widget elementor-widget-heading\" data-id=\"23de038\" data-element_type=\"widget\" data-widget_type=\"heading.default\">\n\t\t\t\t<div class=\"elementor-widget-container\">\n\t\t\t<h2 class=\"elementor-heading-title elementor-size-default\">VIS\u00c3O<\/h2>\t\t<\/div>\n\t\t\t\t<\/div>\n\t\t\t\t\t<\/div>\n\t\t<\/div>\n\t\t\t\t\t<\/div>\n\t\t<\/section>\n\t\t\t\t<section class=\"elementor-section elementor-top-section elementor-element elementor-element-fd1b92a elementor-section-boxed elementor-section-height-default elementor-section-height-default\" data-id=\"fd1b92a\" data-element_type=\"section\">\n\t\t\t\t\t\t<div class=\"elementor-container elementor-column-gap-default\">\n\t\t\t\t\t<div class=\"elementor-column elementor-col-50 elementor-top-column elementor-element elementor-element-b66b9d5\" data-id=\"b66b9d5\" data-element_type=\"column\">\n\t\t\t<div class=\"elementor-widget-wrap elementor-element-populated\">\n\t\t\t\t\t\t<div class=\"elementor-element elementor-element-7d6be7f elementor-widget elementor-widget-text-editor\" data-id=\"7d6be7f\" data-element_type=\"widget\" data-widget_type=\"text-editor.default\">\n\t\t\t\t<div class=\"elementor-widget-container\">\n\t\t\t\t\t\t\t<p style=\"padding-left: 40px\"><span style=\"font-size: 12pt;font-family: Arial,sans-serif;color: #000000;background-color: transparent;font-weight: 400;font-style: normal;font-variant: normal;text-decoration: none;vertical-align: baseline\">Promover a coopera\u00e7\u00e3o entre os pa\u00edses sul-americanos. Coletar e compilar dados sobre programas acad\u00eamicos de forma\u00e7\u00e3o e extens\u00e3o voltados para a sustentabilidade, atrav\u00e9s das Ci\u00eancias das Humanidades. Reunir informa\u00e7\u00f5es sobre experi\u00eancias de intera\u00e7\u00e3o e transdisciplinaridade entre a academia e as comunidades. Promover o interc\u00e2mbio de experi\u00eancias e a forma\u00e7\u00e3o de recursos humanos de alto n\u00edvel nessa \u00e1rea.<\/span><\/p>\t\t\t\t\t\t<\/div>\n\t\t\t\t<\/div>\n\t\t\t\t\t<\/div>\n\t\t<\/div>\n\t\t\t\t<div class=\"elementor-column elementor-col-50 elementor-top-column elementor-element elementor-element-4f55fcb\" data-id=\"4f55fcb\" data-element_type=\"column\">\n\t\t\t<div class=\"elementor-widget-wrap elementor-element-populated\">\n\t\t\t\t\t\t<div class=\"elementor-element elementor-element-415e2d9 elementor-widget__width-initial elementor-widget elementor-widget-text-editor\" data-id=\"415e2d9\" data-element_type=\"widget\" data-widget_type=\"text-editor.default\">\n\t\t\t\t<div class=\"elementor-widget-container\">\n\t\t\t\t\t\t\t<p style=\"padding-left: 40px;text-align: center\"><span style=\"font-weight: 400\">Transformar o espa\u00e7o do Observat\u00f3rio Sul-Americano de Patrim\u00f4nio, Lugares, Humanidades e Artes (OPLHAr) em um centro de refer\u00eancia na forma\u00e7\u00e3o e extens\u00e3o no \u00e2mbito da Gest\u00e3o Cultural Integrada das Paisagens, contribuindo, a partir da perspectiva integradora das Humanidades, para o desenvolvimento de estudos cient\u00edficos e a elabora\u00e7\u00e3o de pol\u00edticas p\u00fablicas que promovam a igualdade e o bem-estar das comunidades e da popula\u00e7\u00e3o nos pa\u00edses da regi\u00e3o.<\/span><\/p>\t\t\t\t\t\t<\/div>\n\t\t\t\t<\/div>\n\t\t\t\t\t<\/div>\n\t\t<\/div>\n\t\t\t\t\t<\/div>\n\t\t<\/section>\n\t\t\t\t<section class=\"elementor-section elementor-top-section elementor-element elementor-element-35d8875 elementor-section-boxed elementor-section-height-default elementor-section-height-default\" data-id=\"35d8875\" data-element_type=\"section\">\n\t\t\t\t\t\t<div class=\"elementor-container elementor-column-gap-default\">\n\t\t\t\t\t<div class=\"elementor-column elementor-col-100 elementor-top-column elementor-element elementor-element-75cd688\" data-id=\"75cd688\" data-element_type=\"column\">\n\t\t\t<div class=\"elementor-widget-wrap\">\n\t\t\t\t\t\t\t<\/div>\n\t\t<\/div>\n\t\t\t\t\t<\/div>\n\t\t<\/section>\n\t\t\t\t<\/div>\n\t\t","protected":false},"excerpt":{"rendered":"<p>Observat\u00f3rio Sul-Americano de Patrim\u00f4nio, Lugares, Humanidades e Artes \u2013 OPLHAr\/AUGM MISS\u00c3O VIS\u00c3O Promover a coopera\u00e7\u00e3o entre os pa\u00edses sul-americanos. Coletar e compilar dados sobre programas acad\u00eamicos de forma\u00e7\u00e3o e extens\u00e3o voltados para a sustentabilidade, atrav\u00e9s das Ci\u00eancias das Humanidades. Reunir informa\u00e7\u00f5es sobre experi\u00eancias de intera\u00e7\u00e3o e transdisciplinaridade entre a academia e as comunidades. Promover o [&hellip;]<\/p>\n","protected":false},"author":2311,"featured_media":0,"parent":0,"menu_order":0,"comment_status":"closed","ping_status":"closed","template":"","meta":{"footnotes":""},"categories":[],"tags":[],"class_list":["post-166","page","type-page","status-publish","hentry"],"acf":[],"_links":{"self":[{"href":"https:\/\/www.ufsm.br\/projetos\/extensao\/observatorio\/wp-json\/wp\/v2\/pages\/166","targetHints":{"allow":["GET"]}}],"collection":[{"href":"https:\/\/www.ufsm.br\/projetos\/extensao\/observatorio\/wp-json\/wp\/v2\/pages"}],"about":[{"href":"https:\/\/www.ufsm.br\/projetos\/extensao\/observatorio\/wp-json\/wp\/v2\/types\/page"}],"author":[{"embeddable":true,"href":"https:\/\/www.ufsm.br\/projetos\/extensao\/observatorio\/wp-json\/wp\/v2\/users\/2311"}],"replies":[{"embeddable":true,"href":"https:\/\/www.ufsm.br\/projetos\/extensao\/observatorio\/wp-json\/wp\/v2\/comments?post=166"}],"version-history":[{"count":0,"href":"https:\/\/www.ufsm.br\/projetos\/extensao\/observatorio\/wp-json\/wp\/v2\/pages\/166\/revisions"}],"wp:attachment":[{"href":"https:\/\/www.ufsm.br\/projetos\/extensao\/observatorio\/wp-json\/wp\/v2\/media?parent=166"}],"wp:term":[{"taxonomy":"category","embeddable":true,"href":"https:\/\/www.ufsm.br\/projetos\/extensao\/observatorio\/wp-json\/wp\/v2\/categories?post=166"},{"taxonomy":"post_tag","embeddable":true,"href":"https:\/\/www.ufsm.br\/projetos\/extensao\/observatorio\/wp-json\/wp\/v2\/tags?post=166"}],"curies":[{"name":"wp","href":"https:\/\/api.w.org\/{rel}","templated":true}]}}