{"id":200,"date":"2025-03-01T14:05:27","date_gmt":"2025-03-01T17:05:27","guid":{"rendered":"https:\/\/www.ufsm.br\/projetos\/extensao\/observatorio\/?page_id=200"},"modified":"2025-12-13T14:57:59","modified_gmt":"2025-12-13T17:57:59","slug":"atividades","status":"publish","type":"page","link":"https:\/\/www.ufsm.br\/projetos\/extensao\/observatorio\/atividades","title":{"rendered":"Atividades"},"content":{"rendered":"\t\t<div data-elementor-type=\"wp-page\" data-elementor-id=\"200\" class=\"elementor elementor-200\">\n\t\t\t\t\t\t<section class=\"elementor-section elementor-top-section elementor-element elementor-element-79440fd elementor-section-boxed elementor-section-height-default elementor-section-height-default\" data-id=\"79440fd\" data-element_type=\"section\">\n\t\t\t\t\t\t<div class=\"elementor-container elementor-column-gap-default\">\n\t\t\t\t\t<div class=\"elementor-column elementor-col-100 elementor-top-column elementor-element elementor-element-25ad0d4\" data-id=\"25ad0d4\" data-element_type=\"column\">\n\t\t\t<div class=\"elementor-widget-wrap elementor-element-populated\">\n\t\t\t\t\t\t<div class=\"elementor-element elementor-element-91a5919 elementor-widget elementor-widget-heading\" data-id=\"91a5919\" data-element_type=\"widget\" data-widget_type=\"heading.default\">\n\t\t\t\t<div class=\"elementor-widget-container\">\n\t\t\t<h2 class=\"elementor-heading-title elementor-size-default\">UFMS recebeu a 1\u00aa reuni\u00e3o do Observat\u00f3rio de Patrim\u00f4nio, Lugares, Humanidades e Artes da AUGM, em parceria com a UNESCO<\/h2>\t\t<\/div>\n\t\t\t\t<\/div>\n\t\t\t\t<div class=\"elementor-element elementor-element-74fc2c2 elementor-widget elementor-widget-spacer\" data-id=\"74fc2c2\" data-element_type=\"widget\" data-widget_type=\"spacer.default\">\n\t\t\t\t<div class=\"elementor-widget-container\">\n\t\t\t\t\t<div class=\"elementor-spacer\">\n\t\t\t<div class=\"elementor-spacer-inner\"><\/div>\n\t\t<\/div>\n\t\t\t\t<\/div>\n\t\t\t\t<\/div>\n\t\t\t\t<div class=\"elementor-element elementor-element-c86fc12 elementor-widget elementor-widget-image\" data-id=\"c86fc12\" data-element_type=\"widget\" data-widget_type=\"image.default\">\n\t\t\t\t<div class=\"elementor-widget-container\">\n\t\t\t\t\t\t\t\t\t\t\t\t\t<img fetchpriority=\"high\" decoding=\"async\" width=\"1024\" height=\"461\" src=\"https:\/\/www.ufsm.br\/app\/uploads\/sites\/959\/2025\/12\/APHELEIA-1024x461.jpg\" class=\"attachment-large size-large wp-image-230\" alt=\"\" srcset=\"https:\/\/www.ufsm.br\/app\/uploads\/sites\/959\/2025\/12\/APHELEIA-1024x461.jpg 1024w, https:\/\/www.ufsm.br\/app\/uploads\/sites\/959\/2025\/12\/APHELEIA-300x135.jpg 300w, https:\/\/www.ufsm.br\/app\/uploads\/sites\/959\/2025\/12\/APHELEIA-768x346.jpg 768w, https:\/\/www.ufsm.br\/app\/uploads\/sites\/959\/2025\/12\/APHELEIA.jpg 1280w\" sizes=\"(max-width: 1024px) 100vw, 1024px\" \/>\t\t\t\t\t\t\t\t\t\t\t\t\t<\/div>\n\t\t\t\t<\/div>\n\t\t\t\t<div class=\"elementor-element elementor-element-b946fcc elementor-widget elementor-widget-spacer\" data-id=\"b946fcc\" data-element_type=\"widget\" data-widget_type=\"spacer.default\">\n\t\t\t\t<div class=\"elementor-widget-container\">\n\t\t\t\t\t<div class=\"elementor-spacer\">\n\t\t\t<div class=\"elementor-spacer-inner\"><\/div>\n\t\t<\/div>\n\t\t\t\t<\/div>\n\t\t\t\t<\/div>\n\t\t\t\t<div class=\"elementor-element elementor-element-792c89a elementor-widget elementor-widget-text-editor\" data-id=\"792c89a\" data-element_type=\"widget\" data-widget_type=\"text-editor.default\">\n\t\t\t\t<div class=\"elementor-widget-container\">\n\t\t\t\t\t\t\t<p data-start=\"78\" data-end=\"525\">No dia 26 de novembro de 2025, a UFMS em Campo Grande foi palco da abertura do 2\u00ba Semin\u00e1rio Internacional Apheleia Am\u00e9rica do Sul, promovido pela UFMS em parceria com a UNESCO.<\/p><p data-start=\"78\" data-end=\"525\">Na ociasi\u00e3o, ocorreu o 1\u00ba Encontro do Observat\u00f3rio do Patrim\u00f4nio, Lugares, Humanidades e Artes da AUGM. O\u00a0 representante do Observat\u00f3rio e Coordenador do LASCA, prof. Andr\u00e9 Soares, presidiu a mesa que deliberou sobre as institui\u00e7\u00f5es participantes, a organiza\u00e7\u00e3o dos comit\u00eas dentro do Observat\u00f3rio.\u00a0Ainda, foi anunciado a pr\u00f3xima reuni\u00e3o presencial do Observat\u00f3rio juntamente com o 3\u00ba APHELEIA Am\u00e9rica do Sul, em Montevid\u00e9u, Uruguai.\u00a0<\/p><p data-start=\"788\" data-end=\"973\" data-is-last-node=\"\" data-is-only-node=\"\">Confira trecho do evento no link a seguir: <a href=\"https:\/\/youtu.be\/bksPlPH3A3Q?t=10583\">https:\/\/youtu.be\/bksPlPH3A3Q?t=10583<\/a><\/p>\t\t\t\t\t\t<\/div>\n\t\t\t\t<\/div>\n\t\t\t\t\t<\/div>\n\t\t<\/div>\n\t\t\t\t\t<\/div>\n\t\t<\/section>\n\t\t\t\t<section class=\"elementor-section elementor-top-section elementor-element elementor-element-ab0e5d5 elementor-section-boxed elementor-section-height-default elementor-section-height-default\" data-id=\"ab0e5d5\" data-element_type=\"section\">\n\t\t\t\t\t\t<div class=\"elementor-container elementor-column-gap-default\">\n\t\t\t\t\t<div class=\"elementor-column elementor-col-100 elementor-top-column elementor-element elementor-element-49836d3\" data-id=\"49836d3\" data-element_type=\"column\">\n\t\t\t<div class=\"elementor-widget-wrap elementor-element-populated\">\n\t\t\t\t\t\t<div class=\"elementor-element elementor-element-f59589b elementor-widget elementor-widget-heading\" data-id=\"f59589b\" data-element_type=\"widget\" data-widget_type=\"heading.default\">\n\t\t\t\t<div class=\"elementor-widget-container\">\n\t\t\t<h2 class=\"elementor-heading-title elementor-size-default\">1\u00aa reuni\u00e3o do Observat\u00f3rio Sulamericano de Patrim\u00f4nio, Lugares, Humanidades e Artes<br><\/h2>\t\t<\/div>\n\t\t\t\t<\/div>\n\t\t\t\t<div class=\"elementor-element elementor-element-485f2de elementor-widget elementor-widget-text-editor\" data-id=\"485f2de\" data-element_type=\"widget\" data-widget_type=\"text-editor.default\">\n\t\t\t\t<div class=\"elementor-widget-container\">\n\t\t\t\t\t\t\t<p>\u00a0<\/p><p>https:\/\/www.even3.com.br\/ii-semapheleiaam_ms\/<\/p>\t\t\t\t\t\t<\/div>\n\t\t\t\t<\/div>\n\t\t\t\t\t<\/div>\n\t\t<\/div>\n\t\t\t\t\t<\/div>\n\t\t<\/section>\n\t\t\t\t<section class=\"elementor-section elementor-top-section elementor-element elementor-element-5f06939 elementor-section-boxed elementor-section-height-default elementor-section-height-default\" data-id=\"5f06939\" data-element_type=\"section\">\n\t\t\t\t\t\t<div class=\"elementor-container elementor-column-gap-default\">\n\t\t\t\t\t<div class=\"elementor-column elementor-col-50 elementor-top-column elementor-element elementor-element-055fe15\" data-id=\"055fe15\" data-element_type=\"column\">\n\t\t\t<div class=\"elementor-widget-wrap elementor-element-populated\">\n\t\t\t\t\t\t<div class=\"elementor-element elementor-element-942ebd7 elementor-widget elementor-widget-text-editor\" data-id=\"942ebd7\" data-element_type=\"widget\" data-widget_type=\"text-editor.default\">\n\t\t\t\t<div class=\"elementor-widget-container\">\n\t\t\t\t\t\t\t<div>Estimados colegas<\/div><div>La 2.\u00aa Reuni\u00f3n de la organizaci\u00f3n APHELEIA Sudam\u00e9rica,\u00a0<a href=\"https:\/\/www.even3.com.br\/ii-semapheleiaam_ms\/\" target=\"_blank\" rel=\"noopener\" data-saferedirecturl=\"https:\/\/www.google.com\/url?q=https:\/\/www.even3.com.br\/ii-semapheleiaam_ms\/&amp;source=gmail&amp;ust=1762446253769000&amp;usg=AOvVaw3xw1bli0iUQihD7orB0nGW\">https:\/\/www.even3.com.br\/ii-semapheleiaam_ms\/<\/a>, tendr\u00e1 lugar del 26 al 28 de noviembre en Campo Grande, capital del estado de Mato Grosso do Sul, Brasil.<\/div><div>\u00a0En este contexto, invitamos a todos los colegas a participar en nuestra reuni\u00f3n presencial y, por invitaci\u00f3n del secretario de la AUGM, Juan Manuel Sotelo, me pongo a su disposici\u00f3n para brindarles informaci\u00f3n sobre el evento y la estructura de la Universidad Federal de Mato Grosso do Sul.\u00a0<\/div><div>\u00a0<\/div><div><div><span dir=\"auto\">O 2\u00ba Encontro da organiza\u00e7\u00e3o APHELEIA Am\u00e9rica do Sul,\u00a0\u00a0\u00a0<\/span><u><a href=\"https:\/\/www.even3.com.br\/ii-semapheleiaam_ms\/\" target=\"_blank\" rel=\"noopener\" data-saferedirecturl=\"https:\/\/www.google.com\/url?q=https:\/\/www.even3.com.br\/ii-semapheleiaam_ms\/&amp;source=gmail&amp;ust=1762446253769000&amp;usg=AOvVaw3xw1bli0iUQihD7orB0nGW\"><span dir=\"auto\">https:\/\/www.even3.com.br\/ii-semapheleiaam_ms\/\u00a0<\/span><span dir=\"auto\">,<\/span><\/a><\/u><span dir=\"auto\">\u00a0acontecer\u00e1 entre os dias 26 e 28 de novembro em Campo Grande, capital do estado de Mato Grosso do Sul, Brasil.<\/span><\/div><div>\u00a0<\/div><div><span dir=\"auto\">Nesse contexto, convidamos todos os colegas a participarem de nosso encontro presencial e, atendendo ao convite do secret\u00e1rio da AUGM, Juan Manuel Sotelo, estou \u00e0 disposi\u00e7\u00e3o para fornecer informa\u00e7\u00f5es sobre o evento e a estrutura da Universidade Federal de Mato Grosso do Sul.<\/span><\/div><\/div>\t\t\t\t\t\t<\/div>\n\t\t\t\t<\/div>\n\t\t\t\t\t<\/div>\n\t\t<\/div>\n\t\t\t\t<div class=\"elementor-column elementor-col-50 elementor-top-column elementor-element elementor-element-5de60fe\" data-id=\"5de60fe\" data-element_type=\"column\">\n\t\t\t<div class=\"elementor-widget-wrap elementor-element-populated\">\n\t\t\t\t\t\t<div class=\"elementor-element elementor-element-43868bd elementor-widget elementor-widget-image\" data-id=\"43868bd\" data-element_type=\"widget\" data-widget_type=\"image.default\">\n\t\t\t\t<div class=\"elementor-widget-container\">\n\t\t\t\t\t\t\t\t\t\t\t\t\t<img decoding=\"async\" width=\"724\" height=\"1024\" src=\"https:\/\/www.ufsm.br\/app\/uploads\/sites\/959\/2025\/11\/PROGRAMAOCOMPLETA-724x1024.jpg\" class=\"attachment-large size-large wp-image-225\" alt=\"\" srcset=\"https:\/\/www.ufsm.br\/app\/uploads\/sites\/959\/2025\/11\/PROGRAMAOCOMPLETA-724x1024.jpg 724w, https:\/\/www.ufsm.br\/app\/uploads\/sites\/959\/2025\/11\/PROGRAMAOCOMPLETA-212x300.jpg 212w, https:\/\/www.ufsm.br\/app\/uploads\/sites\/959\/2025\/11\/PROGRAMAOCOMPLETA-768x1086.jpg 768w, https:\/\/www.ufsm.br\/app\/uploads\/sites\/959\/2025\/11\/PROGRAMAOCOMPLETA-1086x1536.jpg 1086w, https:\/\/www.ufsm.br\/app\/uploads\/sites\/959\/2025\/11\/PROGRAMAOCOMPLETA.jpg 1414w\" sizes=\"(max-width: 724px) 100vw, 724px\" \/>\t\t\t\t\t\t\t\t\t\t\t\t\t<\/div>\n\t\t\t\t<\/div>\n\t\t\t\t\t<\/div>\n\t\t<\/div>\n\t\t\t\t\t<\/div>\n\t\t<\/section>\n\t\t\t\t<section class=\"elementor-section elementor-top-section elementor-element elementor-element-a3f96c1 elementor-section-boxed elementor-section-height-default elementor-section-height-default\" data-id=\"a3f96c1\" data-element_type=\"section\">\n\t\t\t\t\t\t<div class=\"elementor-container elementor-column-gap-default\">\n\t\t\t\t\t<div class=\"elementor-column elementor-col-100 elementor-top-column elementor-element elementor-element-b08c635\" data-id=\"b08c635\" data-element_type=\"column\">\n\t\t\t<div class=\"elementor-widget-wrap elementor-element-populated\">\n\t\t\t\t\t\t<div class=\"elementor-element elementor-element-8ec76cf elementor-widget elementor-widget-image\" data-id=\"8ec76cf\" data-element_type=\"widget\" data-widget_type=\"image.default\">\n\t\t\t\t<div class=\"elementor-widget-container\">\n\t\t\t\t\t\t\t\t\t\t\t\t\t<img decoding=\"async\" width=\"1024\" height=\"150\" src=\"https:\/\/www.ufsm.br\/app\/uploads\/sites\/959\/2025\/03\/banner_escala_augm_v2_1-1.jpg\" class=\"attachment-large size-large wp-image-197\" alt=\"\" srcset=\"https:\/\/www.ufsm.br\/app\/uploads\/sites\/959\/2025\/03\/banner_escala_augm_v2_1-1.jpg 1024w, https:\/\/www.ufsm.br\/app\/uploads\/sites\/959\/2025\/03\/banner_escala_augm_v2_1-1-300x44.jpg 300w, https:\/\/www.ufsm.br\/app\/uploads\/sites\/959\/2025\/03\/banner_escala_augm_v2_1-1-768x113.jpg 768w\" sizes=\"(max-width: 1024px) 100vw, 1024px\" \/>\t\t\t\t\t\t\t\t\t\t\t\t\t<\/div>\n\t\t\t\t<\/div>\n\t\t\t\t\t<\/div>\n\t\t<\/div>\n\t\t\t\t\t<\/div>\n\t\t<\/section>\n\t\t\t\t<section class=\"elementor-section elementor-top-section elementor-element elementor-element-02f5a09 elementor-section-boxed elementor-section-height-default elementor-section-height-default\" data-id=\"02f5a09\" data-element_type=\"section\">\n\t\t\t\t\t\t<div class=\"elementor-container elementor-column-gap-default\">\n\t\t\t\t\t<div class=\"elementor-column elementor-col-100 elementor-top-column elementor-element elementor-element-e14ac3c\" data-id=\"e14ac3c\" data-element_type=\"column\">\n\t\t\t<div class=\"elementor-widget-wrap elementor-element-populated\">\n\t\t\t\t\t\t<div class=\"elementor-element elementor-element-903103d elementor-widget elementor-widget-heading\" data-id=\"903103d\" data-element_type=\"widget\" data-widget_type=\"heading.default\">\n\t\t\t\t<div class=\"elementor-widget-container\">\n\t\t\t<h2 class=\"elementor-heading-title elementor-size-default\">II\u00ba Semin\u00e1rio Internacional APHELEIA Am\u00e9rica do Sul : Patrim\u00f4nio, Lugares e Sustentabilidade<\/h2>\t\t<\/div>\n\t\t\t\t<\/div>\n\t\t\t\t\t<\/div>\n\t\t<\/div>\n\t\t\t\t\t<\/div>\n\t\t<\/section>\n\t\t\t\t<section class=\"elementor-section elementor-top-section elementor-element elementor-element-96702da elementor-section-boxed elementor-section-height-default elementor-section-height-default\" data-id=\"96702da\" data-element_type=\"section\">\n\t\t\t\t\t\t<div class=\"elementor-container elementor-column-gap-default\">\n\t\t\t\t\t<div class=\"elementor-column elementor-col-100 elementor-top-column elementor-element elementor-element-8902a07\" data-id=\"8902a07\" data-element_type=\"column\">\n\t\t\t<div class=\"elementor-widget-wrap elementor-element-populated\">\n\t\t\t\t\t\t<div class=\"elementor-element elementor-element-1504cfa elementor-widget elementor-widget-text-editor\" data-id=\"1504cfa\" data-element_type=\"widget\" data-widget_type=\"text-editor.default\">\n\t\t\t\t<div class=\"elementor-widget-container\">\n\t\t\t\t\t\t\t<p>Durante o II SEmin\u00e1rio Internacional APHELEIA Am\u00e9rica do Sul acontecer\u00e1 o <strong>1\u00ba Encontro do Observat\u00f3rio de Patrim\u00f4nio, Lugares, Humanidades e Artes\u00a0 da AUGM<\/strong> (Associaci\u00f3n de Universidades del Grupo Montevid\u00e9o).<\/p><p>\u00a0<\/p>\t\t\t\t\t\t<\/div>\n\t\t\t\t<\/div>\n\t\t\t\t\t<\/div>\n\t\t<\/div>\n\t\t\t\t\t<\/div>\n\t\t<\/section>\n\t\t\t\t<section class=\"elementor-section elementor-top-section elementor-element elementor-element-4a0d926 elementor-section-boxed elementor-section-height-default elementor-section-height-default\" data-id=\"4a0d926\" data-element_type=\"section\">\n\t\t\t\t\t\t<div class=\"elementor-container elementor-column-gap-default\">\n\t\t\t\t\t<div class=\"elementor-column elementor-col-100 elementor-top-column elementor-element elementor-element-9ae0844\" data-id=\"9ae0844\" data-element_type=\"column\">\n\t\t\t<div class=\"elementor-widget-wrap elementor-element-populated\">\n\t\t\t\t\t\t<div class=\"elementor-element elementor-element-62f08fa elementor-widget elementor-widget-image\" data-id=\"62f08fa\" data-element_type=\"widget\" data-widget_type=\"image.default\">\n\t\t\t\t<div class=\"elementor-widget-container\">\n\t\t\t\t\t\t\t\t\t\t\t\t\t<img loading=\"lazy\" decoding=\"async\" width=\"1024\" height=\"411\" src=\"https:\/\/www.ufsm.br\/app\/uploads\/sites\/959\/2025\/03\/cartaz-apheleia-1024x411.jpeg\" class=\"attachment-large size-large wp-image-211\" alt=\"\" srcset=\"https:\/\/www.ufsm.br\/app\/uploads\/sites\/959\/2025\/03\/cartaz-apheleia-1024x411.jpeg 1024w, https:\/\/www.ufsm.br\/app\/uploads\/sites\/959\/2025\/03\/cartaz-apheleia-300x120.jpeg 300w, https:\/\/www.ufsm.br\/app\/uploads\/sites\/959\/2025\/03\/cartaz-apheleia-768x308.jpeg 768w, https:\/\/www.ufsm.br\/app\/uploads\/sites\/959\/2025\/03\/cartaz-apheleia.jpeg 1249w\" sizes=\"(max-width: 1024px) 100vw, 1024px\" \/>\t\t\t\t\t\t\t\t\t\t\t\t\t<\/div>\n\t\t\t\t<\/div>\n\t\t\t\t\t<\/div>\n\t\t<\/div>\n\t\t\t\t\t<\/div>\n\t\t<\/section>\n\t\t\t\t<section class=\"elementor-section elementor-top-section elementor-element elementor-element-62a2d83 elementor-section-boxed elementor-section-height-default elementor-section-height-default\" data-id=\"62a2d83\" data-element_type=\"section\">\n\t\t\t\t\t\t<div class=\"elementor-container elementor-column-gap-default\">\n\t\t\t\t\t<div class=\"elementor-column elementor-col-100 elementor-top-column elementor-element elementor-element-c9a113c\" data-id=\"c9a113c\" data-element_type=\"column\">\n\t\t\t<div class=\"elementor-widget-wrap elementor-element-populated\">\n\t\t\t\t\t\t<div class=\"elementor-element elementor-element-23a98c1 elementor-widget elementor-widget-text-editor\" data-id=\"23a98c1\" data-element_type=\"widget\" data-widget_type=\"text-editor.default\">\n\t\t\t\t<div class=\"elementor-widget-container\">\n\t\t\t\t\t\t\t<p style=\"font-weight: 400\">O\u00a0<b><strong>II Semin\u00e1rio Internacional APHELEIA Am\u00e9rica do Sul:\u00a0Patrim\u00f4nio, Lugares e Sustentabilidade\u00a0<\/strong><\/b>acontecer\u00e1 entre os dias 26 e 28 de novembro de 2025 em Campo Grande, Mato Grosso do Sul.\u00a0<\/p><p style=\"font-weight: 400\">O evento reunir\u00e1 professores universit\u00e1rios, alunos de gradua\u00e7\u00e3o e p\u00f3s-gradua\u00e7\u00e3o e a sociedade civil, em car\u00e1ter inter e multidisciplinar<\/p><p style=\"font-weight: 400\">A Associa\u00e7\u00e3o Internacional Apheleia \u00e9 uma rede de pesquisa, inova\u00e7\u00e3o e desenvolvimento, criada em 2014 com o apoio da Comiss\u00e3o Europeia e que rapidamente se disseminou em todos os continentes. A Rede trabalha sobre o contributo espec\u00edfico das Humanidades para a gest\u00e3o territorial e a sustentabilidade, tendo desde o in\u00edcio a colabora\u00e7\u00e3o de pesquisadores do Brasil, designadamente da UNESC e da UFSM. Membro do Conselho Internacional para a Filosofia e as Ci\u00eancias Humanas, a rede Apheleia contribuiu de forma decisiva para a concep\u00e7\u00e3o e cria\u00e7\u00e3o do novo programa da UNESCO, BRIDGES, sobre Humanidades e sustentabilidade. Para saber mais sobre a rede Apheleia, consulte:\u00a0<a href=\"https:\/\/apheleiaproject.org\/\">https:\/\/apheleiaproject.org\/<\/a><\/p><p style=\"font-weight: 400\">Mais informa\u00e7\u00f5es sobre inscri\u00e7\u00f5es e programa\u00e7\u00e3o em breve!<\/p>\t\t\t\t\t\t<\/div>\n\t\t\t\t<\/div>\n\t\t\t\t\t<\/div>\n\t\t<\/div>\n\t\t\t\t\t<\/div>\n\t\t<\/section>\n\t\t\t\t<\/div>\n\t\t","protected":false},"excerpt":{"rendered":"<p>UFMS recebeu a 1\u00aa reuni\u00e3o do Observat\u00f3rio de Patrim\u00f4nio, Lugares, Humanidades e Artes da AUGM, em parceria com a UNESCO No dia 26 de novembro de 2025, a UFMS em Campo Grande foi palco da abertura do 2\u00ba Semin\u00e1rio Internacional Apheleia Am\u00e9rica do Sul, promovido pela UFMS em parceria com a UNESCO. Na ociasi\u00e3o, ocorreu [&hellip;]<\/p>\n","protected":false},"author":2311,"featured_media":0,"parent":0,"menu_order":0,"comment_status":"closed","ping_status":"closed","template":"","meta":{"footnotes":""},"categories":[],"tags":[],"class_list":["post-200","page","type-page","status-publish","hentry"],"acf":[],"_links":{"self":[{"href":"https:\/\/www.ufsm.br\/projetos\/extensao\/observatorio\/wp-json\/wp\/v2\/pages\/200","targetHints":{"allow":["GET"]}}],"collection":[{"href":"https:\/\/www.ufsm.br\/projetos\/extensao\/observatorio\/wp-json\/wp\/v2\/pages"}],"about":[{"href":"https:\/\/www.ufsm.br\/projetos\/extensao\/observatorio\/wp-json\/wp\/v2\/types\/page"}],"author":[{"embeddable":true,"href":"https:\/\/www.ufsm.br\/projetos\/extensao\/observatorio\/wp-json\/wp\/v2\/users\/2311"}],"replies":[{"embeddable":true,"href":"https:\/\/www.ufsm.br\/projetos\/extensao\/observatorio\/wp-json\/wp\/v2\/comments?post=200"}],"version-history":[{"count":0,"href":"https:\/\/www.ufsm.br\/projetos\/extensao\/observatorio\/wp-json\/wp\/v2\/pages\/200\/revisions"}],"wp:attachment":[{"href":"https:\/\/www.ufsm.br\/projetos\/extensao\/observatorio\/wp-json\/wp\/v2\/media?parent=200"}],"wp:term":[{"taxonomy":"category","embeddable":true,"href":"https:\/\/www.ufsm.br\/projetos\/extensao\/observatorio\/wp-json\/wp\/v2\/categories?post=200"},{"taxonomy":"post_tag","embeddable":true,"href":"https:\/\/www.ufsm.br\/projetos\/extensao\/observatorio\/wp-json\/wp\/v2\/tags?post=200"}],"curies":[{"name":"wp","href":"https:\/\/api.w.org\/{rel}","templated":true}]}}