{"id":221,"date":"2025-01-10T11:50:25","date_gmt":"2025-01-10T14:50:25","guid":{"rendered":"https:\/\/www.ufsm.br\/projetos\/extensao\/pedagogia-do-piano\/?page_id=221"},"modified":"2025-01-19T21:00:32","modified_gmt":"2025-01-20T00:00:32","slug":"einpp","status":"publish","type":"page","link":"https:\/\/www.ufsm.br\/projetos\/extensao\/pedagogia-do-piano\/einpp","title":{"rendered":"EINPP"},"content":{"rendered":"\t\t<div data-elementor-type=\"wp-page\" data-elementor-id=\"221\" class=\"elementor elementor-221\">\n\t\t\t\t\t\t<section class=\"elementor-section elementor-top-section elementor-element elementor-element-dd0381c elementor-section-boxed elementor-section-height-default elementor-section-height-default\" data-id=\"dd0381c\" data-element_type=\"section\">\n\t\t\t\t\t\t<div class=\"elementor-container elementor-column-gap-default\">\n\t\t\t\t\t<div class=\"elementor-column elementor-col-100 elementor-top-column elementor-element elementor-element-ccc28ca\" data-id=\"ccc28ca\" data-element_type=\"column\">\n\t\t\t<div class=\"elementor-widget-wrap elementor-element-populated\">\n\t\t\t\t\t\t<div class=\"elementor-element elementor-element-46af1af elementor-widget elementor-widget-image\" data-id=\"46af1af\" data-element_type=\"widget\" data-widget_type=\"image.default\">\n\t\t\t\t<div class=\"elementor-widget-container\">\n\t\t\t\t\t\t\t\t\t\t\t\t\t<img fetchpriority=\"high\" decoding=\"async\" width=\"1024\" height=\"576\" src=\"https:\/\/www.ufsm.br\/app\/uploads\/sites\/909\/2025\/01\/EINPP-1024x576.png\" class=\"attachment-large size-large wp-image-224\" alt=\"\" srcset=\"https:\/\/www.ufsm.br\/app\/uploads\/sites\/909\/2025\/01\/EINPP-1024x576.png 1024w, https:\/\/www.ufsm.br\/app\/uploads\/sites\/909\/2025\/01\/EINPP-300x169.png 300w, https:\/\/www.ufsm.br\/app\/uploads\/sites\/909\/2025\/01\/EINPP-768x432.png 768w, https:\/\/www.ufsm.br\/app\/uploads\/sites\/909\/2025\/01\/EINPP-1536x864.png 1536w, https:\/\/www.ufsm.br\/app\/uploads\/sites\/909\/2025\/01\/EINPP.png 1920w\" sizes=\"(max-width: 1024px) 100vw, 1024px\" \/>\t\t\t\t\t\t\t\t\t\t\t\t\t<\/div>\n\t\t\t\t<\/div>\n\t\t\t\t\t<\/div>\n\t\t<\/div>\n\t\t\t\t\t<\/div>\n\t\t<\/section>\n\t\t\t\t<section class=\"elementor-section elementor-top-section elementor-element elementor-element-8d07fe3 elementor-section-boxed elementor-section-height-default elementor-section-height-default\" data-id=\"8d07fe3\" data-element_type=\"section\">\n\t\t\t\t\t\t<div class=\"elementor-container elementor-column-gap-default\">\n\t\t\t\t\t<div class=\"elementor-column elementor-col-100 elementor-top-column elementor-element elementor-element-5155301\" data-id=\"5155301\" data-element_type=\"column\">\n\t\t\t<div class=\"elementor-widget-wrap elementor-element-populated\">\n\t\t\t\t\t\t<div class=\"elementor-element elementor-element-c5416d6 elementor-widget elementor-widget-text-editor\" data-id=\"c5416d6\" data-element_type=\"widget\" data-widget_type=\"text-editor.default\">\n\t\t\t\t<div class=\"elementor-widget-container\">\n\t\t\t\t\t\t\t<p style=\"font-size: 16px\"><span style=\"font-family: georgia, palatino, serif;font-size: 12pt\">O Encontro Internacional sobre Pedagogia do Piano \u00e9 um evento internacional que se tornou refer\u00eancia no cen\u00e1rio nacional e dentro da Am\u00e9rica Latina, ap\u00f3s completar seis edi\u00e7\u00f5es em 2021\u201d. Esse evento , idealizado pela Profa. Dra. Claudia Deltregia (UFSM), pode ser descrito como uma confer\u00eancia t\u00e9cnico-cient\u00edfica da \u00e1rea de Pedagogia do Piano que tamb\u00e9m proporciona m\u00faltiplas a\u00e7\u00f5es extension\u00edstas, estabelecendo parcerias com outras institui\u00e7\u00f5es brasileiras e com profissionais renomados na \u00e1rea de Pedagogia do Piano, tanto como no Brasil quanto no Exterior. Desde 2019, o evento passou a ser itinerante, com edi\u00e7\u00f5es em Natal \u2013 RN (2017), sob coordena\u00e7\u00e3o do Prof. Dr. Tarc\u00edsio Gomes Filho, sediado na\u00a0 Universidade Federal do Rio Grande do Norte \u2013 UFRN; em Florian\u00f3polis \u2013 SC (2019) , sob coordena\u00e7\u00e3o do Prof. Dr. Lu\u00eds Claudio Barros, sediado na\u00a0 Universidade do Estado de Santa Catarina \u2013 UDESC; e em Juazeiro do Norte \u2013 CE (2024),\u00a0 sob coordena\u00e7\u00e3o da Profa. Dra. Carina Joly, sediado na Universidade Federal do Cariri \u2013 UFCA.<\/span><\/p><p style=\"font-size: 16px\"><span style=\"font-family: georgia, palatino, serif;font-size: 12pt\">O hist\u00f3rico do evento pode ser conferido nos links abaixo:<\/span><\/p><p style=\"font-size: 16px\"><span style=\"font-family: georgia, palatino, serif;font-size: 12pt\">I Encontro sobre Pedagogia do Piano UFSM\u2013 2012 &#8211; Coordena\u00e7\u00e3o: Cl\u00e1udia Deltregia (UFSM)<br \/>Local: UFSM &#8211; Universidade Federal de Santa Maria<br \/><\/span><a style=\"font-size: 16px;font-weight: var( --e-global-typography-text-font-weight );text-align: var(--bs-body-text-align)\" href=\"https:\/\/www.ufsm.br\/unidades-universitarias\/cal\/i-encontro-sobre-pedagogia-do-piano\"><span style=\"font-family: georgia, palatino, serif;font-size: 12pt\">https:\/\/www.ufsm.br\/unidades-universitarias\/cal\/i-encontro-sobre-pedagogia-do-piano<\/span><\/a><\/p><p style=\"font-size: 16px\"><span style=\"font-family: georgia, palatino, serif;font-size: 12pt;font-weight: var( --e-global-typography-text-font-weight );text-align: var(--bs-body-text-align)\">II Encontro sobre Pedagogia do Piano UFSM \u2013 2013 &#8211; Coordena\u00e7\u00e3o: Claudia Deltregia (UFSM)<br \/><\/span><span style=\"font-size: 16px\">Local: UFSM &#8211; Universidade Federal de Santa Maria<br \/><\/span><a style=\"font-size: 16px;font-weight: var( --e-global-typography-text-font-weight );text-align: var(--bs-body-text-align)\" href=\"https:\/\/www.ufsm.br\/unidades-universitarias\/cal\/2613-2\"><span style=\"font-family: georgia, palatino, serif;font-size: 12pt\">https:\/\/www.ufsm.br\/unidades-universitarias\/cal\/2613-2<\/span><\/a><\/p><p><span style=\"font-family: georgia, palatino, serif;font-size: 12pt\">III Encontro sobre Pedagogia do Piano \u2013 2014 &#8211; Coordena\u00e7\u00e3o: Claudia Deltregia\u00a0 (UFSM) e Lu\u00eds Cl\u00e1udio Barros (UDESC)<br \/><\/span><span style=\"font-size: 16px\">Local: UFSM &#8211; Universidade Federal de Santa Maria<br \/><\/span><a style=\"font-size: 16px;font-weight: var( --e-global-typography-text-font-weight );text-align: var(--bs-body-text-align)\" href=\"https:\/\/www.ufsm.br\/cursos\/graduacao\/santa-maria\/musica\/eventos\/encontropedagogiadopiano2014\"><span style=\"font-weight: var( --e-global-typography-text-font-weight )\">https:\/\/www.ufsm.br\/cursos\/graduacao\/santa-maria\/musica\/eventos\/encontropedagogiadopiano2014<\/span><\/a><\/p><p><span style=\"font-family: georgia, palatino, serif;font-size: 12pt\">IV Encontro sobre Pedagogia do Piano e III Festival de Piano de Natal \u2013 2017 &#8211;\u00a0 Coordena\u00e7\u00e3o: Tarc\u00edsio Gomes Filho (UFRN)\u00a0<\/span><br \/><span style=\"font-family: georgia, palatino, serif\"><span style=\"font-size: 12pt\">Local: UFRN &#8211; Universidade Federal do Rio Grande do Norte\u00a0<\/span><\/span><br \/><a href=\"https:\/\/onofre.musica.ufrn.br\/iii-festival-de-piano-de-natal\/\">https:\/\/onofre.musica.ufrn.br\/iii-festival-de-piano-de-natal\/<\/a><\/p><p><span style=\"font-size: 16px\">IV Encontro sobre Pedagogia do Piano UFSM &#8211; Coordena\u00e7\u00e3o: Claudia Deltregia<br \/>Local: UFSM &#8211; Universidade Federal de Santa Maria<br \/><\/span><a style=\"font-size: 1rem;font-weight: var( --e-global-typography-text-font-weight );text-align: var(--bs-body-text-align)\" href=\"https:\/\/www.ufsm.br\/cursos\/graduacao\/santa-maria\/musica\/eventos\/iv-pedagogia-piano\">https:\/\/www.ufsm.br\/cursos\/graduacao\/santa-maria\/musica\/eventos\/iv-pedagogia-piano<\/a><\/p><p style=\"font-size: 16px\"><span style=\"font-family: georgia, palatino, serif;font-size: 12pt\">V Encontro Internacional sobre Pedagogia do Piano \u2013 2019 &#8211; Coordena\u00e7\u00e3o: Lu\u00eds Claudio Barros (UDESC)\u00a0 e Claudia Deltregia (UFSM)<br \/>Local: UDESC- Universidade Estadual do Estado de Santa Catarina<br \/><\/span><a style=\"font-size: 16px;font-weight: var( --e-global-typography-text-font-weight );text-align: var(--bs-body-text-align)\" href=\"https:\/\/www.ufsm.br\/cursos\/graduacao\/santa-maria\/musica\/encontro-sobre-pedagogia-do-piano-em-construcao\">https:\/\/www.ufsm.br\/cursos\/graduacao\/santa-maria\/musica\/encontro-sobre-pedagogia-do-piano-em-construcao<\/a><\/p><p style=\"font-size: 16px\"><span style=\"font-family: georgia, palatino, serif;font-size: 12pt\">VI Encontro Internacional sobre Pedagogia do Piano \u2013 2021 &#8211; Coordena\u00e7\u00e3o: Claudia Deltregia (UFSM) e Luis Claudio Barros (UDESC)<br \/>Local ; Online (UFSM)<br \/><\/span><a style=\"font-size: 16px;font-weight: var( --e-global-typography-text-font-weight );text-align: var(--bs-body-text-align)\" href=\"https:\/\/www.ufsm.br\/unidades-universitarias\/cal\/eventos\/vi-einpp\"><span style=\"font-family: georgia, palatino, serif;font-size: 12pt\">https:\/\/www.ufsm.br\/unidades-universitarias\/cal\/eventos\/vi-einpp<\/span><\/a><\/p><p style=\"font-size: 16px\"><span style=\"font-family: georgia, palatino, serif;font-size: 12pt\">VII Encontro Internacional sobre Pedagogia do Piano \u2013 2024 &#8211; Coordena\u00e7\u00e3o: Carina Joly (UFCA) e Jos\u00e9lia Vieira (UFPA)<br \/>Local: UFCA &#8211; Universidade Federal do Cariri &#8211; Juazeiro do Norte (CE)<br \/><\/span><a style=\"font-family: georgia, palatino, serif;font-size: 12pt;font-weight: var( --e-global-typography-text-font-weight );text-align: var(--bs-body-text-align)\" href=\"https:\/\/www.even3.com.br\/viieinpp\/\">https:\/\/www.even3.com.<span style=\"font-family: georgia, palatino, serif;font-size: 12pt\">br\/viieinpp\/al<\/span><\/a><\/p><p style=\"font-size: 16px\"><span style=\"font-family: georgia, palatino, serif;font-size: 12pt\"><span style=\"background-color: transparent;vertical-align: baseline\">Em 2021 , devido \u00e0 pandemia de COVID -19, o evento foi realizado de maneira totalmente online e, em\u00a0 2024, para facilitar o acesso \u00e0 informa\u00e7\u00e3o, o evento foi realizado de maneira h\u00edbrida (presencial e online): Confira algumas das palestras e dos trabalhos apresentados no nosso canal:\u00a0<\/span><a style=\"font-weight: var( --e-global-typography-text-font-weight )\" href=\"https:\/\/www.youtube.com\/channel\/UCuQJUgdkSsv4s00ojDdOcaQ\"><span style=\"background-color: transparent;vertical-align: baseline\">https:\/\/www.youtube.com\/channel\/UCuQJUgdkSsv4s00ojDdOcaQ<\/span><\/a><\/span><\/p><p style=\"font-size: 16px\">\u00a0<\/p>\t\t\t\t\t\t<\/div>\n\t\t\t\t<\/div>\n\t\t\t\t\t<\/div>\n\t\t<\/div>\n\t\t\t\t\t<\/div>\n\t\t<\/section>\n\t\t\t\t<\/div>\n\t\t","protected":false},"excerpt":{"rendered":"<p>O Encontro Internacional sobre Pedagogia do Piano \u00e9 um evento internacional que se tornou refer\u00eancia no cen\u00e1rio nacional e dentro da Am\u00e9rica Latina, ap\u00f3s completar seis edi\u00e7\u00f5es em 2021\u201d. Esse evento , idealizado pela Profa. Dra. Claudia Deltregia (UFSM), pode ser descrito como uma confer\u00eancia t\u00e9cnico-cient\u00edfica da \u00e1rea de Pedagogia do Piano que tamb\u00e9m proporciona [&hellip;]<\/p>\n","protected":false},"author":8221,"featured_media":0,"parent":0,"menu_order":0,"comment_status":"closed","ping_status":"closed","template":"","meta":{"footnotes":""},"categories":[],"tags":[],"class_list":["post-221","page","type-page","status-publish","hentry"],"acf":[],"_links":{"self":[{"href":"https:\/\/www.ufsm.br\/projetos\/extensao\/pedagogia-do-piano\/wp-json\/wp\/v2\/pages\/221","targetHints":{"allow":["GET"]}}],"collection":[{"href":"https:\/\/www.ufsm.br\/projetos\/extensao\/pedagogia-do-piano\/wp-json\/wp\/v2\/pages"}],"about":[{"href":"https:\/\/www.ufsm.br\/projetos\/extensao\/pedagogia-do-piano\/wp-json\/wp\/v2\/types\/page"}],"author":[{"embeddable":true,"href":"https:\/\/www.ufsm.br\/projetos\/extensao\/pedagogia-do-piano\/wp-json\/wp\/v2\/users\/8221"}],"replies":[{"embeddable":true,"href":"https:\/\/www.ufsm.br\/projetos\/extensao\/pedagogia-do-piano\/wp-json\/wp\/v2\/comments?post=221"}],"version-history":[{"count":0,"href":"https:\/\/www.ufsm.br\/projetos\/extensao\/pedagogia-do-piano\/wp-json\/wp\/v2\/pages\/221\/revisions"}],"wp:attachment":[{"href":"https:\/\/www.ufsm.br\/projetos\/extensao\/pedagogia-do-piano\/wp-json\/wp\/v2\/media?parent=221"}],"wp:term":[{"taxonomy":"category","embeddable":true,"href":"https:\/\/www.ufsm.br\/projetos\/extensao\/pedagogia-do-piano\/wp-json\/wp\/v2\/categories?post=221"},{"taxonomy":"post_tag","embeddable":true,"href":"https:\/\/www.ufsm.br\/projetos\/extensao\/pedagogia-do-piano\/wp-json\/wp\/v2\/tags?post=221"}],"curies":[{"name":"wp","href":"https:\/\/api.w.org\/{rel}","templated":true}]}}