{"id":154,"date":"2019-05-20T13:27:00","date_gmt":"2019-05-20T16:27:00","guid":{"rendered":"https:\/\/www.ufsm.br\/projetos-extensao-proext-pg\/?page_id=154"},"modified":"2024-05-24T09:10:38","modified_gmt":"2024-05-24T12:10:38","slug":"forum-extensao","status":"publish","type":"page","link":"https:\/\/www.ufsm.br\/projetos\/extensao\/proext-pg\/forum-extensao","title":{"rendered":"F\u00f3rum de Extens\u00e3o na P\u00f3s-gradua\u00e7\u00e3o"},"content":{"rendered":"\t\t<div data-elementor-type=\"wp-page\" data-elementor-id=\"154\" class=\"elementor elementor-154\">\n\t\t\t\t\t\t<section class=\"elementor-section elementor-top-section elementor-element elementor-element-18cfc9b elementor-section-boxed elementor-section-height-default elementor-section-height-default\" data-id=\"18cfc9b\" data-element_type=\"section\">\n\t\t\t\t\t\t<div class=\"elementor-container elementor-column-gap-default\">\n\t\t\t\t\t<div class=\"elementor-column elementor-col-100 elementor-top-column elementor-element elementor-element-e8595f3\" data-id=\"e8595f3\" data-element_type=\"column\">\n\t\t\t<div class=\"elementor-widget-wrap elementor-element-populated\">\n\t\t\t\t\t\t<div class=\"elementor-element elementor-element-214f105 elementor-widget elementor-widget-image\" data-id=\"214f105\" data-element_type=\"widget\" data-widget_type=\"image.default\">\n\t\t\t\t<div class=\"elementor-widget-container\">\n\t\t\t\t\t\t\t\t\t\t\t\t\t<img fetchpriority=\"high\" decoding=\"async\" width=\"768\" height=\"764\" src=\"https:\/\/www.ufsm.br\/app\/uploads\/sites\/929\/2024\/05\/WhatsApp-Image-2024-05-24-at-09.00.19-768x764.jpeg\" class=\"attachment-medium_large size-medium_large wp-image-206\" alt=\"\" srcset=\"https:\/\/www.ufsm.br\/app\/uploads\/sites\/929\/2024\/05\/WhatsApp-Image-2024-05-24-at-09.00.19-768x764.jpeg 768w, https:\/\/www.ufsm.br\/app\/uploads\/sites\/929\/2024\/05\/WhatsApp-Image-2024-05-24-at-09.00.19-300x298.jpeg 300w, https:\/\/www.ufsm.br\/app\/uploads\/sites\/929\/2024\/05\/WhatsApp-Image-2024-05-24-at-09.00.19-1024x1019.jpeg 1024w, https:\/\/www.ufsm.br\/app\/uploads\/sites\/929\/2024\/05\/WhatsApp-Image-2024-05-24-at-09.00.19-150x150.jpeg 150w, https:\/\/www.ufsm.br\/app\/uploads\/sites\/929\/2024\/05\/WhatsApp-Image-2024-05-24-at-09.00.19.jpeg 1170w\" sizes=\"(max-width: 768px) 100vw, 768px\" \/>\t\t\t\t\t\t\t\t\t\t\t\t\t<\/div>\n\t\t\t\t<\/div>\n\t\t\t\t\t<\/div>\n\t\t<\/div>\n\t\t\t\t\t<\/div>\n\t\t<\/section>\n\t\t\t\t<section class=\"elementor-section elementor-top-section elementor-element elementor-element-4262316f elementor-section-boxed elementor-section-height-default elementor-section-height-default\" data-id=\"4262316f\" data-element_type=\"section\">\n\t\t\t\t\t\t<div class=\"elementor-container elementor-column-gap-default\">\n\t\t\t\t\t<div class=\"elementor-column elementor-col-100 elementor-top-column elementor-element elementor-element-1ae4659b\" data-id=\"1ae4659b\" data-element_type=\"column\">\n\t\t\t<div class=\"elementor-widget-wrap elementor-element-populated\">\n\t\t\t\t\t\t<div class=\"elementor-element elementor-element-9d6e4c0 elementor-widget elementor-widget-text-editor\" data-id=\"9d6e4c0\" data-element_type=\"widget\" data-widget_type=\"text-editor.default\">\n\t\t\t\t<div class=\"elementor-widget-container\">\n\t\t\t\t\t\t\t<p><!-- wp:paragraph --><\/p>\n<p>O F\u00f3rum de Extens\u00e3o na P\u00f3s-gradua\u00e7\u00e3o da UFSM tem por objetivo promover a integra\u00e7\u00e3o dos programas de p\u00f3s-gradua\u00e7\u00e3o de diferentes \u00e1reas do conhecimento na concep\u00e7\u00e3o e execu\u00e7\u00e3o das atividades de extens\u00e3o, estimulando sua integra\u00e7\u00e3o com institui\u00e7\u00f5es p\u00fablicas, iniciativa privada e movimentos e organiza\u00e7\u00f5es sociais para a produ\u00e7\u00e3o de conhecimento e a solu\u00e7\u00e3o de problemas de forma multidimensional.<\/p>\n<ul>\n<li style=\"list-style-type: none\">\n<ul>\n<li><a href=\"https:\/\/www.ufsm.br\/pro-reitorias\/pre\/editais\/030-2024\">Edital 030\/2024 &#8211; PRE\/PRPGP\/UFSM &#8211; F\u00f3rum de Extens\u00e3o na P\u00f3s-gradua\u00e7\u00e3o da UFSM<\/a><\/li>\n<\/ul>\n<\/li>\n<\/ul>\n<p><strong>O f\u00f3rum de extens\u00e3o da P\u00f3s-gradua\u00e7\u00e3o UFSM est\u00e1 com nova data!<\/strong> \ud83e\udd73\ud83c\udf93<\/p>\n<p>\ud83d\uddd3 Acontecer\u00e1 no dia 12\/06\/2024 \u00e0s 14h, no audit\u00f3rio Wilson Aita, no Centro de Tecnologia da UFSM.<\/p>\n<p>\ud83d\udcc4 Ser\u00e1 apresentado o edital PROEXT-PG UFSM seguido por uma sess\u00e3o de Perguntas e Respostas!!!<\/p>\n<p>\ud83c\udfa7 As inscri\u00e7\u00f5es para ouvintes poder\u00e3o ser feitas atrav\u00e9s do link: <a href=\"https:\/\/forms.gle\/cobJAkxeDAJ3yT7H7\">https:\/\/forms.gle\/cobJAkxeDAJ3yT7H7<\/a><\/p>\n<p>\u26a0\ufe0f Somente os PPGS que enviarem docente(s) representantes ao F\u00f3rum estar\u00e3o habilitados para concorrer no edital 01\/2024 PROEXT-PG UFSM.<\/p>\n<p><!-- \/wp:paragraph --><\/p>\n<p><!-- \/wp:list --><\/p>\t\t\t\t\t\t<\/div>\n\t\t\t\t<\/div>\n\t\t\t\t\t<\/div>\n\t\t<\/div>\n\t\t\t\t\t<\/div>\n\t\t<\/section>\n\t\t\t\t<\/div>\n\t\t","protected":false},"excerpt":{"rendered":"<p>O F\u00f3rum de Extens\u00e3o na P\u00f3s-gradua\u00e7\u00e3o da UFSM tem por objetivo promover a integra\u00e7\u00e3o dos programas de p\u00f3s-gradua\u00e7\u00e3o de diferentes \u00e1reas do conhecimento na concep\u00e7\u00e3o e execu\u00e7\u00e3o das atividades de extens\u00e3o, estimulando sua integra\u00e7\u00e3o com institui\u00e7\u00f5es p\u00fablicas, iniciativa privada e movimentos e organiza\u00e7\u00f5es sociais para a produ\u00e7\u00e3o de conhecimento e a solu\u00e7\u00e3o de problemas de [&hellip;]<\/p>\n","protected":false},"author":25,"featured_media":0,"parent":0,"menu_order":0,"comment_status":"closed","ping_status":"closed","template":"","meta":{"footnotes":""},"categories":[],"tags":[],"class_list":["post-154","page","type-page","status-publish","hentry"],"acf":[],"_links":{"self":[{"href":"https:\/\/www.ufsm.br\/projetos\/extensao\/proext-pg\/wp-json\/wp\/v2\/pages\/154","targetHints":{"allow":["GET"]}}],"collection":[{"href":"https:\/\/www.ufsm.br\/projetos\/extensao\/proext-pg\/wp-json\/wp\/v2\/pages"}],"about":[{"href":"https:\/\/www.ufsm.br\/projetos\/extensao\/proext-pg\/wp-json\/wp\/v2\/types\/page"}],"author":[{"embeddable":true,"href":"https:\/\/www.ufsm.br\/projetos\/extensao\/proext-pg\/wp-json\/wp\/v2\/users\/25"}],"replies":[{"embeddable":true,"href":"https:\/\/www.ufsm.br\/projetos\/extensao\/proext-pg\/wp-json\/wp\/v2\/comments?post=154"}],"version-history":[{"count":0,"href":"https:\/\/www.ufsm.br\/projetos\/extensao\/proext-pg\/wp-json\/wp\/v2\/pages\/154\/revisions"}],"wp:attachment":[{"href":"https:\/\/www.ufsm.br\/projetos\/extensao\/proext-pg\/wp-json\/wp\/v2\/media?parent=154"}],"wp:term":[{"taxonomy":"category","embeddable":true,"href":"https:\/\/www.ufsm.br\/projetos\/extensao\/proext-pg\/wp-json\/wp\/v2\/categories?post=154"},{"taxonomy":"post_tag","embeddable":true,"href":"https:\/\/www.ufsm.br\/projetos\/extensao\/proext-pg\/wp-json\/wp\/v2\/tags?post=154"}],"curies":[{"name":"wp","href":"https:\/\/api.w.org\/{rel}","templated":true}]}}