{"id":237,"date":"2024-07-31T07:48:19","date_gmt":"2024-07-31T10:48:19","guid":{"rendered":"https:\/\/www.ufsm.br\/projetos\/extensao\/proext-pg\/?page_id=237"},"modified":"2026-03-11T10:42:34","modified_gmt":"2026-03-11T13:42:34","slug":"solicitacao-de-recursos","status":"publish","type":"page","link":"https:\/\/www.ufsm.br\/projetos\/extensao\/proext-pg\/solicitacao-de-recursos","title":{"rendered":"Solicita\u00e7\u00e3o de Recursos"},"content":{"rendered":"\t\t<div data-elementor-type=\"wp-page\" data-elementor-id=\"237\" class=\"elementor elementor-237\">\n\t\t\t\t\t\t<section class=\"elementor-section elementor-top-section elementor-element elementor-element-007404b elementor-section-boxed elementor-section-height-default elementor-section-height-default\" data-id=\"007404b\" data-element_type=\"section\">\n\t\t\t\t\t\t<div class=\"elementor-container elementor-column-gap-default\">\n\t\t\t\t\t<div class=\"elementor-column elementor-col-100 elementor-top-column elementor-element elementor-element-402d1d4\" data-id=\"402d1d4\" data-element_type=\"column\">\n\t\t\t<div class=\"elementor-widget-wrap elementor-element-populated\">\n\t\t\t\t\t\t<div class=\"elementor-element elementor-element-69ad729 elementor-widget elementor-widget-text-editor\" data-id=\"69ad729\" data-element_type=\"widget\" data-widget_type=\"text-editor.default\">\n\t\t\t\t<div class=\"elementor-widget-container\">\n\t\t\t\t\t\t\t<p><a href=\"https:\/\/www.ufsm.br\/app\/uploads\/sites\/929\/2024\/11\/Guia-para-Solicitacao-de-Recursos-PROEXT-2024-2025-Atualizado.pdf\">Guia para Solicita\u00e7\u00e3o de Recursos PROEXT-PG<\/a><\/p><p><a href=\"https:\/\/www.ufsm.br\/app\/uploads\/sites\/929\/2024\/07\/Modelo-A.docx\">Modelo A<\/a><\/p><p><a href=\"https:\/\/www.ufsm.br\/app\/uploads\/sites\/929\/2024\/10\/MODELO-RELATORIO-CIRCUNSTANCIADO-DE-VIAGEM-.docx\">Modelo de Relat\u00f3rio de Viagem<\/a><\/p><p><a href=\"https:\/\/www.ufsm.br\/app\/uploads\/sites\/929\/2024\/10\/MODELO-PREENCHIDO-RELATORIO-CIRCUNSTANCIADO-DE-VIAGEM.pdf\">Modelo de Relat\u00f3rio de Viagem Preenchido<\/a><\/p><p><a href=\"https:\/\/www.ufsm.br\/app\/uploads\/sites\/929\/2024\/10\/MODELO-PREENCHIDO-RELATORIO-CIRCUNSTANCIADO-DE-VIAGEM-DE-CAMPO.pdf\">Modelo de Relat\u00f3rio de Viagem de Campo Preenchido<\/a><\/p><p><a href=\"https:\/\/www.ufsm.br\/app\/uploads\/sites\/929\/2024\/07\/Formulario-Unificado-para-Solicitacao-de-Recursos-PROEXT-PG.docx\">Formul\u00e1rio Unificado para Solicita\u00e7\u00e3o de Recursos PROEXT-PG<\/a><\/p><p><a href=\"https:\/\/www.ufsm.br\/app\/uploads\/sites\/929\/2024\/07\/Portaria-Conjunta-no-1-de-8-de-Novembro-de-2023.pdf\">Portaria Conjunta n\u00ba 1, de 8 de Novembro de 2023<\/a><\/p><p><a href=\"https:\/\/www.ufsm.br\/app\/uploads\/sites\/929\/2024\/12\/Guia-para-emissao-de-GRU.pdf\">Guia para Emiss\u00e3o de GRU<\/a><\/p><p><a href=\"https:\/\/www.ufsm.br\/app\/uploads\/sites\/929\/2024\/12\/Declaracao-de-Devolucao-de-Valores-PROEXT-PG.docx\">Declara\u00e7\u00e3o de Devolu\u00e7\u00e3o de Valores<\/a><\/p><p><a href=\"https:\/\/www.ufsm.br\/app\/uploads\/sites\/929\/2026\/03\/Termo-Recebimento-de-Servico-1.docx\">Termo de Recebimento de Servi\u00e7o<\/a><\/p>\t\t\t\t\t\t<\/div>\n\t\t\t\t<\/div>\n\t\t\t\t\t<\/div>\n\t\t<\/div>\n\t\t\t\t\t<\/div>\n\t\t<\/section>\n\t\t\t\t<\/div>\n\t\t","protected":false},"excerpt":{"rendered":"<p>Guia para Solicita\u00e7\u00e3o de Recursos PROEXT-PG Modelo A Modelo de Relat\u00f3rio de Viagem Modelo de Relat\u00f3rio de Viagem Preenchido Modelo de Relat\u00f3rio de Viagem de Campo Preenchido Formul\u00e1rio Unificado para Solicita\u00e7\u00e3o de Recursos PROEXT-PG Portaria Conjunta n\u00ba 1, de 8 de Novembro de 2023 Guia para Emiss\u00e3o de GRU Declara\u00e7\u00e3o de Devolu\u00e7\u00e3o de Valores Termo [&hellip;]<\/p>\n","protected":false},"author":7907,"featured_media":0,"parent":0,"menu_order":0,"comment_status":"closed","ping_status":"closed","template":"","meta":{"footnotes":""},"categories":[],"tags":[],"class_list":["post-237","page","type-page","status-publish","hentry"],"acf":[],"_links":{"self":[{"href":"https:\/\/www.ufsm.br\/projetos\/extensao\/proext-pg\/wp-json\/wp\/v2\/pages\/237","targetHints":{"allow":["GET"]}}],"collection":[{"href":"https:\/\/www.ufsm.br\/projetos\/extensao\/proext-pg\/wp-json\/wp\/v2\/pages"}],"about":[{"href":"https:\/\/www.ufsm.br\/projetos\/extensao\/proext-pg\/wp-json\/wp\/v2\/types\/page"}],"author":[{"embeddable":true,"href":"https:\/\/www.ufsm.br\/projetos\/extensao\/proext-pg\/wp-json\/wp\/v2\/users\/7907"}],"replies":[{"embeddable":true,"href":"https:\/\/www.ufsm.br\/projetos\/extensao\/proext-pg\/wp-json\/wp\/v2\/comments?post=237"}],"version-history":[{"count":0,"href":"https:\/\/www.ufsm.br\/projetos\/extensao\/proext-pg\/wp-json\/wp\/v2\/pages\/237\/revisions"}],"wp:attachment":[{"href":"https:\/\/www.ufsm.br\/projetos\/extensao\/proext-pg\/wp-json\/wp\/v2\/media?parent=237"}],"wp:term":[{"taxonomy":"category","embeddable":true,"href":"https:\/\/www.ufsm.br\/projetos\/extensao\/proext-pg\/wp-json\/wp\/v2\/categories?post=237"},{"taxonomy":"post_tag","embeddable":true,"href":"https:\/\/www.ufsm.br\/projetos\/extensao\/proext-pg\/wp-json\/wp\/v2\/tags?post=237"}],"curies":[{"name":"wp","href":"https:\/\/api.w.org\/{rel}","templated":true}]}}