{"id":170,"date":"2019-09-16T11:57:28","date_gmt":"2019-09-16T14:57:28","guid":{"rendered":"https:\/\/www.ufsm.br\/projetos\/extensao\/zelo\/?page_id=170"},"modified":"2019-09-16T12:14:33","modified_gmt":"2019-09-16T15:14:33","slug":"denuncie","status":"publish","type":"page","link":"https:\/\/www.ufsm.br\/projetos\/extensao\/zelo\/denuncie","title":{"rendered":"Denuncie"},"content":{"rendered":"\n<p>Voc\u00ea encontrou algum animal no campus em mal estado? Ligue para a gente! Mas primeiro veja se voc\u00ea mesmo n\u00e3o pode ajud\u00e1-lo, pois muitas vezes um simples rem\u00e9dio ou ra\u00e7\u00e3o j\u00e1 podem solucionar. E lembre-se, quando voc\u00ea chama o Zelo voc\u00ea fica respons\u00e1vel pelo animal, logo voc\u00ea ter\u00e1 que arcar com os custos que o animal gerar e ter\u00e1 que providenciar um lar tempor\u00e1rio para ele.<\/p>\n<p>email: zelo.ufsm@gmail.com<\/p>\n","protected":false},"excerpt":{"rendered":"<p>Voc\u00ea encontrou algum animal no campus em mal estado? Ligue para a gente! Mas primeiro veja se voc\u00ea mesmo n\u00e3o pode ajud\u00e1-lo, pois muitas vezes um simples rem\u00e9dio ou ra\u00e7\u00e3o j\u00e1 podem solucionar. E lembre-se, quando voc\u00ea chama o Zelo voc\u00ea fica respons\u00e1vel pelo animal, logo voc\u00ea ter\u00e1 que arcar com os custos que o [&hellip;]<\/p>\n","protected":false},"author":117,"featured_media":0,"parent":0,"menu_order":0,"comment_status":"closed","ping_status":"closed","template":"","meta":{"footnotes":""},"categories":[],"tags":[],"class_list":["post-170","page","type-page","status-publish","hentry"],"acf":[],"_links":{"self":[{"href":"https:\/\/www.ufsm.br\/projetos\/extensao\/zelo\/wp-json\/wp\/v2\/pages\/170","targetHints":{"allow":["GET"]}}],"collection":[{"href":"https:\/\/www.ufsm.br\/projetos\/extensao\/zelo\/wp-json\/wp\/v2\/pages"}],"about":[{"href":"https:\/\/www.ufsm.br\/projetos\/extensao\/zelo\/wp-json\/wp\/v2\/types\/page"}],"author":[{"embeddable":true,"href":"https:\/\/www.ufsm.br\/projetos\/extensao\/zelo\/wp-json\/wp\/v2\/users\/117"}],"replies":[{"embeddable":true,"href":"https:\/\/www.ufsm.br\/projetos\/extensao\/zelo\/wp-json\/wp\/v2\/comments?post=170"}],"version-history":[{"count":0,"href":"https:\/\/www.ufsm.br\/projetos\/extensao\/zelo\/wp-json\/wp\/v2\/pages\/170\/revisions"}],"wp:attachment":[{"href":"https:\/\/www.ufsm.br\/projetos\/extensao\/zelo\/wp-json\/wp\/v2\/media?parent=170"}],"wp:term":[{"taxonomy":"category","embeddable":true,"href":"https:\/\/www.ufsm.br\/projetos\/extensao\/zelo\/wp-json\/wp\/v2\/categories?post=170"},{"taxonomy":"post_tag","embeddable":true,"href":"https:\/\/www.ufsm.br\/projetos\/extensao\/zelo\/wp-json\/wp\/v2\/tags?post=170"}],"curies":[{"name":"wp","href":"https:\/\/api.w.org\/{rel}","templated":true}]}}