{"id":151,"date":"2019-05-20T13:25:09","date_gmt":"2019-05-20T16:25:09","guid":{"rendered":"https:\/\/www.ufsm.br\/projetos-institucional-cdio\/?page_id=151"},"modified":"2022-08-03T15:35:18","modified_gmt":"2022-08-03T18:35:18","slug":"dados-basicos","status":"publish","type":"page","link":"https:\/\/www.ufsm.br\/projetos\/institucional\/cdio\/dados-basicos","title":{"rendered":"Dados B\u00e1sicos"},"content":{"rendered":"\n<p>Iniciado pelo MIT (Instituto de Tecnologia de Massachusetts) nos anos 90, a iniciativa CDIO envolve mais de 150 universidades de excel\u00eancia em Engenharia de todo mundo, incluindo 11 Universidades Brasileiras.\u00a0<\/p>\n<p><b>Como \u00e9 a metodologia da Iniciativa CDIO?<\/b><\/p>\n<p>A Iniciativa CDIO utiliza uma estrutura educacional que desenvolve as compet\u00eancias de engenharia atrav\u00e9s da pr\u00e1tica de realiza\u00e7\u00e3o de projetos, envolvendo as fases de concep\u00e7\u00e3o, projeto, implementa\u00e7\u00e3o e opera\u00e7\u00e3o, e considerando o contexto empresarial, social e ambiental. Atrav\u00e9s de metodologias de ensino focadas no aluno, como projetos em grupo e aprendizagem baseada em problemas, a abordagem CDIO procura n\u00e3o somente desenvolver o conhecimento t\u00e9cnico, mas tamb\u00e9m habilidades pessoais, profissionais e de comunica\u00e7\u00e3o, cada vez mais demandadas pela sociedade. Em todo o mundo, as Universidades participantes da iniciativa adotam essa metodologia para avaliar e planejar o curr\u00edculo dos cursos a partir do perfil dos Engenheiros que se deseja formar. A Iniciativa CDIO fornece recursos e incentiva a troca de experi\u00eancias entre as Universidades participantes, para que possam melhorar continuamente seus cursos de gradua\u00e7\u00e3o em Engenharia.<\/p>\n<p>Site CDIO Internacional:\u00a0 <a href=\"http:\/\/www.cdio.org\">www.cdio.org<\/a><\/p>\n<p><img fetchpriority=\"high\" decoding=\"async\" class=\"wp-image-172 aligncenter\" src=\"https:\/\/www.ufsm.br\/app\/uploads\/sites\/876\/2022\/08\/cdio_logo_2-1.png\" alt=\"\" width=\"436\" height=\"370\" srcset=\"https:\/\/www.ufsm.br\/app\/uploads\/sites\/876\/2022\/08\/cdio_logo_2-1.png 753w, https:\/\/www.ufsm.br\/app\/uploads\/sites\/876\/2022\/08\/cdio_logo_2-1-300x254.png 300w\" sizes=\"(max-width: 436px) 100vw, 436px\" \/><\/p>\n","protected":false},"excerpt":{"rendered":"<p>Iniciado pelo MIT (Instituto de Tecnologia de Massachusetts) nos anos 90, a iniciativa CDIO envolve mais de 150 universidades de excel\u00eancia em Engenharia de todo mundo, incluindo 11 Universidades Brasileiras.\u00a0 Como \u00e9 a metodologia da Iniciativa CDIO? A Iniciativa CDIO utiliza uma estrutura educacional que desenvolve as compet\u00eancias de engenharia atrav\u00e9s da pr\u00e1tica de realiza\u00e7\u00e3o [&hellip;]<\/p>\n","protected":false},"author":25,"featured_media":0,"parent":0,"menu_order":0,"comment_status":"closed","ping_status":"closed","template":"","meta":{"footnotes":""},"categories":[],"tags":[],"class_list":["post-151","page","type-page","status-publish","hentry"],"acf":[],"_links":{"self":[{"href":"https:\/\/www.ufsm.br\/projetos\/institucional\/cdio\/wp-json\/wp\/v2\/pages\/151","targetHints":{"allow":["GET"]}}],"collection":[{"href":"https:\/\/www.ufsm.br\/projetos\/institucional\/cdio\/wp-json\/wp\/v2\/pages"}],"about":[{"href":"https:\/\/www.ufsm.br\/projetos\/institucional\/cdio\/wp-json\/wp\/v2\/types\/page"}],"author":[{"embeddable":true,"href":"https:\/\/www.ufsm.br\/projetos\/institucional\/cdio\/wp-json\/wp\/v2\/users\/25"}],"replies":[{"embeddable":true,"href":"https:\/\/www.ufsm.br\/projetos\/institucional\/cdio\/wp-json\/wp\/v2\/comments?post=151"}],"version-history":[{"count":0,"href":"https:\/\/www.ufsm.br\/projetos\/institucional\/cdio\/wp-json\/wp\/v2\/pages\/151\/revisions"}],"wp:attachment":[{"href":"https:\/\/www.ufsm.br\/projetos\/institucional\/cdio\/wp-json\/wp\/v2\/media?parent=151"}],"wp:term":[{"taxonomy":"category","embeddable":true,"href":"https:\/\/www.ufsm.br\/projetos\/institucional\/cdio\/wp-json\/wp\/v2\/categories?post=151"},{"taxonomy":"post_tag","embeddable":true,"href":"https:\/\/www.ufsm.br\/projetos\/institucional\/cdio\/wp-json\/wp\/v2\/tags?post=151"}],"curies":[{"name":"wp","href":"https:\/\/api.w.org\/{rel}","templated":true}]}}