{"id":154,"date":"2019-05-20T13:27:00","date_gmt":"2019-05-20T16:27:00","guid":{"rendered":"https:\/\/www.ufsm.br\/projetos-institucional-cdio\/?page_id=154"},"modified":"2022-08-03T15:29:16","modified_gmt":"2022-08-03T18:29:16","slug":"participantes","status":"publish","type":"page","link":"https:\/\/www.ufsm.br\/projetos\/institucional\/cdio\/participantes","title":{"rendered":"Participantes"},"content":{"rendered":"\n<p>Participantes do projeto institucional &#8220;A\u00e7\u00f5es da Iniciativa CDIO UFSM 2022-2024&#8221;:<\/p>\n<table style=\"border-collapse: collapse;width: 82.1018%;height: 371px\">\n<tbody>\n<tr>\n<td style=\"width: 33.9799%\"><strong>Participante<\/strong><\/td>\n<td style=\"width: 23.373%\"><strong>Curso<\/strong><\/td>\n<\/tr>\n<tr>\n<td style=\"width: 33.9799%\">Lucas Vizzotto Bellinaso &#8211; coordenador<\/td>\n<td style=\"width: 23.373%\">Engenharia El\u00e9trica &#8211; CT<\/td>\n<\/tr>\n<tr>\n<td style=\"width: 33.9799%\">Marcelo Serrano Zanetti &#8211; coordenador substituto<\/td>\n<td style=\"width: 23.373%\">Engenharia de Computa\u00e7\u00e3o &#8211; CT<\/td>\n<\/tr>\n<tr>\n<td style=\"width: 33.9799%\">Alejandro Ruiz Padillo<\/td>\n<td style=\"width: 23.373%\">Engenharia Civil &#8211; CT<\/td>\n<\/tr>\n<tr>\n<td style=\"width: 33.9799%\">Cristiane Cauduro Gastaldini<\/td>\n<td style=\"width: 23.373%\">\u00a0Engenharia El\u00e9trica &#8211; UFSM-CS<\/td>\n<\/tr>\n<tr>\n<td style=\"width: 33.9799%\">Eduardo Escobar Burger<\/td>\n<td style=\"width: 23.373%\">Engenharia Aeroespacial &#8211; CT<\/td>\n<\/tr>\n<tr>\n<td style=\"width: 33.9799%\">Elisandra Maziero<\/td>\n<td style=\"width: 23.373%\">Engenharia Civil &#8211; CT<\/td>\n<\/tr>\n<tr>\n<td style=\"width: 33.9799%\">Viviane Suzey Gomes de Melo<\/td>\n<td style=\"width: 23.373%\">Engenharia Ac\u00fastica &#8211; CT<\/td>\n<\/tr>\n<tr>\n<td style=\"width: 33.9799%\">Douglas Camponogara<\/td>\n<td style=\"width: 23.373%\">Tecnologia em Eletr\u00f4nica Industrial &#8211; CTISM<\/td>\n<\/tr>\n<tr>\n<td style=\"width: 33.9799%\">Simoni Timm Hermes<\/td>\n<td style=\"width: 23.373%\">Unidade de Apoio Pedag\u00f3tico &#8211; CT<\/td>\n<\/tr>\n<\/tbody>\n<\/table>\n<p>\u00a0<\/p>\n","protected":false},"excerpt":{"rendered":"<p>Participantes do projeto institucional &#8220;A\u00e7\u00f5es da Iniciativa CDIO UFSM 2022-2024&#8221;: Participante Curso Lucas Vizzotto Bellinaso &#8211; coordenador Engenharia El\u00e9trica &#8211; CT Marcelo Serrano Zanetti &#8211; coordenador substituto Engenharia de Computa\u00e7\u00e3o &#8211; CT Alejandro Ruiz Padillo Engenharia Civil &#8211; CT Cristiane Cauduro Gastaldini \u00a0Engenharia El\u00e9trica &#8211; UFSM-CS Eduardo Escobar Burger Engenharia Aeroespacial &#8211; CT Elisandra Maziero [&hellip;]<\/p>\n","protected":false},"author":25,"featured_media":0,"parent":0,"menu_order":0,"comment_status":"closed","ping_status":"closed","template":"","meta":{"footnotes":""},"categories":[],"tags":[],"class_list":["post-154","page","type-page","status-publish","hentry"],"acf":[],"_links":{"self":[{"href":"https:\/\/www.ufsm.br\/projetos\/institucional\/cdio\/wp-json\/wp\/v2\/pages\/154","targetHints":{"allow":["GET"]}}],"collection":[{"href":"https:\/\/www.ufsm.br\/projetos\/institucional\/cdio\/wp-json\/wp\/v2\/pages"}],"about":[{"href":"https:\/\/www.ufsm.br\/projetos\/institucional\/cdio\/wp-json\/wp\/v2\/types\/page"}],"author":[{"embeddable":true,"href":"https:\/\/www.ufsm.br\/projetos\/institucional\/cdio\/wp-json\/wp\/v2\/users\/25"}],"replies":[{"embeddable":true,"href":"https:\/\/www.ufsm.br\/projetos\/institucional\/cdio\/wp-json\/wp\/v2\/comments?post=154"}],"version-history":[{"count":0,"href":"https:\/\/www.ufsm.br\/projetos\/institucional\/cdio\/wp-json\/wp\/v2\/pages\/154\/revisions"}],"wp:attachment":[{"href":"https:\/\/www.ufsm.br\/projetos\/institucional\/cdio\/wp-json\/wp\/v2\/media?parent=154"}],"wp:term":[{"taxonomy":"category","embeddable":true,"href":"https:\/\/www.ufsm.br\/projetos\/institucional\/cdio\/wp-json\/wp\/v2\/categories?post=154"},{"taxonomy":"post_tag","embeddable":true,"href":"https:\/\/www.ufsm.br\/projetos\/institucional\/cdio\/wp-json\/wp\/v2\/tags?post=154"}],"curies":[{"name":"wp","href":"https:\/\/api.w.org\/{rel}","templated":true}]}}