{"id":204,"date":"2020-12-13T21:35:05","date_gmt":"2020-12-14T00:35:05","guid":{"rendered":"https:\/\/www.ufsm.br\/projetos\/institucional\/educacao-basica-em-rede\/?page_id=204"},"modified":"2020-12-13T21:35:07","modified_gmt":"2020-12-14T00:35:07","slug":"criancas-bem-pequenas","status":"publish","type":"page","link":"https:\/\/www.ufsm.br\/projetos\/institucional\/educacao-basica-em-rede\/criancas-bem-pequenas","title":{"rendered":"Crian\u00e7as bem pequenas"},"content":{"rendered":"\n<p>2 anos a 3 anos e 11 meses.<\/p>\n<p>P\u00e1gina em constru\u00e7\u00e3o.<\/p>\n","protected":false},"excerpt":{"rendered":"<p>2 anos a 3 anos e 11 meses. P\u00e1gina em constru\u00e7\u00e3o.<\/p>\n","protected":false},"author":324,"featured_media":0,"parent":0,"menu_order":0,"comment_status":"closed","ping_status":"closed","template":"","meta":{"episode_type":"","audio_file":"","cover_image":"","cover_image_id":"","duration":"","filesize":"","date_recorded":"","explicit":"","block":"","filesize_raw":"","footnotes":""},"categories":[],"tags":[],"class_list":["post-204","page","type-page","status-publish","hentry"],"acf":[],"_links":{"self":[{"href":"https:\/\/www.ufsm.br\/projetos\/institucional\/educacao-basica-em-rede\/wp-json\/wp\/v2\/pages\/204","targetHints":{"allow":["GET"]}}],"collection":[{"href":"https:\/\/www.ufsm.br\/projetos\/institucional\/educacao-basica-em-rede\/wp-json\/wp\/v2\/pages"}],"about":[{"href":"https:\/\/www.ufsm.br\/projetos\/institucional\/educacao-basica-em-rede\/wp-json\/wp\/v2\/types\/page"}],"author":[{"embeddable":true,"href":"https:\/\/www.ufsm.br\/projetos\/institucional\/educacao-basica-em-rede\/wp-json\/wp\/v2\/users\/324"}],"replies":[{"embeddable":true,"href":"https:\/\/www.ufsm.br\/projetos\/institucional\/educacao-basica-em-rede\/wp-json\/wp\/v2\/comments?post=204"}],"version-history":[{"count":0,"href":"https:\/\/www.ufsm.br\/projetos\/institucional\/educacao-basica-em-rede\/wp-json\/wp\/v2\/pages\/204\/revisions"}],"wp:attachment":[{"href":"https:\/\/www.ufsm.br\/projetos\/institucional\/educacao-basica-em-rede\/wp-json\/wp\/v2\/media?parent=204"}],"wp:term":[{"taxonomy":"category","embeddable":true,"href":"https:\/\/www.ufsm.br\/projetos\/institucional\/educacao-basica-em-rede\/wp-json\/wp\/v2\/categories?post=204"},{"taxonomy":"post_tag","embeddable":true,"href":"https:\/\/www.ufsm.br\/projetos\/institucional\/educacao-basica-em-rede\/wp-json\/wp\/v2\/tags?post=204"}],"curies":[{"name":"wp","href":"https:\/\/api.w.org\/{rel}","templated":true}]}}