{"id":173,"date":"2026-03-31T15:13:12","date_gmt":"2026-03-31T18:13:12","guid":{"rendered":"https:\/\/www.ufsm.br\/projetos\/institucional\/acervosies\/?page_id=173"},"modified":"2026-03-31T15:19:47","modified_gmt":"2026-03-31T18:19:47","slug":"universidade-descredenciadas","status":"publish","type":"page","link":"https:\/\/www.ufsm.br\/projetos\/institucional\/hubdocedu\/universidade-descredenciadas","title":{"rendered":"Universidade Descredenciadas"},"content":{"rendered":"\t\t<div data-elementor-type=\"wp-page\" data-elementor-id=\"173\" class=\"elementor elementor-173\">\n\t\t\t\t\t\t<section class=\"elementor-section elementor-top-section elementor-element elementor-element-d2c497d elementor-section-boxed elementor-section-height-default elementor-section-height-default\" data-id=\"d2c497d\" data-element_type=\"section\">\n\t\t\t\t\t\t<div class=\"elementor-container elementor-column-gap-default\">\n\t\t\t\t\t<div class=\"elementor-column elementor-col-100 elementor-top-column elementor-element elementor-element-da5c851\" data-id=\"da5c851\" data-element_type=\"column\">\n\t\t\t<div class=\"elementor-widget-wrap elementor-element-populated\">\n\t\t\t\t\t\t<div class=\"elementor-element elementor-element-a0f511a elementor-widget elementor-widget-heading\" data-id=\"a0f511a\" data-element_type=\"widget\" data-widget_type=\"heading.default\">\n\t\t\t\t<div class=\"elementor-widget-container\">\n\t\t\t<h5 class=\"elementor-heading-title elementor-size-default\">Lista de Universidades Descredenciadas<\/h5>\t\t<\/div>\n\t\t\t\t<\/div>\n\t\t\t\t\t<\/div>\n\t\t<\/div>\n\t\t\t\t\t<\/div>\n\t\t<\/section>\n\t\t\t\t<section class=\"elementor-section elementor-top-section elementor-element elementor-element-6835d48 elementor-section-boxed elementor-section-height-default elementor-section-height-default\" data-id=\"6835d48\" data-element_type=\"section\">\n\t\t\t\t\t\t<div class=\"elementor-container elementor-column-gap-default\">\n\t\t\t\t\t<div class=\"elementor-column elementor-col-100 elementor-top-column elementor-element elementor-element-fa9e275\" data-id=\"fa9e275\" data-element_type=\"column\">\n\t\t\t<div class=\"elementor-widget-wrap elementor-element-populated\">\n\t\t\t\t\t\t<div class=\"elementor-element elementor-element-475e12a elementor-widget elementor-widget-text-editor\" data-id=\"475e12a\" data-element_type=\"widget\" data-widget_type=\"text-editor.default\">\n\t\t\t\t<div class=\"elementor-widget-container\">\n\t\t\t\t\t\t\t<table style=\"border-collapse: collapse;width: 100%;height: 744px\">\n<tbody>\n<tr style=\"height: 24px\">\n<td style=\"width: 12.9979%;height: 24px\">&nbsp;<\/td>\n<td style=\"width: 23.48%;height: 24px;text-align: center\"><b>C\u00f3digo E-mec<\/b><\/td>\n<td style=\"width: 63.522%;height: 24px;text-align: center\"><strong>Universidade<\/strong><\/td>\n<\/tr>\n<tr style=\"height: 72px\">\n<td style=\"width: 12.9979%;height: 72px;text-align: center\"><span class=\"fontstyle0\">1<\/span><\/td>\n<td style=\"width: 23.48%;height: 72px;text-align: center\"><span class=\"fontstyle0\">13812<\/span><\/td>\n<td style=\"width: 63.522%;height: 72px\"><span class=\"fontstyle0\">Escola Superior Aberta do Brasil &#8211; ESAB<\/span><\/td>\n<\/tr>\n<tr style=\"height: 72px\">\n<td style=\"width: 12.9979%;height: 72px;text-align: center\"><span class=\"fontstyle0\">2<\/span><\/td>\n<td style=\"width: 23.48%;height: 72px;text-align: center\"><span class=\"fontstyle0\">822<\/span><\/td>\n<td style=\"width: 63.522%;height: 72px\"><span class=\"fontstyle0\">Escola Superior de Estudos Empresariais e Inform\u00e1tica &#8211; ESEEI<\/span><\/td>\n<\/tr>\n<tr style=\"height: 72px\">\n<td style=\"width: 12.9979%;height: 72px;text-align: center\"><span class=\"fontstyle0\">3<\/span><\/td>\n<td style=\"width: 23.48%;height: 72px;text-align: center\"><span class=\"fontstyle0\">1764<\/span><\/td>\n<td style=\"width: 63.522%;height: 72px\"><span class=\"fontstyle0\">Faculdade de Educa\u00e7\u00e3o Regional Serrana &#8211; FUNPAC<\/span><\/td>\n<\/tr>\n<tr style=\"height: 48px\">\n<td style=\"width: 12.9979%;height: 48px;text-align: center\"><span class=\"fontstyle0\">4<\/span><\/td>\n<td style=\"width: 23.48%;height: 48px;text-align: center\"><span class=\"fontstyle0\">3995<\/span><\/td>\n<td style=\"width: 63.522%;height: 48px\"><span class=\"fontstyle0\">Faculdade Evang\u00e9lica Cristo Rei &#8211; FECR<\/span><\/td>\n<\/tr>\n<tr style=\"height: 48px\">\n<td style=\"width: 12.9979%;height: 48px;text-align: center\"><span class=\"fontstyle0\">5<\/span><\/td>\n<td style=\"width: 23.48%;height: 48px;text-align: center\"><span class=\"fontstyle0\">17701<\/span><\/td>\n<td style=\"width: 63.522%;height: 48px\"><span class=\"fontstyle0\">Faculdade de Pinheiros &#8211; FAP<\/span><\/td>\n<\/tr>\n<tr style=\"height: 72px\">\n<td style=\"width: 12.9979%;height: 72px;text-align: center\"><span class=\"fontstyle0\">6<\/span><\/td>\n<td style=\"width: 23.48%;height: 72px;text-align: center\"><span class=\"fontstyle0\">1839<\/span><\/td>\n<td style=\"width: 63.522%;height: 72px\"><span class=\"fontstyle0\">Faculdades Integradas de V\u00e1rzea Grande \u2013 FIAVEC<\/span><\/td>\n<\/tr>\n<tr style=\"height: 48px\">\n<td style=\"width: 12.9979%;height: 48px;text-align: center\"><span class=\"fontstyle0\">7<\/span><\/td>\n<td style=\"width: 23.48%;height: 48px;text-align: center\"><span class=\"fontstyle0\">1665<\/span><\/td>\n<td style=\"width: 63.522%;height: 48px\"><span class=\"fontstyle0\">Faculdade Kennedy &#8211; FK<\/span><\/td>\n<\/tr>\n<tr style=\"height: 24px\">\n<td style=\"width: 12.9979%;height: 24px;text-align: center\"><span class=\"fontstyle0\">8<\/span><\/td>\n<td style=\"width: 23.48%;height: 24px;text-align: center\"><span class=\"fontstyle0\">2761<\/span><\/td>\n<td style=\"width: 63.522%;height: 24px\"><span class=\"fontstyle0\">Faculdade do Sert\u00e3o<\/span><\/td>\n<\/tr>\n<tr style=\"height: 48px\">\n<td style=\"width: 12.9979%;height: 48px;text-align: center\"><span class=\"fontstyle0\">9<\/span><\/td>\n<td style=\"width: 23.48%;height: 48px;text-align: center\"><span class=\"fontstyle0\">1431<\/span><\/td>\n<td style=\"width: 63.522%;height: 48px\"><span class=\"fontstyle0\">Faculdade Piratininga &#8211; FAPI<\/span><\/td>\n<\/tr>\n<tr style=\"height: 72px\">\n<td style=\"width: 12.9979%;height: 72px;text-align: center\"><span class=\"fontstyle0\">10<\/span><\/td>\n<td style=\"width: 23.48%;height: 72px;text-align: center\"><span class=\"fontstyle0\">2019<\/span><\/td>\n<td style=\"width: 63.522%;height: 72px\"><span class=\"fontstyle0\">Instituto Superior de Educa\u00e7\u00e3o de Salgueiro &#8211; ISES<\/span><\/td>\n<\/tr>\n<tr style=\"height: 72px\">\n<td style=\"width: 12.9979%;height: 72px;text-align: center\"><span class=\"fontstyle0\">11<\/span><\/td>\n<td style=\"width: 23.48%;height: 72px;text-align: center\"><span class=\"fontstyle0\">2151<\/span><\/td>\n<td style=\"width: 63.522%;height: 72px\"><span class=\"fontstyle0\">Instituto Superior de Educa\u00e7\u00e3o Belaar &#8211; IBERLAAR<\/span><\/td>\n<\/tr>\n<tr style=\"height: 48px\">\n<td style=\"width: 12.9979%;height: 48px;text-align: center\"><span class=\"fontstyle0\">12<\/span><\/td>\n<td style=\"width: 23.48%;height: 48px;text-align: center\"><span class=\"fontstyle0\">&nbsp;Sem E-mec<\/span><\/td>\n<td style=\"width: 63.522%;height: 48px\">Faculdade Domingos Martins<\/td>\n<\/tr>\n<tr style=\"height: 24px\">\n<td style=\"width: 12.9979%;height: 24px\"><span class=\"fontstyle0\">&nbsp;<\/span><\/td>\n<td style=\"width: 23.48%;height: 24px\"><span class=\"fontstyle0\">&nbsp;<\/span><\/td>\n<td style=\"width: 63.522%;height: 24px\"><span class=\"fontstyle0\">&nbsp;<\/span><\/td>\n<\/tr>\n<\/tbody>\n<\/table>\t\t\t\t\t\t<\/div>\n\t\t\t\t<\/div>\n\t\t\t\t\t<\/div>\n\t\t<\/div>\n\t\t\t\t\t<\/div>\n\t\t<\/section>\n\t\t\t\t<\/div>\n\t\t","protected":false},"excerpt":{"rendered":"<p>Lista de Universidades Descredenciadas &nbsp; C\u00f3digo E-mec Universidade 1 13812 Escola Superior Aberta do Brasil &#8211; ESAB 2 822 Escola Superior de Estudos Empresariais e Inform\u00e1tica &#8211; ESEEI 3 1764 Faculdade de Educa\u00e7\u00e3o Regional Serrana &#8211; FUNPAC 4 3995 Faculdade Evang\u00e9lica Cristo Rei &#8211; FECR 5 17701 Faculdade de Pinheiros &#8211; FAP 6 1839 Faculdades [&hellip;]<\/p>\n","protected":false},"author":6742,"featured_media":0,"parent":0,"menu_order":0,"comment_status":"closed","ping_status":"closed","template":"","meta":{"footnotes":""},"categories":[],"tags":[],"class_list":["post-173","page","type-page","status-publish","hentry"],"acf":[],"_links":{"self":[{"href":"https:\/\/www.ufsm.br\/projetos\/institucional\/hubdocedu\/wp-json\/wp\/v2\/pages\/173","targetHints":{"allow":["GET"]}}],"collection":[{"href":"https:\/\/www.ufsm.br\/projetos\/institucional\/hubdocedu\/wp-json\/wp\/v2\/pages"}],"about":[{"href":"https:\/\/www.ufsm.br\/projetos\/institucional\/hubdocedu\/wp-json\/wp\/v2\/types\/page"}],"author":[{"embeddable":true,"href":"https:\/\/www.ufsm.br\/projetos\/institucional\/hubdocedu\/wp-json\/wp\/v2\/users\/6742"}],"replies":[{"embeddable":true,"href":"https:\/\/www.ufsm.br\/projetos\/institucional\/hubdocedu\/wp-json\/wp\/v2\/comments?post=173"}],"version-history":[{"count":0,"href":"https:\/\/www.ufsm.br\/projetos\/institucional\/hubdocedu\/wp-json\/wp\/v2\/pages\/173\/revisions"}],"wp:attachment":[{"href":"https:\/\/www.ufsm.br\/projetos\/institucional\/hubdocedu\/wp-json\/wp\/v2\/media?parent=173"}],"wp:term":[{"taxonomy":"category","embeddable":true,"href":"https:\/\/www.ufsm.br\/projetos\/institucional\/hubdocedu\/wp-json\/wp\/v2\/categories?post=173"},{"taxonomy":"post_tag","embeddable":true,"href":"https:\/\/www.ufsm.br\/projetos\/institucional\/hubdocedu\/wp-json\/wp\/v2\/tags?post=173"}],"curies":[{"name":"wp","href":"https:\/\/api.w.org\/{rel}","templated":true}]}}