{"id":187,"date":"2022-10-26T09:20:48","date_gmt":"2022-10-26T12:20:48","guid":{"rendered":"https:\/\/www.ufsm.br\/projetos\/institucional\/observatorio-crise\/?page_id=187"},"modified":"2025-07-10T10:04:12","modified_gmt":"2025-07-10T13:04:12","slug":"capitulos-de-livros","status":"publish","type":"page","link":"https:\/\/www.ufsm.br\/projetos\/institucional\/observatorio-crise\/capitulos-de-livros","title":{"rendered":"Cap\u00edtulos de livros"},"content":{"rendered":"\n<p>AMARAL, M. F.. <strong>Regras absolutas n\u00e3o servem na cobertura de acontecimentos extremos.<\/strong> In: PAUL, D.; BECKER. D. (Org.). \u00c9tica jornal\u00edstica e pandemia: entrevistas com especialistas. 1ed.Florian\u00f3polis: UFSC\/Objethos, 2020, p. 13-20.<\/p>\n<p>\u00a0<\/p>\n<p>AMARAL, M. F.. <strong>Buenas pr\u00e1cticas en comunicaci\u00f3n para la reducci\u00f3n de los riesgos<\/strong>. In: Jos\u00e9 Antonio Aparicio Florido; Esther Puertas Cristobal. (Org.). Turismos azul y seguro: fundamentos para la geti\u00f3n de los riesgos costeros. 1ed.Cadiz: IERD e INDESS, 2020, v. , p. 78-80.<\/p>\n<p>\u00a0<\/p>\n<p>AMARAL, M. F.. <strong>Periodismo: de los desastres a las vulnerabilidades y los riesgos.<\/strong> In: Carlos Lozano Ascencio. (Org.). Periodismo y desastres: m\u00faltiples miradas. 1ed.Barcelona: Editorial UOC, 2019, v. 1, p. 23-42.<\/p>\n<p>\u00a0<\/p>\n<p><span lang=\"pt\">ANDRADE, J.G.; RU\u00c3O, T. &amp; OLIVEIRA, M. <strong>Os bastidores da comunica\u00e7\u00e3o de risco<\/strong>: a UMinho em tempos de pandemia. In M. Martins &amp; E. Rodrigues (coord.), A Universidade do Minho em Tempos de Pandemia <i>\u2013 <\/i>I Reflex\u00f5es (pp. 127-157), UMinho Editora, 2020.<\/span><\/p>\n<p>\u00a0<\/p>\n<p>CARVALHO, C. <strong>Rela\u00e7\u00f5es P\u00fablicas e crises na economia da reputa\u00e7\u00e3o<\/strong>. In. FARIAS, L. A. Rela\u00e7\u00f5es P\u00fablicas Estrat\u00e9gicas: t\u00e9cnicas, conceitos e instrumentos. S\u00e3o Paulo: Summus, 2011.<\/p>\n<p>\u00a0<\/p>\n<p>COOMBS, T. <strong>Parameters of crisis communication<\/strong>. In: COOMBS, T; HOLLADAY, S.J. The handbook of crisis communication. Nova Jersey: Wiley-Blackwell, 2010.<\/p>\n<p>\u00a0<\/p>\n<p>CRUZ, M. J. H. <strong>La Dimensi\u00f3n Estrat\u00e9gica de la Comunicaci\u00f3n. Una Aproximaci\u00f3n a la Gesti\u00f3n de Crisis Empresariales desde una Mirada de la Prevenci\u00f3n<\/strong>. In: POR\u00c9M, M. E; HIDALGO, J.; YAGUACHE, J. Inova\u00e7\u00f5es em Rela\u00e7\u00f5es P\u00fablicas e Comunica\u00e7\u00e3o Estrat\u00e9gica. Ed. Aveiro: Ria Editorial, 2020.<\/p>\n<p>\u00a0<\/p>\n<p>DIAS, P. &amp; ANDRADE; J. G. <strong>O papel dos social media nas crises reputacionais.<\/strong> In: T. Ru\u00e3o, R. Neves &amp; J. Zilmar (Eds.). A Comunica\u00e7\u00e3o Organizacional e os desafios tecnol\u00f3gicos: estudos sobre a influ\u00eancia tecnol\u00f3gica nos processos de comunica\u00e7\u00e3o nas organiza\u00e7\u00f5es. Braga: CECS, 2017. p. 55-69.<\/p>\n<p>\u00a0<\/p>\n<p>FORNI, J. J. <strong>Gest\u00e3o da comunica\u00e7\u00e3o em situa\u00e7\u00f5es de crise.<\/strong> In: DUARTE, Jorge. Assessoria de Imprensa e Relacionamento com a M\u00eddia: teoria e t\u00e9cnica. S\u00e3o Paulo: Atlas, 2018.<\/p>\n<p>\u00a0<\/p>\n<p>______. <strong>Gerenciamento de crises e transpar\u00eancia.<\/strong> In: PAULINO, F. O. (Org.). Transpar\u00eancia, governan\u00e7a, accountability e comunica\u00e7\u00e3o p\u00fablica. 1\u00aa ed. Bras\u00edlia: Casa das Musas, 2009, v. 1, p. 81-85.<\/p>\n<p>\u00a0<\/p>\n<p>______. <strong>Comunica\u00e7\u00e3o em tempo de crise.<\/strong> In: DUARTE, J. Assessoria de Imprensa e Relacionamento com a M\u00eddia: teoria e t\u00e9cnica. S\u00e3o Paulo: Atlas, 2008.<\/p>\n<p>\u00a0<\/p>\n<p>FLORCZAK, R. O. <strong>Pandemia de Covid-19: caracter\u00edstica de mega crise a partir das lentes da teoria fractal de crise.<\/strong> In: HOHLFELDT, A. C.; SCROFERNECKER, C. M. A.; PAGNUSSATT, D.; DA SILVA, D. W. (Org.). Impactos e aprendizados da pandemia de Covid-19 na perspectiva dos relacionamentos organizacionais. 1ed. Porto Alegre: Edipucrs, 2022, v. 1, p. 113-126.<\/p>\n<p>\u00a0<\/p>\n<p>______. <strong>O mon\u00f3logo das marcas e as crises de reputa\u00e7\u00e3o nas redes sociais.<\/strong> In: TERRA, C. F., DREYER, B. M., RAPOSO, J. F. (Org.). Comunica\u00e7\u00e3o organizacional: pr\u00e1ticas, desafios e perspectivas digitais. 1ed. S\u00e3o Paulo: Summus, 2021, v. 1, p. 209-220.<\/p>\n<p>\u00a0<\/p>\n<p>GRYZUNOVA, E. <strong>Crisis communication under terrorist threat:<\/strong> A case study of the counterterrorist operation in Chechnya. In: GON\u00c7ALVES, G.; SOMERVILLE, I.; MELO, A. (Ed.) Organisational and Strategic Communication Research: European Perspectives. Covilh\u00e3: LabCom, 2013. p. 193-216.<\/p>\n<p>\u00a0<\/p>\n<p>LAGADEC, P., TOPPER, B. <strong>How Crises Model the Modern World.<\/strong> International Journal of Risk Analysis and Crisis Response. Volume\u00a02, Number\u00a01, 2012, pp.\u00a021\u2013\u00a033.<\/p>\n<p>\u00a0<\/p>\n<p>______. <strong>The Megacrisis Unknown Territory:<\/strong> In Search of Conceptual and Strategic Breakthroughs. In: ROSENTHAL, U.; JACOBS, L. K. Comfort\u00a0and\u00a0I. Helsloot\u00a0(eds).\u00a0Megacrises. CC Thomas:\u00a0Springfield, 2012, p.\u00a012\u2013\u00a024.<\/p>\n<p>\u00a0<\/p>\n<p>______.\u00a0<strong>Crisis Management in the Twenty-First Century<\/strong> \u2013 \u201cUnthinkable\u201d Events in \u201cUnthinkable\u201d Contexts. In:\u00a0RODRIGUEZ, H.; QUARANTELLI, E. L.; DYNES, R.\u00a0(eds).\u00a0Handbook of Disaster Research, Chapter 30. Springer:\u00a0New York, 2012. p.\u00a0489\u2013\u00a0507.<\/p>\n<p>\u00a0<\/p>\n<p>LOOSE, E. B.; MORAES, C.; MASSIERER, C. <strong>Comunica\u00e7\u00e3o de riscos e desastres versus comunica\u00e7\u00e3o para mitiga\u00e7\u00e3o e adapta\u00e7\u00e3o.<\/strong> In: Daniel Rodrigo Cano, Rosalba Mancinas Ch\u00e1vez, Rogelio Fern\u00e1ndez Reyes. (Org.). La comunicaci\u00f3n del cambio clim\u00e1tico, una herramienta ante el gran desaf\u00edo. 1ed.Madri: Dykinson, 2021, v. 1, p. 36-55.<\/p>\n<p>\u00a0<\/p>\n<p>LOOSE, E. B.. <strong>Percep\u00e7\u00e3o, comunica\u00e7\u00e3o e governan\u00e7a dos riscos clim\u00e1ticos<\/strong>: uma pesquisa a partir do circuito da not\u00edcia da Gazeta do Povo. In: Francisco Mendon\u00e7a; Myrian Del Vecchio de Lima. (Org.). A cidade e os problemas socioambientais: uma perspectiva interdisciplinar. 1ed.Curitiba: Editora da UFPR, 2020, v. 1, p. 817-841.<\/p>\n<p>\u00a0<\/p>\n<p>LOOSE, E. B. <strong>Comunica\u00e7\u00e3o de riscos e Jornalismo:<\/strong> considera\u00e7\u00f5es sobre esta rela\u00e7\u00e3o a partir das mudan\u00e7as do clima. Multidimens\u00e3o e territ\u00f3rios de risco. 1ed.Coimbra: Imprensa da Universidade de Coimbra, 2014, p. 21-24.<\/p>\n<p>\u00a0<\/p>\n<p>MACHADO, J.; M\u00dcLLER, F. O.; FOSS\u00c1, M. I. T. <strong>Comunica\u00e7\u00e3o Digital Corporativa: as crises geradas por a\u00e7\u00f5es promocionais no Facebook.<\/strong> In: FOSS\u00c1, M. I. T.; P\u00c9RSIGO, P. M. (Org.). Comunica\u00e7\u00e3o organizacional e cidadania: olhares sobre a presen\u00e7a das corpora\u00e7\u00f5es e da comunidade na m\u00eddia. 1ed. Santa Maria: FACOS, 2013, v. 1, p. 10-27.<\/p>\n<p>\u00a0<\/p>\n<p>MACHADO, J. <strong>Crise<\/strong>. In: TERRA et. al.. Insights para a comunica\u00e7\u00e3o organizacional. Santa Maria: FACOS &#8211; UFSM, 2024.<\/p>\n<p>\u00a0<\/p>\n<p>MACHADO, J. <strong>Crise, sim; terra arrasada, n\u00e3o:<\/strong> li\u00e7\u00f5es de uma pandemia para os relacionamentos organizacionais. In: HOHLFELDT, A. C.; SCROFERNECKER, C. M. A.; PAGNUSSATT, D.; DA SILVA, D. W. (Org.). Impactos e aprendizados da pandemia de Covid-19 na perspectiva dos relacionamentos organizacionais. 1ed. Porto Alegre: Edipucrs, 2022, v. 1, p. 127-138.<\/p>\n<p><strong>\u00a0<\/strong><\/p>\n<p>______. <strong>Gest\u00e3o de crise e m\u00eddias digitais:<\/strong> rela\u00e7\u00f5es p\u00fablicas aplicadas antes, durante e depois. In: TERRA, C. F., DREYER, B. M., RAPOSO, J. F. (Org.). Comunica\u00e7\u00e3o organizacional: pr\u00e1ticas, desafios e perspectivas digitais. 1ed. S\u00e3o Paulo: Summus, 2021, v. 1, p. 197-208.<\/p>\n<p>\u00a0<\/p>\n<p>MAZZEI, A.; RAVAZZANI, S. <strong>Employee communicative actions and companies\u2019 internal communication strategies to mitigate the negative effects of crises.<\/strong> In: GON\u00c7ALVES, G.; SOMERVILLE, I.; MELO, A. (Ed.) Organisational and Strategic Communication Research: European Perspectives. Covilh\u00e3: LabCom, 2013. p.47-68.<\/p>\n<p>\u00a0<\/p>\n<p>NUNES, A. K.; OLIVEIRA, R. F.; TRICHES, P. <strong>Caracter\u00edsticas da produ\u00e7\u00e3o cient\u00edfica sobre risco e crise na perspectiva da comunica\u00e7\u00e3o: aspectos da inicia\u00e7\u00e3o cient\u00edfica e o futuro do campo.<\/strong> In: MARQUES, A.C.S; GENEROSO, I.M.; OLIVEIRA, I.L. (Org.).\u00a0Pesquisar em contextos de exce\u00e7\u00e3o: desafios da Comunica\u00e7\u00e3o Organizacional. 1ed. Belo Horizonte: Selo Editorial PPGCOM\/UFMG, 2023, v. 1, p. 199-2012.<\/p>\n<p>\u00a0<\/p>\n<p>OLIVEIRA, J. M. ; AMARAL, M. F. <strong>Las condiciones de producci\u00f3n de la noticia y el papel de las fuentes en las primeras 72 horas despu\u00e9s de la tragedia del club nocturno Kiss.<\/strong> In: Carlos Lozano Ascencio. (Org.). Periodismo y desastres: m\u00faltiples miradas. 1ed.: , 2019, v. 1, p. 63-80.<\/p>\n<p>\u00a0<\/p>\n<p>OLIVEIRA, R. F. <strong>Comunica\u00e7\u00e3o organizacional em tempos de metamorfoses<\/strong>: crises e cultura do cuidado. In: SCROFERNECKER, C.; PELLANDA, E.; SILVA, J. M. Metamorfoses sociais &#8211; tecnologias, pr\u00e1ticas, identidades, imagin\u00e1rios. 1ed. Porto Alegre: Sulina, 2024, p. 188- 202.<\/p>\n<p>\u00a0<\/p>\n<p>PORTALES, J. C.; SOUSA, R. <strong><em>Lo Que Est\u00e1 en Juego: Consecuencias de la Desconfianza P\u00fablica Hacia las Empresas<\/em>.<\/strong> In: F\u00c9LIX, J. B. Comunica\u00e7\u00e3o estrat\u00e9gica e integrada: A vis\u00e3o de 23 renomados autores em 5 pa\u00edses. 1. ed. Bras\u00edlia: Editora Rede Integrada, 2020, p.402-422.<\/p>\n<p>\u00a0<\/p>\n<p>QUINTEROS, C.C. <b>Comunica\u00e7\u00e3o P\u00fablica e Comunica\u00e7\u00e3o de Risco:<\/b> experi\u00eancia de grupo focal presencial durante a pandemia COVID-19 com comunidade vulner\u00e1vel a eventos clim\u00e1ticos extremos. In: Conex\u00e3o p\u00f3s: desafios contempor\u00e2neos da pesquisa. 2021. S\u00e3o Paulo: ECA\/USP. p.164-175.<\/p>\n<p>\u00a0<\/p>\n<p>ROGOJINARU, A. <strong>Narcissist markets and public relations. Reflections on the post-recession role of PR.<\/strong> In: GON\u00c7ALVES, G.; SOMERVILLE, I.; MELO, A. (Ed.) Organisational and Strategic Communication Research: European Perspectives. Covilh\u00e3: LabCom, 2013. p. 5-22.<\/p>\n<p>\u00a0<\/p>\n<p>RU\u00c3O, T. <strong>A emo\u00e7\u00e3o na comunica\u00e7\u00e3o de crise<\/strong>: aprendizagens de uma pandemia. In: OLIVEIRA, M.; MACHADO, H.; SARMENTO, J.; RIBEIRO, M. C. (Eds.). Sociedade e crise(s). Braga: UMinho Editora. p. 93-101.<\/p>\n<p>\u00a0<\/p>\n<p><span lang=\"en-US\">RU\u00c3O<\/span><span lang=\"en-US\">, T.; &amp; SILVA, S. <strong>Strategic science communication: the \u201cflatten the curve\u201d metaphor in covid-19 public risk messaging.<\/strong><\/span><span lang=\"en-US\">\u00a0In S. Balonas, T. Ru\u00e3o, &amp; M.V. Carrillo (eds.),<strong>\u00a0<\/strong>Strategic communication in context<i>: <\/i>Theoretical debates and applied research\u00a0(pp. 175-211).\u00a0<\/span><span lang=\"pt\">UMinho Editora\/CECS, 2021.\u00a0<\/span><\/p>\n<p>\u00a0<\/p>\n<p>SANTOS JUNIOR, L. G. ; AMARAL, M. F. . <strong>As narrativas jornal\u00edsticas sobre um desastre no Rio de Janeiro a partir de indicadores de an\u00e1lise.<\/strong> In: PESSOA, S.; PRATA, N. e SANTANA, F.. (Org.). Um mundo e muitas vozes: da utopia \u00e0 distopia?. 1ed.S\u00e3o Paulo: Intercom, 2021, p. 16-29.<\/p>\n<p>\u00a0<\/p>\n<p>SARTOR, A. P. <strong>Crise<\/strong>. In: TERRA et. al.. Insights para a comunica\u00e7\u00e3o organizacional. Santa Maria: FACOS &#8211; UFSM, 2024.<\/p>\n<p>\u00a0<\/p>\n<p>SIMONSEN, D. M. <strong>Developing the resilience typology:<\/strong> Communication and resilience in organisational crisis. In: GON\u00c7ALVES, G.; SOMERVILLE, I.; MELO, A. (Ed.) Organisational and Strategic Communication Research: European Perspectives. Covilh\u00e3: LabCom, 2013. p. 69-94.<\/p>\n<p>\u00a0<\/p>\n<p>TAVARES, M. H. <strong>O Impacto das Fake News nas Estrat\u00e9gias de Comunica\u00e7\u00e3o das Organiza\u00e7\u00f5es P\u00fablicas Brasileiras.<\/strong> In: F\u00c9LIX, J. B. Comunica\u00e7\u00e3o estrat\u00e9gica e integrada: A vis\u00e3o de 23 renomados autores em 5 pa\u00edses. 1. ed. Bras\u00edlia: Editora Rede Integrada, 2020, p. 352-378.<\/p>\n<p>\u00a0<\/p>\n<p>TEIXEIRA, P. B.\u00a0<strong>Gest\u00e3o de Crise e a Crise Clim\u00e1tica:\u00a0<\/strong>como mapear riscos para evitar crises futuras. In: MACHADO, J. (Org.). Risco e Crise no Contexto da Comunica\u00e7\u00e3o Organizacional: artigos e entrevistas de especialistas. 1ed.Santa Maria: FACOS \u2013 UFSM, 2024, v. 1, p. 81-84.<\/p>\n<p>\u00a0<\/p>\n<p>TEIXEIRA, P. B.; MENEZES, J.E.O ; MARTINO, L.M.S. <strong>Sociedade de risco e Modernidade L\u00edquida.<\/strong> In: MENEZES, J.E.O. ; MARTINO, L.M.S.. (Org.). Processos e Produtos Midi\u00e1ticos. 1ed. S\u00e3o Paulo, 2010, v. 1, p. 15-27.<\/p>\n<p>\u00a0<\/p>\n<p>THOURET, Jean-Claude. <strong>Avalia\u00e7\u00e3o, preven\u00e7\u00e3o e gest\u00e3o dos riscos naturais nas cidades da Am\u00e9rica Latina.<\/strong> In: VEYRET, Ivete (org.). Os riscos: o homem como agressor e v\u00edtima do meio ambiente. 2.ed. S\u00e3o Paulo: Contexto, 2015.<\/p>\n<p>\u00a0<\/p>\n<p>VICTOR, Cilene. <strong>Jornalistas e a les\u00e3o moral na pandemia<\/strong> <strong>&#8211; comunica\u00e7\u00e3o de riscos antes do jornalismo humanit\u00e1rio e de paz<\/strong>. In: Cilene Victor; Cidoval Morais de Sousa. (Org.). A pandemia na sociedade de riscos &#8211; perspectivas da comunica\u00e7\u00e3o. 1ed.Campina Grande: Editora da Universidade Estadual da Para\u00edba &#8211; EDUEPB, 2021, v. , p. 293-331.<\/p>\n<p>\u00a0<\/p>\n<p>______. <strong>Periodismo y reducci\u00f3n de riesgos de desastres: un paso m\u00e1s all\u00e1 de la tragedia anunciada<\/strong>. In: M\u00e1rcia Franz Amaral; Carlos Lozano Ascencio. (Org.). Periodismo y Desastres M\u00faltiples Miradas. 1\u00aaed.Barcelona: Editorial UOC, 2019, v.1, p.23-42, 2019, v. 1, p. 165-184.<\/p>\n<p>\u00a0<\/p>\n<p>______. <strong>Mensagem compartilhada &#8211; Comunica\u00e7\u00e3o de risco de desastre<\/strong>. In: Sulaiman, S.N.; Jacobi, P.R.. (Org.). Melhor prevenir: olhares e saberes para a redu\u00e7\u00e3o de risco de desastre. 1ed.S\u00e3o Paulo: IEE-USP, 2018, v. 1, p. 71-75.<\/p>\n<p>\u00a0<\/p>\n<p>______. <strong>Di\u00e1logo nos cen\u00e1rios de riscos de desastres<\/strong>. In: Dimas A. K\u00fcnsch; Guilherme Azevedo; Pedro Debs Brito; Viviane Regina Mansi. (Org.). Comunica\u00e7\u00e3o, di\u00e1logo e compreens\u00e3o. 1ed.S\u00e3o Paulo: Pl\u00eaiade, 2014, v. 1, p. 1-309.<\/p>\n<p>\u00a0<\/p>\n<p>VICTOR, S.; SIGNORELLI, A. B. M. C. ; CORTELLA, M. S. ; LAFEMINA, A. C. . <strong>Educa\u00e7\u00e3o e comunica\u00e7\u00e3o de riscos de desastres<\/strong>. In: V\u00e1rios autores. (Org.). Redu\u00e7\u00e3o de riscos de desastres. 1ed. S\u00e3o Paulo: Coordenadoria Estadual de Prote\u00e7\u00e3o de Defesa Civil de S\u00e3o Paulo, 2016, v. 1, p. 147-164.<\/p>\n<p>\u00a0<\/p>\n<p>_____________<\/p>\n<p>*Esta lista est\u00e1 em permanente atualiza\u00e7\u00e3o.<\/p>\n<p>**Envie suas indica\u00e7\u00f5es de refer\u00eancias para o email: <a class=\"notranslate\" href=\"mailto:observat%C3%B3rio.crise@ufsm.br\">observatorio.crise@ufsm.br<\/a>\u00a0<\/p>\n<p>***A bibliografia referenciada segue sistema pr\u00f3prio de padroniza\u00e7\u00e3o do OBCC, a fim de melhor visualiza\u00e7\u00e3o de temas, assuntos e palavras-chave que constam nos t\u00edtulos e subt\u00edtulos.<\/p>\n","protected":false},"excerpt":{"rendered":"<p>AMARAL, M. F.. Regras absolutas n\u00e3o servem na cobertura de acontecimentos extremos. In: PAUL, D.; BECKER. D. (Org.). \u00c9tica jornal\u00edstica e pandemia: entrevistas com especialistas. 1ed.Florian\u00f3polis: UFSC\/Objethos, 2020, p. 13-20. \u00a0 AMARAL, M. F.. Buenas pr\u00e1cticas en comunicaci\u00f3n para la reducci\u00f3n de los riesgos. In: Jos\u00e9 Antonio Aparicio Florido; Esther Puertas Cristobal. (Org.). Turismos azul [&hellip;]<\/p>\n","protected":false},"author":315,"featured_media":0,"parent":0,"menu_order":0,"comment_status":"closed","ping_status":"closed","template":"","meta":{"footnotes":""},"categories":[],"tags":[],"class_list":["post-187","page","type-page","status-publish","hentry"],"acf":[],"_links":{"self":[{"href":"https:\/\/www.ufsm.br\/projetos\/institucional\/observatorio-crise\/wp-json\/wp\/v2\/pages\/187","targetHints":{"allow":["GET"]}}],"collection":[{"href":"https:\/\/www.ufsm.br\/projetos\/institucional\/observatorio-crise\/wp-json\/wp\/v2\/pages"}],"about":[{"href":"https:\/\/www.ufsm.br\/projetos\/institucional\/observatorio-crise\/wp-json\/wp\/v2\/types\/page"}],"author":[{"embeddable":true,"href":"https:\/\/www.ufsm.br\/projetos\/institucional\/observatorio-crise\/wp-json\/wp\/v2\/users\/315"}],"replies":[{"embeddable":true,"href":"https:\/\/www.ufsm.br\/projetos\/institucional\/observatorio-crise\/wp-json\/wp\/v2\/comments?post=187"}],"version-history":[{"count":0,"href":"https:\/\/www.ufsm.br\/projetos\/institucional\/observatorio-crise\/wp-json\/wp\/v2\/pages\/187\/revisions"}],"wp:attachment":[{"href":"https:\/\/www.ufsm.br\/projetos\/institucional\/observatorio-crise\/wp-json\/wp\/v2\/media?parent=187"}],"wp:term":[{"taxonomy":"category","embeddable":true,"href":"https:\/\/www.ufsm.br\/projetos\/institucional\/observatorio-crise\/wp-json\/wp\/v2\/categories?post=187"},{"taxonomy":"post_tag","embeddable":true,"href":"https:\/\/www.ufsm.br\/projetos\/institucional\/observatorio-crise\/wp-json\/wp\/v2\/tags?post=187"}],"curies":[{"name":"wp","href":"https:\/\/api.w.org\/{rel}","templated":true}]}}