{"id":189,"date":"2022-10-26T09:23:27","date_gmt":"2022-10-26T12:23:27","guid":{"rendered":"https:\/\/www.ufsm.br\/projetos\/institucional\/observatorio-crise\/?page_id=189"},"modified":"2025-07-23T09:19:15","modified_gmt":"2025-07-23T12:19:15","slug":"dissertacoes-e-teses","status":"publish","type":"page","link":"https:\/\/www.ufsm.br\/projetos\/institucional\/observatorio-crise\/dissertacoes-e-teses","title":{"rendered":"Disserta\u00e7\u00f5es e teses"},"content":{"rendered":"\n<p>\u00a0<\/p>\n<p><span style=\"color: #003366\"><strong>DISSERTA\u00c7\u00d5ES<\/strong><\/span><\/p>\n<p>\u00a0<\/p>\n<p><strong>2025<\/strong><\/p>\n<p><strong>Atores pol\u00edticos e crises entre a visibilidade e a vigil\u00e2ncia do palco midi\u00e1tico digital<\/strong>: uma an\u00e1lise dos eventos protagonizados pelo prefeito cover de Elvis e o candidato coach. Julia Machado Biasibetti<\/p>\n<p><strong>Comunica\u00e7\u00e3o e rela\u00e7\u00f5es de trabalho \u2013 o entre-lugar do cuidado na gest\u00e3o de crise em vin\u00edcolas ga\u00fachas<\/strong>. Thaise Shaiane Ribeiro de Chaves.<\/p>\n<p>\u00a0<\/p>\n<p><strong>2023<\/strong><\/p>\n<p><strong>Comunica\u00e7\u00e3o p\u00fablica e gest\u00e3o de crise da Covid-19 em prefeituras do Rio Grande do Sul.<\/strong> Milena Ganasini<\/p>\n<p><strong>Identifica\u00e7\u00e3o de Estrat\u00e9gias Eficazes para a Comunica\u00e7\u00e3o de Risco de Problemas de Seguran\u00e7a de Alimentos<\/strong>. \u00c9merson de Lima Torres<\/p>\n<p><strong>Elabora\u00e7\u00f5es te\u00f3rico-pr\u00e1ticas para a implementa\u00e7\u00e3o de um plano de comunica\u00e7\u00e3o de crises para a ind\u00fastrias nucleares do Brasil<\/strong>. Roberta Vitorino<\/p>\n<p>\u00a0<\/p>\n<p><strong>2021<\/strong><\/p>\n<p><strong>Comunica\u00e7\u00e3o de crise<\/strong>: O impacto da estrat\u00e9gia de resposta \u00e0 crise e do enquadramento dado \u00e0 mensagem. Maria Francisca Repas Rom\u00e3o<\/p>\n<p><strong>Grandes empresas brasileiras e gest\u00e3o de crises<\/strong>: reflex\u00e3o sobre as estruturas organizacionais existentes. Ot\u00e1vio dos Anjos<\/p>\n<p><strong>Comunica\u00e7\u00e3o gerencial em resposta \u00e0 crise:<\/strong> o caso da pandemia do coronav\u00edrus em uma rede hoteleira. Izabella Kuperman<\/p>\n<p><strong>Disclosure dos planos de conting\u00eancia de munic\u00edpios do estado de Santa Catarina<\/strong>. Ad\u00e3o Paulo Ronconi<\/p>\n<p>\u00a0<\/p>\n<p><strong>2020<\/strong><\/p>\n<p><strong>Existe amor em app?:<\/strong> percep\u00e7\u00f5es sobre a sexualidade, a preven\u00e7\u00e3o e a comunica\u00e7\u00e3o do HIV e da AIDS entre usu\u00e1rios de aplicativos de relacionamentos. Vinicius Alves Serralheiro<\/p>\n<p><strong>Pr\u00e1ticas de comunica\u00e7\u00e3o em institui\u00e7\u00f5es p\u00fablicas de ensino superior<\/strong>: as estrat\u00e9gias da UFPE para as m\u00eddias sociais em tempos de crise. Sueli Marcia Pereira Barbosa<\/p>\n<p><strong>Gest\u00e3o da informa\u00e7\u00e3o em situa\u00e7\u00f5es de crise:<\/strong> reflex\u00f5es sobre a comunica\u00e7\u00e3o com o p\u00fablico no contexto da sociedade em rede. Raphael Augusto Vaz dos Santos<\/p>\n<p>\u00a0<\/p>\n<p><strong>2019<\/strong><\/p>\n<p><strong>Os modelos de comunica\u00e7\u00e3o do risco em epidemias:<\/strong> a emerg\u00eancia da Zika no Facebook das autoridades de sa\u00fade brasileira e norte-americana. Tarcisio Valente Lima<\/p>\n<p><strong>Cobertura do desastre socioambiental em Mariana\/MG pelo portal em.com.br<\/strong>: das fontes aos enunciadores. Ellize Souza<\/p>\n<p>\u00a0<\/p>\n<p><strong>2018<\/strong><\/p>\n<p><strong>O processo de comunica\u00e7\u00e3o de crise da Guarda Nacional Republicana<\/strong>. Carolina Diogo Ralo Rosa<\/p>\n<p><strong>A influ\u00eancia da reputa\u00e7\u00e3o na gest\u00e3o de crises de comunica\u00e7\u00e3o da Petrobras<\/strong>. Paula dos Santos Oda<\/p>\n<p><strong>Gerenciamento de discursos h\u00eddricos:<\/strong> a comunica\u00e7\u00e3o da crise de abastecimento de \u00e1gua na Regi\u00e3o Metropolitana de S\u00e3o Paulo (2014-2015). Douglas de Albuquerque Leite<\/p>\n<p><strong>Gest\u00e3o de crises como gest\u00e3o da identidade:<\/strong> o lugar do discurso e da imagem. Felipe Diemer de Lemos<\/p>\n<p><strong>Comunica\u00e7\u00e3o organizacional e crises de imagem<\/strong>: relat\u00f3rio de apoio \u00e0 gest\u00e3o de crises para o Ifes &#8211; Campus Vit\u00f3ria. Renata Cristina Pinto Pazzini<\/p>\n<p>\u00a0<\/p>\n<p><strong>2017<\/strong><\/p>\n<p><strong>A comunica\u00e7\u00e3o estrat\u00e9gica na gest\u00e3o da comunica\u00e7\u00e3o de crise<\/strong> nas organiza\u00e7\u00f5es e o papel do profissional de assessoria de imprensa. Camila Alves Ramalho Matta<\/p>\n<p><strong>Imagem e reputa\u00e7\u00e3o de organiza\u00e7\u00f5es de servi\u00e7os:<\/strong> um estudo de caso sobre a TAM e a Azul. Bianca Garrido Dias<\/p>\n<p><strong>Risco e visibilidade:<\/strong> a pr\u00e1tica da selfie de risco e a forma\u00e7\u00e3o de subjetividades na sociedade contempor\u00e2nea. Camila Priscila Lopes<\/p>\n<p><strong>Modelo de gest\u00e3o de risco nas comunica\u00e7\u00f5es em projetos de TIC<\/strong>: um estudo de caso na Universidade de Bras\u00edlia. Reinaldo Gomes Bado\u00edno Filho<\/p>\n<p>\u00a0<\/p>\n<p><strong>2016<\/strong><\/p>\n<p><strong>A comunica\u00e7\u00e3o de crise em ambiente digital. <\/strong>Ana Catarina Nunes Carvalho<\/p>\n<p><strong>Gest\u00e3o de crises de imagem da UFRN: <\/strong>diagn\u00f3stico e estrat\u00e9gias. Williane Elayne Ricardo da Silva<\/p>\n<p><strong>Estrat\u00e9gias de comunica\u00e7\u00e3o organizacional e gest\u00e3o de crise de imagem<\/strong> em institui\u00e7\u00e3o p\u00fablica de ensino. Catia Simone Pinto Sandri<\/p>\n<p><strong>Os testemunhos na cobertura ao vivo do inc\u00eandio da Boate Kiss<\/strong>. Juliana Motta de Oliveira<\/p>\n<p><strong>Comunica\u00e7\u00e3o de risco na perspectiva da \u00e1rea nuclear no Brasil<\/strong>. Tariana Brocardo Machado<\/p>\n<p>\u00a0<\/p>\n<p><strong>2015<\/strong><\/p>\n<p><strong>O uso das informa\u00e7\u00f5es de big data na gest\u00e3o de crise de marca. <\/strong>Alexandre Borba Salvador<\/p>\n<p><strong>Comunica\u00e7\u00e3o de risco como processo:<\/strong> uma an\u00e1lise do caso Shell\/Basf. Milene Rocha Louren\u00e7o<\/p>\n<p><strong>Comunica\u00e7\u00e3o, crise e lideran\u00e7a: <\/strong>uma investiga\u00e7\u00e3o sob o prisma da complexidade sobre comunica\u00e7\u00e3o e lideran\u00e7a em contexto de crise organizacional. Maria Patr\u00edcia Brilhante de Sousa<\/p>\n<p><strong>Gest\u00e3o de crise de imagem em organiza\u00e7\u00f5es educacionais. <\/strong>Ana Claudia Klein Ferreira<\/p>\n<p><strong>\u00a0<\/strong><\/p>\n<p><strong>2014<\/strong><\/p>\n<p><strong>Do desastre para o risco<\/strong>: qualidade na cobertura em revistas semanais de informa\u00e7\u00e3o. Juliana Frandalozo Alves dos Santos<\/p>\n<p>\u00a0<\/p>\n<p><strong>2013<\/strong><\/p>\n<p><strong>An\u00e1lise de risco em organiza\u00e7\u00f5es: <\/strong>caso de estudo. Marco Nunes<\/p>\n<p><strong>Desafios da comunica\u00e7\u00e3o no processo de crise organizacional: <\/strong>o caso Playcenter. Anelisa Maradei<\/p>\n<p><strong>Os sentidos da crise financeira nos editoriais de Veja e Carta Capital.<\/strong> \u00a0Jo\u00e3o Victor Borba Moura e Silva.<\/p>\n<p><strong>\u00a0<\/strong><\/p>\n<p><strong>2012<\/strong><\/p>\n<p><strong>O Processo de Gest\u00e3o de Risco nas Organiza\u00e7\u00f5es. <\/strong>Ana Jorge Neves de Barros<\/p>\n<p><strong>Comunica\u00e7\u00e3o de risco e cobertura de desastres:<\/strong> o campo jornal\u00edstico e as fontes especializadas. Ananda da Silva Delevati<\/p>\n<p><strong>Da previs\u00e3o do tempo \u00e0s cat\u00e1strofes<\/strong>: os valores-not\u00edcia dos acontecimentos clim\u00e1ticos em Zero Hora. Anaqueli Rubin.<\/p>\n<p><strong>\u00a0<\/strong><\/p>\n<p><strong>2011<\/strong><\/p>\n<p><strong>Gest\u00e3o e gerenciamento de crises na sociedade do risco. <\/strong>Patr\u00edcia Brito Teixeira<\/p>\n<p><strong>Entre a crise e a not\u00edcia: <\/strong>as estrat\u00e9gias organizacionais da Air France e a constru\u00e7\u00e3o do acontecimento Voo 447 pela m\u00eddia impressa brasileira e francesa. Patr\u00edcia Milano P\u00e9rsigo<\/p>\n<p><strong>Comunica\u00e7\u00e3o e crise na era da cibercultura: <\/strong>l\u00f3gica medi\u00e1tica da hipervolatiliza\u00e7\u00e3o financeira contempor\u00e2nea. Tales Augusto Queiroz Tomaz<\/p>\n<p>\u00a0<\/p>\n<p><strong>2010<\/strong><\/p>\n<p><strong>ONGs em crise<\/strong>: estrat\u00e9gias de comunica\u00e7\u00e3o de ONGs em crise de imagem institucional. Paula Franceschelli de Aguiar Barros.<\/p>\n<p>\u00a0<\/p>\n<p><strong>2008<\/strong><\/p>\n<p><strong>Crise a\u00e9rea e comunica\u00e7\u00e3o: <\/strong>o acidente do v\u00f4o 3054 da TAM \u00e0 sombra da m\u00eddia. Leandro Pires Salvador<\/p>\n<p><strong>A Sociedade da Informa\u00e7\u00e3o e as organiza\u00e7\u00f5es em momentos de crise:<\/strong> uma investiga\u00e7\u00e3o interpretativa do fluxo de comunica\u00e7\u00e3o em per\u00edodos de turbul\u00eancia.\u00a0Jos\u00e9 Gabriel de Oliveira Andrade Junior<\/p>\n<p><strong>\u00a0<\/strong><\/p>\n<p><strong>2007<\/strong><\/p>\n<p><strong>Gerenciamento de crise: <\/strong>um estudo de caso sobre o gerenciamento de crise de imagem da Pol\u00edcia Militar \u2013 PMAM. S\u00e9rgio Luiz Souza de Menezes<\/p>\n<p><strong>Comunica\u00e7\u00e3o em tempo de crise: <\/strong>o caso do Autovis\u00e3o no Brasil. Maria Carolina Rodriguez<\/p>\n<p>\u00a0<\/p>\n<p><strong>1999<\/strong><\/p>\n<p><strong>Crise!: <\/strong>a comunica\u00e7\u00e3o externa organizacional em tempos de crises por acidente maior: o v\u00f4o 402, a TAM e a imprensa: um estudo de caso. Adriana Vieira Salinas<\/p>\n<p><strong>Comunica\u00e7\u00e3o empresarial em situa\u00e7\u00f5es de crise e a estrat\u00e9gia competitiva. <\/strong>Valdir Jos\u00e9 de Oliveira Filho<\/p>\n<p><strong>\u00a0<\/strong><\/p>\n<p><span style=\"color: #003366\"><strong>TESES<\/strong><\/span><\/p>\n<p>\u00a0<\/p>\n<p><strong>2025<\/strong><\/p>\n<p><strong>As tens\u00f5es entre as perspetivas informativa e pol\u00edtica da comunica\u00e7\u00e3o de risco e de crise<\/strong>: A comunica\u00e7\u00e3o das organiza\u00e7\u00f5es p\u00fablicas portuguesas sobre os inc\u00eandios florestais. Bianca Persici Toniolo.<\/p>\n<p>\u00a0<\/p>\n<p><strong>2024<\/strong><\/p>\n<p><strong>As mulheres na cobertura jornal\u00edstica de desastres:\u00a0<\/strong>o discurso de atingidas no jornal A Sirene. Alice Bianchini Pavanello.<\/p>\n<p>\u00a0<\/p>\n<p><strong>2023<\/strong><\/p>\n<p><strong>Do Caos \u00e0 Crise: <\/strong>o vocabul\u00e1rio de crise na reforma urbana do Mercado S\u00e3o Jos\u00e9 e do Camden Market. Luana Bulc\u00e3o<\/p>\n<p><strong>Reputa\u00e7\u00e3o e gest\u00e3o de crise de integridade<\/strong>: a Odebrecht retratada na m\u00eddia impressa no contexto da Lava-Jato. Amanda Frick Martins<\/p>\n<p><strong>Risco \u00e9 not\u00edcia?<\/strong> A relev\u00e2ncia jornal\u00edstica dos riscos nos grandes desastres da minera\u00e7\u00e3o brasileira. Elise Azambuja Souza<\/p>\n<p><strong>A comunica\u00e7\u00e3o p\u00fablica do clima e riscos de desastres:<\/strong> imbrica\u00e7\u00f5es comunicacionais sobre as pol\u00edticas p\u00fablicas em Curitiba, Brasil. Cora Catalina Quinteros<\/p>\n<p>\u00a0<\/p>\n<p><strong>2022<\/strong><\/p>\n<p><strong>O testemunho de urg\u00eancia nas coberturas de trag\u00e9dia<\/strong>: fun\u00e7\u00f5es autorizadas pelo telejornalismo. Juliana Motta<\/p>\n<p><strong>UAware alert:<\/strong> uma plataforma sens\u00edvel ao contexto para alertas antecipados acess\u00edveis. Jaziel Souza Lobo<\/p>\n<p>\u00a0<\/p>\n<p><strong>2021<\/strong><\/p>\n<p><strong>Identifica\u00e7\u00e3o e an\u00e1lise de riscos corporativos de imagem<\/strong>: a relev\u00e2ncia da Gest\u00e3o de Identidades nas Rela\u00e7\u00f5es P\u00fablicas. Sergio Jose Andreucci Junior<\/p>\n<p>\u00a0<\/p>\n<p><strong>2016<\/strong><\/p>\n<p><strong>Epidemia midi\u00e1tica de febre amarela:<\/strong> desdobramentos e aprendizados de uma crise de comunica\u00e7\u00e3o na sa\u00fade p\u00fablica brasileira. Claudia Malinverni<\/p>\n<p><strong>Estrat\u00e9gias comunicacionais no contexto de crise: <\/strong>os contratos de comunica\u00e7\u00e3o da Petrobras, O Globo e Planalto em m\u00eddias digitais. Jones Machado<\/p>\n<p>\u00a0<\/p>\n<p><strong>2010<\/strong><\/p>\n<p><strong>Comunica\u00e7\u00e3o e poder na cobertura jornal\u00edstica das crises da avia\u00e7\u00e3o: <\/strong>uma an\u00e1lise dos acidentes TAM 3054 e AF 447 na Revista Veja. Laura Maria Gl\u00fcer<\/p>\n<p>\u00a0<\/p>\n<p><strong>2005<\/strong><\/p>\n<p><strong>O gerenciamento das estrat\u00e9gias de comunica\u00e7\u00e3o em crises empresariais: <\/strong>um estudo de caso em uma empresa de minera\u00e7\u00e3o em Minas Gerais. Juliana Costa Gon\u00e7alves<\/p>\n<p>\u00a0<\/p>\n<p>\u00a0<\/p>\n<p>*Esta lista est\u00e1 em permanente atualiza\u00e7\u00e3o.<\/p>\n<p>**Envie suas indica\u00e7\u00f5es de refer\u00eancias para o email:\u00a0<a class=\"notranslate\" href=\"mailto:observat%C3%B3rio.crise@ufsm.br\">observatorio.crise@ufsm.br<\/a>\u00a0<\/p>\n","protected":false},"excerpt":{"rendered":"<p>\u00a0 DISSERTA\u00c7\u00d5ES \u00a0 2025 Atores pol\u00edticos e crises entre a visibilidade e a vigil\u00e2ncia do palco midi\u00e1tico digital: uma an\u00e1lise dos eventos protagonizados pelo prefeito cover de Elvis e o candidato coach. Julia Machado Biasibetti Comunica\u00e7\u00e3o e rela\u00e7\u00f5es de trabalho \u2013 o entre-lugar do cuidado na gest\u00e3o de crise em vin\u00edcolas ga\u00fachas. Thaise Shaiane Ribeiro [&hellip;]<\/p>\n","protected":false},"author":315,"featured_media":0,"parent":0,"menu_order":0,"comment_status":"closed","ping_status":"closed","template":"","meta":{"footnotes":""},"categories":[],"tags":[],"class_list":["post-189","page","type-page","status-publish","hentry"],"acf":[],"_links":{"self":[{"href":"https:\/\/www.ufsm.br\/projetos\/institucional\/observatorio-crise\/wp-json\/wp\/v2\/pages\/189","targetHints":{"allow":["GET"]}}],"collection":[{"href":"https:\/\/www.ufsm.br\/projetos\/institucional\/observatorio-crise\/wp-json\/wp\/v2\/pages"}],"about":[{"href":"https:\/\/www.ufsm.br\/projetos\/institucional\/observatorio-crise\/wp-json\/wp\/v2\/types\/page"}],"author":[{"embeddable":true,"href":"https:\/\/www.ufsm.br\/projetos\/institucional\/observatorio-crise\/wp-json\/wp\/v2\/users\/315"}],"replies":[{"embeddable":true,"href":"https:\/\/www.ufsm.br\/projetos\/institucional\/observatorio-crise\/wp-json\/wp\/v2\/comments?post=189"}],"version-history":[{"count":0,"href":"https:\/\/www.ufsm.br\/projetos\/institucional\/observatorio-crise\/wp-json\/wp\/v2\/pages\/189\/revisions"}],"wp:attachment":[{"href":"https:\/\/www.ufsm.br\/projetos\/institucional\/observatorio-crise\/wp-json\/wp\/v2\/media?parent=189"}],"wp:term":[{"taxonomy":"category","embeddable":true,"href":"https:\/\/www.ufsm.br\/projetos\/institucional\/observatorio-crise\/wp-json\/wp\/v2\/categories?post=189"},{"taxonomy":"post_tag","embeddable":true,"href":"https:\/\/www.ufsm.br\/projetos\/institucional\/observatorio-crise\/wp-json\/wp\/v2\/tags?post=189"}],"curies":[{"name":"wp","href":"https:\/\/api.w.org\/{rel}","templated":true}]}}