{"id":191,"date":"2022-10-26T09:25:29","date_gmt":"2022-10-26T12:25:29","guid":{"rendered":"https:\/\/www.ufsm.br\/projetos\/institucional\/observatorio-crise\/?page_id=191"},"modified":"2025-04-03T11:00:38","modified_gmt":"2025-04-03T14:00:38","slug":"eventos-e-cursos","status":"publish","type":"page","link":"https:\/\/www.ufsm.br\/projetos\/institucional\/observatorio-crise\/eventos-e-cursos","title":{"rendered":"Eventos e cursos"},"content":{"rendered":"\n<p>EVENTOS<\/p>\n<p><a href=\"https:\/\/app.ciente.studio\/abrapcorp2025\">XIX Congresso Brasileiro Cient\u00edfico de Comunica\u00e7\u00e3o Organizacional e Rela\u00e7\u00f5es P\u00fablicas<\/a>: &#8220;Comunica\u00e7\u00e3o na\/para sociedade de risco&#8221;<\/p>\n<p><a href=\"https:\/\/prolegislativo.com.br\/forumportoalegre\/\">F\u00f3rum de capacita\u00e7\u00e3o<\/a>:\u00a0 &#8220;Desafios da Comunica\u00e7\u00e3o P\u00fablica em eventos clim\u00e1ticos extremos e calamidades&#8221;<\/p>\n<p>\u00a0<\/p>\n<p>CURSOS<\/p>\n<p><strong>Aberje<\/strong><\/p>\n<p><a href=\"https:\/\/escolaaberje.com.br\/curso\/curso-completo-em-gestao-crises\/\">Gest\u00e3o de Crises nas Organiza\u00e7\u00f5es<\/a><\/p>\n<p><strong>Cosafe Latam<\/strong><\/p>\n<p><a href=\"https:\/\/cosafe.com.br\/curso_crise_cyber\/\">Como gerenciar uma crise cibern\u00e9tica?<\/a><\/p>\n<p><strong>ESPM<\/strong>\u00a0<\/p>\n<p><a href=\"https:\/\/www.espm.br\/cursos\/dynamic\/cursos-de-ferias\/gestao-de-crises-de-imagem\/\">Gest\u00e3o de Crises de Imagem<\/a><\/p>\n<p><strong>PUCPR<\/strong><\/p>\n<p><a href=\"https:\/\/posdigital.pucpr.br\/cursos\/gestao-de-risco-compliance-e-auditoria?utm_medium=Google&amp;utm_source=cpc&amp;utm_term=p%C3%B3s%20em%20gest%C3%A3o%20de%20riscos&amp;utm_campaign=PUCPR_PRF_CONV_SEARCH_POS-GRAD_Always-On_BR_DIREITO&amp;utm_group=CONV_SEARCH_POS-GRAD_Always-On_COMPLIANCE_3251&amp;gad_source=1&amp;gclid=Cj0KCQiA84CvBhCaARIsAMkAvkJz2LoC6HEWfM0XpYl65MAbvX3n-QnRhuI5Sn8PIMUYPD-gAT-zJbIaAhyUEALw_wcB\" target=\"_blank\" rel=\"noopener\">Gest\u00e3o de Risco, Compliance e Auditoria<\/a><\/p>\n<p><strong>C\u00e1sper<\/strong><\/p>\n<p><a href=\"https:\/\/cursos.casperlibero.edu.br\/produto\/gerenciamento-de-crise-27\/\" target=\"_blank\" rel=\"noopener\">Gerenciamento de crise<\/a><\/p>\n<p><strong>PUC \u2013 Rio<\/strong><\/p>\n<p><a href=\"https:\/\/www.cce.puc-rio.br\/sitecce\/website\/website.dll\/folder?nCurso=avaliacao-e-gerenciamento-de-riscos-e-de-crises&amp;nInst=cce\" target=\"_blank\" rel=\"noopener\">Avalia\u00e7\u00e3o e Gerenciamento de Riscos e de Crises<\/a><\/p>\n<p><strong>PUCRS<\/strong><\/p>\n<p><a href=\"https:\/\/online.pucrs.br\/pos-graduacao\/comunicacao-estrategica?gad_source=1&amp;gclid=CjwKCAiArfauBhApEiwAeoB7qJKTcaBlyhQSmNUo4Fh9lq_5M8sUJ_9RtLGlcc_srGu5_s4LPZljnxoCAnUQAvD_BwE\" target=\"_blank\" rel=\"noopener\">Comunica\u00e7\u00e3o estrat\u00e9gica para gest\u00e3o de marca e reputa\u00e7\u00e3o<\/a><\/p>\n<p><a href=\"https:\/\/portal.pucrs.br\/ensino\/cursos\/certificacao\/gestao-de-crises-na-era-digital-2\/\">Cen\u00e1rios simulados de crise<\/a><\/p>\n<p><strong>FGV\u00a0<\/strong><\/p>\n<p><a href=\"https:\/\/educacao-executiva.fgv.br\/cursos\/online\/curta-media-duracao-online\/crise-cibernetica-e-continuidade-de-negocios-1?oferta=107302\" target=\"_blank\" rel=\"noopener\">Crise cibern\u00e9tica e continuidade de neg\u00f3cios<\/a><\/p>\n<p><strong>UCS\u00a0<\/strong><\/p>\n<p><a href=\"https:\/\/ead.ucs.br\/cursos-pos-graduacao\/gerenciamento-crises\" target=\"_blank\" rel=\"noopener\">Gerenciamento de Crises Comunicacionais em Organiza\u00e7\u00f5es<\/a><\/p>\n<p><strong>Unimes<\/strong><\/p>\n<p><a href=\"https:\/\/portal.unimes.br\/curso-ead\/comunicacao-empresarial-com-foco-em-gestao-de-crise\/\" target=\"_blank\" rel=\"noopener\">Comunica\u00e7\u00e3o Empresarial, como foco em Gest\u00e3o de Crise<\/a><\/p>\n<p><strong>Senac<\/strong><\/p>\n<p><a href=\"https:\/\/www.ead.senac.br\/cursos-livres\/gerenciamento-de-crises-nas-redes-sociais\/\" target=\"_blank\" rel=\"noopener\">Gerenciamento de crises nas redes sociais<\/a><\/p>\n<p><strong>FIA Business School<\/strong><\/p>\n<p><a href=\"https:\/\/fia.com.br\/pos-graduacao-ead\/gestao-riscos-fraudes-compliance-ead\/\" target=\"_blank\" rel=\"noopener\">P\u00f3s-Gradua\u00e7\u00e3o Gest\u00e3o de Riscos de Fraudes e Compliance<\/a><\/p>\n<p><strong>Instituto de Estudos Municipais (IEM)<\/strong><\/p>\n<p><a href=\"https:\/\/www.iem.inf.br\/cursos\/detalhe\/942\/comunicacao-na-gestao-de-riscos-e-desastres-cultura-do-cuidado-como-estrategia-de-prevencao?id=903\" target=\"_blank\" rel=\"noopener\">Comunica\u00e7\u00e3o na Gest\u00e3o de Riscos e Desastres: Cultura do Cuidado como Estrat\u00e9gia de Preven\u00e7\u00e3o<\/a><\/p>\n<p><a href=\"https:\/\/www.iem.inf.br\/cursos\/detalhe\/943\/gestao-de-riscos-e-crises-na-comunicacao-municipal?id=904\" target=\"_blank\" rel=\"noopener\">Gest\u00e3o de Riscos e Crises na Comunica\u00e7\u00e3o Municipal<\/a><\/p>\n<p><strong>Controladoria-Geral da Uni\u00e3o (CGU)<\/strong><\/p>\n<p><a href=\"https:\/\/www.gov.br\/cgu\/pt-br\/assuntos\/noticias\/2023\/03\/controladoria-geral-da-uniao-lanca-curso-virtual-sobre-introducao-a-gestao-de-riscos\" target=\"_blank\" rel=\"noopener\">Introdu\u00e7\u00e3o \u00e0 Gest\u00e3o de Riscos<\/a><\/p>\n<p><strong>Novo8<\/strong><\/p>\n<p><a href=\"https:\/\/www.udemy.com\/course\/gestao-de-riscos-e-crises\/\" target=\"_blank\" rel=\"noopener\">Gest\u00e3o de Riscos e Crises na hotelaria e turismo \u2013 Aprendendo a conhecer e priorizar seus riscos, fazendo preven\u00e7\u00e3o e minimizando os impactos de ocorr\u00eancias e crises.<\/a><\/p>\n<p><strong>Instituto Daryus de Ensino Superior Paulista (IDESP)<\/strong><\/p>\n<p><a href=\"https:\/\/idesp.com.br\/treinamentos\/gestao-de-riscos\/\" target=\"_blank\" rel=\"noopener\">Gest\u00e3o de Riscos<\/a><\/p>\n<p><a href=\"https:\/\/idesp.com.br\/treinamentos\/governanca-riscos-compliance\/\" target=\"_blank\" rel=\"noopener\">Governan\u00e7a, Risco e Compliance<\/a><\/p>\n<p><a href=\"https:\/\/idesp.com.br\/pos_graduacao\/gestao-de-riscos-e-continuidade-de-negocios\/\" target=\"_blank\" rel=\"noopener\">Gest\u00e3o de Riscos e Continuidade de Neg\u00f3cio<\/a>s<\/p>\n<p><a href=\"https:\/\/idesp.com.br\/pos_graduacao\/gestao-de-riscos-e-compliance\/\" target=\"_blank\" rel=\"noopener\">Gest\u00e3o de Riscos e Compliance<\/a><\/p>\n<p><strong>Est\u00e1cio<\/strong><\/p>\n<p><a href=\"https:\/\/estacio.br\/cursos\/pos-graduacao\/prevencao-e-gerenciamento-de-crises\" target=\"_blank\" rel=\"noopener\">MBA em Preven\u00e7\u00e3o e Gerenciamento de Crises<\/a><\/p>\n<p><strong>Unifor<\/strong><\/p>\n<p><a href=\"https:\/\/unifor.br\/web\/pos-graduacao\/aperfeicoamento-em-gestao-de-crises\" target=\"_blank\" rel=\"noopener\">Aperfei\u00e7oamento em Gest\u00e3o de Crises<\/a><\/p>\n<p><strong>Unileya<\/strong><\/p>\n<p><a href=\"https:\/\/unyleya.edu.br\/pos-graduacao-ead\/curso\/comunicacao-em-crises-nas-organizacoes-publicas-e-privadas#\" target=\"_blank\" rel=\"noopener\">Comunica\u00e7\u00e3o em crises nas organiza\u00e7\u00f5es p\u00fablicas e privadas<\/a><\/p>\n<p><strong>FMU<\/strong><\/p>\n<p><a href=\"https:\/\/portal.fmu.br\/cursos\/pos-graduacao\/comunicacao-em-crises-organizacionais\/\" target=\"_blank\" rel=\"noopener\">Comunica\u00e7\u00e3o em Crises Organizacionais<\/a><\/p>\n<p><strong>FADERGS\u00a0<\/strong><\/p>\n<p><a href=\"https:\/\/querobolsa.com.br\/fadergs\/cursos\/especializacao-em-comunicacao-em-crises-organizacionais\" target=\"_blank\" rel=\"noopener\">Especializa\u00e7\u00e3o em Comunica\u00e7\u00e3o em Crises Organizacionais<\/a><\/p>\n<p><strong>PUC Minas<\/strong><\/p>\n<p><a href=\"https:\/\/www.pucminas.br\/Pos-Graduacao\/IEC\/Cursos\/Paginas\/Gestao-de-Imagem-e-Reputacao-e-Comunicacao-de-Crise.aspx?moda=5&amp;polo=7&amp;curso=1470&amp;situ=1\" target=\"_blank\" rel=\"noopener\">Gest\u00e3o de Imagem e Reputa\u00e7\u00e3o e Comunica\u00e7\u00e3o de Crise<\/a><\/p>\n<p><strong>USCS<\/strong><\/p>\n<p><a href=\"https:\/\/www.posuscs.com.br\/pos-graduacao-a-distancia\/mba-em-prevencao-e-gerenciamento-de-crises\/6381\/17\" target=\"_blank\" rel=\"noopener\">MBA em Preven\u00e7\u00e3o e Gerenciamento de Crises<\/a><\/p>\n<p><strong>Newton Paiva<\/strong><\/p>\n<p><a href=\"https:\/\/posead.newtonpaiva.br\/cursos-pos-graduacao\/gerenciamento-crises-ead\" target=\"_blank\" rel=\"noopener\">Gerenciamento de crise<\/a><\/p>\n<p><strong>UNIFACIG<\/strong><\/p>\n<p><a href=\"https:\/\/unifacig.edu.br\/campanha-pos-gerenciamento-de-crises\/\" target=\"_blank\" rel=\"noopener\">P\u00f3s-gradua\u00e7\u00e3o em Gerenciamento de Crises<\/a><\/p>\n<p>\u00a0<\/p>\n","protected":false},"excerpt":{"rendered":"<p>EVENTOS XIX Congresso Brasileiro Cient\u00edfico de Comunica\u00e7\u00e3o Organizacional e Rela\u00e7\u00f5es P\u00fablicas: &#8220;Comunica\u00e7\u00e3o na\/para sociedade de risco&#8221; F\u00f3rum de capacita\u00e7\u00e3o:\u00a0 &#8220;Desafios da Comunica\u00e7\u00e3o P\u00fablica em eventos clim\u00e1ticos extremos e calamidades&#8221; \u00a0 CURSOS Aberje Gest\u00e3o de Crises nas Organiza\u00e7\u00f5es Cosafe Latam Como gerenciar uma crise cibern\u00e9tica? ESPM\u00a0 Gest\u00e3o de Crises de Imagem PUCPR Gest\u00e3o de Risco, Compliance [&hellip;]<\/p>\n","protected":false},"author":315,"featured_media":0,"parent":0,"menu_order":0,"comment_status":"closed","ping_status":"closed","template":"","meta":{"footnotes":""},"categories":[],"tags":[],"class_list":["post-191","page","type-page","status-publish","hentry"],"acf":[],"_links":{"self":[{"href":"https:\/\/www.ufsm.br\/projetos\/institucional\/observatorio-crise\/wp-json\/wp\/v2\/pages\/191","targetHints":{"allow":["GET"]}}],"collection":[{"href":"https:\/\/www.ufsm.br\/projetos\/institucional\/observatorio-crise\/wp-json\/wp\/v2\/pages"}],"about":[{"href":"https:\/\/www.ufsm.br\/projetos\/institucional\/observatorio-crise\/wp-json\/wp\/v2\/types\/page"}],"author":[{"embeddable":true,"href":"https:\/\/www.ufsm.br\/projetos\/institucional\/observatorio-crise\/wp-json\/wp\/v2\/users\/315"}],"replies":[{"embeddable":true,"href":"https:\/\/www.ufsm.br\/projetos\/institucional\/observatorio-crise\/wp-json\/wp\/v2\/comments?post=191"}],"version-history":[{"count":0,"href":"https:\/\/www.ufsm.br\/projetos\/institucional\/observatorio-crise\/wp-json\/wp\/v2\/pages\/191\/revisions"}],"wp:attachment":[{"href":"https:\/\/www.ufsm.br\/projetos\/institucional\/observatorio-crise\/wp-json\/wp\/v2\/media?parent=191"}],"wp:term":[{"taxonomy":"category","embeddable":true,"href":"https:\/\/www.ufsm.br\/projetos\/institucional\/observatorio-crise\/wp-json\/wp\/v2\/categories?post=191"},{"taxonomy":"post_tag","embeddable":true,"href":"https:\/\/www.ufsm.br\/projetos\/institucional\/observatorio-crise\/wp-json\/wp\/v2\/tags?post=191"}],"curies":[{"name":"wp","href":"https:\/\/api.w.org\/{rel}","templated":true}]}}