{"id":192,"date":"2022-10-26T09:26:27","date_gmt":"2022-10-26T12:26:27","guid":{"rendered":"https:\/\/www.ufsm.br\/projetos\/institucional\/observatorio-crise\/?page_id=192"},"modified":"2026-03-13T16:59:04","modified_gmt":"2026-03-13T19:59:04","slug":"filmes-e-documentarios","status":"publish","type":"page","link":"https:\/\/www.ufsm.br\/projetos\/institucional\/observatorio-crise\/filmes-e-documentarios","title":{"rendered":"Filmes, s\u00e9ries, podcasts, v\u00eddeos e document\u00e1rios"},"content":{"rendered":"\n<p><span style=\"color: #003366\"><strong>Filmes<\/strong><\/span><\/p>\n<p><strong>O ABISMO<\/strong>. Dire\u00e7\u00e3o de Richard Holm. 2023.<\/p>\n<p><strong>QUANTO VALE?<\/strong> Dire\u00e7\u00e3o de Sara Colangelo. 2021.<\/p>\n<p><strong>ESPECIALISTA EM CRISE<\/strong>. Dire\u00e7\u00e3o de David Gordon Green. 2016.<\/p>\n<p><strong>O DISCURSO DO REI<\/strong>. Dire\u00e7\u00e3o de Tom Hooper. 2011.<\/p>\n<p><strong>REC\u00c9M-CHEGADA<\/strong>. Dire\u00e7\u00e3o de Jonas Elmer. 2009.<\/p>\n<p><strong>HANCOCK<\/strong>. Dire\u00e7\u00e3o de Peter Berg. 2008.<\/p>\n<p><strong>CHERNOBYL. <\/strong>Dire\u00e7\u00e3o de Johan Renk. 2019.<\/p>\n<p><strong>HORIZONTE PROFUNDO<\/strong>. Dire\u00e7\u00e3o de Peter Berg. 2016.<\/p>\n<p><strong>O ESC\u00c2NDALO<\/strong>. Dire\u00e7\u00e3o de Jay Roach. 2019.<\/p>\n<p><strong>REDE DE INTRIGAS.<\/strong> Dire\u00e7\u00e3o de Sidney Lumet. 1976.<\/p>\n<p><strong>OBRIGADO POR FUMAR<\/strong>. Dire\u00e7\u00e3o de Jason Reitman. 2006.<\/p>\n<p><strong>CHEF<\/strong>. Dire\u00e7\u00e3o de Jon Favreau. 2014.<\/p>\n<p><strong>THE POST<\/strong>. Dire\u00e7\u00e3o de Steven Spielberg. 2018.<\/p>\n<p><strong>SPOTLIGHT<\/strong>. Dire\u00e7\u00e3o de Tom McCarthy. 2015.<\/p>\n<p><strong>SULLY<\/strong>: O HER\u00d3I DO RIO HUDSON. Dire\u00e7\u00e3o de Clint Eastwood. 2016.<\/p>\n<p><strong>O PRE\u00c7O DE UMA VERDADE<\/strong>. Dire\u00e7\u00e3o: Billy Ray. 2003.<\/p>\n<p><strong>PERDIDO EM MARTE. <\/strong>Dire\u00e7\u00e3o de Ridley Scott. 2015.<\/p>\n<p><strong>AMOR SEM ESCALAS. <\/strong>Dire\u00e7\u00e3o de Jason Reitman. 2009.<\/p>\n<p><strong>OS 33<\/strong>. Dire\u00e7\u00e3o de Patr\u00edcia Riggen. 2015.<\/p>\n<p><strong>O HOMEM QUE MUDOU O JOGO. <\/strong>Dire\u00e7\u00e3o de Bennett Miller. 2011.<\/p>\n<p><strong>MARGIN CALL, O DIA ANTES DO FIM. <\/strong>Dire\u00e7\u00e3o de J. C. Chandor. 2011.<\/p>\n<p><strong>A GRANDE VIRADA. <\/strong>Dire\u00e7\u00e3o de John Wells. 2010.<\/p>\n<p><strong>O QUARTO PODER<\/strong>. Dire\u00e7\u00e3o de Costa-Gravas. 1998.<\/p>\n<p><strong>CRISE. <\/strong>Dire\u00e7\u00e3o de Nicholas Jarecki. 2021.<\/p>\n<p><strong>GRANDE DEMAIS PARA QUEBRAR<\/strong>. Dire\u00e7\u00e3o de Curtis Hanson. 2011.<\/p>\n<p><strong>ERIN BROCKOVICH <\/strong>\u2013 UMA MULHER DE TALENTO. Dire\u00e7\u00e3o de Steven Soderbergh. 2000.<\/p>\n<p><strong>MERA COINCID\u00caNCIA. <\/strong>Dire\u00e7\u00e3o de Barry Levinson. 1997.<\/p>\n<p><strong>FROST\/NIXON<\/strong>. Dire\u00e7\u00e3o de Ron Howard. 2008.<\/p>\n<p><strong>HABEMUS PAPAM. <\/strong>Dire\u00e7\u00e3o de Nanni Moretti. 2011.<\/p>\n<p><strong>TREZE VIDAS:<\/strong> O RESGATE. Dire\u00e7\u00e3o de Ron Howard. 2022.<\/p>\n<p><strong>O DESTINO DE UMA NA\u00c7\u00c3O<\/strong>. Dire\u00e7\u00e3o de John Wright. 2017.<\/p>\n<p>\u00a0<\/p>\n<p><span style=\"color: #003366\"><strong>S\u00e9ries\/miniss\u00e9ries<\/strong><\/span><\/p>\n<p><strong>A DIPLOMATA<\/strong>. Dire\u00e7\u00e3o de Simon Cellan Jones<strong>. <\/strong>2023<\/p>\n<p><strong>DESIGNATED SURVIVOR. <\/strong>Criado por David Guggenheim. 2016 \u2013 2019.<\/p>\n<p><strong>DIA ZERO<\/strong>. Dire\u00e7\u00e3o de Lesli Linka Glatter. 2025.<\/p>\n<p><strong>HER\u00d3IS DOS TRILHOS<\/strong>. Dire\u00e7\u00e3o de Shiv Rawail. 2023.<\/p>\n<p><strong>HOUSE OF CARDS<\/strong>. Dire\u00e7\u00e3o de David Fincher. 2013 \u2013 2018.<\/p>\n<p><strong>QUEENMAKER<\/strong>. Dire\u00e7\u00e3o de Oh Jin-suk. 2023.<\/p>\n<p><strong>O COLAPSO<\/strong>. Criado por Guillaume Desjardins. 2019 &#8211; 2020.<\/p>\n<p><strong>SCANDAL<\/strong>. Criado por Shonda Rhimes. 2012 \u2013 2018.<\/p>\n<p><strong>SUCCESSION<\/strong>.\u00a0 Criado por Jesse Armstrong. 2018 &#8211; 2023.<\/p>\n<p><strong>SUPER PUMPED<\/strong>. A BATALHA PELA UBER. Criado por Brian Koppelman e David Levien. 2022.<\/p>\n<p><strong>TEMPOS DE CRISE<\/strong>. Dire\u00e7\u00e3o de Fulvio Bernasconi. 2019.<\/p>\n<p><strong>THE BOYS<\/strong>. Cria\u00e7\u00e3o de Eric Kripke. 2019.<\/p>\n<p><strong>THE CROWN<\/strong>. Criada por Peter Morgan. 2016 \u2013 2022.<\/p>\n<p><strong>THE HOT ZONE.<\/strong> A HIST\u00d3RIA DO EBOLA. Criado por James V. Hart. 2019 &#8211; 2021.<\/p>\n<p><strong>TODO DIA A MESMA NOITE.<\/strong> O INC\u00caNDIO DA BOATE KISS. Dire\u00e7\u00e3o de Julia Rezende e Carol Min\u00eam. 2023.<\/p>\n<p><strong>TR\u00caS DIAS QUE MUDARAM TUDO<\/strong>. Dire\u00e7\u00e3o de Hideo Nakata e Masaki Nishiura. 2023.\u00a0<\/p>\n<p><strong>VINAGRE DE MA\u00c7\u00c3<\/strong>. Criado por Samantha Strauss. 2025.<\/p>\n<p><strong>WE CRASHED<\/strong>. Criada por Lee Eisenberg e Drew Crevello. 2022.<\/p>\n<p>\u00a0<\/p>\n<p><span style=\"color: #003366\"><strong>Podcasts<\/strong><\/span><\/p>\n<p><b>CUIDAR_COM <\/b>&#8211; PUCRS<\/p>\n<p><strong>COMUNICA\u00c7\u00c3O ESSENCIAL<\/strong> &#8211; Abracom<\/p>\n<p><strong>CRISIS AHEAD<\/strong> &#8211; Edward Segal<\/p>\n<p><strong>GEST\u00c3O SEM CRISE <\/strong>&#8211; Patr\u00edcia Brito Teixeira<\/p>\n<p><strong>R\u00c1DIO PE\u00c3O <\/strong>&#8211; Voc\u00ea S\/A<\/p>\n<p><strong>FALA\u00c7\u00c3O <\/strong>&#8211; Aberje<\/p>\n<p>\u00a0<\/p>\n<p><span style=\"color: #003366\"><strong>V\u00eddeos<\/strong><\/span><\/p>\n<p><strong>JO\u00c3O JOS\u00c9 FORNI<\/strong> &#8211; <a href=\"https:\/\/www.youtube.com\/@joaojoseforni1439\">Canal no Youtube<\/a><\/p>\n<p>\u00a0<\/p>\n<p><span style=\"color: #003366\"><strong>Document\u00e1rios<\/strong><\/span><\/p>\n<p><strong>BOPHAL 84<\/strong>. Concep\u00e7\u00e3o de Daniel Giovanaz e Poliana Dallabrida. 2020.<\/p>\n<p><strong>BOATE KISS: <\/strong>a trag\u00e9dia de Santa Maria. Dire\u00e7\u00e3o de Marcelo Canellas. 2023.<\/p>\n<p><strong>OS ASSASSINATOS DO TYLENOL<\/strong>. Dire\u00e7\u00e3o de Yotam Guendelman e Ari Pines. 2025.<\/p>\n<p><strong>SA\u00daDE NO LIMITE DA DOR: <\/strong>Os aprendizados do SUS na emerg\u00eancia da Boate Kiss. Dire\u00e7\u00e3o de Taya Carneiro. 2023.<\/p>\n<p><strong>VOO 370:<\/strong> O AVI\u00c3O QUE DESAPARECEU. Dire\u00e7\u00e3o de Louise Malkinson. 2023.<\/p>\n<p><strong>ANATOMIA DE UM ESC\u00c2NDALO. <\/strong>Dire\u00e7\u00e3o de S. J. Clarkson. 2022.<\/p>\n<p><strong>CONVERG\u00caNCIA: <\/strong>CORAGEM EM TEMPOS DE CRISE. 2021.<\/p>\n<p><strong>DEMOCRACIA EM VERTIGEM<\/strong>. Dire\u00e7\u00e3o de Petra Costa. 2019.<\/p>\n<p><strong>ESCOLA BASE:<\/strong> UM REP\u00d3RTER ENFRENTA O PASSADO. Dire\u00e7\u00e3o de Caio Cavechini. 2023.<\/p>\n<p><strong>EXTREMISTAS.BR<\/strong>. Dire\u00e7\u00e3o de Caio Cavechini. 2023<\/p>\n<p><strong>FYRE FESTIVAL: <\/strong>FIASCO NO CARIBE. Dire\u00e7\u00e3o de Chris Smith. 2019.<\/p>\n<p><strong>HARRY E MEGHAN<\/strong>. Dire\u00e7\u00e3o de Liz Garbus e Erica Sashin. 2021<\/p>\n<p><strong>INSIDE JOB<\/strong>. Dire\u00e7\u00e3o de Charles H. Fergunson. 2010.<\/p>\n<p><strong>PANDEMIA: <\/strong>COMO PREVENIR UMA EPIDEMIA. 2020.<\/p>\n<p><strong>QUEDA LIVRE: <\/strong>A TRAG\u00c9DIA DO CASO BOEING. Dire\u00e7\u00e3o de Rory Kennedy. 2022.<\/p>\n<p><strong>11 DE SETEMBRO<\/strong>: NO GABINETE DE CRISE DO PRESIDENTE. Dire\u00e7\u00e3o de Adam Wishart. 2021.<\/p>\n<p>\u00a0<\/p>\n<p>*Esta lista est\u00e1 em permanente atualiza\u00e7\u00e3o.<\/p>\n<p>**Envie suas indica\u00e7\u00f5es audiovisuais para o email: <a class=\"notranslate\" href=\"mailto:observat%C3%B3rio.crise@ufsm.br\">observatorio.crise@ufsm.br<\/a>\u00a0<\/p>\n","protected":false},"excerpt":{"rendered":"<p>Filmes O ABISMO. Dire\u00e7\u00e3o de Richard Holm. 2023. QUANTO VALE? Dire\u00e7\u00e3o de Sara Colangelo. 2021. ESPECIALISTA EM CRISE. Dire\u00e7\u00e3o de David Gordon Green. 2016. O DISCURSO DO REI. Dire\u00e7\u00e3o de Tom Hooper. 2011. REC\u00c9M-CHEGADA. Dire\u00e7\u00e3o de Jonas Elmer. 2009. HANCOCK. Dire\u00e7\u00e3o de Peter Berg. 2008. CHERNOBYL. Dire\u00e7\u00e3o de Johan Renk. 2019. HORIZONTE PROFUNDO. Dire\u00e7\u00e3o de [&hellip;]<\/p>\n","protected":false},"author":315,"featured_media":0,"parent":0,"menu_order":0,"comment_status":"closed","ping_status":"closed","template":"","meta":{"footnotes":""},"categories":[],"tags":[],"class_list":["post-192","page","type-page","status-publish","hentry"],"acf":[],"_links":{"self":[{"href":"https:\/\/www.ufsm.br\/projetos\/institucional\/observatorio-crise\/wp-json\/wp\/v2\/pages\/192","targetHints":{"allow":["GET"]}}],"collection":[{"href":"https:\/\/www.ufsm.br\/projetos\/institucional\/observatorio-crise\/wp-json\/wp\/v2\/pages"}],"about":[{"href":"https:\/\/www.ufsm.br\/projetos\/institucional\/observatorio-crise\/wp-json\/wp\/v2\/types\/page"}],"author":[{"embeddable":true,"href":"https:\/\/www.ufsm.br\/projetos\/institucional\/observatorio-crise\/wp-json\/wp\/v2\/users\/315"}],"replies":[{"embeddable":true,"href":"https:\/\/www.ufsm.br\/projetos\/institucional\/observatorio-crise\/wp-json\/wp\/v2\/comments?post=192"}],"version-history":[{"count":0,"href":"https:\/\/www.ufsm.br\/projetos\/institucional\/observatorio-crise\/wp-json\/wp\/v2\/pages\/192\/revisions"}],"wp:attachment":[{"href":"https:\/\/www.ufsm.br\/projetos\/institucional\/observatorio-crise\/wp-json\/wp\/v2\/media?parent=192"}],"wp:term":[{"taxonomy":"category","embeddable":true,"href":"https:\/\/www.ufsm.br\/projetos\/institucional\/observatorio-crise\/wp-json\/wp\/v2\/categories?post=192"},{"taxonomy":"post_tag","embeddable":true,"href":"https:\/\/www.ufsm.br\/projetos\/institucional\/observatorio-crise\/wp-json\/wp\/v2\/tags?post=192"}],"curies":[{"name":"wp","href":"https:\/\/api.w.org\/{rel}","templated":true}]}}