{"id":297,"date":"2024-02-26T09:20:58","date_gmt":"2024-02-26T12:20:58","guid":{"rendered":"https:\/\/www.ufsm.br\/projetos\/institucional\/observatorio-crise\/?page_id=297"},"modified":"2024-05-09T15:36:19","modified_gmt":"2024-05-09T18:36:19","slug":"orientacoes-para-a-sociedade","status":"publish","type":"page","link":"https:\/\/www.ufsm.br\/projetos\/institucional\/observatorio-crise\/orientacoes-para-a-sociedade","title":{"rendered":"Orienta\u00e7\u00f5es para a sociedade"},"content":{"rendered":"\t\t<div data-elementor-type=\"wp-page\" data-elementor-id=\"297\" class=\"elementor elementor-297\">\n\t\t\t\t\t\t<section class=\"elementor-section elementor-top-section elementor-element elementor-element-9b2e745 elementor-section-boxed elementor-section-height-default elementor-section-height-default\" data-id=\"9b2e745\" data-element_type=\"section\">\n\t\t\t\t\t\t<div class=\"elementor-container elementor-column-gap-default\">\n\t\t\t\t\t<div class=\"elementor-column elementor-col-100 elementor-top-column elementor-element elementor-element-a49bfd5\" data-id=\"a49bfd5\" data-element_type=\"column\">\n\t\t\t<div class=\"elementor-widget-wrap elementor-element-populated\">\n\t\t\t\t\t\t<div class=\"elementor-element elementor-element-5663d3c elementor-widget elementor-widget-wp-widget-ufsm_noticias_widget\" data-id=\"5663d3c\" data-element_type=\"widget\" data-widget_type=\"wp-widget-ufsm_noticias_widget.default\">\n\t\t\t\t<div class=\"elementor-widget-container\">\n\t\t\t<div class='widget-noticias-inside'>\n                        <div class=\"row\">\n                                    <div class=\"col-12 col-lg-12 pb-4\">\n                                        \n                                        \n                    \n                    <a class=\"noticias-widget-title d-block \"  title=\"Eventos clim\u00e1ticos extremos (atualiza\u00e7\u00e3o)\" href=\"https:\/\/www.ufsm.br\/projetos\/institucional\/observatorio-crise\/2024\/07\/18\/eventos-climaticos-extremos-atualizacao\">\n                                                Eventos clim\u00e1ticos extremos (atualiza\u00e7\u00e3o)                    <\/a>\n                    \n                                            <div class=\"noticias-widget-introtext\">\n                            O maior desastre clim\u00e1tico no Estado do RS, ocorrido em 2024, atingiu mais de 2,4 milh\u00f5es de pessoas, em 93% dos munic\u00edpios ga\u00fachos, resultando em 182 pessoas mortas em fun\u00e7\u00e3o das inunda\u00e7\u00f5es, enchentes e deslizamentos de terra ocasionados pela chuva&hellip;                        <\/div>\n                    \n                                        \n                                        \n                                        <\/div>\n                            <\/div>\n                    <div class=\"row\">\n                                    <div class=\"col-12 col-lg-12 pb-4\">\n                                        \n                                        \n                    \n                    <a class=\"noticias-widget-title d-block \"  title=\"Eventos clim\u00e1ticos extremos (resposta e restabelecimento)\" href=\"https:\/\/www.ufsm.br\/projetos\/institucional\/observatorio-crise\/2024\/05\/09\/desastres-climaticos\">\n                                                Eventos clim\u00e1ticos extremos (resposta e restabelecimento)                    <\/a>\n                    \n                                            <div class=\"noticias-widget-introtext\">\n                            O Estado do RS convive com chuvas e consequentes inunda\u00e7\u00f5es e enchentes em muitas cidades, incluindo a capital Porto Alegre. J\u00e1 foram registradas mais de 100 mortes e 200 feridos, centenas de pessoas ainda esperam por resgate nos telhados de&hellip;                        <\/div>\n                    \n                                        \n                                        \n                                        <\/div>\n                            <\/div>\n                    <div class=\"row\">\n                                    <div class=\"col-12 col-lg-12 pb-4\">\n                                        \n                                        \n                    \n                    <a class=\"noticias-widget-title d-block \"  title=\"Ataques violentos a escolas (preven\u00e7\u00e3o, mitiga\u00e7\u00e3o, prepara\u00e7\u00e3o e resposta)\" href=\"https:\/\/www.ufsm.br\/projetos\/institucional\/observatorio-crise\/2024\/02\/26\/teste\">\n                                                Ataques violentos a escolas (preven\u00e7\u00e3o, mitiga\u00e7\u00e3o, prepara\u00e7\u00e3o e resposta)                    <\/a>\n                    \n                                            <div class=\"noticias-widget-introtext\">\n                            A gest\u00e3o de uma crise come\u00e7a bem antes de um evento cr\u00edtico se instaurar. N\u00e3o basta tratar o problema j\u00e1 em andamento. \u00c9 preciso agir antes. Por isso, imp\u00f5e-se a gest\u00e3o de riscos, ainda pouco implementada no Brasil. \u00c9 a&hellip;                        <\/div>\n                    \n                                        \n                                        \n                                        <\/div>\n                            <\/div>\n            <\/div>\n\t\t<\/div>\n\t\t\t\t<\/div>\n\t\t\t\t\t<\/div>\n\t\t<\/div>\n\t\t\t\t\t<\/div>\n\t\t<\/section>\n\t\t\t\t<\/div>\n\t\t","protected":false},"excerpt":{"rendered":"","protected":false},"author":315,"featured_media":0,"parent":0,"menu_order":0,"comment_status":"closed","ping_status":"closed","template":"","meta":{"footnotes":""},"categories":[],"tags":[],"class_list":["post-297","page","type-page","status-publish","hentry"],"acf":[],"_links":{"self":[{"href":"https:\/\/www.ufsm.br\/projetos\/institucional\/observatorio-crise\/wp-json\/wp\/v2\/pages\/297","targetHints":{"allow":["GET"]}}],"collection":[{"href":"https:\/\/www.ufsm.br\/projetos\/institucional\/observatorio-crise\/wp-json\/wp\/v2\/pages"}],"about":[{"href":"https:\/\/www.ufsm.br\/projetos\/institucional\/observatorio-crise\/wp-json\/wp\/v2\/types\/page"}],"author":[{"embeddable":true,"href":"https:\/\/www.ufsm.br\/projetos\/institucional\/observatorio-crise\/wp-json\/wp\/v2\/users\/315"}],"replies":[{"embeddable":true,"href":"https:\/\/www.ufsm.br\/projetos\/institucional\/observatorio-crise\/wp-json\/wp\/v2\/comments?post=297"}],"version-history":[{"count":0,"href":"https:\/\/www.ufsm.br\/projetos\/institucional\/observatorio-crise\/wp-json\/wp\/v2\/pages\/297\/revisions"}],"wp:attachment":[{"href":"https:\/\/www.ufsm.br\/projetos\/institucional\/observatorio-crise\/wp-json\/wp\/v2\/media?parent=297"}],"wp:term":[{"taxonomy":"category","embeddable":true,"href":"https:\/\/www.ufsm.br\/projetos\/institucional\/observatorio-crise\/wp-json\/wp\/v2\/categories?post=297"},{"taxonomy":"post_tag","embeddable":true,"href":"https:\/\/www.ufsm.br\/projetos\/institucional\/observatorio-crise\/wp-json\/wp\/v2\/tags?post=297"}],"curies":[{"name":"wp","href":"https:\/\/api.w.org\/{rel}","templated":true}]}}