{"id":156,"date":"2019-05-20T13:27:39","date_gmt":"2019-05-20T16:27:39","guid":{"rendered":"https:\/\/www.ufsm.br\/projetos-institucional-ovan\/?page_id=156"},"modified":"2025-04-02T22:39:23","modified_gmt":"2025-04-03T01:39:23","slug":"plano-de-trabalho","status":"publish","type":"page","link":"https:\/\/www.ufsm.br\/projetos\/institucional\/ovan\/plano-de-trabalho","title":{"rendered":"Not\u00edcias"},"content":{"rendered":"\t\t<div data-elementor-type=\"wp-page\" data-elementor-id=\"156\" class=\"elementor elementor-156\">\n\t\t\t\t\t\t<section class=\"elementor-section elementor-top-section elementor-element elementor-element-78d1c617 elementor-section-boxed elementor-section-height-default elementor-section-height-default\" data-id=\"78d1c617\" data-element_type=\"section\">\n\t\t\t\t\t\t<div class=\"elementor-container elementor-column-gap-default\">\n\t\t\t\t\t<div class=\"elementor-column elementor-col-100 elementor-top-column elementor-element elementor-element-68c30f35\" data-id=\"68c30f35\" data-element_type=\"column\">\n\t\t\t<div class=\"elementor-widget-wrap elementor-element-populated\">\n\t\t\t\t\t\t<div class=\"elementor-element elementor-element-3dc02e95 elementor-widget elementor-widget-text-editor\" data-id=\"3dc02e95\" data-element_type=\"widget\" data-widget_type=\"text-editor.default\">\n\t\t\t\t<div class=\"elementor-widget-container\">\n\t\t\t\t\t\t\t<!-- wp:tadv\/classic-paragraph \/-->\t\t\t\t\t\t<\/div>\n\t\t\t\t<\/div>\n\t\t\t\t\t<\/div>\n\t\t<\/div>\n\t\t\t\t\t<\/div>\n\t\t<\/section>\n\t\t\t\t<section class=\"elementor-section elementor-top-section elementor-element elementor-element-7fc97ff elementor-section-boxed elementor-section-height-default elementor-section-height-default\" data-id=\"7fc97ff\" data-element_type=\"section\">\n\t\t\t\t\t\t<div class=\"elementor-container elementor-column-gap-default\">\n\t\t\t\t\t<div class=\"elementor-column elementor-col-100 elementor-top-column elementor-element elementor-element-01b521c\" data-id=\"01b521c\" data-element_type=\"column\">\n\t\t\t<div class=\"elementor-widget-wrap elementor-element-populated\">\n\t\t\t\t\t\t<div class=\"elementor-element elementor-element-3dc4e21 elementor-widget elementor-widget-heading\" data-id=\"3dc4e21\" data-element_type=\"widget\" data-widget_type=\"heading.default\">\n\t\t\t\t<div class=\"elementor-widget-container\">\n\t\t\t<h2 class=\"elementor-heading-title elementor-size-default\"><h1>Edital de Chamada P\u00fablica de Relatos de Experi\u00eancias sobre A\u00e7\u00f5es de Alimenta\u00e7\u00e3o e Nutri\u00e7\u00e3o na Aten\u00e7\u00e3o Prim\u00e1ria \u00e0 Sa\u00fade: interfaces com a Seguran\u00e7a Alimentar e Nutricional em munic\u00edpios ga\u00fachos - 2025.<\/h1><\/h2>\t\t<\/div>\n\t\t\t\t<\/div>\n\t\t\t\t\t<\/div>\n\t\t<\/div>\n\t\t\t\t\t<\/div>\n\t\t<\/section>\n\t\t\t\t<section class=\"elementor-section elementor-top-section elementor-element elementor-element-a86cb14 elementor-section-boxed elementor-section-height-default elementor-section-height-default\" data-id=\"a86cb14\" data-element_type=\"section\">\n\t\t\t\t\t\t<div class=\"elementor-container elementor-column-gap-default\">\n\t\t\t\t\t<div class=\"elementor-column elementor-col-33 elementor-top-column elementor-element elementor-element-bbfaea5\" data-id=\"bbfaea5\" data-element_type=\"column\">\n\t\t\t<div class=\"elementor-widget-wrap\">\n\t\t\t\t\t\t\t<\/div>\n\t\t<\/div>\n\t\t\t\t<div class=\"elementor-column elementor-col-33 elementor-top-column elementor-element elementor-element-c8f6332\" data-id=\"c8f6332\" data-element_type=\"column\">\n\t\t\t<div class=\"elementor-widget-wrap\">\n\t\t\t\t\t\t\t<\/div>\n\t\t<\/div>\n\t\t\t\t<div class=\"elementor-column elementor-col-33 elementor-top-column elementor-element elementor-element-443ffef\" data-id=\"443ffef\" data-element_type=\"column\">\n\t\t\t<div class=\"elementor-widget-wrap\">\n\t\t\t\t\t\t\t<\/div>\n\t\t<\/div>\n\t\t\t\t\t<\/div>\n\t\t<\/section>\n\t\t\t\t<section class=\"elementor-section elementor-top-section elementor-element elementor-element-0d649cc elementor-section-boxed elementor-section-height-default elementor-section-height-default\" data-id=\"0d649cc\" data-element_type=\"section\">\n\t\t\t\t\t\t<div class=\"elementor-container elementor-column-gap-default\">\n\t\t\t\t\t<div class=\"elementor-column elementor-col-100 elementor-top-column elementor-element elementor-element-3e4be63\" data-id=\"3e4be63\" data-element_type=\"column\">\n\t\t\t<div class=\"elementor-widget-wrap elementor-element-populated\">\n\t\t\t\t\t\t<div class=\"elementor-element elementor-element-ad2ff1b elementor-widget elementor-widget-text-editor\" data-id=\"ad2ff1b\" data-element_type=\"widget\" data-widget_type=\"text-editor.default\">\n\t\t\t\t<div class=\"elementor-widget-container\">\n\t\t\t\t\t\t\t<p>O Observat\u00f3rio de Vigil\u00e2ncia Alimentar e Nutricional da Universidade Federal de Santa Maria (UFSM), juntamente com a Pol\u00edtica de Alimenta\u00e7\u00e3o e Nutri\u00e7\u00e3o da Secretaria de Sa\u00fade e o\u00a0Departamento de Seguran\u00e7a Alimentar e Combate \u00e0 Fome da Secretaria de Desenvolvimento Social, ambos do estado do Rio Grande do Sul\u00a0 e demais institui\u00e7\u00f5es parceiras, torna p\u00fablico para conhecimento de interessados que est\u00e1 aberto o per\u00edodo de submiss\u00e3o de relatos experi\u00eancias de\u00a0<b>A\u00e7\u00f5es de Alimenta\u00e7\u00e3o e Nutri\u00e7\u00e3o na Aten\u00e7\u00e3o Prim\u00e1ria \u00e0 Sa\u00fade: interfaces com a Seguran\u00e7a Alimentar e Nutricional em munic\u00edpios ga\u00fachos\u00a0<\/b>e disponibiliza o regulamento para o processo de sele\u00e7\u00e3o.<\/p>\n<p>Confira neste\u00a0<a href=\"https:\/\/drive.google.com\/file\/d\/1ZBnmYqRgIDdr3a7feG_1bM44vKARNWHB\/view?usp=sharing\" target=\"_blank\" rel=\"noopener\">link\u00a0<\/a>o edital completo.<\/p>\n<p>O per\u00edodo de submiss\u00e3o dos relatos ser\u00e1 de\u00a020 de abril a 20 de maio de 2025.<\/p>\n<p>Acesse o\u00a0<a href=\"https:\/\/forms.gle\/YbH2SwTuC2iwcujS6\" target=\"_blank\" rel=\"noopener\">formul\u00e1rio\u00a0<\/a>e inscreva a sua experi\u00eancia.<\/p>\t\t\t\t\t\t<\/div>\n\t\t\t\t<\/div>\n\t\t\t\t\t<\/div>\n\t\t<\/div>\n\t\t\t\t\t<\/div>\n\t\t<\/section>\n\t\t\t\t<\/div>\n\t\t","protected":false},"excerpt":{"rendered":"<p>Edital de Chamada P\u00fablica de Relatos de Experi\u00eancias sobre A\u00e7\u00f5es de Alimenta\u00e7\u00e3o e Nutri\u00e7\u00e3o na Aten\u00e7\u00e3o Prim\u00e1ria \u00e0 Sa\u00fade: interfaces com a Seguran\u00e7a Alimentar e Nutricional em munic\u00edpios ga\u00fachos &#8211; 2025. O Observat\u00f3rio de Vigil\u00e2ncia Alimentar e Nutricional da Universidade Federal de Santa Maria (UFSM), juntamente com a Pol\u00edtica de Alimenta\u00e7\u00e3o e Nutri\u00e7\u00e3o da Secretaria [&hellip;]<\/p>\n","protected":false},"author":25,"featured_media":0,"parent":0,"menu_order":0,"comment_status":"closed","ping_status":"closed","template":"","meta":{"footnotes":""},"categories":[],"tags":[],"class_list":["post-156","page","type-page","status-publish","hentry"],"acf":[],"_links":{"self":[{"href":"https:\/\/www.ufsm.br\/projetos\/institucional\/ovan\/wp-json\/wp\/v2\/pages\/156","targetHints":{"allow":["GET"]}}],"collection":[{"href":"https:\/\/www.ufsm.br\/projetos\/institucional\/ovan\/wp-json\/wp\/v2\/pages"}],"about":[{"href":"https:\/\/www.ufsm.br\/projetos\/institucional\/ovan\/wp-json\/wp\/v2\/types\/page"}],"author":[{"embeddable":true,"href":"https:\/\/www.ufsm.br\/projetos\/institucional\/ovan\/wp-json\/wp\/v2\/users\/25"}],"replies":[{"embeddable":true,"href":"https:\/\/www.ufsm.br\/projetos\/institucional\/ovan\/wp-json\/wp\/v2\/comments?post=156"}],"version-history":[{"count":0,"href":"https:\/\/www.ufsm.br\/projetos\/institucional\/ovan\/wp-json\/wp\/v2\/pages\/156\/revisions"}],"wp:attachment":[{"href":"https:\/\/www.ufsm.br\/projetos\/institucional\/ovan\/wp-json\/wp\/v2\/media?parent=156"}],"wp:term":[{"taxonomy":"category","embeddable":true,"href":"https:\/\/www.ufsm.br\/projetos\/institucional\/ovan\/wp-json\/wp\/v2\/categories?post=156"},{"taxonomy":"post_tag","embeddable":true,"href":"https:\/\/www.ufsm.br\/projetos\/institucional\/ovan\/wp-json\/wp\/v2\/tags?post=156"}],"curies":[{"name":"wp","href":"https:\/\/api.w.org\/{rel}","templated":true}]}}