{"id":222,"date":"2022-03-22T15:50:55","date_gmt":"2022-03-22T18:50:55","guid":{"rendered":"https:\/\/www.ufsm.br\/projetos\/institucional\/ovan\/?page_id=222"},"modified":"2022-03-22T15:56:54","modified_gmt":"2022-03-22T18:56:54","slug":"legislacoes-e-portarias","status":"publish","type":"page","link":"https:\/\/www.ufsm.br\/projetos\/institucional\/ovan\/legislacoes-e-portarias","title":{"rendered":"Legisla\u00e7\u00f5es e Portarias"},"content":{"rendered":"\t\t<div data-elementor-type=\"wp-page\" data-elementor-id=\"222\" class=\"elementor elementor-222\">\n\t\t\t\t\t\t<section class=\"elementor-section elementor-top-section elementor-element elementor-element-eaa6835 elementor-section-boxed elementor-section-height-default elementor-section-height-default\" data-id=\"eaa6835\" data-element_type=\"section\">\n\t\t\t\t\t\t<div class=\"elementor-container elementor-column-gap-default\">\n\t\t\t\t\t<div class=\"elementor-column elementor-col-100 elementor-top-column elementor-element elementor-element-333bd85\" data-id=\"333bd85\" data-element_type=\"column\">\n\t\t\t<div class=\"elementor-widget-wrap elementor-element-populated\">\n\t\t\t\t\t\t<div class=\"elementor-element elementor-element-1c14378 elementor-widget elementor-widget-heading\" data-id=\"1c14378\" data-element_type=\"widget\" data-widget_type=\"heading.default\">\n\t\t\t\t<div class=\"elementor-widget-container\">\n\t\t\t<h2 class=\"elementor-heading-title elementor-size-default\"><span style=\"font-size: 19.2px;text-align: center;text-transform: uppercase\">PORTARIA GM\/MS N\u00ba 411, DE 25 DE FEVEREIRO DE 2022<\/span><\/h2>\t\t<\/div>\n\t\t\t\t<\/div>\n\t\t\t\t<div class=\"elementor-element elementor-element-9982456 elementor-widget elementor-widget-text-editor\" data-id=\"9982456\" data-element_type=\"widget\" data-widget_type=\"text-editor.default\">\n\t\t\t\t<div class=\"elementor-widget-container\">\n\t\t\t\t\t\t\t<p><span style=\"color: #162937;font-size: 18px;text-align: justify\">Habilita Estados, Distrito Federal e Munic\u00edpios ao recebimento de incentivo para estrutura\u00e7\u00e3o e implementa\u00e7\u00e3o de a\u00e7\u00f5es de alimenta\u00e7\u00e3o e nutri\u00e7\u00e3o, com base na Pol\u00edtica Nacional de Alimenta\u00e7\u00e3o e Nutri\u00e7\u00e3o &#8211; PNAN, referente ao exerc\u00edcio financeiro de 2022.\u00a0\u00a0<a href=\"https:\/\/www.in.gov.br\/en\/web\/dou\/-\/portaria-gm\/ms-n-411-de-25-de-fevereiro-de-2022-383101681\">https:\/\/www.in.gov.br\/en\/web\/dou\/-\/portaria-gm\/ms-n-411-de-25-de-fevereiro-de-2022-383101681<\/a><\/span><\/p>\t\t\t\t\t\t<\/div>\n\t\t\t\t<\/div>\n\t\t\t\t<div class=\"elementor-element elementor-element-0428c70 elementor-widget elementor-widget-image\" data-id=\"0428c70\" data-element_type=\"widget\" data-widget_type=\"image.default\">\n\t\t\t\t<div class=\"elementor-widget-container\">\n\t\t\t\t\t\t\t\t\t\t\t\t\t<img decoding=\"async\" width=\"190\" height=\"170\" src=\"https:\/\/www.ufsm.br\/app\/uploads\/sites\/869\/2022\/03\/pnan.png\" class=\"attachment-large size-large wp-image-224\" alt=\"\" \/>\t\t\t\t\t\t\t\t\t\t\t\t\t<\/div>\n\t\t\t\t<\/div>\n\t\t\t\t\t<\/div>\n\t\t<\/div>\n\t\t\t\t\t<\/div>\n\t\t<\/section>\n\t\t\t\t<\/div>\n\t\t","protected":false},"excerpt":{"rendered":"<p>PORTARIA GM\/MS N\u00ba 411, DE 25 DE FEVEREIRO DE 2022 Habilita Estados, Distrito Federal e Munic\u00edpios ao recebimento de incentivo para estrutura\u00e7\u00e3o e implementa\u00e7\u00e3o de a\u00e7\u00f5es de alimenta\u00e7\u00e3o e nutri\u00e7\u00e3o, com base na Pol\u00edtica Nacional de Alimenta\u00e7\u00e3o e Nutri\u00e7\u00e3o &#8211; PNAN, referente ao exerc\u00edcio financeiro de 2022.&nbsp;&nbsp;https:\/\/www.in.gov.br\/en\/web\/dou\/-\/portaria-gm\/ms-n-411-de-25-de-fevereiro-de-2022-383101681<\/p>\n","protected":false},"author":5135,"featured_media":0,"parent":0,"menu_order":0,"comment_status":"closed","ping_status":"closed","template":"","meta":{"footnotes":""},"categories":[],"tags":[],"class_list":["post-222","page","type-page","status-publish","hentry"],"acf":[],"_links":{"self":[{"href":"https:\/\/www.ufsm.br\/projetos\/institucional\/ovan\/wp-json\/wp\/v2\/pages\/222","targetHints":{"allow":["GET"]}}],"collection":[{"href":"https:\/\/www.ufsm.br\/projetos\/institucional\/ovan\/wp-json\/wp\/v2\/pages"}],"about":[{"href":"https:\/\/www.ufsm.br\/projetos\/institucional\/ovan\/wp-json\/wp\/v2\/types\/page"}],"author":[{"embeddable":true,"href":"https:\/\/www.ufsm.br\/projetos\/institucional\/ovan\/wp-json\/wp\/v2\/users\/5135"}],"replies":[{"embeddable":true,"href":"https:\/\/www.ufsm.br\/projetos\/institucional\/ovan\/wp-json\/wp\/v2\/comments?post=222"}],"version-history":[{"count":0,"href":"https:\/\/www.ufsm.br\/projetos\/institucional\/ovan\/wp-json\/wp\/v2\/pages\/222\/revisions"}],"wp:attachment":[{"href":"https:\/\/www.ufsm.br\/projetos\/institucional\/ovan\/wp-json\/wp\/v2\/media?parent=222"}],"wp:term":[{"taxonomy":"category","embeddable":true,"href":"https:\/\/www.ufsm.br\/projetos\/institucional\/ovan\/wp-json\/wp\/v2\/categories?post=222"},{"taxonomy":"post_tag","embeddable":true,"href":"https:\/\/www.ufsm.br\/projetos\/institucional\/ovan\/wp-json\/wp\/v2\/tags?post=222"}],"curies":[{"name":"wp","href":"https:\/\/api.w.org\/{rel}","templated":true}]}}