{"id":243,"date":"2022-04-01T11:35:57","date_gmt":"2022-04-01T14:35:57","guid":{"rendered":"https:\/\/www.ufsm.br\/projetos\/institucional\/ovan\/?page_id=243"},"modified":"2022-05-03T18:40:42","modified_gmt":"2022-05-03T21:40:42","slug":"contato-2","status":"publish","type":"page","link":"https:\/\/www.ufsm.br\/projetos\/institucional\/ovan\/contato-2","title":{"rendered":"Contato"},"content":{"rendered":"\n<div>\n<div>\n<div>Observat\u00f3rio de Vigil\u00e2ncia Alimentar e Nutricional &#8211; RS (OVAN)<\/div>\n<div>Coordena\u00e7\u00e3o Prof\u00aa Dr\u00aa Vanessa Ramos Kirsten<\/div>\n<\/div>\nE-mail:\u00a0<a href=\"mailto:ovan@ufsm.br\" target=\"_blank\" rel=\"noopener\">ovan@ufsm.br<\/a><\/div>\n<div>Site:\u00a0<a href=\"http:\/\/www.ufsm.br\/projetos\/institucional\/ovan\" target=\"_blank\" rel=\"noopener\">www.ufsm.br\/projetos\/institucional\/ovan<\/a><span style=\"color: #222222\"><br \/><\/span>\n<div>Instagram:\u00a0<a href=\"https:\/\/www.instagram.com\/ovan_observatorio\/\" target=\"_blank\" rel=\"noopener\">@ovan_observatorio<\/a><\/div>\n<\/div>\n<div>Youtube:\u00a0<a href=\"https:\/\/www.youtube.com\/channel\/UCFh21UuRjd3-e7xVH7hq7sA\" target=\"_blank\" rel=\"noopener\">youtube.com\/channel<\/a><\/div>\n<p><img decoding=\"async\" src=\"https:\/\/ci3.googleusercontent.com\/mail-sig\/AIorK4zUBdBWIbgG3iF-I19Va4fImJ4m8hzI1or-yo23Xm_yu6QPBafyxnCm1j65QT8Iu0Mlvop3ZDY\" data-os=\"https:\/\/docs.google.com\/uc?export=download&amp;id=1UqRBmn4Yv9MXUenRTG7tfvD0pc0WOoTQ&amp;revid=0B9SCpBh5iGmBZWUzOUV6QXUvdU4zL3ZuZ1ppejFkRzNOd1lrPQ\" \/><\/p>\n","protected":false},"excerpt":{"rendered":"<p>Observat\u00f3rio de Vigil\u00e2ncia Alimentar e Nutricional &#8211; RS (OVAN) Coordena\u00e7\u00e3o Prof\u00aa Dr\u00aa Vanessa Ramos Kirsten E-mail:\u00a0ovan@ufsm.br Site:\u00a0www.ufsm.br\/projetos\/institucional\/ovan Instagram:\u00a0@ovan_observatorio Youtube:\u00a0youtube.com\/channel<\/p>\n","protected":false},"author":5135,"featured_media":0,"parent":0,"menu_order":0,"comment_status":"closed","ping_status":"closed","template":"","meta":{"footnotes":""},"categories":[],"tags":[],"class_list":["post-243","page","type-page","status-publish","hentry"],"acf":[],"_links":{"self":[{"href":"https:\/\/www.ufsm.br\/projetos\/institucional\/ovan\/wp-json\/wp\/v2\/pages\/243","targetHints":{"allow":["GET"]}}],"collection":[{"href":"https:\/\/www.ufsm.br\/projetos\/institucional\/ovan\/wp-json\/wp\/v2\/pages"}],"about":[{"href":"https:\/\/www.ufsm.br\/projetos\/institucional\/ovan\/wp-json\/wp\/v2\/types\/page"}],"author":[{"embeddable":true,"href":"https:\/\/www.ufsm.br\/projetos\/institucional\/ovan\/wp-json\/wp\/v2\/users\/5135"}],"replies":[{"embeddable":true,"href":"https:\/\/www.ufsm.br\/projetos\/institucional\/ovan\/wp-json\/wp\/v2\/comments?post=243"}],"version-history":[{"count":0,"href":"https:\/\/www.ufsm.br\/projetos\/institucional\/ovan\/wp-json\/wp\/v2\/pages\/243\/revisions"}],"wp:attachment":[{"href":"https:\/\/www.ufsm.br\/projetos\/institucional\/ovan\/wp-json\/wp\/v2\/media?parent=243"}],"wp:term":[{"taxonomy":"category","embeddable":true,"href":"https:\/\/www.ufsm.br\/projetos\/institucional\/ovan\/wp-json\/wp\/v2\/categories?post=243"},{"taxonomy":"post_tag","embeddable":true,"href":"https:\/\/www.ufsm.br\/projetos\/institucional\/ovan\/wp-json\/wp\/v2\/tags?post=243"}],"curies":[{"name":"wp","href":"https:\/\/api.w.org\/{rel}","templated":true}]}}