{"id":149,"date":"2019-11-20T11:22:34","date_gmt":"2019-11-20T14:22:34","guid":{"rendered":"https:\/\/www.ufsm.br\/projetos\/pesquisa\/bombaja\/?page_id=149"},"modified":"2021-07-25T18:28:04","modified_gmt":"2021-07-25T21:28:04","slug":"colocacoes-nas-competicoes-ate-entao-realizadas","status":"publish","type":"page","link":"https:\/\/www.ufsm.br\/projetos\/pesquisa\/bombaja\/colocacoes-nas-competicoes-ate-entao-realizadas","title":{"rendered":"COLOCA\u00c7\u00d5ES NAS COMPETI\u00c7\u00d5ES AT\u00c9 ENT\u00c3O REALIZADAS:"},"content":{"rendered":"\t\t<div data-elementor-type=\"wp-page\" data-elementor-id=\"149\" class=\"elementor elementor-149\">\n\t\t\t\t\t\t<section class=\"elementor-section elementor-top-section elementor-element elementor-element-ab56406 elementor-section-boxed elementor-section-height-default elementor-section-height-default\" data-id=\"ab56406\" data-element_type=\"section\">\n\t\t\t\t\t\t<div class=\"elementor-container elementor-column-gap-default\">\n\t\t\t\t\t<div class=\"elementor-column elementor-col-100 elementor-top-column elementor-element elementor-element-ad64c24\" data-id=\"ad64c24\" data-element_type=\"column\">\n\t\t\t<div class=\"elementor-widget-wrap elementor-element-populated\">\n\t\t\t\t\t\t<div class=\"elementor-element elementor-element-ac25ef5 elementor-widget elementor-widget-text-editor\" data-id=\"ac25ef5\" data-element_type=\"widget\" data-widget_type=\"text-editor.default\">\n\t\t\t\t<div class=\"elementor-widget-container\">\n\t\t\t\t\t\t\t<p><strong>ETAPA REGIONAL:<br><\/strong><strong><em>COMPETI\u00c7\u00c3O BAJA SAE BRASIL \u2013 ETAPA SUL 2003:<\/em><\/strong><br>3\u00ba LUGAR \u2013 CONFORTO<br>9\u00ba LUGAR \u2013 GERAL<\/p>\n<p><strong>COMPETI\u00c7\u00c3O BAJA SAE BRASIL \u2013 ETAPA SUL 2005:<\/strong><br>1\u00ba LUGAR \u2013 SEGURAN\u00c7A<br>3\u00ba LUGAR \u2013 PROJETO<br>10\u00ba LUGAR \u2013 GERAL<\/p>\n<p><strong>COMPETI\u00c7\u00c3O BAJA SAE BRASIL \u2013 ETAPA SUL 2006:<\/strong><br>1\u00ba LUGAR \u2013 SEGURAN\u00c7A<br>8\u00ba LUGAR \u2013 GERAL<\/p>\n<p><strong>COMPETI\u00c7\u00c3O BAJA SAE BRASIL \u2013 ETAPA SUL 2007:<\/strong><br>1\u00ba LUGAR \u2013 SEGURAN\u00c7A<br>8\u00ba LUGAR \u2013 GERAL<\/p>\n<p><strong>COMPETI\u00c7\u00c3O BAJA SAE BRASIL \u2013 ETAPA SUL 2008:<\/strong><br>1\u00ba LUGAR \u2013 SEGURAN\u00c7A<br>2\u00ba LUGAR \u2013 CONFORTO<br>2\u00ba LUGAR \u2013 PROJETO<br>1\u00ba LUGAR \u2013 GERAL<\/p>\n<p><strong>COMPETI\u00c7\u00c3O BAJA SAE BRASIL \u2013 ETAPA SUL 2009:<\/strong><br>1\u00ba LUGAR \u2013 SEGURAN\u00c7A<br>2\u00ba LUGAR \u2013 CONFORTO<br>7\u00ba LUGAR \u2013 GERAL<\/p>\n<p><strong>COMPETI\u00c7\u00c3O BAJA SAE BRASIL \u2013 ETAPA SUL 2010:<\/strong><br>2\u00ba LUGAR \u2013 SEGURAN\u00c7A<br>1\u00ba LUGAR \u2013 PROJETO<br>3\u00ba LUGAR \u2013 ENDURO<br>4\u00ba LUGAR \u2013 GERAL<\/p>\n<p><strong>COMPETI\u00c7\u00c3O BAJA SAE BRASIL \u2013 ETAPA SUL 2011:<\/strong><br>1\u00ba LUGAR \u2013 SEGURAN\u00c7A<br>3\u00ba LUGAR \u2013 CONFORTO<br>3\u00ba LUGAR \u2013 PROJETO<br>5\u00ba LUGAR \u2013 GERAL<\/p>\n<p><strong>COMPETI\u00c7\u00c3O BAJA SAE BRASIL \u2013 ETAPA SUL 2012:<\/strong><br>1\u00ba LUGAR \u2013 SEGURAN\u00c7A<br>2\u00ba LUGAR \u2013 CONFORTO<br>1\u00ba LUGAR \u2013 ENDURO<br>3\u00ba LUGAR \u2013 GERAL<\/p>\n<p><strong>COMPETI\u00c7\u00c3O BAJA SAE BRASIL \u2013 ETAPA SUL 2013:<\/strong><br>7\u00ba LUGAR \u2013 GERAL<\/p>\n<p><strong>COMPETI\u00c7\u00c3O BAJA SAE BRASIL \u2013 ETAPA SUL 2014:<\/strong><br>2\u00ba LUGAR \u2013 SEGURAN\u00c7A<br>6\u00ba LUGAR \u2013 GERAL<\/p>\n<p><strong>COMPETI\u00c7\u00c3O BAJA SAE BRASIL \u2013 ETAPA SUL 2015:<\/strong><br>3\u00ba LUGAR \u2013 SEGURAN\u00c7A<\/p>\n<p><strong>COMPETI\u00c7\u00c3O BAJA SAE BRASIL \u2013 ETAPA SUL 2016:<\/strong><br>1\u00ba LUGAR \u2013 SEGURAN\u00c7A<br>6\u00ba LUGAR \u2013 GERAL<\/p>\n<p><strong>COMPETI\u00c7\u00c3O BAJA SAE BRASIL \u2013 ETAPA SUL 2017:<\/strong><br>3\u00ba LUGAR \u2013 VELOCIDADE<br>3\u00ba LUGAR \u2013 MANOBRABILIDADE<br>10\u00ba LUGAR \u2013 GERAL<\/p>\n<p><strong>COMPETI\u00c7\u00c3O BAJA SAE BRASIL \u2013 ETAPA SUL 2018:<\/strong><br>3\u00ba LUGAR \u2013 DIN\u00c2MICAS<br>2\u00ba LUGAR \u2013 ENDURO<br>2\u00ba LUGAR \u2013 GERAL<\/p>\n<p><strong>COMPETI\u00c7\u00c3O BAJA SAE BRASIL &#8211; ETAPA SUL 2019:<br><\/strong>1\u00ba LUGAR &#8211; GERAL<br>1\u00ba LUGAR -ACELERA\u00c7\u00c3O<br>1\u00ba LUGAR &#8211; RETOMADA<br>2\u00ba LUGAR &#8211; MANOBRABILIDADE<br>3\u00ba LUGAR &#8211; SUPER PRIME<br>3\u00ba LUGAR &#8211; TRA\u00c7\u00c3O<br>4\u00ba LUGAR &#8211; PROJETO GERAL<br>5\u00ba LUGAR &#8211; ENDURO<br><span style=\"color: #000000;font-size: 16px\">1\u00ba LUGAR &#8211; VENDAS E MARKETING<br><\/span><span style=\"color: #000000;font-size: 16px\">1\u00ba LUGAR &#8211; PROJETO EL\u00c9TRICO<br><\/span><span style=\"color: #000000;font-size: 16px\">2\u00ba LUGAR &#8211; C\u00c1LCULOS ESTRUTURAIS<br><\/span><span style=\"color: #000000;font-size: 16px\">3\u00ba LUGAR &#8211; PROJETO DE&nbsp; FREIO<\/span><\/p>\n<p><span style=\"font-weight: bolder;color: #000000;font-size: 16px\">COMPETI\u00c7\u00c3O BAJA SAE BRASIL &#8211; ETAPA SUL 2020 &#8211; ONLINE:<br><\/span><span style=\"color: #000000;font-size: 16px\">4\u00ba LUGAR &#8211; GERAL<br><\/span><span style=\"color: #000000;font-size: 16px\">1\u00ba LUGAR &#8211; PROJETO EL\u00c9TRICO<br><\/span><span style=\"color: #000000;font-size: 16px\">3\u00ba LUGAR &#8211; C\u00c1LCULOS ESTRUTURAIS<br><\/span><span style=\"color: #000000;font-size: 16px\">3\u00ba LUGAR &#8211; PROJETO POWERTRAIN<\/span><\/p>\n<p><strong style=\"color: black;font-size: 1rem\"><br><\/strong><\/p><p><strong style=\"color: black;font-size: 1rem\">ETAPA NACIONAL:<\/strong><br><\/p><p><strong style=\"color: black;font-size: 1rem\">COMPETI\u00c7\u00c3O BAJA SAE BRASIL<\/strong><span style=\"color: black;font-size: 1rem\"> <\/span><span style=\"color: black;font-size: 1rem\"><b>2006<\/b><\/span><br><\/p><p><span style=\"color: black;font-size: 1rem\">11\u00ba LUGAR \u2013 GERAL<\/span><\/p>\n<p><strong>COMPETI\u00c7\u00c3O BAJA SAE BRASIL 2009:<\/strong><br>16\u00ba LUGAR \u2013 GERAL<\/p>\n<p><strong>COMPETI\u00c7\u00c3O BAJA SAE BRASIL 2010:<\/strong><br>18\u00ba LUGAR \u2013 GERAL<\/p>\n<p><strong>COMPETI\u00c7\u00c3O BAJA SAE BRASIL 2011:<\/strong><br>2\u00ba LUGAR- CONFORTO<\/p>\n<p><strong>COMPETI\u00c7\u00c3O BAJA SAE BRASIL 2013:<br><\/strong>16\u00ba LUGAR \u2013 GERAL<\/p>\n<p><strong>COMPETI\u00c7\u00c3O BAJA SAE BRASIL 2019:<\/strong><br>1\u00ba LUGAR \u2013 TRA\u00c7\u00c3O<br><span style=\"color: black;font-size: 1rem\">3\u00ba LUGAR &#8211; SUPER-PRIME<br><\/span><span style=\"color: black;font-size: 1rem\">11\u00ba LUGAR \u2013 GERAL<\/span><\/p><p><span style=\"font-weight: bolder;font-size: 16px\">COMPETI\u00c7\u00c3O BAJA SAE BRASIL 2020:<\/span><br style=\"font-size: 16px\"><span style=\"font-size: 16px\">2\u00ba LUGAR \u2013&nbsp;<\/span><span style=\"font-size: 16px\">C\u00c1LCULOS ESTRUTURAIS<\/span><br style=\"font-size: 16px\"><span style=\"font-size: 1rem;color: black\">6\u00ba LUGAR &#8211; MANOBRABILIDADE<\/span><span style=\"color: black;font-size: 1rem\"><br><\/span><\/p>\t\t\t\t\t\t<\/div>\n\t\t\t\t<\/div>\n\t\t\t\t\t<\/div>\n\t\t<\/div>\n\t\t\t\t\t<\/div>\n\t\t<\/section>\n\t\t\t\t<\/div>\n\t\t","protected":false},"excerpt":{"rendered":"<p>ETAPA REGIONAL:COMPETI\u00c7\u00c3O BAJA SAE BRASIL \u2013 ETAPA SUL 2003:3\u00ba LUGAR \u2013 CONFORTO9\u00ba LUGAR \u2013 GERAL COMPETI\u00c7\u00c3O BAJA SAE BRASIL \u2013 ETAPA SUL 2005:1\u00ba LUGAR \u2013 SEGURAN\u00c7A3\u00ba LUGAR \u2013 PROJETO10\u00ba LUGAR \u2013 GERAL COMPETI\u00c7\u00c3O BAJA SAE BRASIL \u2013 ETAPA SUL 2006:1\u00ba LUGAR \u2013 SEGURAN\u00c7A8\u00ba LUGAR \u2013 GERAL COMPETI\u00c7\u00c3O BAJA SAE BRASIL \u2013 ETAPA SUL 2007:1\u00ba LUGAR [&hellip;]<\/p>\n","protected":false},"author":2145,"featured_media":0,"parent":0,"menu_order":0,"comment_status":"closed","ping_status":"closed","template":"","meta":{"footnotes":""},"categories":[],"tags":[],"class_list":["post-149","page","type-page","status-publish","hentry"],"acf":[],"_links":{"self":[{"href":"https:\/\/www.ufsm.br\/projetos\/pesquisa\/bombaja\/wp-json\/wp\/v2\/pages\/149","targetHints":{"allow":["GET"]}}],"collection":[{"href":"https:\/\/www.ufsm.br\/projetos\/pesquisa\/bombaja\/wp-json\/wp\/v2\/pages"}],"about":[{"href":"https:\/\/www.ufsm.br\/projetos\/pesquisa\/bombaja\/wp-json\/wp\/v2\/types\/page"}],"author":[{"embeddable":true,"href":"https:\/\/www.ufsm.br\/projetos\/pesquisa\/bombaja\/wp-json\/wp\/v2\/users\/2145"}],"replies":[{"embeddable":true,"href":"https:\/\/www.ufsm.br\/projetos\/pesquisa\/bombaja\/wp-json\/wp\/v2\/comments?post=149"}],"version-history":[{"count":0,"href":"https:\/\/www.ufsm.br\/projetos\/pesquisa\/bombaja\/wp-json\/wp\/v2\/pages\/149\/revisions"}],"wp:attachment":[{"href":"https:\/\/www.ufsm.br\/projetos\/pesquisa\/bombaja\/wp-json\/wp\/v2\/media?parent=149"}],"wp:term":[{"taxonomy":"category","embeddable":true,"href":"https:\/\/www.ufsm.br\/projetos\/pesquisa\/bombaja\/wp-json\/wp\/v2\/categories?post=149"},{"taxonomy":"post_tag","embeddable":true,"href":"https:\/\/www.ufsm.br\/projetos\/pesquisa\/bombaja\/wp-json\/wp\/v2\/tags?post=149"}],"curies":[{"name":"wp","href":"https:\/\/api.w.org\/{rel}","templated":true}]}}