{"id":150,"date":"2019-11-20T11:51:30","date_gmt":"2019-11-20T14:51:30","guid":{"rendered":"https:\/\/www.ufsm.br\/projetos\/pesquisa\/bombaja\/?page_id=150"},"modified":"2019-12-03T13:51:28","modified_gmt":"2019-12-03T16:51:28","slug":"projeto-baja","status":"publish","type":"page","link":"https:\/\/www.ufsm.br\/projetos\/pesquisa\/bombaja\/projeto-baja","title":{"rendered":"PROJETO BAJA"},"content":{"rendered":"\t\t<div data-elementor-type=\"wp-page\" data-elementor-id=\"150\" class=\"elementor elementor-150\">\n\t\t\t\t\t\t<section class=\"elementor-section elementor-top-section elementor-element elementor-element-5a5c34a elementor-section-boxed elementor-section-height-default elementor-section-height-default\" data-id=\"5a5c34a\" data-element_type=\"section\">\n\t\t\t\t\t\t<div class=\"elementor-container elementor-column-gap-default\">\n\t\t\t\t\t<div class=\"elementor-column elementor-col-100 elementor-top-column elementor-element elementor-element-d61d06b\" data-id=\"d61d06b\" data-element_type=\"column\">\n\t\t\t<div class=\"elementor-widget-wrap elementor-element-populated\">\n\t\t\t\t\t\t<div class=\"elementor-element elementor-element-f02d8ed elementor-arrows-position-inside elementor-pagination-position-outside elementor-widget elementor-widget-image-carousel\" data-id=\"f02d8ed\" data-element_type=\"widget\" data-settings=\"{&quot;slides_to_show&quot;:&quot;1&quot;,&quot;navigation&quot;:&quot;both&quot;,&quot;autoplay&quot;:&quot;yes&quot;,&quot;pause_on_hover&quot;:&quot;yes&quot;,&quot;pause_on_interaction&quot;:&quot;yes&quot;,&quot;autoplay_speed&quot;:5000,&quot;infinite&quot;:&quot;yes&quot;,&quot;effect&quot;:&quot;slide&quot;,&quot;speed&quot;:500}\" data-widget_type=\"image-carousel.default\">\n\t\t\t\t<div class=\"elementor-widget-container\">\n\t\t\t\t\t<div class=\"elementor-image-carousel-wrapper swiper\" dir=\"ltr\">\n\t\t\t<div class=\"elementor-image-carousel swiper-wrapper\" aria-live=\"off\">\n\t\t\t\t\t\t\t\t<div class=\"swiper-slide\" role=\"group\" aria-roledescription=\"slide\" aria-label=\"1 of 5\"><figure class=\"swiper-slide-inner\"><img decoding=\"async\" class=\"swiper-slide-image\" src=\"https:\/\/www.ufsm.br\/app\/uploads\/sites\/766\/2019\/11\/78335881_2715207635210230_6919699884501106688_o-1024x683.jpg\" alt=\"78335881_2715207635210230_6919699884501106688_o\" \/><\/figure><\/div><div class=\"swiper-slide\" role=\"group\" aria-roledescription=\"slide\" aria-label=\"2 of 5\"><figure class=\"swiper-slide-inner\"><img decoding=\"async\" class=\"swiper-slide-image\" src=\"https:\/\/www.ufsm.br\/app\/uploads\/sites\/766\/2019\/11\/71810263_2625398234191171_2213148045778878464_o-1024x683.jpg\" alt=\"71810263_2625398234191171_2213148045778878464_o\" \/><\/figure><\/div><div class=\"swiper-slide\" role=\"group\" aria-roledescription=\"slide\" aria-label=\"3 of 5\"><figure class=\"swiper-slide-inner\"><img decoding=\"async\" class=\"swiper-slide-image\" src=\"https:\/\/www.ufsm.br\/app\/uploads\/sites\/766\/2019\/11\/76646865_2715207791876881_5820961488277340160_o-1-1024x683.jpg\" alt=\"76646865_2715207791876881_5820961488277340160_o\" \/><\/figure><\/div><div class=\"swiper-slide\" role=\"group\" aria-roledescription=\"slide\" aria-label=\"4 of 5\"><figure class=\"swiper-slide-inner\"><img decoding=\"async\" class=\"swiper-slide-image\" src=\"https:\/\/www.ufsm.br\/app\/uploads\/sites\/766\/2019\/10\/image011.jpg\" alt=\"BJ-13\" \/><\/figure><\/div><div class=\"swiper-slide\" role=\"group\" aria-roledescription=\"slide\" aria-label=\"5 of 5\"><figure class=\"swiper-slide-inner\"><img decoding=\"async\" class=\"swiper-slide-image\" src=\"https:\/\/www.ufsm.br\/app\/uploads\/sites\/766\/2019\/10\/image023.jpg\" alt=\"image023\" \/><\/figure><\/div>\t\t\t<\/div>\n\t\t\t\t\t\t\t\t\t\t\t\t<div class=\"elementor-swiper-button elementor-swiper-button-prev\" role=\"button\" tabindex=\"0\">\n\t\t\t\t\t\t<i aria-hidden=\"true\" class=\"eicon-chevron-left\"><\/i>\t\t\t\t\t<\/div>\n\t\t\t\t\t<div class=\"elementor-swiper-button elementor-swiper-button-next\" role=\"button\" tabindex=\"0\">\n\t\t\t\t\t\t<i aria-hidden=\"true\" class=\"eicon-chevron-right\"><\/i>\t\t\t\t\t<\/div>\n\t\t\t\t\n\t\t\t\t\t\t\t\t\t<div class=\"swiper-pagination\"><\/div>\n\t\t\t\t\t\t\t\t\t<\/div>\n\t\t\t\t<\/div>\n\t\t\t\t<\/div>\n\t\t\t\t<div class=\"elementor-element elementor-element-8d96e20 elementor-widget elementor-widget-text-editor\" data-id=\"8d96e20\" data-element_type=\"widget\" data-widget_type=\"text-editor.default\">\n\t\t\t\t<div class=\"elementor-widget-container\">\n\t\t\t\t\t\t\t<ul style=\"list-style-type: circle\"><li style=\"text-align: justify\">A Equipe BOMBAJA\/UFSM desenvolve dois prot\u00f3tipos para cada competi\u00e7\u00e3o que participa. O prot\u00f3tipo em quest\u00e3o \u00e9 um ve\u00edculo recreativo fora-de-estrada, monoposto, de estrutura tubular e que tem como p\u00fablico-alvo pilotos n\u00e3o<br \/>profissionais. O projeto, em sua ess\u00eancia, deve ser robusto, seguro, de f\u00e1cil manuten\u00e7\u00e3o e capaz de suportar terrenos agressivos, a quaisquer condi\u00e7\u00f5es clim\u00e1ticas, al\u00e9m de respeitar os requisitos de competi\u00e7\u00e3o. Os prot\u00f3tipos s\u00e3o totalmente projetados e constru\u00eddos pelos estudantes, com exce\u00e7\u00e3o de algumas pe\u00e7as em que a produ\u00e7\u00e3o \u00e9 terceirizada. Para cada pe\u00e7a dos carros, \u00e9 desenvolvido um projeto espec\u00edfico que garante a sua perfeita constru\u00e7\u00e3o. Dessa forma os bajas da Equipe BOMBAJA t\u00eam a garantia de seguran\u00e7a e de um excelente desempenho, o que \u00e9 comprovado pelos resultados obtidos nos \u00faltimos anos. Os tr\u00eas carros, como todos os outros da competi\u00e7\u00e3o, possuem o mesmo motor. A diferen\u00e7a est\u00e1 nos demais sistemas do ve\u00edculo off \u2013 road, como suspens\u00e3o e transmiss\u00e3o.<\/li><\/ul><p style=\"text-align: justify\"><strong>\u2022 BJ-12<\/strong><br \/>Motor: Briggs &amp; Straton 10 HP<br \/>Transmiss\u00e3o: Autom\u00e1tica por CVT + Caixa de redu\u00e7\u00e3o<br \/>\u00a0Suspens\u00e3o Dianteira: Duplo A<br \/>Suspens\u00e3o Traseira: Duplo A<br \/>\u00a0Dire\u00e7\u00e3o: Pinh\u00e3o e Cremalheira<br \/>\u00a0Velocidade M\u00e1xima: 52 km\/h<\/p><p style=\"text-align: justify\"><strong>\u2022 BJ-13<\/strong><br \/>Motor: Briggs &amp; Straton 10 HP<br \/>Transmiss\u00e3o: Autom\u00e1tica por CVT + Caixa de redu\u00e7\u00e3o com marchas<br \/>\u00a0Suspens\u00e3o Dianteira: Duplo A<br \/>Suspens\u00e3o Traseira: Multi-link<br \/>Dire\u00e7\u00e3o: Pinh\u00e3o e Cremalheira<br \/>Velocidade M\u00e1xima: 55 km\/h<\/p><p style=\"text-align: justify\">\u2022<strong> BJ-14<\/strong><br \/>\u00a0Motor: Briggs &amp; Straton 10 HP<br \/>Transmiss\u00e3o: CVT + Caixa de redu\u00e7\u00e3o por engrenagens<br \/>Suspens\u00e3o Dianteira: Duplo A<br \/>Suspens\u00e3o Traseira: Duplo A<br \/>Dire\u00e7\u00e3o: Pinh\u00e3o e Cremalheira<br \/>Velocidade M\u00e1xima: 55 km\/h<\/p><p style=\"text-align: justify\"><span style=\"color: #000000;font-size: 16px\">\u2022<\/span><span style=\"font-weight: bolder;color: #000000;font-size: 16px\">\u00a0BJ-15<\/span><br style=\"color: #222222;font-family: Arial, Helvetica, sans-serif;font-size: small;text-align: start\" \/><span style=\"color: #222222;font-family: Arial, Helvetica, sans-serif;font-size: small;text-align: start\">Motor: Briggs &amp; Straton 10 HP<\/span><br style=\"color: #222222;font-family: Arial, Helvetica, sans-serif;font-size: small;text-align: start\" \/><span style=\"color: #222222;font-family: Arial, Helvetica, sans-serif;font-size: small;text-align: start\">Transmiss\u00e3o: CVT + caixa de redu\u00e7\u00e3o fixa<\/span><br style=\"color: #222222;font-family: Arial, Helvetica, sans-serif;font-size: small;text-align: start\" \/><span style=\"color: #222222;font-family: Arial, Helvetica, sans-serif;font-size: small;text-align: start\">Suspens\u00e3o Dianteira: independente, Duplo A<\/span><br style=\"color: #222222;font-family: Arial, Helvetica, sans-serif;font-size: small;text-align: start\" \/><span style=\"color: #222222;font-family: Arial, Helvetica, sans-serif;font-size: small;text-align: start\">Suspens\u00e3o Traseira: independente, Duplo A<\/span><br style=\"color: #222222;font-family: Arial, Helvetica, sans-serif;font-size: small;text-align: start\" \/><span style=\"color: #222222;font-family: Arial, Helvetica, sans-serif;font-size: small;text-align: start\">Dire\u00e7\u00e3o: Pinh\u00e3o e Cremalheira<\/span><br style=\"color: #222222;font-family: Arial, Helvetica, sans-serif;font-size: small;text-align: start\" \/><span style=\"color: #222222;font-family: Arial, Helvetica, sans-serif;font-size: small;text-align: start\">Velocidade M\u00e1xima: 58km\/h<\/span><br style=\"color: #222222;font-family: Arial, Helvetica, sans-serif;font-size: small;text-align: start\" \/><br style=\"color: #222222;font-family: Arial, Helvetica, sans-serif;font-size: small;text-align: start\" \/><span style=\"color: #000000;font-size: 16px\">\u2022<\/span><span style=\"font-weight: bolder;color: #000000;font-size: 16px\">\u00a0BJ-16<\/span><br style=\"color: #222222;font-family: Arial, Helvetica, sans-serif;font-size: small;text-align: start\" \/><span style=\"color: #222222;font-family: Arial, Helvetica, sans-serif;font-size: small;text-align: start\">Motor: Briggs &amp; Straton 10 HP<\/span><br style=\"color: #222222;font-family: Arial, Helvetica, sans-serif;font-size: small;text-align: start\" \/><span style=\"color: #222222;font-family: Arial, Helvetica, sans-serif;font-size: small;text-align: start\">Transmiss\u00e3o: CVT + caixa de redu\u00e7\u00e3o com duas marchas<\/span><br style=\"color: #222222;font-family: Arial, Helvetica, sans-serif;font-size: small;text-align: start\" \/><span style=\"color: #222222;font-family: Arial, Helvetica, sans-serif;font-size: small;text-align: start\">Suspens\u00e3o Dianteira: independente, Duplo A<\/span><br style=\"color: #222222;font-family: Arial, Helvetica, sans-serif;font-size: small;text-align: start\" \/><span style=\"color: #222222;font-family: Arial, Helvetica, sans-serif;font-size: small;text-align: start\">Suspens\u00e3o Traseira: independente, Duplo A<\/span><br style=\"color: #222222;font-family: Arial, Helvetica, sans-serif;font-size: small;text-align: start\" \/><span style=\"color: #222222;font-family: Arial, Helvetica, sans-serif;font-size: small;text-align: start\">Dire\u00e7\u00e3o: Pinh\u00e3o e Cremalheira com altura regul\u00e1vel<\/span><br style=\"color: #222222;font-family: Arial, Helvetica, sans-serif;font-size: small;text-align: start\" \/><span style=\"color: #222222;font-family: Arial, Helvetica, sans-serif;font-size: small;text-align: start\">Velocidade M\u00e1xima: 61km\/h<\/span><\/p><div style=\"cursor: pointer;padding: 10px 0px;width: 22px;margin: 2px 0px 0px;color: #222222;font-family: Arial, Helvetica, sans-serif;font-size: small\">\u00a0<\/div><p>\u00a0<\/p>\t\t\t\t\t\t<\/div>\n\t\t\t\t<\/div>\n\t\t\t\t\t<\/div>\n\t\t<\/div>\n\t\t\t\t\t<\/div>\n\t\t<\/section>\n\t\t\t\t<\/div>\n\t\t","protected":false},"excerpt":{"rendered":"<p>Anterior Pr\u00f3ximo A Equipe BOMBAJA\/UFSM desenvolve dois prot\u00f3tipos para cada competi\u00e7\u00e3o que participa. O prot\u00f3tipo em quest\u00e3o \u00e9 um ve\u00edculo recreativo fora-de-estrada, monoposto, de estrutura tubular e que tem como p\u00fablico-alvo pilotos n\u00e3oprofissionais. O projeto, em sua ess\u00eancia, deve ser robusto, seguro, de f\u00e1cil manuten\u00e7\u00e3o e capaz de suportar terrenos agressivos, a quaisquer condi\u00e7\u00f5es clim\u00e1ticas, [&hellip;]<\/p>\n","protected":false},"author":2145,"featured_media":0,"parent":0,"menu_order":0,"comment_status":"closed","ping_status":"closed","template":"","meta":{"footnotes":""},"categories":[],"tags":[],"class_list":["post-150","page","type-page","status-publish","hentry"],"acf":[],"_links":{"self":[{"href":"https:\/\/www.ufsm.br\/projetos\/pesquisa\/bombaja\/wp-json\/wp\/v2\/pages\/150","targetHints":{"allow":["GET"]}}],"collection":[{"href":"https:\/\/www.ufsm.br\/projetos\/pesquisa\/bombaja\/wp-json\/wp\/v2\/pages"}],"about":[{"href":"https:\/\/www.ufsm.br\/projetos\/pesquisa\/bombaja\/wp-json\/wp\/v2\/types\/page"}],"author":[{"embeddable":true,"href":"https:\/\/www.ufsm.br\/projetos\/pesquisa\/bombaja\/wp-json\/wp\/v2\/users\/2145"}],"replies":[{"embeddable":true,"href":"https:\/\/www.ufsm.br\/projetos\/pesquisa\/bombaja\/wp-json\/wp\/v2\/comments?post=150"}],"version-history":[{"count":0,"href":"https:\/\/www.ufsm.br\/projetos\/pesquisa\/bombaja\/wp-json\/wp\/v2\/pages\/150\/revisions"}],"wp:attachment":[{"href":"https:\/\/www.ufsm.br\/projetos\/pesquisa\/bombaja\/wp-json\/wp\/v2\/media?parent=150"}],"wp:term":[{"taxonomy":"category","embeddable":true,"href":"https:\/\/www.ufsm.br\/projetos\/pesquisa\/bombaja\/wp-json\/wp\/v2\/categories?post=150"},{"taxonomy":"post_tag","embeddable":true,"href":"https:\/\/www.ufsm.br\/projetos\/pesquisa\/bombaja\/wp-json\/wp\/v2\/tags?post=150"}],"curies":[{"name":"wp","href":"https:\/\/api.w.org\/{rel}","templated":true}]}}