{"id":127,"date":"2018-02-27T11:44:30","date_gmt":"2018-02-27T14:44:30","guid":{"rendered":"https:\/\/www.ufsm.br\/cursos\/graduacao\/nutricao\/1235\/digital-signage\/"},"modified":"2021-05-20T17:17:05","modified_gmt":"2021-05-20T20:17:05","slug":"digital-signage","status":"publish","type":"page","link":"https:\/\/www.ufsm.br\/projetos\/pesquisa\/bpl\/digital-signage","title":{"rendered":"Nosso Contato"},"content":{"rendered":"\t\t<div data-elementor-type=\"wp-page\" data-elementor-id=\"127\" class=\"elementor elementor-127\">\n\t\t\t\t\t\t<section class=\"elementor-section elementor-top-section elementor-element elementor-element-1c26d9e elementor-section-boxed elementor-section-height-default elementor-section-height-default\" data-id=\"1c26d9e\" data-element_type=\"section\">\n\t\t\t\t\t\t<div class=\"elementor-container elementor-column-gap-default\">\n\t\t\t\t\t<div class=\"elementor-column elementor-col-100 elementor-top-column elementor-element elementor-element-73102414\" data-id=\"73102414\" data-element_type=\"column\">\n\t\t\t<div class=\"elementor-widget-wrap elementor-element-populated\">\n\t\t\t\t\t\t<div class=\"elementor-element elementor-element-1e24ce6b elementor-widget elementor-widget-text-editor\" data-id=\"1e24ce6b\" data-element_type=\"widget\" data-widget_type=\"text-editor.default\">\n\t\t\t\t<div class=\"elementor-widget-container\">\n\t\t\t\t\t\t\t<p><span style=\"font-size: 10pt\">O Banco de Pol\u00edticas P\u00fablicas sobre L\u00ednguas no Brasil (BPL) \u00e9 aberto \u00e0 colabora\u00e7\u00e3o, por isso, caso voc\u00ea tenha alguma sugest\u00e3o ou conhe\u00e7a alguma legisla\u00e7\u00e3o que n\u00e3o consta no nosso arquivo, converse conosco pelos contatos a seguir.<\/span><\/p><p><span style=\"font-size: 10pt\">Endere\u00e7o : Laborat\u00f3rio Corpus &#8211; Pr\u00e9dio 16, Centro de Educa\u00e7\u00e3o &#8211; Sala 3302 &#8211; Universidade Federal de Santa Maria &#8211; Avenida Roraima, n. 1000 &#8211; <\/span><span style=\"font-size: 10pt\">Cidade Universit\u00e1ria \u2013 Bairro Camobi &#8211; Santa Maria\/RS.<\/span><\/p><p><span style=\"font-size: 10pt\">Email: bplinguas@ufsm.br<\/span><\/p><p><span style=\"font-size: 10pt\">Fone: (55) 3220 8956<\/span><\/p>\t\t\t\t\t\t<\/div>\n\t\t\t\t<\/div>\n\t\t\t\t\t<\/div>\n\t\t<\/div>\n\t\t\t\t\t<\/div>\n\t\t<\/section>\n\t\t\t\t<\/div>\n\t\t","protected":false},"excerpt":{"rendered":"<p>O Banco de Pol\u00edticas P\u00fablicas sobre L\u00ednguas no Brasil (BPL) \u00e9 aberto \u00e0 colabora\u00e7\u00e3o, por isso, caso voc\u00ea tenha alguma sugest\u00e3o ou conhe\u00e7a alguma legisla\u00e7\u00e3o que n\u00e3o consta no nosso arquivo, converse conosco pelos contatos a seguir. Endere\u00e7o : Laborat\u00f3rio Corpus &#8211; Pr\u00e9dio 16, Centro de Educa\u00e7\u00e3o &#8211; Sala 3302 &#8211; Universidade Federal de Santa [&hellip;]<\/p>\n","protected":false},"author":1,"featured_media":0,"parent":0,"menu_order":0,"comment_status":"closed","ping_status":"closed","template":"","meta":{"footnotes":""},"categories":[],"tags":[],"class_list":["post-127","page","type-page","status-publish","hentry"],"acf":[],"_links":{"self":[{"href":"https:\/\/www.ufsm.br\/projetos\/pesquisa\/bpl\/wp-json\/wp\/v2\/pages\/127","targetHints":{"allow":["GET"]}}],"collection":[{"href":"https:\/\/www.ufsm.br\/projetos\/pesquisa\/bpl\/wp-json\/wp\/v2\/pages"}],"about":[{"href":"https:\/\/www.ufsm.br\/projetos\/pesquisa\/bpl\/wp-json\/wp\/v2\/types\/page"}],"author":[{"embeddable":true,"href":"https:\/\/www.ufsm.br\/projetos\/pesquisa\/bpl\/wp-json\/wp\/v2\/users\/1"}],"replies":[{"embeddable":true,"href":"https:\/\/www.ufsm.br\/projetos\/pesquisa\/bpl\/wp-json\/wp\/v2\/comments?post=127"}],"version-history":[{"count":0,"href":"https:\/\/www.ufsm.br\/projetos\/pesquisa\/bpl\/wp-json\/wp\/v2\/pages\/127\/revisions"}],"wp:attachment":[{"href":"https:\/\/www.ufsm.br\/projetos\/pesquisa\/bpl\/wp-json\/wp\/v2\/media?parent=127"}],"wp:term":[{"taxonomy":"category","embeddable":true,"href":"https:\/\/www.ufsm.br\/projetos\/pesquisa\/bpl\/wp-json\/wp\/v2\/categories?post=127"},{"taxonomy":"post_tag","embeddable":true,"href":"https:\/\/www.ufsm.br\/projetos\/pesquisa\/bpl\/wp-json\/wp\/v2\/tags?post=127"}],"curies":[{"name":"wp","href":"https:\/\/api.w.org\/{rel}","templated":true}]}}