{"id":211,"date":"2020-10-15T16:01:05","date_gmt":"2020-10-15T19:01:05","guid":{"rendered":"https:\/\/www.ufsm.br\/projetos\/pesquisa\/bpl\/?page_id=211"},"modified":"2023-11-10T11:00:28","modified_gmt":"2023-11-10T14:00:28","slug":"1755-1827","status":"publish","type":"page","link":"https:\/\/www.ufsm.br\/projetos\/pesquisa\/bpl\/1755-1827","title":{"rendered":"L\u00ednguas patrim\u00f4nio cultural\/co-oficiais"},"content":{"rendered":"\t\t<div data-elementor-type=\"wp-page\" data-elementor-id=\"211\" class=\"elementor elementor-211\">\n\t\t\t\t\t\t<section class=\"elementor-section elementor-top-section elementor-element elementor-element-916fac7 elementor-section-boxed elementor-section-height-default elementor-section-height-default\" data-id=\"916fac7\" data-element_type=\"section\">\n\t\t\t\t\t\t<div class=\"elementor-container elementor-column-gap-default\">\n\t\t\t\t\t<div class=\"elementor-column elementor-col-100 elementor-top-column elementor-element elementor-element-1ddbfce\" data-id=\"1ddbfce\" data-element_type=\"column\">\n\t\t\t<div class=\"elementor-widget-wrap elementor-element-populated\">\n\t\t\t\t\t\t<div class=\"elementor-element elementor-element-5c79082 elementor-widget elementor-widget-text-editor\" data-id=\"5c79082\" data-element_type=\"widget\" data-widget_type=\"text-editor.default\">\n\t\t\t\t<div class=\"elementor-widget-container\">\n\t\t\t\t\t\t\t<p>Nesta se\u00e7\u00e3o, listamos de forma meramente ilustrativa as l\u00ednguas que j\u00e1 s\u00e3o reconhecidas nas esferas estaduais e municipais como patrim\u00f4nio cultural e\/ou co-oficial. O levantamento foi feito com base no arquivo de documentos do BPL (\u00faltima atualiza\u00e7\u00e3o em setembro de 2023). Para conhecer as legisla\u00e7\u00f5es relacionadas, recomendamos acessar a se\u00e7\u00e3o <a href=\"https:\/\/www.ufsm.br\/projetos\/pesquisa\/bpl\/participantes\">Documentos por regi\u00e3o<\/a>.<\/p>\t\t\t\t\t\t<\/div>\n\t\t\t\t<\/div>\n\t\t\t\t\t<\/div>\n\t\t<\/div>\n\t\t\t\t\t<\/div>\n\t\t<\/section>\n\t\t\t\t<section class=\"elementor-section elementor-top-section elementor-element elementor-element-370ce7c elementor-section-boxed elementor-section-height-default elementor-section-height-default\" data-id=\"370ce7c\" data-element_type=\"section\">\n\t\t\t\t\t\t<div class=\"elementor-container elementor-column-gap-default\">\n\t\t\t\t\t<div class=\"elementor-column elementor-col-100 elementor-top-column elementor-element elementor-element-78d0b52\" data-id=\"78d0b52\" data-element_type=\"column\">\n\t\t\t<div class=\"elementor-widget-wrap elementor-element-populated\">\n\t\t\t\t\t\t<div class=\"elementor-element elementor-element-d3fb449 elementor-widget elementor-widget-image\" data-id=\"d3fb449\" data-element_type=\"widget\" data-widget_type=\"image.default\">\n\t\t\t\t<div class=\"elementor-widget-container\">\n\t\t\t\t\t\t\t\t\t\t\t\t\t<img fetchpriority=\"high\" decoding=\"async\" width=\"768\" height=\"1480\" src=\"https:\/\/www.ufsm.br\/app\/uploads\/sites\/828\/2023\/09\/mapa-linguas-patrimonio-cultural_cooficiais-1-768x1480.jpg\" class=\"attachment-medium_large size-medium_large wp-image-346\" alt=\"\" srcset=\"https:\/\/www.ufsm.br\/app\/uploads\/sites\/828\/2023\/09\/mapa-linguas-patrimonio-cultural_cooficiais-1-768x1480.jpg 768w, https:\/\/www.ufsm.br\/app\/uploads\/sites\/828\/2023\/09\/mapa-linguas-patrimonio-cultural_cooficiais-1-156x300.jpg 156w, https:\/\/www.ufsm.br\/app\/uploads\/sites\/828\/2023\/09\/mapa-linguas-patrimonio-cultural_cooficiais-1-531x1024.jpg 531w, https:\/\/www.ufsm.br\/app\/uploads\/sites\/828\/2023\/09\/mapa-linguas-patrimonio-cultural_cooficiais-1-797x1536.jpg 797w, https:\/\/www.ufsm.br\/app\/uploads\/sites\/828\/2023\/09\/mapa-linguas-patrimonio-cultural_cooficiais-1.jpg 800w\" sizes=\"(max-width: 768px) 100vw, 768px\" \/>\t\t\t\t\t\t\t\t\t\t\t\t\t<\/div>\n\t\t\t\t<\/div>\n\t\t\t\t\t<\/div>\n\t\t<\/div>\n\t\t\t\t\t<\/div>\n\t\t<\/section>\n\t\t\t\t<\/div>\n\t\t","protected":false},"excerpt":{"rendered":"<p>Nesta se\u00e7\u00e3o, listamos de forma meramente ilustrativa as l\u00ednguas que j\u00e1 s\u00e3o reconhecidas nas esferas estaduais e municipais como patrim\u00f4nio cultural e\/ou co-oficial. O levantamento foi feito com base no arquivo de documentos do BPL (\u00faltima atualiza\u00e7\u00e3o em setembro de 2023). Para conhecer as legisla\u00e7\u00f5es relacionadas, recomendamos acessar a se\u00e7\u00e3o Documentos por regi\u00e3o.<\/p>\n","protected":false},"author":2838,"featured_media":0,"parent":0,"menu_order":0,"comment_status":"closed","ping_status":"closed","template":"","meta":{"footnotes":""},"categories":[],"tags":[22],"class_list":["post-211","page","type-page","status-publish","hentry","tag-22"],"acf":[],"_links":{"self":[{"href":"https:\/\/www.ufsm.br\/projetos\/pesquisa\/bpl\/wp-json\/wp\/v2\/pages\/211","targetHints":{"allow":["GET"]}}],"collection":[{"href":"https:\/\/www.ufsm.br\/projetos\/pesquisa\/bpl\/wp-json\/wp\/v2\/pages"}],"about":[{"href":"https:\/\/www.ufsm.br\/projetos\/pesquisa\/bpl\/wp-json\/wp\/v2\/types\/page"}],"author":[{"embeddable":true,"href":"https:\/\/www.ufsm.br\/projetos\/pesquisa\/bpl\/wp-json\/wp\/v2\/users\/2838"}],"replies":[{"embeddable":true,"href":"https:\/\/www.ufsm.br\/projetos\/pesquisa\/bpl\/wp-json\/wp\/v2\/comments?post=211"}],"version-history":[{"count":0,"href":"https:\/\/www.ufsm.br\/projetos\/pesquisa\/bpl\/wp-json\/wp\/v2\/pages\/211\/revisions"}],"wp:attachment":[{"href":"https:\/\/www.ufsm.br\/projetos\/pesquisa\/bpl\/wp-json\/wp\/v2\/media?parent=211"}],"wp:term":[{"taxonomy":"category","embeddable":true,"href":"https:\/\/www.ufsm.br\/projetos\/pesquisa\/bpl\/wp-json\/wp\/v2\/categories?post=211"},{"taxonomy":"post_tag","embeddable":true,"href":"https:\/\/www.ufsm.br\/projetos\/pesquisa\/bpl\/wp-json\/wp\/v2\/tags?post=211"}],"curies":[{"name":"wp","href":"https:\/\/api.w.org\/{rel}","templated":true}]}}