{"id":154,"date":"2019-05-20T13:27:00","date_gmt":"2019-05-20T16:27:00","guid":{"rendered":"https:\/\/www.ufsm.br\/projetos\/institucional\/catedra-unesco\/?page_id=154"},"modified":"2023-06-20T14:54:05","modified_gmt":"2023-06-20T17:54:05","slug":"participantes","status":"publish","type":"page","link":"https:\/\/www.ufsm.br\/projetos\/pesquisa\/catedra-unesco\/participantes","title":{"rendered":"Participantes"},"content":{"rendered":"\t\t<div data-elementor-type=\"wp-page\" data-elementor-id=\"154\" class=\"elementor elementor-154\">\n\t\t\t\t\t\t<section class=\"elementor-section elementor-top-section elementor-element elementor-element-3a966980 elementor-section-boxed elementor-section-height-default elementor-section-height-default\" data-id=\"3a966980\" data-element_type=\"section\">\n\t\t\t\t\t\t<div class=\"elementor-container elementor-column-gap-default\">\n\t\t\t\t\t<div class=\"elementor-column elementor-col-100 elementor-top-column elementor-element elementor-element-556879f1\" data-id=\"556879f1\" data-element_type=\"column\">\n\t\t\t<div class=\"elementor-widget-wrap elementor-element-populated\">\n\t\t\t\t\t\t<div class=\"elementor-element elementor-element-34980119 elementor-widget elementor-widget-text-editor\" data-id=\"34980119\" data-element_type=\"widget\" data-widget_type=\"text-editor.default\">\n\t\t\t\t<div class=\"elementor-widget-container\">\n\t\t\t\t\t\t\t<p><!-- wp:tadv\/classic-paragraph --><\/p><div data-sender-id=\"spaces\/IYyot0hNWeUB\/devices\/e9073007-cc51-4b92-8230-e5ecb6f51e9b\" data-sender-name=\"Andr\u00e9 Luis Ramos Soares\" data-timestamp=\"1600439123000\" data-formatted-timestamp=\"11:25\"><div data-message-text=\"ANA FREGA NOVALES\">Ana Frega Novales &#8211;\u00a0 Universidad de La Rep\u00fablica &#8211; UDELAR &#8211; Uruguay<\/div><div data-message-text=\"ANA FREGA NOVALES\">\u00a0<\/div><div data-message-text=\"ATILA AUGUSTO STOCK DA ROSA\">Andr\u00e9 Luis Ramos Soares &#8211; Coordenador Cadetra &#8211; UFSM<\/div><\/div><div data-message-text=\"ATILA AUGUSTO STOCK DA ROSA\">\u00a0<\/div><div data-message-text=\"ATILA AUGUSTO STOCK DA ROSA\">Ivo Leite Filho &#8211; Prof. Dep. Qu\u00edmica &#8211; Coordenador Grupo Arandu de Tecnologia e Ensino de Ci\u00eancias &#8211; UFMS<\/div><div data-sender-id=\"spaces\/IYyot0hNWeUB\/devices\/e9073007-cc51-4b92-8230-e5ecb6f51e9b\" data-sender-name=\"Andr\u00e9 Luis Ramos Soares\" data-timestamp=\"1600439123000\" data-formatted-timestamp=\"11:25\"><div data-message-text=\"ATILA AUGUSTO STOCK DA ROSA\">\u00a0<\/div><div data-message-text=\"jULIO RICARDO QUEVEDO DOS SANTOS\">Julio Ricardo Quevedo dos Santos &#8211; UFSM<\/div><\/div><div data-message-text=\"jULIO RICARDO QUEVEDO DOS SANTOS\">\u00a0<\/div><div data-message-text=\"jULIO RICARDO QUEVEDO DOS SANTOS\">Lia Raquel Brambilla &#8211; Diretora de Populariza\u00e7\u00e3o de Ci\u00eancias &#8211; DIPC- PROECE-UFMS<\/div><div data-message-text=\"jULIO RICARDO QUEVEDO DOS SANTOS\">\u00a0<\/div><div data-message-text=\"jULIO RICARDO QUEVEDO DOS SANTOS\">Luiz Carlos Villalta &#8211; UFMG &#8211; C\u00e1tedra Unesco\/UFMG-DRI &#8220;Territorialidades e Humanidades: a Globaliza\u00e7\u00e3o das Luzes&#8221;<\/div><div data-sender-id=\"spaces\/IYyot0hNWeUB\/devices\/e9073007-cc51-4b92-8230-e5ecb6f51e9b\" data-sender-name=\"Andr\u00e9 Luis Ramos Soares\" data-timestamp=\"1600439123000\" data-formatted-timestamp=\"11:25\"><div><div data-message-text=\"jULIO RICARDO QUEVEDO DOS SANTOS\">\u00a0<\/div><div data-message-text=\"Luiz Miguel Oosterbeek\">Luiz Miguel Oosterbeek &#8211; Instituto Polit\u00e9cnico de Tomar (IPT) &#8211; Portugal. C\u00e1tedra UNESCO em Humanidades e Gest\u00e3o Integrada do Territ\u00f3rio<\/div><div data-message-text=\"Luiz Miguel Oosterbeek\">\u00a0<\/div><div data-message-text=\"Mar\u00eda Luisa Soux Mu\u00f1oz Reyes\">Mar\u00eda Luisa Soux Mu\u00f1oz Reyes &#8211; Universidad Mayor de San Andr\u00e9s\/Instituto de Estudios Bolivianos, Bol\u00edvia<\/div><div data-message-text=\"Mar\u00eda Luisa Soux Mu\u00f1oz Reyes\">\u00a0<\/div><div data-message-text=\"MARIA MEDIANEIRA PADOIN\">Maria Medianeira Padoin &#8211; Vice Coordenadora Cadetra &#8211; UFSM<\/div><div data-message-text=\"MARIA MEDIANEIRA PADOIN\">\u00a0<\/div><div data-message-text=\"MARTA ROSA BORIN\">Marta Rosa Borin &#8211; UFSM<\/div><div data-message-text=\"MARTA ROSA BORIN\">\u00a0<\/div><\/div><\/div><div data-sender-id=\"spaces\/IYyot0hNWeUB\/devices\/e9073007-cc51-4b92-8230-e5ecb6f51e9b\" data-sender-name=\"Andr\u00e9 Luis Ramos Soares\" data-timestamp=\"1600439188000\" data-formatted-timestamp=\"11:26\"><div><div><span style=\"color: initial\">Sonia Rosa Tedeschi &#8211; Universidad Nacional del Litoral &#8211; UNL &#8211; Argentina<\/span><\/div><\/div><div><div data-message-text=\"Sonia Rosa Tedeschi\">\u00a0<\/div><div data-message-text=\"VALENTINA AYROLO\">Valentina Ayrolo -Universidad Nacional de Mar del Plata &#8211; UNMP- Argentina<\/div><div data-message-text=\"VALENTINA AYROLO\">\u00a0<\/div><div data-message-text=\"VALENTINA AYROLO\">Hip\u00f3lito Collado Giraldo &#8211; Universidad de Extremadura &#8211; C\u00e1ceres, Espanha<\/div><div data-message-text=\"VALENTINA AYROLO\">\u00a0<\/div><div data-message-text=\"VALENTINA AYROLO\">Jos\u00e9 Julio Garcia Arranz &#8211;\u00a0<span style=\"font-size: 16px;font-weight: var( --e-global-typography-text-font-weight );text-align: var(--bs-body-text-align)\">Universidad de Extremadura &#8211; C\u00e1ceres, Espanha<\/span><\/div><\/div><\/div><p><!-- \/wp:tadv\/classic-paragraph --><\/p>\t\t\t\t\t\t<\/div>\n\t\t\t\t<\/div>\n\t\t\t\t\t<\/div>\n\t\t<\/div>\n\t\t\t\t\t<\/div>\n\t\t<\/section>\n\t\t\t\t<section class=\"elementor-section elementor-top-section elementor-element elementor-element-bba2693 elementor-section-boxed elementor-section-height-default elementor-section-height-default\" data-id=\"bba2693\" data-element_type=\"section\">\n\t\t\t\t\t\t<div class=\"elementor-container elementor-column-gap-default\">\n\t\t\t\t\t<div class=\"elementor-column elementor-col-100 elementor-top-column elementor-element elementor-element-4e74279\" data-id=\"4e74279\" data-element_type=\"column\">\n\t\t\t<div class=\"elementor-widget-wrap elementor-element-populated\">\n\t\t\t\t\t\t<div class=\"elementor-element elementor-element-366e957 elementor-widget elementor-widget-wp-widget-ufsm_noticias_widget\" data-id=\"366e957\" data-element_type=\"widget\" data-widget_type=\"wp-widget-ufsm_noticias_widget.default\">\n\t\t\t\t<div class=\"elementor-widget-container\">\n\t\t\t<h5 class='titulo-conteudos'>Participantes<\/h5><div class='widget-noticias-inside'>\n                        <div class=\"row\">\n                                    <div class=\"col-12 col-lg-4 pb-4\">\n                                        \n                                        \n                    \n                    <a class=\"noticias-widget-title d-block \"  title=\"O que temos feito\" href=\"https:\/\/www.ufsm.br\/projetos\/pesquisa\/catedra-unesco\/2022\/06\/24\/elementor-230\">\n                                                O que temos feito                    <\/a>\n                    \n                    \n                                        \n                                        \n                                            \n                                                    <div title=\"Publicado em 24\/06\/2022 \" class=\"data-publicacao-widget\">\n                                <i  class=\"far fa-clock\"><\/i>\n                                24\/06\/2022                             <\/div>\n                                                                <\/div>\n                                    <div class=\"col-12 col-lg-4 pb-4\">\n                                        \n                                        \n                    \n                    <a class=\"noticias-widget-title d-block \"  title=\"C\u00e1tedra promove Semin\u00e1rio Internacional\" href=\"https:\/\/www.ufsm.br\/projetos\/pesquisa\/catedra-unesco\/2022\/06\/24\/elementor-228\">\n                                                C\u00e1tedra promove Semin\u00e1rio Internacional                    <\/a>\n                    \n                    \n                                        \n                                        \n                                            \n                                                    <div title=\"Publicado em 24\/06\/2022 \" class=\"data-publicacao-widget\">\n                                <i  class=\"far fa-clock\"><\/i>\n                                24\/06\/2022                             <\/div>\n                                                                <\/div>\n                            <\/div>\n            <\/div>\n\t\t<\/div>\n\t\t\t\t<\/div>\n\t\t\t\t\t<\/div>\n\t\t<\/div>\n\t\t\t\t\t<\/div>\n\t\t<\/section>\n\t\t\t\t<\/div>\n\t\t","protected":false},"excerpt":{"rendered":"<p>Ana Frega Novales &#8211;\u00a0 Universidad de La Rep\u00fablica &#8211; UDELAR &#8211; Uruguay\u00a0Andr\u00e9 Luis Ramos Soares &#8211; Coordenador Cadetra &#8211; UFSM\u00a0Ivo Leite Filho &#8211; Prof. Dep. Qu\u00edmica &#8211; Coordenador Grupo Arandu de Tecnologia e Ensino de Ci\u00eancias &#8211; UFMS\u00a0Julio Ricardo Quevedo dos Santos &#8211; UFSM\u00a0Lia Raquel Brambilla &#8211; Diretora de Populariza\u00e7\u00e3o de Ci\u00eancias &#8211; DIPC- PROECE-UFMS\u00a0Luiz [&hellip;]<\/p>\n","protected":false},"author":25,"featured_media":0,"parent":0,"menu_order":0,"comment_status":"closed","ping_status":"closed","template":"","meta":{"footnotes":""},"categories":[],"tags":[],"class_list":["post-154","page","type-page","status-publish","hentry"],"acf":[],"_links":{"self":[{"href":"https:\/\/www.ufsm.br\/projetos\/pesquisa\/catedra-unesco\/wp-json\/wp\/v2\/pages\/154","targetHints":{"allow":["GET"]}}],"collection":[{"href":"https:\/\/www.ufsm.br\/projetos\/pesquisa\/catedra-unesco\/wp-json\/wp\/v2\/pages"}],"about":[{"href":"https:\/\/www.ufsm.br\/projetos\/pesquisa\/catedra-unesco\/wp-json\/wp\/v2\/types\/page"}],"author":[{"embeddable":true,"href":"https:\/\/www.ufsm.br\/projetos\/pesquisa\/catedra-unesco\/wp-json\/wp\/v2\/users\/25"}],"replies":[{"embeddable":true,"href":"https:\/\/www.ufsm.br\/projetos\/pesquisa\/catedra-unesco\/wp-json\/wp\/v2\/comments?post=154"}],"version-history":[{"count":0,"href":"https:\/\/www.ufsm.br\/projetos\/pesquisa\/catedra-unesco\/wp-json\/wp\/v2\/pages\/154\/revisions"}],"wp:attachment":[{"href":"https:\/\/www.ufsm.br\/projetos\/pesquisa\/catedra-unesco\/wp-json\/wp\/v2\/media?parent=154"}],"wp:term":[{"taxonomy":"category","embeddable":true,"href":"https:\/\/www.ufsm.br\/projetos\/pesquisa\/catedra-unesco\/wp-json\/wp\/v2\/categories?post=154"},{"taxonomy":"post_tag","embeddable":true,"href":"https:\/\/www.ufsm.br\/projetos\/pesquisa\/catedra-unesco\/wp-json\/wp\/v2\/tags?post=154"}],"curies":[{"name":"wp","href":"https:\/\/api.w.org\/{rel}","templated":true}]}}