{"id":309,"date":"2023-12-12T10:20:49","date_gmt":"2023-12-12T13:20:49","guid":{"rendered":"https:\/\/www.ufsm.br\/projetos\/pesquisa\/catedra-unesco\/?page_id=309"},"modified":"2025-07-15T11:27:06","modified_gmt":"2025-07-15T14:27:06","slug":"instituicoes-parceiras","status":"publish","type":"page","link":"https:\/\/www.ufsm.br\/projetos\/pesquisa\/catedra-unesco\/instituicoes-parceiras","title":{"rendered":"Institui\u00e7\u00f5es Parceiras"},"content":{"rendered":"\n<p><strong>UFSM \u2013 Universidade Federal de Santa Maria<\/strong>\u00a0\u2013 Master and Ph.D. in Geography. PPGeo. Av. Roraima, no<br \/>1000. Cidade Universit\u00e1ria, bairro Camobi, Santa Maria, RS. 97.105-900. Brasil.<\/p>\n<p><strong>UFSC \u2013\u00a0Universidade Federal de Santa Catarina<\/strong>\u00a0&#8211; Campus Reitor Jo\u00e3o David Ferreira Lima, s\/n &#8211; Trindade,Florian\u00f3polis &#8211; SC, 88040-900, Brasil.<\/p>\n<p><strong>UFBA- Universidade Federal da Bahia- <\/strong>Rua Augusto Viana, s\/n &#8211; Pal\u00e1cio da Reitoria, Canela, Salvador, Bahia, 40110-909, Brasil.<\/p>\n<p><strong>UFMS &#8211; Universidade Federal do Mato Grosso do Sul\u00a0<\/strong>&#8211; Cidade Universit\u00e1ria, Av. Costa e Silva &#8211; Pioneiros, MS, 79070-900<\/p>\n<p><strong>Universidad de La Rep\u00fablica<\/strong> \u2013 UDELAR : Av. 18 de Julio 1824-1850, 11200, Montevideo \u2013 Uruguay.<\/p>\n<p><strong>\u00a0Universidad Nacional de Mar del Plata<\/strong> \u2013 Argentina, Dean Funes &#8211; 3350, San Juan, 7600 Mar del Plata, Buenos Aires, Argentina.<\/p>\n<p><strong>Universidad Nacional del Litoral<\/strong> \u2013 Argentina, Bv. Pellegrini 2750, 3000 &#8211; Santa Fe, Argentina.<\/p>\n<p><strong>Universidad Mayor de San Andr\u00e9s<\/strong> \u2013 Bol\u00edvia, J.J.Perez, La Paz, Bol\u00edvia.<\/p>\n<p><strong>UNLP \u2013 Universidad Nacional de La Plata. Argentina<\/strong>. Museo Nacional de La Plata. Paseo del Bosque, s\/no. B1900FWA, La Plata, Buenos Aires, Argentina.<\/p>\n<p><strong>IPT \u2013 Instituto Polit\u00e9cnico de Tomar<\/strong> , Av. Dr. Aur\u00e9lio Ribeiro 3, Tomar, Portugal.<\/p>\n<p><strong>UEx \u2013 Universidad de Extremadura<\/strong>, Spain \u2013Avda. de la Universidad s\/n, 10004-C\u00c1CERES (ESPA\u00d1A).<\/p>\n<p><strong>Universidad de Salamanca Espa\u00f1a<\/strong> &#8211; Patio de Escuelas 1, 37008 Salamanca Espa\u00f1a.<\/p>\n<p><strong>Unesco no Brasil<\/strong>. SAUS quadra 5 , bloco H, lote 6 \u2013 Asa Sul, DF, 70.070-912, Bras\u00edlia , DF, Brasil.<\/p>\n<p><strong>Associa\u00e7\u00e3o das Universidades do Grupo Montevid\u00e9o<\/strong>. AUGM. History, \u00a0Guayabos 1729 ap.502, Montevid\u00e9o, 11.200 \u2013 Uruguay.<\/p>\n<p><strong>Jena Universit\u00e4t<\/strong> \u2013 Departamento de Geografia. Friedrich Schiller University of Jena, Rechenzentrum, Am Johannisfriedhof, 2, 07743, Jena.<\/p>\n<p><strong>Centro de Pesquisas Geneal\u00f3gicas de Nova Palma<\/strong> (Centro de Pesquisas sobre imigra\u00e7\u00e3o italiana para o sul do Brasil), Rua Raimundo Al\u00e9ssio, no 320.CEP: 97.250.000. Nova Palma \/ RS, Brasil.<\/p>\n<p><strong>Arquivo Hist\u00f3rico de Santa Maria<\/strong>, Av. Presidente Vargas, 1300. Bairro Nossa Senhora de Medianeira, Santa Maria, RS, Brasil. Cep. 97.105-040.<\/p>\n<p><strong>Memorial de Imigra\u00e7\u00e3o Japonesa<\/strong> \u2013 Rio Grande do Sul State , Av. Roraima, no 1000, CCSH- Pr\u00e9dio 74 B, sala 3311. Santa Maria, RS. Cep. 97-105-900.<\/p>\n<p><strong>Museu 13 de Maio<\/strong>. R. Silva Jardim, 1405 &#8211; Nossa Sra. do Rosario, Santa Maria &#8211; RS, 97010-492. Brasil.<\/p>\n<p><strong>Museu do Imigrante<\/strong> Silveira Martins, Silveira Martins. Rua Jos\u00e9 Pinton, esquina Avenida Vit\u00e9lio Zago. Silveira Martins-RS-BRASIL 97195-000.<\/p>\n<p><strong>Herity International<\/strong>. V.E. Filiberto, 17- DD 185 \u2013 Roma It\u00e1lia.<\/p>\n<p><strong>ITM \u2013 Instituto Terra e Mem\u00f3ria<\/strong>. Largo dos Combatentes, s\/n. 6120-750 Ma\u00e7\u00e3o, Portugal.<\/p>\n<p><strong>Centro de Geociencias da UC<\/strong> &#8211; Rua S\u00edlvio Lima. University of Coimbra &#8211; P\u00f3lo II. 3030-790 Coimbra. Portugal.<\/p>\n<p><strong>Conselho Internacional de Filosofia e Ci\u00eancias Humanas<\/strong> \u2013 CIPHS- UNESCO, 1, rue Miollis F-75732, Paris Cedex 15, France.<\/p>\n<p><strong>Grupo de Investigaci\u00f3n del Patrim\u00f3nio Rupestre Ind\u00edgena.<\/strong> GIPRI , Colombia. NIT. 900 622-7, Calle 94a #61-05, Casa 61, Bogot\u00e1, Col\u00f4mbia.<\/p>\n","protected":false},"excerpt":{"rendered":"<p>UFSM \u2013 Universidade Federal de Santa Maria\u00a0\u2013 Master and Ph.D. in Geography. PPGeo. Av. Roraima, no1000. Cidade Universit\u00e1ria, bairro Camobi, Santa Maria, RS. 97.105-900. Brasil. UFSC \u2013\u00a0Universidade Federal de Santa Catarina\u00a0&#8211; Campus Reitor Jo\u00e3o David Ferreira Lima, s\/n &#8211; Trindade,Florian\u00f3polis &#8211; SC, 88040-900, Brasil. UFBA- Universidade Federal da Bahia- Rua Augusto Viana, s\/n &#8211; Pal\u00e1cio [&hellip;]<\/p>\n","protected":false},"author":2538,"featured_media":0,"parent":0,"menu_order":0,"comment_status":"closed","ping_status":"closed","template":"","meta":{"footnotes":""},"categories":[],"tags":[],"class_list":["post-309","page","type-page","status-publish","hentry"],"acf":[],"_links":{"self":[{"href":"https:\/\/www.ufsm.br\/projetos\/pesquisa\/catedra-unesco\/wp-json\/wp\/v2\/pages\/309","targetHints":{"allow":["GET"]}}],"collection":[{"href":"https:\/\/www.ufsm.br\/projetos\/pesquisa\/catedra-unesco\/wp-json\/wp\/v2\/pages"}],"about":[{"href":"https:\/\/www.ufsm.br\/projetos\/pesquisa\/catedra-unesco\/wp-json\/wp\/v2\/types\/page"}],"author":[{"embeddable":true,"href":"https:\/\/www.ufsm.br\/projetos\/pesquisa\/catedra-unesco\/wp-json\/wp\/v2\/users\/2538"}],"replies":[{"embeddable":true,"href":"https:\/\/www.ufsm.br\/projetos\/pesquisa\/catedra-unesco\/wp-json\/wp\/v2\/comments?post=309"}],"version-history":[{"count":0,"href":"https:\/\/www.ufsm.br\/projetos\/pesquisa\/catedra-unesco\/wp-json\/wp\/v2\/pages\/309\/revisions"}],"wp:attachment":[{"href":"https:\/\/www.ufsm.br\/projetos\/pesquisa\/catedra-unesco\/wp-json\/wp\/v2\/media?parent=309"}],"wp:term":[{"taxonomy":"category","embeddable":true,"href":"https:\/\/www.ufsm.br\/projetos\/pesquisa\/catedra-unesco\/wp-json\/wp\/v2\/categories?post=309"},{"taxonomy":"post_tag","embeddable":true,"href":"https:\/\/www.ufsm.br\/projetos\/pesquisa\/catedra-unesco\/wp-json\/wp\/v2\/tags?post=309"}],"curies":[{"name":"wp","href":"https:\/\/api.w.org\/{rel}","templated":true}]}}