{"id":165,"date":"2024-04-07T13:28:32","date_gmt":"2024-04-07T16:28:32","guid":{"rendered":"https:\/\/www.ufsm.br\/projetos\/pesquisa\/cedeittec\/?page_id=165"},"modified":"2024-05-09T09:47:17","modified_gmt":"2024-05-09T12:47:17","slug":"laboratorios-de-cedeittec","status":"publish","type":"page","link":"https:\/\/www.ufsm.br\/projetos\/pesquisa\/cedeittec\/laboratorios-de-cedeittec","title":{"rendered":"Laborat\u00f3rios do CEDEITTEC"},"content":{"rendered":"\t\t<div data-elementor-type=\"wp-page\" data-elementor-id=\"165\" class=\"elementor elementor-165\">\n\t\t\t\t\t\t<section class=\"elementor-section elementor-top-section elementor-element elementor-element-10b55a7 elementor-section-boxed elementor-section-height-default elementor-section-height-default\" data-id=\"10b55a7\" data-element_type=\"section\">\n\t\t\t\t\t\t<div class=\"elementor-container elementor-column-gap-default\">\n\t\t\t\t\t<div class=\"elementor-column elementor-col-100 elementor-top-column elementor-element elementor-element-680f8ced\" data-id=\"680f8ced\" data-element_type=\"column\">\n\t\t\t<div class=\"elementor-widget-wrap elementor-element-populated\">\n\t\t\t\t\t\t<div class=\"elementor-element elementor-element-38c3add elementor-widget elementor-widget-text-editor\" data-id=\"38c3add\" data-element_type=\"widget\" data-widget_type=\"text-editor.default\">\n\t\t\t\t<div class=\"elementor-widget-container\">\n\t\t\t\t\t\t\t<table><tbody><tr><td>\u00a0<\/td><td><p><b>Laborat\u00f3rios do CEDEITTEC UFSM<\/b><\/p><\/td><td><p><b>Professor respons\u00e1vel<\/b><\/p><\/td><td><p><b>Email contato\u00a0<\/b><\/p><\/td><\/tr><tr><td><p><b>1<\/b><\/p><\/td><td><p><b>Laborat\u00f3rio de Biologia do Solo (CCR) \u2013\u00a0<\/b><\/p><\/td><td><p><span style=\"font-weight: 400\">Zaida Antoniolli<\/span><\/p><\/td><td><p><span style=\"font-weight: 400\">zantoniolli@gmail.com<\/span><\/p><\/td><\/tr><tr><td><p><b>2<\/b><\/p><\/td><td><p><b>Laborat\u00f3rio de An\u00e1lises de Microrganismos Agr\u00edcolas (CCR)\u00a0<\/b><\/p><\/td><td><p><span style=\"font-weight: 400\">Rodrigo Jacques<\/span><\/p><\/td><td><p><span style=\"font-weight: 400\">rodrigo@ufsm.br<\/span><\/p><\/td><\/tr><tr><td><p><b>3<\/b><\/p><\/td><td><p><b>Laborat\u00f3rio de An\u00e1lises de C e N (CCR)<\/b><\/p><\/td><td><p><span style=\"font-weight: 400\">Sandro Giacomini<\/span><\/p><\/td><td><p><span style=\"font-weight: 400\">sjgiacomini@ufsm.br<\/span><\/p><\/td><\/tr><tr><td><p><b>4<\/b><\/p><\/td><td><p><b>Laborat\u00f3rio de Extrativos Arom\u00e1ticos (UFSM-FW) \u2013 <\/b><\/p><\/td><td><p><span style=\"font-weight: 400\">Denise Schmidt<\/span><\/p><\/td><td><p><span style=\"font-weight: 400\">denise@ufsm.br<\/span><\/p><\/td><\/tr><tr><td><p><b>5<\/b><\/p><\/td><td><p><b>Laborat\u00f3rio de S\u00edntese, Reatividade e Avalia\u00e7\u00e3o Farmacol\u00f3gica e Toxicol\u00f3gica de Organocalcog\u00eanios (CCNE)\u00a0<\/b><\/p><\/td><td><p><span style=\"font-weight: 400\"> Gilson Zeni<\/span><\/p><\/td><td><p><span style=\"font-weight: 400\">gzeni@ufsm.br<\/span><\/p><\/td><\/tr><tr><td><p><b>6<\/b><\/p><\/td><td><p><b>Laborat\u00f3rio de Engenharia de Processos Agroindustriais (UFSM \u2013 CS)\u00a0<\/b><\/p><\/td><td><p><span style=\"font-weight: 400\">Marcus Tres<\/span><\/p><\/td><td><p><span style=\"font-weight: 400\">marcus.tres@ufsm.br<\/span><span style=\"font-weight: 400\"><br \/><\/span><span style=\"font-weight: 400\">giovani.zabot@ufsm.br<\/span><\/p><\/td><\/tr><tr><td><p><b>7<\/b><\/p><\/td><td><p><b>Laborat\u00f3rio de Bioprocessos (CT)<\/b><\/p><\/td><td><p><span style=\"font-weight: 400\">Raquel Kuhn<\/span><\/p><\/td><td><p><span style=\"font-weight: 400\">raquelckuhn@yahoo.com.br<\/span><\/p><\/td><\/tr><tr><td><p><b>8<\/b><\/p><\/td><td><p><b>Planta Piloto de Bioinsumos (CT)\u00a0<\/b><\/p><\/td><td><p><span style=\"font-weight: 400\">Marcio Mazutti<\/span><\/p><\/td><td><p><span style=\"font-weight: 400\">marciomazutti@gmail.com<\/span><\/p><\/td><\/tr><tr><td><p><b>9<\/b><\/p><\/td><td><p><b>Laborat\u00f3rio de Tecnologia de Part\u00edculas (CCR)\u00a0<\/b><\/p><\/td><td><p><span style=\"font-weight: 400\">Cristiano Menezes<\/span><\/p><\/td><td><p><span style=\"font-weight: 400\">cristianoragagnin@yahoo.com.br<\/span><\/p><\/td><\/tr><tr><td><p><b>10<\/b><\/p><\/td><td><p><b>Laborat\u00f3rio de Manejo Integrado de Pragas &#8211; LabMIP (CCR)<\/b><\/p><\/td><td><p><span style=\"font-weight: 400\">Jerson Guedes<\/span><\/p><\/td><td><p><span style=\"font-weight: 400\">jerson.guedes@gmail.com<\/span><\/p><p><span style=\"font-weight: 400\">gandradeugalde@yahoo.com.br<\/span><\/p><\/td><\/tr><tr><td><p><b>11<\/b><\/p><\/td><td><p><b>Laborat\u00f3rio de AgroBiotecnologias &#8211; AgroBioTec Lab (CCR)<\/b><\/p><\/td><td><p><span style=\"font-weight: 400\">Jerson Guedes<\/span><\/p><\/td><td><p><span style=\"font-weight: 400\">jerson.guedes@gmail.com<\/span><\/p><p><span style=\"font-weight: 400\">gandradeugalde@yahoo.com.br<\/span><\/p><\/td><\/tr><tr><td><p><b>12<\/b><\/p><\/td><td><p><b>Laborat\u00f3rio de Fitopatologia (CCR)\u00a0<\/b><\/p><\/td><td><p><span style=\"font-weight: 400\">Marlove Muniz<\/span><\/p><\/td><td><p><span style=\"font-weight: 400\">marlove.muniz@ufsm.br<\/span><\/p><\/td><\/tr><tr><td><p><b>13<\/b><\/p><\/td><td><p><b>Equipe Field Crops (CCR)\u00a0<\/b><\/p><\/td><td><p><span style=\"font-weight: 400\">Alencar Zanon<\/span><\/p><\/td><td><p><span style=\"font-weight: 400\">alencarzanon@hotmail.com<\/span><\/p><\/td><\/tr><tr><td><p><b>14<\/b><\/p><\/td><td><p><b>Laborat\u00f3rio Biometria de Plantas (UFSM-FW)\u00a0<\/b><\/p><\/td><td><p><span style=\"font-weight: 400\">Braulio Caron<\/span><\/p><\/td><td><p><span style=\"font-weight: 400\">otomarcaron@yahoo.com.br<\/span><\/p><\/td><\/tr><tr><td><p><b>15<\/b><\/p><\/td><td><p><b>Laborat\u00f3rio de Gases do Efeito Estufa (CCNE)<\/b><\/p><\/td><td><p><span style=\"font-weight: 400\">Debora Roberti<\/span><\/p><\/td><td><p><span style=\"font-weight: 400\">debora@ufsm.br<\/span><\/p><\/td><\/tr><tr><td><p><b>16<\/b><\/p><\/td><td><p><b>Living Lab Advanced Farm 360 (Col\u00e9gio Polit\u00e9cnico) <\/b><\/p><\/td><td><p><span style=\"font-weight: 400\">Luciano Pes<\/span><\/p><\/td><td><p><span style=\"font-weight: 400\">lucianopes@politecnico.ufsm.br<\/span><\/p><\/td><\/tr><\/tbody><\/table>\t\t\t\t\t\t<\/div>\n\t\t\t\t<\/div>\n\t\t\t\t\t<\/div>\n\t\t<\/div>\n\t\t\t\t\t<\/div>\n\t\t<\/section>\n\t\t\t\t<\/div>\n\t\t","protected":false},"excerpt":{"rendered":"<p>\u00a0 Laborat\u00f3rios do CEDEITTEC UFSM Professor respons\u00e1vel Email contato\u00a0 1 Laborat\u00f3rio de Biologia do Solo (CCR) \u2013\u00a0 Zaida Antoniolli zantoniolli@gmail.com 2 Laborat\u00f3rio de An\u00e1lises de Microrganismos Agr\u00edcolas (CCR)\u00a0 Rodrigo Jacques rodrigo@ufsm.br 3 Laborat\u00f3rio de An\u00e1lises de C e N (CCR) Sandro Giacomini sjgiacomini@ufsm.br 4 Laborat\u00f3rio de Extrativos Arom\u00e1ticos (UFSM-FW) \u2013 Denise Schmidt denise@ufsm.br 5 Laborat\u00f3rio [&hellip;]<\/p>\n","protected":false},"author":2006,"featured_media":0,"parent":0,"menu_order":0,"comment_status":"closed","ping_status":"closed","template":"","meta":{"footnotes":""},"categories":[],"tags":[],"class_list":["post-165","page","type-page","status-publish","hentry"],"acf":[],"_links":{"self":[{"href":"https:\/\/www.ufsm.br\/projetos\/pesquisa\/cedeittec\/wp-json\/wp\/v2\/pages\/165","targetHints":{"allow":["GET"]}}],"collection":[{"href":"https:\/\/www.ufsm.br\/projetos\/pesquisa\/cedeittec\/wp-json\/wp\/v2\/pages"}],"about":[{"href":"https:\/\/www.ufsm.br\/projetos\/pesquisa\/cedeittec\/wp-json\/wp\/v2\/types\/page"}],"author":[{"embeddable":true,"href":"https:\/\/www.ufsm.br\/projetos\/pesquisa\/cedeittec\/wp-json\/wp\/v2\/users\/2006"}],"replies":[{"embeddable":true,"href":"https:\/\/www.ufsm.br\/projetos\/pesquisa\/cedeittec\/wp-json\/wp\/v2\/comments?post=165"}],"version-history":[{"count":0,"href":"https:\/\/www.ufsm.br\/projetos\/pesquisa\/cedeittec\/wp-json\/wp\/v2\/pages\/165\/revisions"}],"wp:attachment":[{"href":"https:\/\/www.ufsm.br\/projetos\/pesquisa\/cedeittec\/wp-json\/wp\/v2\/media?parent=165"}],"wp:term":[{"taxonomy":"category","embeddable":true,"href":"https:\/\/www.ufsm.br\/projetos\/pesquisa\/cedeittec\/wp-json\/wp\/v2\/categories?post=165"},{"taxonomy":"post_tag","embeddable":true,"href":"https:\/\/www.ufsm.br\/projetos\/pesquisa\/cedeittec\/wp-json\/wp\/v2\/tags?post=165"}],"curies":[{"name":"wp","href":"https:\/\/api.w.org\/{rel}","templated":true}]}}