{"id":184,"date":"2024-05-09T13:46:14","date_gmt":"2024-05-09T16:46:14","guid":{"rendered":"https:\/\/www.ufsm.br\/projetos\/pesquisa\/cedeittec\/?page_id=184"},"modified":"2024-05-09T15:54:15","modified_gmt":"2024-05-09T18:54:15","slug":"informacoes-gerais","status":"publish","type":"page","link":"https:\/\/www.ufsm.br\/projetos\/pesquisa\/cedeittec\/informacoes-gerais","title":{"rendered":"Informa\u00e7\u00f5es Gerais"},"content":{"rendered":"\t\t<div data-elementor-type=\"wp-page\" data-elementor-id=\"184\" class=\"elementor elementor-184\">\n\t\t\t\t\t\t<section class=\"elementor-section elementor-top-section elementor-element elementor-element-3db476d elementor-section-boxed elementor-section-height-default elementor-section-height-default\" data-id=\"3db476d\" data-element_type=\"section\">\n\t\t\t\t\t\t<div class=\"elementor-container elementor-column-gap-default\">\n\t\t\t\t\t<div class=\"elementor-column elementor-col-100 elementor-top-column elementor-element elementor-element-1592c03\" data-id=\"1592c03\" data-element_type=\"column\">\n\t\t\t<div class=\"elementor-widget-wrap elementor-element-populated\">\n\t\t\t\t\t\t<div class=\"elementor-element elementor-element-1c54eed elementor-widget elementor-widget-heading\" data-id=\"1c54eed\" data-element_type=\"widget\" data-widget_type=\"heading.default\">\n\t\t\t\t<div class=\"elementor-widget-container\">\n\t\t\t<h5 class=\"elementor-heading-title elementor-size-default\">O que \u00e9 o CEDEITTEC BIOINSUMOS<\/h5>\t\t<\/div>\n\t\t\t\t<\/div>\n\t\t\t\t\t<\/div>\n\t\t<\/div>\n\t\t\t\t\t<\/div>\n\t\t<\/section>\n\t\t\t\t<section class=\"elementor-section elementor-top-section elementor-element elementor-element-1495488 elementor-section-boxed elementor-section-height-default elementor-section-height-default\" data-id=\"1495488\" data-element_type=\"section\">\n\t\t\t\t\t\t<div class=\"elementor-container elementor-column-gap-default\">\n\t\t\t\t\t<div class=\"elementor-column elementor-col-100 elementor-top-column elementor-element elementor-element-83289c2\" data-id=\"83289c2\" data-element_type=\"column\">\n\t\t\t<div class=\"elementor-widget-wrap elementor-element-populated\">\n\t\t\t\t\t\t<div class=\"elementor-element elementor-element-4b98448 elementor-widget elementor-widget-text-editor\" data-id=\"4b98448\" data-element_type=\"widget\" data-widget_type=\"text-editor.default\">\n\t\t\t\t<div class=\"elementor-widget-container\">\n\t\t\t\t\t\t\t<p style=\"text-align: justify\"><span style=\"font-weight: 400\">O CEDEITTEC \u00e9 um centro tem\u00e1tico focado na transi\u00e7\u00e3o ecol\u00f3gica, fruto do comprometimento de um grupo de pesquisadores que, que nos \u00faltimos 13 anos, tem trabalhado de forma coordenada, multidisciplinar e com uma vis\u00e3o de futuro. Seu objetivo \u00e9 maximizar o aproveitamento da biodiversidade brasileira na cria\u00e7\u00e3o de produtos e solu\u00e7\u00f5es para uma agricultura regenerativa e sustent\u00e1vel em larga escala.\u00a0<\/span><\/p><p style=\"text-align: justify\"><span style=\"font-weight: 400\">O Centro engloba uma infraestrutura f\u00edsica composta por 16 laborat\u00f3rios distribu\u00eddos em tr\u00eas centros de ensino do Campus Sede (Centro de Tecnologia, Centro de Ci\u00eancias Rurais e Centro de Ci\u00eancias Naturais e Exatas), bem como em dois outros Campi (Frederico Westphalen e Cachoeira do Sul). O centro dialoga e coopera com equipes multidisciplinares e altamente experientes, formadas por 18 pesquisadores que atuam diretamente no Centro, em colabora\u00e7\u00e3o com mais de 65 pesquisadores e laborat\u00f3rios nacionais e outros 28 estrangeiros.\u00a0<\/span><\/p><p style=\"text-align: justify\"><span style=\"font-weight: 400\">O CEDEITTEC est\u00e1 atento aos desafios que a agricultura enfrentar\u00e1 nos pr\u00f3ximos anos e na busca de inova\u00e7\u00e3o, concentrando-se na bioprospec\u00e7\u00e3o, sele\u00e7\u00e3o, desenvolvimento e transfer\u00eancia de produtos que proporcionem a biofertiliza\u00e7\u00e3o, a bioestimula\u00e7\u00e3o e a bioprote\u00e7\u00e3o, al\u00e9m da mitiga\u00e7\u00e3o de estresses t\u00e9rmicos, h\u00eddricos e fitot\u00f3xicos qu\u00edmicos. <\/span><\/p>\t\t\t\t\t\t<\/div>\n\t\t\t\t<\/div>\n\t\t\t\t\t<\/div>\n\t\t<\/div>\n\t\t\t\t\t<\/div>\n\t\t<\/section>\n\t\t\t\t<section class=\"elementor-section elementor-top-section elementor-element elementor-element-db039dc elementor-section-boxed elementor-section-height-default elementor-section-height-default\" data-id=\"db039dc\" data-element_type=\"section\">\n\t\t\t\t\t\t<div class=\"elementor-container elementor-column-gap-default\">\n\t\t\t\t\t<div class=\"elementor-column elementor-col-100 elementor-top-column elementor-element elementor-element-d19f645\" data-id=\"d19f645\" data-element_type=\"column\">\n\t\t\t<div class=\"elementor-widget-wrap elementor-element-populated\">\n\t\t\t\t\t\t<div class=\"elementor-element elementor-element-83d0c11 elementor-widget elementor-widget-heading\" data-id=\"83d0c11\" data-element_type=\"widget\" data-widget_type=\"heading.default\">\n\t\t\t\t<div class=\"elementor-widget-container\">\n\t\t\t<h5 class=\"elementor-heading-title elementor-size-default\">HIST\u00d3RICO DO CENTRO<\/h5>\t\t<\/div>\n\t\t\t\t<\/div>\n\t\t\t\t\t<\/div>\n\t\t<\/div>\n\t\t\t\t\t<\/div>\n\t\t<\/section>\n\t\t\t\t<section class=\"elementor-section elementor-top-section elementor-element elementor-element-6e555f0 elementor-section-boxed elementor-section-height-default elementor-section-height-default\" data-id=\"6e555f0\" data-element_type=\"section\">\n\t\t\t\t\t\t<div class=\"elementor-container elementor-column-gap-default\">\n\t\t\t\t\t<div class=\"elementor-column elementor-col-100 elementor-top-column elementor-element elementor-element-06d7179\" data-id=\"06d7179\" data-element_type=\"column\">\n\t\t\t<div class=\"elementor-widget-wrap elementor-element-populated\">\n\t\t\t\t\t\t<div class=\"elementor-element elementor-element-d882296 elementor-widget elementor-widget-text-editor\" data-id=\"d882296\" data-element_type=\"widget\" data-widget_type=\"text-editor.default\">\n\t\t\t\t<div class=\"elementor-widget-container\">\n\t\t\t\t\t\t\t<p style=\"text-align: justify\"><span style=\"font-weight: 400\">J\u00e1 na d\u00e9cada de 1960, a UFSM apresentava esfor\u00e7os para agregar pr\u00e1ticas sustent\u00e1veis e ambientalmente corretas na agricultura. Exemplo hist\u00f3rico foram as pesquisas lideradas pela Professora Ana Maria Primavesi <\/span><a href=\"blank\"><span style=\"font-weight: 400\">&#8211; https:\/\/www.brasildefato.com.br\/2020\/10\/03\/centenario-de-ana-primavesi-uma-vida-de-amor-a-terra<\/span><\/a><span style=\"font-weight: 400\">\u00a0 que contribu\u00edram para a organiza\u00e7\u00e3o na UFSM do primeiro curso de p\u00f3s-gradua\u00e7\u00e3o em agricultura org\u00e2nica no Brasil.\u00a0<\/span><\/p><p style=\"text-align: justify\"><span style=\"font-weight: 400\">Mesmo sendo considerada pioneira em sustentabilidade da agricultura, at\u00e9 meados de 2010 essas iniciativas eram desenvolvidas de forma isoladas pelos grupos de pesquisa nas suas respectivas \u00e1reas de atua\u00e7\u00e3o, e sem uma conex\u00e3o direta e objetiva entre eles. Isso se modificou a partir do ano de 2011 quando, um grupo de pesquisadores hoje integrantes do CEDEITTEC (Marcio Mazutti, Jerson Guedes e Rodrigo Jacques), passou a trabalhar de forma coordenada, multidisciplinar e com vis\u00e3o de longo prazo para potencializar o uso da biodiversidade brasileira na gera\u00e7\u00e3o de produtos para uma agricultura sustent\u00e1vel. Os primeiros anos foram dedicados \u00e0 estrutura\u00e7\u00e3o dos laborat\u00f3rios de pesquisa, com dois grandes projetos no Programa de P\u00f3los de Inova\u00e7\u00e3o Tecnol\u00f3gico vinculado \u00e0 Secretaria Estadual de Inova\u00e7\u00e3o, Ci\u00eancia e Tecnologia do Estado do RS (SICT-RS).\u00a0<\/span><\/p><p style=\"text-align: justify\"><span style=\"font-weight: 400\">O per\u00edodo de 2014-2020 foi de agrega\u00e7\u00e3o de novas linhas de pesquisa e consolida\u00e7\u00e3o cient\u00edfica e tecnol\u00f3gica do grupo. Temas como extratos vegetais, \u00f3leos essenciais, intensifica\u00e7\u00e3o dos sistemas produtivos como estrat\u00e9gia de minimizar as emiss\u00f5es de gases de efeito estufa e agricultura de precis\u00e3o, passaram a integrar o portf\u00f3lio de pesquisa e desenvolvimento. Com isso, o grupo se consolidou como uma refer\u00eancia cient\u00edfica na \u00e1rea com a publica\u00e7\u00e3o de artigos cient\u00edficos, forma\u00e7\u00e3o de recursos humanos e capta\u00e7\u00e3o de recursos financeiros, por meio de projetos de P&amp;D em ag\u00eancias p\u00fablicas e empresas privadas.\u00a0<\/span><\/p><p style=\"text-align: justify\"><span style=\"font-weight: 400\">A partir de 2020 foi iniciada a segunda fase do planejamento estrat\u00e9gico e que engloba a implanta\u00e7\u00e3o de um ambiente de prototipagem piloto de bioinsumos e amplia a atua\u00e7\u00e3o do grupo para a \u00e1rea de formula\u00e7\u00e3o e tecnologia de aplica\u00e7\u00e3o de bioinsumos. A atua\u00e7\u00e3o do grupo na \u00e1rea de prototipa\u00e7\u00e3o foi concretizada a partir da implanta\u00e7\u00e3o de uma Planta Piloto de Bioinsumos (PPB), resultado da aprova\u00e7\u00e3o de 2 projetos no ano de 2022 junto a Funda\u00e7\u00e3o de Amparo \u00e0 Pesquisa do Rio Grande do Sul (FAPERGS) e que contam com a participa\u00e7\u00e3o de 13 Institui\u00e7\u00f5es de pesquisa e 17 empresas do ramo de bioinsumos do estado do Rio Grande do Sul: i) Cluster de desenvolvimento de produtos e servi\u00e7os aplicados \u00e0 agricultura inovadora e sustent\u00e1vel &#8211; CLUSTER AGROINOVA, coordenado pelo Prof. Nereu Streck; e ii) Rede Ga\u00facha para o desenvolvimento de processo de produ\u00e7\u00e3o, formula\u00e7\u00e3o e valida\u00e7\u00e3o em campo de bioinsumos agr\u00edcolas multifuncionais para substitui\u00e7\u00e3o de insumos qu\u00edmicos &#8211; REDEITEC Bioinsumos RS, coordenado pelo Prof. Marcio Mazutti.\u00a0<\/span><\/p><p style=\"text-align: justify\"><span style=\"font-weight: 400\">Al\u00e9m da sua relev\u00e2ncia no cen\u00e1rio nacional no tema de transi\u00e7\u00e3o ecol\u00f3gica-bioinsumos demonstradas acima, o grupo tem uma inser\u00e7\u00e3o internacional reconhecida e que foi solidificada pela aprova\u00e7\u00e3o do projeto \u201cAgricultura inovadora, intensiva e sustent\u00e1vel\u201d (2019), coordenado pelo Prof. Nereu Streck no Programa de Internacionaliza\u00e7\u00e3o (CAPES Print), onde participam 33 institui\u00e7\u00f5es sediadas em 16 pa\u00edses. Mais recentemente (2021), a UFSM firmou sua participa\u00e7\u00e3o na Alian\u00e7a de coopera\u00e7\u00e3o t\u00e9cnico-cientifica no tema bioinsumos e agricultura regenerativa com a South China Agricultural University (SCAU) para a cria\u00e7\u00e3o do Research Innovation Center of Sustainable Agrotecnologies e do Chinese Latin American Institute of Biological Control, ambos coordenados pelo Prof. Jerson Guedes, e que visam o interc\u00e2mbio de conhecimento, tecnologias e pessoas entre Brasil e China.<\/span><\/p>\t\t\t\t\t\t<\/div>\n\t\t\t\t<\/div>\n\t\t\t\t\t<\/div>\n\t\t<\/div>\n\t\t\t\t\t<\/div>\n\t\t<\/section>\n\t\t\t\t<\/div>\n\t\t","protected":false},"excerpt":{"rendered":"<p>O que \u00e9 o CEDEITTEC BIOINSUMOS O CEDEITTEC \u00e9 um centro tem\u00e1tico focado na transi\u00e7\u00e3o ecol\u00f3gica, fruto do comprometimento de um grupo de pesquisadores que, que nos \u00faltimos 13 anos, tem trabalhado de forma coordenada, multidisciplinar e com uma vis\u00e3o de futuro. Seu objetivo \u00e9 maximizar o aproveitamento da biodiversidade brasileira na cria\u00e7\u00e3o de produtos [&hellip;]<\/p>\n","protected":false},"author":2006,"featured_media":0,"parent":0,"menu_order":0,"comment_status":"closed","ping_status":"closed","template":"","meta":{"footnotes":""},"categories":[],"tags":[],"class_list":["post-184","page","type-page","status-publish","hentry"],"acf":[],"_links":{"self":[{"href":"https:\/\/www.ufsm.br\/projetos\/pesquisa\/cedeittec\/wp-json\/wp\/v2\/pages\/184","targetHints":{"allow":["GET"]}}],"collection":[{"href":"https:\/\/www.ufsm.br\/projetos\/pesquisa\/cedeittec\/wp-json\/wp\/v2\/pages"}],"about":[{"href":"https:\/\/www.ufsm.br\/projetos\/pesquisa\/cedeittec\/wp-json\/wp\/v2\/types\/page"}],"author":[{"embeddable":true,"href":"https:\/\/www.ufsm.br\/projetos\/pesquisa\/cedeittec\/wp-json\/wp\/v2\/users\/2006"}],"replies":[{"embeddable":true,"href":"https:\/\/www.ufsm.br\/projetos\/pesquisa\/cedeittec\/wp-json\/wp\/v2\/comments?post=184"}],"version-history":[{"count":0,"href":"https:\/\/www.ufsm.br\/projetos\/pesquisa\/cedeittec\/wp-json\/wp\/v2\/pages\/184\/revisions"}],"wp:attachment":[{"href":"https:\/\/www.ufsm.br\/projetos\/pesquisa\/cedeittec\/wp-json\/wp\/v2\/media?parent=184"}],"wp:term":[{"taxonomy":"category","embeddable":true,"href":"https:\/\/www.ufsm.br\/projetos\/pesquisa\/cedeittec\/wp-json\/wp\/v2\/categories?post=184"},{"taxonomy":"post_tag","embeddable":true,"href":"https:\/\/www.ufsm.br\/projetos\/pesquisa\/cedeittec\/wp-json\/wp\/v2\/tags?post=184"}],"curies":[{"name":"wp","href":"https:\/\/api.w.org\/{rel}","templated":true}]}}